{"id":12036,"date":"2022-09-12T17:55:09","date_gmt":"2022-09-12T15:55:09","guid":{"rendered":"https:\/\/www.mairie-villemur-sur-tarn.fr\/site\/?page_id=12036"},"modified":"2022-09-12T18:13:34","modified_gmt":"2022-09-12T16:13:34","slug":"annuaire-des-activites-paramedicales","status":"publish","type":"page","link":"https:\/\/www.mairie-villemur-sur-tarn.fr\/site\/vos-services-au-quotidien\/sante-social-solidarite\/annuaire-des-activites-paramedicales\/","title":{"rendered":"ANNUAIRE DES ACTIVIT\u00c9S PARAM\u00c9DICALES"},"content":{"rendered":"<p>[vc_row][vc_column css=\u00a0\u00bb.vc_custom_1545149431736{margin-top: -80px !important;}\u00a0\u00bb][vc_column_text]Vous constatez une erreur de coordonn\u00e9es ? Vous souhaitez signaler votre activit\u00e9 ?<br \/>\nEnvoyez un mail \u00e0 : <a href=\"mailto:communication@mairie-villemur-sur-tarn.fr\">communication@mairie-villemur-sur-tarn.fr<\/a><\/p>\n<h1><span style=\"color: #ff6600;\"><strong>AUDIOPROTH\u00c9SISTE<\/strong><\/span><\/h1>\n<p><strong>CENTRE AUDITIF<\/strong><br \/>\nMr. Sylvain BERNARD<br \/>\n10 Place Charles Ourgaut<br \/>\n31340 VILLEMUR SUR TARN<br \/>\n05 61 35 37 04<br \/>\n<a href=\"mailto:centreauditif31340@gmail.com\"><em>centreauditif31340@gmail.com<\/em><\/a><\/p>\n<h1><span style=\"color: #ff6600;\"><strong>COMPL\u00c9MENTS ALIMENTAIRES<\/strong><\/span><\/h1>\n<p><strong>SYNPHONAT<\/strong><br \/>\nMr. Fabien BESAN\u00c7ON<br \/>\n9 Avenue Michel Rocard<br \/>\nZA de Pechnauqui\u00e9<br \/>\n31340 VILLEMUR SUR TARN<br \/>\n05 34 27 00 27<br \/>\n<a href=\"http:\/\/www.synphonat.fr\/\"><em>www.synphonat.fr<\/em><\/a><\/p>\n<h1><span style=\"color: #ff6600;\"><strong>MAGN\u00c9TISEUR\/R\u00c9FLEXOLOGUE<\/strong><\/span><\/h1>\n<p><strong>Fabien GUERRERO<\/strong><br \/>\n17 rue Jules Sali\u00e8ge<br \/>\n31340 VILLEMUR SUR TARN<br \/>\n06 63 92 82 43<br \/>\n<a href=\"http:\/\/www.reflexomagnetiseur.fr\/\">www.reflexomagnetiseur.fr<\/a><br \/>\n<a href=\"mailto:reflexomagnetiseur@gmail.com\">reflexomagnetiseur@gmail.com<\/a><\/p>\n<h1><span style=\"color: #ff6600;\"><strong>OPTICIENS<\/strong><\/span><\/h1>\n<p><strong>HISTOIRES DE LUNETTES<\/strong><br \/>\nMme. Christelle LAFONT-GABASTON<br \/>\n31 route de Castres \u2013 Magnanac<br \/>\n31340 VILLEMUR SUR TARN<br \/>\nT\u00e9l : 05.61.09.36.86<br \/>\nemail : contact@histoiresdelunettes.com<\/p>\n<p><strong>REGARDS ET VISIONS<\/strong><br \/>\nMme. Patricia HOEVE<br \/>\n47 Rue de la R\u00e9publique<br \/>\n31340 VILLEMUR SUR TARN<br \/>\n05 61 74 48 03<br \/>\n<em>regardsetvisions31@yahoo.fr<br \/>\nwww.regards-visions.com<\/em><\/p>\n<p><strong>ALAIN AFFLELOU<\/strong><br \/>\nMr. Maxime DUBERNET de GARROS<br \/>\n31 Rue Pierre Marchet<br \/>\nCentre Commercial Leclerc<br \/>\n31340 VILLEMUR SUR TARN<br \/>\n05 61 37 10 73<br \/>\n<em>villemurvision@bbox.fr<br \/>\n<\/em><a href=\"http:\/\/www.alainafflelou.fr\/\"><em>www.alainafflelou.fr<\/em><\/a><\/p>\n<h1><span style=\"color: #ff6600;\"><strong>OST\u00c9OPATHE<\/strong><\/span><\/h1>\n<p><strong>Mme. Reine CELLARD<\/strong><br \/>\n17 avenue du G\u00e9n\u00e9ral Leclerc<br \/>\nCentre M\u00e9dical Grand Rond<br \/>\n31340 VILLEMUR SUR TARN<br \/>\n07 68 13 03 94<br \/>\n<a href=\"mailto:reine.cellard@gmail.com\"><em>reine.cellard@gmail.com<\/em><\/a><\/p>\n<p><strong>Mr. Cl\u00e9ment AUVRAY<\/strong><br \/>\n51 rue de la R\u00e9publique<br \/>\n31340 VILLEMUR SUR TARN<br \/>\n06 33 38 84 82&nbsp;<\/p>\n<p><strong>Mr. Ga\u00ebl COUPLAN<\/strong><br \/>\n5 rue Urbain Vign\u00e8res<br \/>\n31340 VILLEMUR SUR TARN<br \/>\n05 61 70 24 93<\/p>\n<p><strong>Manon Lebrun<\/strong><br \/>\n13 rue Saint Jean<br \/>\n31340 VILLEMUR SUR TARN<br \/>\n07 69 69 12 55<br \/>\n<a href=\"mailto:manonlebrun.osteopathe@gmail.com\">manonlebrun.osteopathe@gmail.com<\/a><\/p>\n<h1><span style=\"color: #ff6600;\"><strong>PSYCHOPRATICIENS<\/strong><\/span><\/h1>\n<p><strong>Boris LEHMANN<\/strong><br \/>\nCoach professionnel certifi\u00e9 en th\u00e9rapie br\u00e8ve<br \/>\n12 bis rue Ren\u00e9 De Naurois<br \/>\n31340 VILLEMUR SUR TARN (Magnanac)<br \/>\n06 59 75 03 31<br \/>\nWeb :&nbsp;<a href=\"https:\/\/www.genesyou.com\/\">www.genesyou.com<\/a><br \/>\nMail :&nbsp;<a href=\"mailto:contact@genesyou.com\">contact@genesyou.com<\/a><br \/>\n<a href=\"https:\/\/www.linkedin.com\/in\/boris-lehmann-45069110\/\">Linkedin&nbsp;<\/a><\/p>\n<h1><span style=\"color: #ff6600;\"><strong>SOPHROLOGIE &amp; REFLEXOLOGIE<\/strong><\/span><\/h1>\n<p><strong>Estelle GAIA<\/strong><br \/>\nPraticienne en sophrologie et reflexologie<br \/>\n12 bis rue Ren\u00e9 De Naurois<br \/>\n31340 VILLEMUR SUR TARN (Magnanac)<br \/>\n06 30 77 10 02<br \/>\nMail :&nbsp;<a href=\"mailto:stelyoucoaching@gmail.com\">stelyoucoaching@gmail.com<\/a><br \/>\n<a href=\"https:\/\/www.linkedin.com\/in\/estelle-gaia-845755160\/\">Linkedin<\/a>&nbsp;\u2013&nbsp;<a href=\"https:\/\/www.facebook.com\/estelle.gaia.7\">Facebook<\/a><br \/>\n&nbsp;<\/p>\n<h1><span style=\"color: #ff6600;\"><strong>RECHERCHE&nbsp;COSM\u00c9TIQUE<\/strong><\/span><\/h1>\n<p><strong>LABORATOIRE EMERAUDE<\/strong><br \/>\nMme. Sonia LECOMTE<br \/>\n24 Avenue Michel Rocard<br \/>\nZA Pechnauqui\u00e9<br \/>\n31340 VILLEMUR SUR TARN<br \/>\n05 61 84 21 80<br \/>\n<a href=\"mailto:laboratoire.emeraude@wanadoo.fr\"><em>laboratoire.emeraude@wanadoo.fr<\/em><\/a><em>&nbsp;\u2013&nbsp;<\/em><a href=\"https:\/\/laboratoire-emeraude.fr\/\"><em>www.laboratoire-emeraude.fr<\/em><\/a><\/p>\n<p>&nbsp;<\/p>\n<p>&nbsp;[\/vc_column_text][\/vc_column][\/vc_row]<\/p>\n","protected":false},"excerpt":{"rendered":"<p>[vc_row][vc_column css=\u00a0\u00bb.vc_custom_1545149431736{margin-top: -80px !important;}\u00a0\u00bb][vc_column_text]Vous constatez une erreur de coordonn\u00e9es ? Vous souhaitez signaler votre activit\u00e9 ? Envoyez un mail \u00e0 : communication@mairie-villemur-sur-tarn.fr AUDIOPROTH\u00c9SISTE CENTRE AUDITIF Mr. Sylvain BERNARD 10 Place Charles Ourgaut 31340 VILLEMUR SUR TARN 05 61 35 37 04 centreauditif31340@gmail.com COMPL\u00c9MENTS ALIMENTAIRES SYNPHONAT Mr. Fabien BESAN\u00c7ON 9 Avenue Michel Rocard ZA de Pechnauqui\u00e9 [&hellip;]<\/p>\n","protected":false},"author":1,"featured_media":0,"parent":4085,"menu_order":0,"comment_status":"closed","ping_status":"closed","template":"","meta":{"_uag_custom_page_level_css":"","ngg_post_thumbnail":0,"footnotes":""},"class_list":["post-12036","page","type-page","status-publish","hentry"],"yoast_head":"<!-- This site is optimized with the Yoast SEO plugin v27.3 - https:\/\/yoast.com\/product\/yoast-seo-wordpress\/ -->\n<title>ANNUAIRE DES ACTIVIT\u00c9S PARAM\u00c9DICALES - Mairie Villemur-sur-Tarn<\/title>\n<meta name=\"robots\" content=\"index, follow, max-snippet:-1, max-image-preview:large, max-video-preview:-1\" \/>\n<link rel=\"canonical\" href=\"https:\/\/www.mairie-villemur-sur-tarn.fr\/site\/vos-services-au-quotidien\/sante-social-solidarite\/annuaire-des-activites-paramedicales\/\" \/>\n<meta property=\"og:locale\" content=\"fr_FR\" \/>\n<meta property=\"og:type\" content=\"article\" \/>\n<meta property=\"og:title\" content=\"ANNUAIRE DES ACTIVIT\u00c9S PARAM\u00c9DICALES - Mairie Villemur-sur-Tarn\" \/>\n<meta property=\"og:description\" content=\"[vc_row][vc_column css=\u00a0\u00bb.vc_custom_1545149431736{margin-top: -80px !important;}\u00a0\u00bb][vc_column_text]Vous constatez une erreur de coordonn\u00e9es ? Vous souhaitez signaler votre activit\u00e9 ? Envoyez un mail \u00e0 : communication@mairie-villemur-sur-tarn.fr AUDIOPROTH\u00c9SISTE CENTRE AUDITIF Mr. Sylvain BERNARD 10 Place Charles Ourgaut 31340 VILLEMUR SUR TARN 05 61 35 37 04 centreauditif31340@gmail.com COMPL\u00c9MENTS ALIMENTAIRES SYNPHONAT Mr. Fabien BESAN\u00c7ON 9 Avenue Michel Rocard ZA de Pechnauqui\u00e9 [&hellip;]\" \/>\n<meta property=\"og:url\" content=\"https:\/\/www.mairie-villemur-sur-tarn.fr\/site\/vos-services-au-quotidien\/sante-social-solidarite\/annuaire-des-activites-paramedicales\/\" \/>\n<meta property=\"og:site_name\" content=\"Mairie Villemur-sur-Tarn\" \/>\n<meta property=\"article:publisher\" content=\"https:\/\/www.facebook.com\/mairievillemursurtarn\" \/>\n<meta property=\"article:modified_time\" content=\"2022-09-12T16:13:34+00:00\" \/>\n<meta name=\"twitter:card\" content=\"summary_large_image\" \/>\n<meta name=\"twitter:label1\" content=\"Dur\u00e9e de lecture estim\u00e9e\" \/>\n\t<meta name=\"twitter:data1\" content=\"2 minutes\" \/>\n<script type=\"application\/ld+json\" class=\"yoast-schema-graph\">{\"@context\":\"https:\\\/\\\/schema.org\",\"@graph\":[{\"@type\":\"WebPage\",\"@id\":\"https:\\\/\\\/www.mairie-villemur-sur-tarn.fr\\\/site\\\/vos-services-au-quotidien\\\/sante-social-solidarite\\\/annuaire-des-activites-paramedicales\\\/\",\"url\":\"https:\\\/\\\/www.mairie-villemur-sur-tarn.fr\\\/site\\\/vos-services-au-quotidien\\\/sante-social-solidarite\\\/annuaire-des-activites-paramedicales\\\/\",\"name\":\"ANNUAIRE DES ACTIVIT\u00c9S PARAM\u00c9DICALES - Mairie Villemur-sur-Tarn\",\"isPartOf\":{\"@id\":\"https:\\\/\\\/www.mairie-villemur-sur-tarn.fr\\\/site\\\/#website\"},\"datePublished\":\"2022-09-12T15:55:09+00:00\",\"dateModified\":\"2022-09-12T16:13:34+00:00\",\"breadcrumb\":{\"@id\":\"https:\\\/\\\/www.mairie-villemur-sur-tarn.fr\\\/site\\\/vos-services-au-quotidien\\\/sante-social-solidarite\\\/annuaire-des-activites-paramedicales\\\/#breadcrumb\"},\"inLanguage\":\"fr-FR\",\"potentialAction\":[{\"@type\":\"ReadAction\",\"target\":[\"https:\\\/\\\/www.mairie-villemur-sur-tarn.fr\\\/site\\\/vos-services-au-quotidien\\\/sante-social-solidarite\\\/annuaire-des-activites-paramedicales\\\/\"]}]},{\"@type\":\"BreadcrumbList\",\"@id\":\"https:\\\/\\\/www.mairie-villemur-sur-tarn.fr\\\/site\\\/vos-services-au-quotidien\\\/sante-social-solidarite\\\/annuaire-des-activites-paramedicales\\\/#breadcrumb\",\"itemListElement\":[{\"@type\":\"ListItem\",\"position\":1,\"name\":\"Accueil\",\"item\":\"https:\\\/\\\/www.mairie-villemur-sur-tarn.fr\\\/site\\\/\"},{\"@type\":\"ListItem\",\"position\":2,\"name\":\"VOS SERVICES AU QUOTIDIEN\",\"item\":\"https:\\\/\\\/www.mairie-villemur-sur-tarn.fr\\\/site\\\/vos-services-au-quotidien\\\/\"},{\"@type\":\"ListItem\",\"position\":3,\"name\":\"SANT\u00c9, SOCIAL &#038; SOLIDARIT\u00c9\",\"item\":\"https:\\\/\\\/www.mairie-villemur-sur-tarn.fr\\\/site\\\/vos-services-au-quotidien\\\/sante-social-solidarite\\\/\"},{\"@type\":\"ListItem\",\"position\":4,\"name\":\"ANNUAIRE DES ACTIVIT\u00c9S PARAM\u00c9DICALES\"}]},{\"@type\":\"WebSite\",\"@id\":\"https:\\\/\\\/www.mairie-villemur-sur-tarn.fr\\\/site\\\/#website\",\"url\":\"https:\\\/\\\/www.mairie-villemur-sur-tarn.fr\\\/site\\\/\",\"name\":\"Mairie Villemur-sur-Tarn\",\"description\":\"Site officiel canton Villemur Toulouse Nord. D\u00e9marches en ligne, conseil municipal, actualit\u00e9s Villemur, Annuaire Villemur, March\u00e9s...\",\"publisher\":{\"@id\":\"https:\\\/\\\/www.mairie-villemur-sur-tarn.fr\\\/site\\\/#organization\"},\"potentialAction\":[{\"@type\":\"SearchAction\",\"target\":{\"@type\":\"EntryPoint\",\"urlTemplate\":\"https:\\\/\\\/www.mairie-villemur-sur-tarn.fr\\\/site\\\/?s={search_term_string}\"},\"query-input\":{\"@type\":\"PropertyValueSpecification\",\"valueRequired\":true,\"valueName\":\"search_term_string\"}}],\"inLanguage\":\"fr-FR\"},{\"@type\":\"Organization\",\"@id\":\"https:\\\/\\\/www.mairie-villemur-sur-tarn.fr\\\/site\\\/#organization\",\"name\":\"Mairie Villemur-sur-Tarn\",\"url\":\"https:\\\/\\\/www.mairie-villemur-sur-tarn.fr\\\/site\\\/\",\"logo\":{\"@type\":\"ImageObject\",\"inLanguage\":\"fr-FR\",\"@id\":\"https:\\\/\\\/www.mairie-villemur-sur-tarn.fr\\\/site\\\/#\\\/schema\\\/logo\\\/image\\\/\",\"url\":\"https:\\\/\\\/www.mairie-villemur-sur-tarn.fr\\\/site\\\/wp-content\\\/uploads\\\/Villemur-LOGO-carre-PNG.png\",\"contentUrl\":\"https:\\\/\\\/www.mairie-villemur-sur-tarn.fr\\\/site\\\/wp-content\\\/uploads\\\/Villemur-LOGO-carre-PNG.png\",\"width\":887,\"height\":886,\"caption\":\"Mairie Villemur-sur-Tarn\"},\"image\":{\"@id\":\"https:\\\/\\\/www.mairie-villemur-sur-tarn.fr\\\/site\\\/#\\\/schema\\\/logo\\\/image\\\/\"},\"sameAs\":[\"https:\\\/\\\/www.facebook.com\\\/mairievillemursurtarn\",\"https:\\\/\\\/www.instagram.com\\\/villemur_sur_tarn\\\/\"]}]}<\/script>\n<!-- \/ Yoast SEO plugin. -->","yoast_head_json":{"title":"ANNUAIRE DES ACTIVIT\u00c9S PARAM\u00c9DICALES - Mairie Villemur-sur-Tarn","robots":{"index":"index","follow":"follow","max-snippet":"max-snippet:-1","max-image-preview":"max-image-preview:large","max-video-preview":"max-video-preview:-1"},"canonical":"https:\/\/www.mairie-villemur-sur-tarn.fr\/site\/vos-services-au-quotidien\/sante-social-solidarite\/annuaire-des-activites-paramedicales\/","og_locale":"fr_FR","og_type":"article","og_title":"ANNUAIRE DES ACTIVIT\u00c9S PARAM\u00c9DICALES - Mairie Villemur-sur-Tarn","og_description":"[vc_row][vc_column css=\u00a0\u00bb.vc_custom_1545149431736{margin-top: -80px !important;}\u00a0\u00bb][vc_column_text]Vous constatez une erreur de coordonn\u00e9es ? Vous souhaitez signaler votre activit\u00e9 ? Envoyez un mail \u00e0 : communication@mairie-villemur-sur-tarn.fr AUDIOPROTH\u00c9SISTE CENTRE AUDITIF Mr. Sylvain BERNARD 10 Place Charles Ourgaut 31340 VILLEMUR SUR TARN 05 61 35 37 04 centreauditif31340@gmail.com COMPL\u00c9MENTS ALIMENTAIRES SYNPHONAT Mr. Fabien BESAN\u00c7ON 9 Avenue Michel Rocard ZA de Pechnauqui\u00e9 [&hellip;]","og_url":"https:\/\/www.mairie-villemur-sur-tarn.fr\/site\/vos-services-au-quotidien\/sante-social-solidarite\/annuaire-des-activites-paramedicales\/","og_site_name":"Mairie Villemur-sur-Tarn","article_publisher":"https:\/\/www.facebook.com\/mairievillemursurtarn","article_modified_time":"2022-09-12T16:13:34+00:00","twitter_card":"summary_large_image","twitter_misc":{"Dur\u00e9e de lecture estim\u00e9e":"2 minutes"},"schema":{"@context":"https:\/\/schema.org","@graph":[{"@type":"WebPage","@id":"https:\/\/www.mairie-villemur-sur-tarn.fr\/site\/vos-services-au-quotidien\/sante-social-solidarite\/annuaire-des-activites-paramedicales\/","url":"https:\/\/www.mairie-villemur-sur-tarn.fr\/site\/vos-services-au-quotidien\/sante-social-solidarite\/annuaire-des-activites-paramedicales\/","name":"ANNUAIRE DES ACTIVIT\u00c9S PARAM\u00c9DICALES - Mairie Villemur-sur-Tarn","isPartOf":{"@id":"https:\/\/www.mairie-villemur-sur-tarn.fr\/site\/#website"},"datePublished":"2022-09-12T15:55:09+00:00","dateModified":"2022-09-12T16:13:34+00:00","breadcrumb":{"@id":"https:\/\/www.mairie-villemur-sur-tarn.fr\/site\/vos-services-au-quotidien\/sante-social-solidarite\/annuaire-des-activites-paramedicales\/#breadcrumb"},"inLanguage":"fr-FR","potentialAction":[{"@type":"ReadAction","target":["https:\/\/www.mairie-villemur-sur-tarn.fr\/site\/vos-services-au-quotidien\/sante-social-solidarite\/annuaire-des-activites-paramedicales\/"]}]},{"@type":"BreadcrumbList","@id":"https:\/\/www.mairie-villemur-sur-tarn.fr\/site\/vos-services-au-quotidien\/sante-social-solidarite\/annuaire-des-activites-paramedicales\/#breadcrumb","itemListElement":[{"@type":"ListItem","position":1,"name":"Accueil","item":"https:\/\/www.mairie-villemur-sur-tarn.fr\/site\/"},{"@type":"ListItem","position":2,"name":"VOS SERVICES AU QUOTIDIEN","item":"https:\/\/www.mairie-villemur-sur-tarn.fr\/site\/vos-services-au-quotidien\/"},{"@type":"ListItem","position":3,"name":"SANT\u00c9, SOCIAL &#038; SOLIDARIT\u00c9","item":"https:\/\/www.mairie-villemur-sur-tarn.fr\/site\/vos-services-au-quotidien\/sante-social-solidarite\/"},{"@type":"ListItem","position":4,"name":"ANNUAIRE DES ACTIVIT\u00c9S PARAM\u00c9DICALES"}]},{"@type":"WebSite","@id":"https:\/\/www.mairie-villemur-sur-tarn.fr\/site\/#website","url":"https:\/\/www.mairie-villemur-sur-tarn.fr\/site\/","name":"Mairie Villemur-sur-Tarn","description":"Site officiel canton Villemur Toulouse Nord. D\u00e9marches en ligne, conseil municipal, actualit\u00e9s Villemur, Annuaire Villemur, March\u00e9s...","publisher":{"@id":"https:\/\/www.mairie-villemur-sur-tarn.fr\/site\/#organization"},"potentialAction":[{"@type":"SearchAction","target":{"@type":"EntryPoint","urlTemplate":"https:\/\/www.mairie-villemur-sur-tarn.fr\/site\/?s={search_term_string}"},"query-input":{"@type":"PropertyValueSpecification","valueRequired":true,"valueName":"search_term_string"}}],"inLanguage":"fr-FR"},{"@type":"Organization","@id":"https:\/\/www.mairie-villemur-sur-tarn.fr\/site\/#organization","name":"Mairie Villemur-sur-Tarn","url":"https:\/\/www.mairie-villemur-sur-tarn.fr\/site\/","logo":{"@type":"ImageObject","inLanguage":"fr-FR","@id":"https:\/\/www.mairie-villemur-sur-tarn.fr\/site\/#\/schema\/logo\/image\/","url":"https:\/\/www.mairie-villemur-sur-tarn.fr\/site\/wp-content\/uploads\/Villemur-LOGO-carre-PNG.png","contentUrl":"https:\/\/www.mairie-villemur-sur-tarn.fr\/site\/wp-content\/uploads\/Villemur-LOGO-carre-PNG.png","width":887,"height":886,"caption":"Mairie Villemur-sur-Tarn"},"image":{"@id":"https:\/\/www.mairie-villemur-sur-tarn.fr\/site\/#\/schema\/logo\/image\/"},"sameAs":["https:\/\/www.facebook.com\/mairievillemursurtarn","https:\/\/www.instagram.com\/villemur_sur_tarn\/"]}]}},"uagb_featured_image_src":{"full":false,"thumbnail":false,"medium":false,"medium_large":false,"large":false,"1536x1536":false,"2048x2048":false,"post-thumbnail":false,"winnex_medium":false,"winnex_height":false},"uagb_author_info":{"display_name":"Mairie de Villemur-sur-Tarn","author_link":"https:\/\/www.mairie-villemur-sur-tarn.fr\/site\/author\/villmurtarn_admin\/"},"uagb_comment_info":0,"uagb_excerpt":"[vc_row][vc_column css=\u00a0\u00bb.vc_custom_1545149431736{margin-top: -80px !important;}\u00a0\u00bb][vc_column_text]Vous constatez une erreur de coordonn\u00e9es ? Vous souhaitez signaler votre activit\u00e9 ? Envoyez un mail \u00e0 : communication@mairie-villemur-sur-tarn.fr AUDIOPROTH\u00c9SISTE CENTRE AUDITIF Mr. Sylvain BERNARD 10 Place Charles Ourgaut 31340 VILLEMUR SUR TARN 05 61 35 37 04 centreauditif31340@gmail.com COMPL\u00c9MENTS ALIMENTAIRES SYNPHONAT Mr. Fabien BESAN\u00c7ON 9 Avenue Michel Rocard ZA de Pechnauqui\u00e9\u2026","_links":{"self":[{"href":"https:\/\/www.mairie-villemur-sur-tarn.fr\/site\/wp-json\/wp\/v2\/pages\/12036","targetHints":{"allow":["GET"]}}],"collection":[{"href":"https:\/\/www.mairie-villemur-sur-tarn.fr\/site\/wp-json\/wp\/v2\/pages"}],"about":[{"href":"https:\/\/www.mairie-villemur-sur-tarn.fr\/site\/wp-json\/wp\/v2\/types\/page"}],"author":[{"embeddable":true,"href":"https:\/\/www.mairie-villemur-sur-tarn.fr\/site\/wp-json\/wp\/v2\/users\/1"}],"replies":[{"embeddable":true,"href":"https:\/\/www.mairie-villemur-sur-tarn.fr\/site\/wp-json\/wp\/v2\/comments?post=12036"}],"version-history":[{"count":3,"href":"https:\/\/www.mairie-villemur-sur-tarn.fr\/site\/wp-json\/wp\/v2\/pages\/12036\/revisions"}],"predecessor-version":[{"id":12041,"href":"https:\/\/www.mairie-villemur-sur-tarn.fr\/site\/wp-json\/wp\/v2\/pages\/12036\/revisions\/12041"}],"up":[{"embeddable":true,"href":"https:\/\/www.mairie-villemur-sur-tarn.fr\/site\/wp-json\/wp\/v2\/pages\/4085"}],"wp:attachment":[{"href":"https:\/\/www.mairie-villemur-sur-tarn.fr\/site\/wp-json\/wp\/v2\/media?parent=12036"}],"curies":[{"name":"wp","href":"https:\/\/api.w.org\/{rel}","templated":true}]}}