{"id":13033,"date":"2023-11-09T14:18:40","date_gmt":"2023-11-09T13:18:40","guid":{"rendered":"https:\/\/www.mairie-villemur-sur-tarn.fr\/site\/?page_id=13033"},"modified":"2026-01-14T14:19:27","modified_gmt":"2026-01-14T13:19:27","slug":"les-decisions","status":"publish","type":"page","link":"https:\/\/www.mairie-villemur-sur-tarn.fr\/site\/arretes-municipaux\/les-decisions\/","title":{"rendered":"Les D\u00e9cisions"},"content":{"rendered":"<p>[vc_row][vc_column][vc_custom_heading text=\u00a0\u00bb2026&Prime; font_container=\u00a0\u00bbtag:h2|text_align:center\u00a0\u00bb][vc_tta_accordion][vc_tta_section title=\u00a0\u00bbJanvier 2026&Prime; tab_id=\u00a0\u00bbjanvier2026&Prime;][vc_column_text]<a href=\"https:\/\/www.mairie-villemur-sur-tarn.fr\/site\/wp-content\/uploads\/2026-FL-00001-Reprise-Concession-Cimetiere-Magnanac-transmise-controle-de-legalite.pdf\" target=\"_blank\" rel=\"noopener\">D\u00e9cision 2026-FL-00001<\/a> &#8211; D\u00e9cision portant reprise de concession cimeti\u00e8re de Magnanac[\/vc_column_text][\/vc_tta_section][\/vc_tta_accordion][\/vc_column][\/vc_row][vc_row][vc_column][vc_custom_heading text=\u00a0\u00bb2025&Prime; font_container=\u00a0\u00bbtag:h2|text_align:center\u00a0\u00bb][vc_tta_accordion][vc_tta_section title=\u00a0\u00bbD\u00e9cembre 2025&Prime; tab_id=\u00a0\u00bbdecembre2025&Prime;][vc_column_text]<a href=\"https:\/\/www.mairie-villemur-sur-tarn.fr\/site\/wp-content\/uploads\/2025-TA-00010-Decision-L.2122-22-Portant-virement-de-credit-de-chapitre-a-chapitre.pdf\" target=\"_blank\" rel=\"noopener\">D\u00e9cision 2025\/TA\/00010<\/a>&nbsp; &#8211; Virement de cr\u00e9dit de chapitre \u00e0 chapitre[\/vc_column_text][\/vc_tta_section][vc_tta_section title=\u00a0\u00bbNovembre 2025&Prime; tab_id=\u00a0\u00bb1763720281580-60461259-ed37&Prime;][vc_column_text]<a href=\"https:\/\/www.mairie-villemur-sur-tarn.fr\/site\/wp-content\/uploads\/DE2025TT00008-Attribution-SCAM-TP.pdf\">D\u00e9cision 2025-TA-00008<\/a>&nbsp; &#8211; Attribution SCAM TP[\/vc_column_text][\/vc_tta_section][vc_tta_section title=\u00a0\u00bbOctobre 2025&Prime; tab_id=\u00a0\u00bb1758896214020-c298b034-5d53&Prime;][vc_column_text]<a href=\"https:\/\/www.mairie-villemur-sur-tarn.fr\/site\/wp-content\/uploads\/2025-TA-00007-Decision-L.2122.22-Portant-virement-de-credit-de-chapitre-a-chapitre.pdf\">D\u00e9cision 2025-TA-00007<\/a>&nbsp; &#8211; Virement de cr\u00e9dit de chapitre \u00e0 chapitre[\/vc_column_text][\/vc_tta_section][vc_tta_section title=\u00a0\u00bbSeptembre 2025&Prime; tab_id=\u00a0\u00bb1760694776195-c1b65b03-1977&Prime;][vc_column_text]<a href=\"https:\/\/www.mairie-villemur-sur-tarn.fr\/site\/wp-content\/uploads\/2025-FL-00006-TELETRANSMIS.-Reprise-concession-cimetiere-Villemur.pdf\">D\u00e9cision 2025-FL-00006<\/a>&nbsp; &#8211; Reprise de concession cimeti\u00e8re de Villemur.[\/vc_column_text][\/vc_tta_section][vc_tta_section title=\u00a0\u00bbJuillet 2025&Prime; tab_id=\u00a0\u00bb1754035981199-c5a47869-2a34&Prime;][vc_column_text]<a href=\"https:\/\/www.mairie-villemur-sur-tarn.fr\/site\/wp-content\/uploads\/2025-FL-00005-TELETRANSMIS-Reprise-concession-cimetiere-de-Villemur.pdf\">D\u00e9cision 2025_FL_00005<\/a> &#8211; D\u00e9cision portant sur le reprise de concession au cimeti\u00e8re de Villemur T530[\/vc_column_text][\/vc_tta_section][vc_tta_section title=\u00a0\u00bbAvril 2025&Prime; tab_id=\u00a0\u00bb1745848886837-8e8eae15-619f\u00a0\u00bb][vc_column_text]<a href=\"https:\/\/www.mairie-villemur-sur-tarn.fr\/site\/wp-content\/uploads\/2025-FL-00004-TELETRANSMIS-Reprise-de-concession-cimetiere-SAYRAC.pdf\">D\u00e9cision 2025-FL-00004<\/a> &#8211; D\u00e9cision portant sur le reprise de concession au cimeti\u00e8re de Sayrac T38&nbsp;<\/p>\n<p><a href=\"https:\/\/www.mairie-villemur-sur-tarn.fr\/site\/wp-content\/uploads\/DE2025CS00003.pdf\">D\u00e9cision 2025-CS-00003<\/a> &#8211; D\u00e9cision portant sur la r\u00e9novation de la toiture de l&rsquo;\u00e9glise Saint-Michel<\/p>\n<p><a href=\"https:\/\/www.mairie-villemur-sur-tarn.fr\/site\/wp-content\/uploads\/99_AR-031-213105844-20250304-DE2025FL00002-AR-1-1_1.pdf\">D\u00e9cision 2025-FL-00002<\/a> &#8211; D\u00e9cision portant reprise de concession cimeti\u00e8re de Magnanac&nbsp;&nbsp;<\/p>\n<p><a href=\"https:\/\/www.mairie-villemur-sur-tarn.fr\/site\/wp-content\/uploads\/2025-CS-00001-MARCHE-JARDIN-PUBLIC-Publication.pdf\">D\u00e9cision 2025-CS-00001<\/a> &#8211; D\u00e9cision portant march\u00e9 jardin public[\/vc_column_text][\/vc_tta_section][\/vc_tta_accordion][\/vc_column][\/vc_row][vc_row][vc_column][vc_custom_heading text=\u00a0\u00bb2024&Prime; font_container=\u00a0\u00bbtag:h2|text_align:center\u00a0\u00bb][vc_tta_accordion][vc_tta_section title=\u00a0\u00bbJuin 2024&Prime; tab_id=\u00a0\u00bb1718116197200-bc76f7e7-7def\u00a0\u00bb][vc_column_text]<a href=\"https:\/\/www.mairie-villemur-sur-tarn.fr\/site\/wp-content\/uploads\/DE-2024-FL.00006-Reprise-de-la-concession-n\u00b0T102-au-cimetiere-du-Terme.pdf\">D\u00e9cision 2024_FL_00006<\/a> &#8211; Reprise de concession au cimeti\u00e8re du Terme[\/vc_column_text][\/vc_tta_section][vc_tta_section title=\u00a0\u00bbF\u00e9vrier 2024&Prime; tab_id=\u00a0\u00bb1707313043520-2175a485-a0f6&Prime;][vc_column_text]<a href=\"https:\/\/www.mairie-villemur-sur-tarn.fr\/site\/wp-content\/uploads\/2015\/12\/DECISION-L.2122-22_2024-VZ-00003_Tarification-specifique-location-appartement-La-Renaissance.pdf\">D\u00e9cision 2024_VZ_00003<\/a> &#8211; Tarification sp\u00e9cifique location appartement La Renaissance <em>(mise en ligne le 5 mars 2024)<\/em><\/p>\n<p><a href=\"https:\/\/www.mairie-villemur-sur-tarn.fr\/site\/wp-content\/uploads\/2015\/12\/DECISION-L.2122-22-2024-NG-00002-demande-subvention-optimisation-des-arrets-de-bus-aupres-de-la-region.pdf\">D\u00e9cision 2024-NG-00002<\/a> &#8211; Portant demande de subvention pour l&rsquo;optimisation des arr\u00eats de bus aupr\u00e8s de la R\u00e9gion.[\/vc_column_text][\/vc_tta_section][vc_tta_section title=\u00a0\u00bbJanvier 2024&Prime; tab_id=\u00a0\u00bb1699529917613-c57d8c15-a252&Prime;][vc_column_text]<a href=\"https:\/\/www.mairie-villemur-sur-tarn.fr\/site\/wp-content\/uploads\/2015\/12\/Decision-L.2122-22_Credits-pour-depenses-imprevues_Virement.pdf\">D\u00e9cision L.2122-22<\/a> &#8211; Cr\u00e9dits pour d\u00e9penses impr\u00e9vues[\/vc_column_text][\/vc_tta_section][\/vc_tta_accordion][\/vc_column][\/vc_row][vc_row][vc_column][vc_custom_heading text=\u00a0\u00bb2023&Prime; font_container=\u00a0\u00bbtag:h2|text_align:center\u00a0\u00bb][vc_tta_accordion][vc_tta_section title=\u00a0\u00bbOctobre 2023&Prime; tab_id=\u00a0\u00bb1704806325370-b6e90ffe-cfeb\u00a0\u00bb][vc_column_text]<a href=\"https:\/\/www.mairie-villemur-sur-tarn.fr\/site\/wp-content\/uploads\/2015\/12\/DE_2023_FL_00008_Reprise-concession-T528-au-Cimetiere-de-Villemur.pdf\">DE_2023_FL80008<\/a> &#8211; Reprise concession T528 au Cimeti\u00e8re de Villemur<\/p>\n<p><a href=\"https:\/\/www.mairie-villemur-sur-tarn.fr\/site\/wp-content\/uploads\/2015\/12\/DE_2023_FL_00009_Reprise-concession-T35-au-Cimetiere-de-Sayrac.pdf\">DE_2023_FL_0009<\/a> &#8211; Reprise concession T35 au Cimeti\u00e8re de Sayrac<\/p>\n<p>&nbsp;[\/vc_column_text][\/vc_tta_section][vc_tta_section title=\u00a0\u00bbSeptembre 2023&Prime; tab_id=\u00a0\u00bb1704806325381-c340ae2c-cb71&Prime;][\/vc_tta_section][\/vc_tta_accordion][\/vc_column][\/vc_row]<\/p>\n","protected":false},"excerpt":{"rendered":"<p>[vc_row][vc_column][vc_custom_heading text=\u00a0\u00bb2026&Prime; font_container=\u00a0\u00bbtag:h2|text_align:center\u00a0\u00bb][vc_tta_accordion][vc_tta_section title=\u00a0\u00bbJanvier 2026&Prime; tab_id=\u00a0\u00bbjanvier2026&Prime;][vc_column_text]D\u00e9cision 2026-FL-00001 &#8211; D\u00e9cision portant reprise de concession cimeti\u00e8re de Magnanac[\/vc_column_text][\/vc_tta_section][\/vc_tta_accordion][\/vc_column][\/vc_row][vc_row][vc_column][vc_custom_heading text=\u00a0\u00bb2025&Prime; font_container=\u00a0\u00bbtag:h2|text_align:center\u00a0\u00bb][vc_tta_accordion][vc_tta_section title=\u00a0\u00bbD\u00e9cembre 2025&Prime; tab_id=\u00a0\u00bbdecembre2025&Prime;][vc_column_text]D\u00e9cision 2025\/TA\/00010&nbsp; &#8211; Virement de cr\u00e9dit de chapitre \u00e0 chapitre[\/vc_column_text][\/vc_tta_section][vc_tta_section title=\u00a0\u00bbNovembre 2025&Prime; tab_id=\u00a0\u00bb1763720281580-60461259-ed37&Prime;][vc_column_text]D\u00e9cision 2025-TA-00008&nbsp; &#8211; Attribution SCAM TP[\/vc_column_text][\/vc_tta_section][vc_tta_section title=\u00a0\u00bbOctobre 2025&Prime; tab_id=\u00a0\u00bb1758896214020-c298b034-5d53&Prime;][vc_column_text]D\u00e9cision 2025-TA-00007&nbsp; &#8211; Virement de cr\u00e9dit de chapitre \u00e0 chapitre[\/vc_column_text][\/vc_tta_section][vc_tta_section title=\u00a0\u00bbSeptembre 2025&Prime; tab_id=\u00a0\u00bb1760694776195-c1b65b03-1977&Prime;][vc_column_text]D\u00e9cision 2025-FL-00006&nbsp; &#8211; [&hellip;]<\/p>\n","protected":false},"author":1,"featured_media":13037,"parent":5429,"menu_order":0,"comment_status":"closed","ping_status":"closed","template":"","meta":{"_uag_custom_page_level_css":"","ngg_post_thumbnail":0,"footnotes":""},"class_list":["post-13033","page","type-page","status-publish","has-post-thumbnail","hentry"],"yoast_head":"<!-- This site is optimized with the Yoast SEO plugin v27.5 - https:\/\/yoast.com\/product\/yoast-seo-wordpress\/ -->\n<title>Les D\u00e9cisions - Mairie Villemur-sur-Tarn<\/title>\n<meta name=\"description\" content=\"Vous trouverez sur cette page les Arr\u00eat\u00e9s de la Ville de Villemur-sur-Tarn.\" \/>\n<meta name=\"robots\" content=\"index, follow, max-snippet:-1, max-image-preview:large, max-video-preview:-1\" \/>\n<link rel=\"canonical\" href=\"https:\/\/www.mairie-villemur-sur-tarn.fr\/site\/arretes-municipaux\/les-decisions\/\" \/>\n<meta property=\"og:locale\" content=\"fr_FR\" \/>\n<meta property=\"og:type\" content=\"article\" \/>\n<meta property=\"og:title\" content=\"Les D\u00e9cisions - Mairie Villemur-sur-Tarn\" \/>\n<meta property=\"og:description\" content=\"Vous trouverez sur cette page les Arr\u00eat\u00e9s de la Ville de Villemur-sur-Tarn.\" \/>\n<meta property=\"og:url\" content=\"https:\/\/www.mairie-villemur-sur-tarn.fr\/site\/arretes-municipaux\/les-decisions\/\" \/>\n<meta property=\"og:site_name\" content=\"Mairie Villemur-sur-Tarn\" \/>\n<meta property=\"article:publisher\" content=\"https:\/\/www.facebook.com\/mairievillemursurtarn\" \/>\n<meta property=\"article:modified_time\" content=\"2026-01-14T13:19:27+00:00\" \/>\n<meta property=\"og:image\" content=\"https:\/\/www.mairie-villemur-sur-tarn.fr\/site\/wp-content\/uploads\/2023\/11\/Copie-de-Sans-titre-3.png\" \/>\n\t<meta property=\"og:image:width\" content=\"1200\" \/>\n\t<meta property=\"og:image:height\" content=\"630\" \/>\n\t<meta property=\"og:image:type\" content=\"image\/png\" \/>\n<meta name=\"twitter:card\" content=\"summary_large_image\" \/>\n<meta name=\"twitter:label1\" content=\"Dur\u00e9e de lecture estim\u00e9e\" \/>\n\t<meta name=\"twitter:data1\" content=\"2 minutes\" \/>\n<script type=\"application\/ld+json\" class=\"yoast-schema-graph\">{\"@context\":\"https:\\\/\\\/schema.org\",\"@graph\":[{\"@type\":\"WebPage\",\"@id\":\"https:\\\/\\\/www.mairie-villemur-sur-tarn.fr\\\/site\\\/arretes-municipaux\\\/les-decisions\\\/\",\"url\":\"https:\\\/\\\/www.mairie-villemur-sur-tarn.fr\\\/site\\\/arretes-municipaux\\\/les-decisions\\\/\",\"name\":\"Les D\u00e9cisions - Mairie Villemur-sur-Tarn\",\"isPartOf\":{\"@id\":\"https:\\\/\\\/www.mairie-villemur-sur-tarn.fr\\\/site\\\/#website\"},\"primaryImageOfPage\":{\"@id\":\"https:\\\/\\\/www.mairie-villemur-sur-tarn.fr\\\/site\\\/arretes-municipaux\\\/les-decisions\\\/#primaryimage\"},\"image\":{\"@id\":\"https:\\\/\\\/www.mairie-villemur-sur-tarn.fr\\\/site\\\/arretes-municipaux\\\/les-decisions\\\/#primaryimage\"},\"thumbnailUrl\":\"https:\\\/\\\/www.mairie-villemur-sur-tarn.fr\\\/site\\\/wp-content\\\/uploads\\\/2023\\\/11\\\/Copie-de-Sans-titre-3.png\",\"datePublished\":\"2023-11-09T13:18:40+00:00\",\"dateModified\":\"2026-01-14T13:19:27+00:00\",\"description\":\"Vous trouverez sur cette page les Arr\u00eat\u00e9s de la Ville de Villemur-sur-Tarn.\",\"breadcrumb\":{\"@id\":\"https:\\\/\\\/www.mairie-villemur-sur-tarn.fr\\\/site\\\/arretes-municipaux\\\/les-decisions\\\/#breadcrumb\"},\"inLanguage\":\"fr-FR\",\"potentialAction\":[{\"@type\":\"ReadAction\",\"target\":[\"https:\\\/\\\/www.mairie-villemur-sur-tarn.fr\\\/site\\\/arretes-municipaux\\\/les-decisions\\\/\"]}]},{\"@type\":\"ImageObject\",\"inLanguage\":\"fr-FR\",\"@id\":\"https:\\\/\\\/www.mairie-villemur-sur-tarn.fr\\\/site\\\/arretes-municipaux\\\/les-decisions\\\/#primaryimage\",\"url\":\"https:\\\/\\\/www.mairie-villemur-sur-tarn.fr\\\/site\\\/wp-content\\\/uploads\\\/2023\\\/11\\\/Copie-de-Sans-titre-3.png\",\"contentUrl\":\"https:\\\/\\\/www.mairie-villemur-sur-tarn.fr\\\/site\\\/wp-content\\\/uploads\\\/2023\\\/11\\\/Copie-de-Sans-titre-3.png\",\"width\":1200,\"height\":630},{\"@type\":\"BreadcrumbList\",\"@id\":\"https:\\\/\\\/www.mairie-villemur-sur-tarn.fr\\\/site\\\/arretes-municipaux\\\/les-decisions\\\/#breadcrumb\",\"itemListElement\":[{\"@type\":\"ListItem\",\"position\":1,\"name\":\"Accueil\",\"item\":\"https:\\\/\\\/www.mairie-villemur-sur-tarn.fr\\\/site\\\/\"},{\"@type\":\"ListItem\",\"position\":2,\"name\":\"ARR\u00caT\u00c9S ET D\u00c9CISIONS\",\"item\":\"https:\\\/\\\/www.mairie-villemur-sur-tarn.fr\\\/site\\\/arretes-municipaux\\\/\"},{\"@type\":\"ListItem\",\"position\":3,\"name\":\"Les D\u00e9cisions\"}]},{\"@type\":\"WebSite\",\"@id\":\"https:\\\/\\\/www.mairie-villemur-sur-tarn.fr\\\/site\\\/#website\",\"url\":\"https:\\\/\\\/www.mairie-villemur-sur-tarn.fr\\\/site\\\/\",\"name\":\"Mairie Villemur-sur-Tarn\",\"description\":\"Site officiel canton Villemur Toulouse Nord. D\u00e9marches en ligne, conseil municipal, actualit\u00e9s Villemur, Annuaire Villemur, March\u00e9s...\",\"publisher\":{\"@id\":\"https:\\\/\\\/www.mairie-villemur-sur-tarn.fr\\\/site\\\/#organization\"},\"potentialAction\":[{\"@type\":\"SearchAction\",\"target\":{\"@type\":\"EntryPoint\",\"urlTemplate\":\"https:\\\/\\\/www.mairie-villemur-sur-tarn.fr\\\/site\\\/?s={search_term_string}\"},\"query-input\":{\"@type\":\"PropertyValueSpecification\",\"valueRequired\":true,\"valueName\":\"search_term_string\"}}],\"inLanguage\":\"fr-FR\"},{\"@type\":\"Organization\",\"@id\":\"https:\\\/\\\/www.mairie-villemur-sur-tarn.fr\\\/site\\\/#organization\",\"name\":\"Mairie Villemur-sur-Tarn\",\"url\":\"https:\\\/\\\/www.mairie-villemur-sur-tarn.fr\\\/site\\\/\",\"logo\":{\"@type\":\"ImageObject\",\"inLanguage\":\"fr-FR\",\"@id\":\"https:\\\/\\\/www.mairie-villemur-sur-tarn.fr\\\/site\\\/#\\\/schema\\\/logo\\\/image\\\/\",\"url\":\"https:\\\/\\\/www.mairie-villemur-sur-tarn.fr\\\/site\\\/wp-content\\\/uploads\\\/Villemur-LOGO-carre-PNG.png\",\"contentUrl\":\"https:\\\/\\\/www.mairie-villemur-sur-tarn.fr\\\/site\\\/wp-content\\\/uploads\\\/Villemur-LOGO-carre-PNG.png\",\"width\":887,\"height\":886,\"caption\":\"Mairie Villemur-sur-Tarn\"},\"image\":{\"@id\":\"https:\\\/\\\/www.mairie-villemur-sur-tarn.fr\\\/site\\\/#\\\/schema\\\/logo\\\/image\\\/\"},\"sameAs\":[\"https:\\\/\\\/www.facebook.com\\\/mairievillemursurtarn\",\"https:\\\/\\\/www.instagram.com\\\/villemur_sur_tarn\\\/\"]}]}<\/script>\n<!-- \/ Yoast SEO plugin. -->","yoast_head_json":{"title":"Les D\u00e9cisions - Mairie Villemur-sur-Tarn","description":"Vous trouverez sur cette page les Arr\u00eat\u00e9s de la Ville de Villemur-sur-Tarn.","robots":{"index":"index","follow":"follow","max-snippet":"max-snippet:-1","max-image-preview":"max-image-preview:large","max-video-preview":"max-video-preview:-1"},"canonical":"https:\/\/www.mairie-villemur-sur-tarn.fr\/site\/arretes-municipaux\/les-decisions\/","og_locale":"fr_FR","og_type":"article","og_title":"Les D\u00e9cisions - Mairie Villemur-sur-Tarn","og_description":"Vous trouverez sur cette page les Arr\u00eat\u00e9s de la Ville de Villemur-sur-Tarn.","og_url":"https:\/\/www.mairie-villemur-sur-tarn.fr\/site\/arretes-municipaux\/les-decisions\/","og_site_name":"Mairie Villemur-sur-Tarn","article_publisher":"https:\/\/www.facebook.com\/mairievillemursurtarn","article_modified_time":"2026-01-14T13:19:27+00:00","og_image":[{"width":1200,"height":630,"url":"https:\/\/www.mairie-villemur-sur-tarn.fr\/site\/wp-content\/uploads\/2023\/11\/Copie-de-Sans-titre-3.png","type":"image\/png"}],"twitter_card":"summary_large_image","twitter_misc":{"Dur\u00e9e de lecture estim\u00e9e":"2 minutes"},"schema":{"@context":"https:\/\/schema.org","@graph":[{"@type":"WebPage","@id":"https:\/\/www.mairie-villemur-sur-tarn.fr\/site\/arretes-municipaux\/les-decisions\/","url":"https:\/\/www.mairie-villemur-sur-tarn.fr\/site\/arretes-municipaux\/les-decisions\/","name":"Les D\u00e9cisions - Mairie Villemur-sur-Tarn","isPartOf":{"@id":"https:\/\/www.mairie-villemur-sur-tarn.fr\/site\/#website"},"primaryImageOfPage":{"@id":"https:\/\/www.mairie-villemur-sur-tarn.fr\/site\/arretes-municipaux\/les-decisions\/#primaryimage"},"image":{"@id":"https:\/\/www.mairie-villemur-sur-tarn.fr\/site\/arretes-municipaux\/les-decisions\/#primaryimage"},"thumbnailUrl":"https:\/\/www.mairie-villemur-sur-tarn.fr\/site\/wp-content\/uploads\/2023\/11\/Copie-de-Sans-titre-3.png","datePublished":"2023-11-09T13:18:40+00:00","dateModified":"2026-01-14T13:19:27+00:00","description":"Vous trouverez sur cette page les Arr\u00eat\u00e9s de la Ville de Villemur-sur-Tarn.","breadcrumb":{"@id":"https:\/\/www.mairie-villemur-sur-tarn.fr\/site\/arretes-municipaux\/les-decisions\/#breadcrumb"},"inLanguage":"fr-FR","potentialAction":[{"@type":"ReadAction","target":["https:\/\/www.mairie-villemur-sur-tarn.fr\/site\/arretes-municipaux\/les-decisions\/"]}]},{"@type":"ImageObject","inLanguage":"fr-FR","@id":"https:\/\/www.mairie-villemur-sur-tarn.fr\/site\/arretes-municipaux\/les-decisions\/#primaryimage","url":"https:\/\/www.mairie-villemur-sur-tarn.fr\/site\/wp-content\/uploads\/2023\/11\/Copie-de-Sans-titre-3.png","contentUrl":"https:\/\/www.mairie-villemur-sur-tarn.fr\/site\/wp-content\/uploads\/2023\/11\/Copie-de-Sans-titre-3.png","width":1200,"height":630},{"@type":"BreadcrumbList","@id":"https:\/\/www.mairie-villemur-sur-tarn.fr\/site\/arretes-municipaux\/les-decisions\/#breadcrumb","itemListElement":[{"@type":"ListItem","position":1,"name":"Accueil","item":"https:\/\/www.mairie-villemur-sur-tarn.fr\/site\/"},{"@type":"ListItem","position":2,"name":"ARR\u00caT\u00c9S ET D\u00c9CISIONS","item":"https:\/\/www.mairie-villemur-sur-tarn.fr\/site\/arretes-municipaux\/"},{"@type":"ListItem","position":3,"name":"Les D\u00e9cisions"}]},{"@type":"WebSite","@id":"https:\/\/www.mairie-villemur-sur-tarn.fr\/site\/#website","url":"https:\/\/www.mairie-villemur-sur-tarn.fr\/site\/","name":"Mairie Villemur-sur-Tarn","description":"Site officiel canton Villemur Toulouse Nord. D\u00e9marches en ligne, conseil municipal, actualit\u00e9s Villemur, Annuaire Villemur, March\u00e9s...","publisher":{"@id":"https:\/\/www.mairie-villemur-sur-tarn.fr\/site\/#organization"},"potentialAction":[{"@type":"SearchAction","target":{"@type":"EntryPoint","urlTemplate":"https:\/\/www.mairie-villemur-sur-tarn.fr\/site\/?s={search_term_string}"},"query-input":{"@type":"PropertyValueSpecification","valueRequired":true,"valueName":"search_term_string"}}],"inLanguage":"fr-FR"},{"@type":"Organization","@id":"https:\/\/www.mairie-villemur-sur-tarn.fr\/site\/#organization","name":"Mairie Villemur-sur-Tarn","url":"https:\/\/www.mairie-villemur-sur-tarn.fr\/site\/","logo":{"@type":"ImageObject","inLanguage":"fr-FR","@id":"https:\/\/www.mairie-villemur-sur-tarn.fr\/site\/#\/schema\/logo\/image\/","url":"https:\/\/www.mairie-villemur-sur-tarn.fr\/site\/wp-content\/uploads\/Villemur-LOGO-carre-PNG.png","contentUrl":"https:\/\/www.mairie-villemur-sur-tarn.fr\/site\/wp-content\/uploads\/Villemur-LOGO-carre-PNG.png","width":887,"height":886,"caption":"Mairie Villemur-sur-Tarn"},"image":{"@id":"https:\/\/www.mairie-villemur-sur-tarn.fr\/site\/#\/schema\/logo\/image\/"},"sameAs":["https:\/\/www.facebook.com\/mairievillemursurtarn","https:\/\/www.instagram.com\/villemur_sur_tarn\/"]}]}},"uagb_featured_image_src":{"full":["https:\/\/www.mairie-villemur-sur-tarn.fr\/site\/wp-content\/uploads\/2023\/11\/Copie-de-Sans-titre-3.png",1200,630,false],"thumbnail":["https:\/\/www.mairie-villemur-sur-tarn.fr\/site\/wp-content\/uploads\/2023\/11\/Copie-de-Sans-titre-3-150x150.png",150,150,true],"medium":["https:\/\/www.mairie-villemur-sur-tarn.fr\/site\/wp-content\/uploads\/2023\/11\/Copie-de-Sans-titre-3-300x300.png",300,300,true],"medium_large":["https:\/\/www.mairie-villemur-sur-tarn.fr\/site\/wp-content\/uploads\/2023\/11\/Copie-de-Sans-titre-3-768x403.png",768,403,true],"large":["https:\/\/www.mairie-villemur-sur-tarn.fr\/site\/wp-content\/uploads\/2023\/11\/Copie-de-Sans-titre-3-1024x538.png",900,473,true],"1536x1536":["https:\/\/www.mairie-villemur-sur-tarn.fr\/site\/wp-content\/uploads\/2023\/11\/Copie-de-Sans-titre-3.png",1200,630,false],"2048x2048":["https:\/\/www.mairie-villemur-sur-tarn.fr\/site\/wp-content\/uploads\/2023\/11\/Copie-de-Sans-titre-3.png",1200,630,false],"post-thumbnail":["https:\/\/www.mairie-villemur-sur-tarn.fr\/site\/wp-content\/uploads\/2023\/11\/Copie-de-Sans-titre-3-600x315.png",600,315,true],"winnex_medium":["https:\/\/www.mairie-villemur-sur-tarn.fr\/site\/wp-content\/uploads\/2023\/11\/Copie-de-Sans-titre-3-500x375.png",500,375,true],"winnex_height":["https:\/\/www.mairie-villemur-sur-tarn.fr\/site\/wp-content\/uploads\/2023\/11\/Copie-de-Sans-titre-3-400x468.png",400,468,true]},"uagb_author_info":{"display_name":"Mairie de Villemur-sur-Tarn","author_link":"https:\/\/www.mairie-villemur-sur-tarn.fr\/site\/author\/villmurtarn_admin\/"},"uagb_comment_info":0,"uagb_excerpt":"[vc_row][vc_column][vc_custom_heading text=\u00a0\u00bb2026&Prime; font_container=\u00a0\u00bbtag:h2|text_align:center\u00a0\u00bb][vc_tta_accordion][vc_tta_section title=\u00a0\u00bbJanvier 2026&Prime; tab_id=\u00a0\u00bbjanvier2026&Prime;][vc_column_text]D\u00e9cision 2026-FL-00001 &#8211; D\u00e9cision portant reprise de concession cimeti\u00e8re de Magnanac[\/vc_column_text][\/vc_tta_section][\/vc_tta_accordion][\/vc_column][\/vc_row][vc_row][vc_column][vc_custom_heading text=\u00a0\u00bb2025&Prime; font_container=\u00a0\u00bbtag:h2|text_align:center\u00a0\u00bb][vc_tta_accordion][vc_tta_section title=\u00a0\u00bbD\u00e9cembre 2025&Prime; tab_id=\u00a0\u00bbdecembre2025&Prime;][vc_column_text]D\u00e9cision 2025\/TA\/00010&nbsp; &#8211; Virement de cr\u00e9dit de chapitre \u00e0 chapitre[\/vc_column_text][\/vc_tta_section][vc_tta_section title=\u00a0\u00bbNovembre 2025&Prime; tab_id=\u00a0\u00bb1763720281580-60461259-ed37&Prime;][vc_column_text]D\u00e9cision 2025-TA-00008&nbsp; &#8211; Attribution SCAM TP[\/vc_column_text][\/vc_tta_section][vc_tta_section title=\u00a0\u00bbOctobre 2025&Prime; tab_id=\u00a0\u00bb1758896214020-c298b034-5d53&Prime;][vc_column_text]D\u00e9cision 2025-TA-00007&nbsp; &#8211; Virement de cr\u00e9dit de chapitre \u00e0 chapitre[\/vc_column_text][\/vc_tta_section][vc_tta_section title=\u00a0\u00bbSeptembre 2025&Prime; tab_id=\u00a0\u00bb1760694776195-c1b65b03-1977&Prime;][vc_column_text]D\u00e9cision 2025-FL-00006&nbsp; &#8211;\u2026","_links":{"self":[{"href":"https:\/\/www.mairie-villemur-sur-tarn.fr\/site\/wp-json\/wp\/v2\/pages\/13033","targetHints":{"allow":["GET"]}}],"collection":[{"href":"https:\/\/www.mairie-villemur-sur-tarn.fr\/site\/wp-json\/wp\/v2\/pages"}],"about":[{"href":"https:\/\/www.mairie-villemur-sur-tarn.fr\/site\/wp-json\/wp\/v2\/types\/page"}],"author":[{"embeddable":true,"href":"https:\/\/www.mairie-villemur-sur-tarn.fr\/site\/wp-json\/wp\/v2\/users\/1"}],"replies":[{"embeddable":true,"href":"https:\/\/www.mairie-villemur-sur-tarn.fr\/site\/wp-json\/wp\/v2\/comments?post=13033"}],"version-history":[{"count":21,"href":"https:\/\/www.mairie-villemur-sur-tarn.fr\/site\/wp-json\/wp\/v2\/pages\/13033\/revisions"}],"predecessor-version":[{"id":19024,"href":"https:\/\/www.mairie-villemur-sur-tarn.fr\/site\/wp-json\/wp\/v2\/pages\/13033\/revisions\/19024"}],"up":[{"embeddable":true,"href":"https:\/\/www.mairie-villemur-sur-tarn.fr\/site\/wp-json\/wp\/v2\/pages\/5429"}],"wp:featuredmedia":[{"embeddable":true,"href":"https:\/\/www.mairie-villemur-sur-tarn.fr\/site\/wp-json\/wp\/v2\/media\/13037"}],"wp:attachment":[{"href":"https:\/\/www.mairie-villemur-sur-tarn.fr\/site\/wp-json\/wp\/v2\/media?parent=13033"}],"curies":[{"name":"wp","href":"https:\/\/api.w.org\/{rel}","templated":true}]}}