{"id":13738,"date":"2024-02-20T12:24:07","date_gmt":"2024-02-20T11:24:07","guid":{"rendered":"https:\/\/www.mairie-villemur-sur-tarn.fr\/site\/?page_id=13738"},"modified":"2024-05-30T17:02:09","modified_gmt":"2024-05-30T15:02:09","slug":"les-arretes-du-sievt","status":"publish","type":"page","link":"https:\/\/www.mairie-villemur-sur-tarn.fr\/site\/vos-services-au-quotidien\/proprete-environnement\/syndicat-des-eaux\/les-arretes-du-sievt\/","title":{"rendered":"Les Arr\u00eat\u00e9s du SIEVT"},"content":{"rendered":"<p>[vc_row][vc_column][vc_column_text]Retrouvez ici la liste des arr\u00eat\u00e9s pris par le Syndicat intercommunal des eaux de Villemur-sur-Tarn (SIEVT)[\/vc_column_text][vc_custom_heading text=\u00a0\u00bb2024&Prime; font_container=\u00a0\u00bbtag:h2|text_align:center\u00a0\u00bb][vc_column_text]<a href=\"https:\/\/www.mairie-villemur-sur-tarn.fr\/site\/wp-content\/uploads\/A-2024-02.pdf\">Arr\u00eat\u00e9 2024\/02<\/a>&nbsp;&#8211; Arr\u00eat\u00e9 portant d\u00e9l\u00e9gation de fonction au 1<sup>er<\/sup> Vice-Pr\u00e9sident <em>(mise en ligne le 30 mai 2024)<\/em><\/p>\n<p><a href=\"https:\/\/www.mairie-villemur-sur-tarn.fr\/site\/wp-content\/uploads\/2015\/12\/ARRETE-2024-01-Retrait-de-delegation-de-fonction.pdf\">Arr\u00eat\u00e9 2024\/01<\/a> &#8211; Arr\u00eat\u00e9 portant retrait de d\u00e9l\u00e9gation de fonctions[\/vc_column_text][\/vc_column][\/vc_row]<\/p>\n","protected":false},"excerpt":{"rendered":"<p>[vc_row][vc_column][vc_column_text]Retrouvez ici la liste des arr\u00eat\u00e9s pris par le Syndicat intercommunal des eaux de Villemur-sur-Tarn (SIEVT)[\/vc_column_text][vc_custom_heading text=\u00a0\u00bb2024&Prime; font_container=\u00a0\u00bbtag:h2|text_align:center\u00a0\u00bb][vc_column_text]Arr\u00eat\u00e9 2024\/02&nbsp;&#8211; Arr\u00eat\u00e9 portant d\u00e9l\u00e9gation de fonction au 1er Vice-Pr\u00e9sident (mise en ligne le 30 mai 2024) Arr\u00eat\u00e9 2024\/01 &#8211; Arr\u00eat\u00e9 portant retrait de d\u00e9l\u00e9gation de fonctions[\/vc_column_text][\/vc_column][\/vc_row]<\/p>\n","protected":false},"author":1,"featured_media":13741,"parent":12500,"menu_order":0,"comment_status":"closed","ping_status":"closed","template":"","meta":{"_uag_custom_page_level_css":"","ngg_post_thumbnail":0,"footnotes":""},"class_list":["post-13738","page","type-page","status-publish","has-post-thumbnail","hentry"],"yoast_head":"<!-- This site is optimized with the Yoast SEO plugin v27.3 - https:\/\/yoast.com\/product\/yoast-seo-wordpress\/ -->\n<title>Les Arr\u00eat\u00e9s du SIEVT - Mairie Villemur-sur-Tarn<\/title>\n<meta name=\"description\" content=\"Retrouvez ici les arr\u00eat\u00e9s pris par le Syndicat intercommunal des eaux de Villemur-sur-Tarn (SIEVT).\" \/>\n<meta name=\"robots\" content=\"index, follow, max-snippet:-1, max-image-preview:large, max-video-preview:-1\" \/>\n<link rel=\"canonical\" href=\"https:\/\/www.mairie-villemur-sur-tarn.fr\/site\/vos-services-au-quotidien\/proprete-environnement\/syndicat-des-eaux\/les-arretes-du-sievt\/\" \/>\n<meta property=\"og:locale\" content=\"fr_FR\" \/>\n<meta property=\"og:type\" content=\"article\" \/>\n<meta property=\"og:title\" content=\"Les Arr\u00eat\u00e9s du SIEVT - Mairie Villemur-sur-Tarn\" \/>\n<meta property=\"og:description\" content=\"Retrouvez ici les arr\u00eat\u00e9s pris par le Syndicat intercommunal des eaux de Villemur-sur-Tarn (SIEVT).\" \/>\n<meta property=\"og:url\" content=\"https:\/\/www.mairie-villemur-sur-tarn.fr\/site\/vos-services-au-quotidien\/proprete-environnement\/syndicat-des-eaux\/les-arretes-du-sievt\/\" \/>\n<meta property=\"og:site_name\" content=\"Mairie Villemur-sur-Tarn\" \/>\n<meta property=\"article:publisher\" content=\"https:\/\/www.facebook.com\/mairievillemursurtarn\" \/>\n<meta property=\"article:modified_time\" content=\"2024-05-30T15:02:09+00:00\" \/>\n<meta property=\"og:image\" content=\"https:\/\/www.mairie-villemur-sur-tarn.fr\/site\/wp-content\/uploads\/2024\/02\/Les-Arretes-2.png\" \/>\n\t<meta property=\"og:image:width\" content=\"600\" \/>\n\t<meta property=\"og:image:height\" content=\"630\" \/>\n\t<meta property=\"og:image:type\" content=\"image\/png\" \/>\n<meta name=\"twitter:card\" content=\"summary_large_image\" \/>\n<meta name=\"twitter:label1\" content=\"Dur\u00e9e de lecture estim\u00e9e\" \/>\n\t<meta name=\"twitter:data1\" content=\"1 minute\" \/>\n<script type=\"application\/ld+json\" class=\"yoast-schema-graph\">{\"@context\":\"https:\\\/\\\/schema.org\",\"@graph\":[{\"@type\":\"WebPage\",\"@id\":\"https:\\\/\\\/www.mairie-villemur-sur-tarn.fr\\\/site\\\/vos-services-au-quotidien\\\/proprete-environnement\\\/syndicat-des-eaux\\\/les-arretes-du-sievt\\\/\",\"url\":\"https:\\\/\\\/www.mairie-villemur-sur-tarn.fr\\\/site\\\/vos-services-au-quotidien\\\/proprete-environnement\\\/syndicat-des-eaux\\\/les-arretes-du-sievt\\\/\",\"name\":\"Les Arr\u00eat\u00e9s du SIEVT - Mairie Villemur-sur-Tarn\",\"isPartOf\":{\"@id\":\"https:\\\/\\\/www.mairie-villemur-sur-tarn.fr\\\/site\\\/#website\"},\"primaryImageOfPage\":{\"@id\":\"https:\\\/\\\/www.mairie-villemur-sur-tarn.fr\\\/site\\\/vos-services-au-quotidien\\\/proprete-environnement\\\/syndicat-des-eaux\\\/les-arretes-du-sievt\\\/#primaryimage\"},\"image\":{\"@id\":\"https:\\\/\\\/www.mairie-villemur-sur-tarn.fr\\\/site\\\/vos-services-au-quotidien\\\/proprete-environnement\\\/syndicat-des-eaux\\\/les-arretes-du-sievt\\\/#primaryimage\"},\"thumbnailUrl\":\"https:\\\/\\\/www.mairie-villemur-sur-tarn.fr\\\/site\\\/wp-content\\\/uploads\\\/2024\\\/02\\\/Les-Arretes-2.png\",\"datePublished\":\"2024-02-20T11:24:07+00:00\",\"dateModified\":\"2024-05-30T15:02:09+00:00\",\"description\":\"Retrouvez ici les arr\u00eat\u00e9s pris par le Syndicat intercommunal des eaux de Villemur-sur-Tarn (SIEVT).\",\"breadcrumb\":{\"@id\":\"https:\\\/\\\/www.mairie-villemur-sur-tarn.fr\\\/site\\\/vos-services-au-quotidien\\\/proprete-environnement\\\/syndicat-des-eaux\\\/les-arretes-du-sievt\\\/#breadcrumb\"},\"inLanguage\":\"fr-FR\",\"potentialAction\":[{\"@type\":\"ReadAction\",\"target\":[\"https:\\\/\\\/www.mairie-villemur-sur-tarn.fr\\\/site\\\/vos-services-au-quotidien\\\/proprete-environnement\\\/syndicat-des-eaux\\\/les-arretes-du-sievt\\\/\"]}]},{\"@type\":\"ImageObject\",\"inLanguage\":\"fr-FR\",\"@id\":\"https:\\\/\\\/www.mairie-villemur-sur-tarn.fr\\\/site\\\/vos-services-au-quotidien\\\/proprete-environnement\\\/syndicat-des-eaux\\\/les-arretes-du-sievt\\\/#primaryimage\",\"url\":\"https:\\\/\\\/www.mairie-villemur-sur-tarn.fr\\\/site\\\/wp-content\\\/uploads\\\/2024\\\/02\\\/Les-Arretes-2.png\",\"contentUrl\":\"https:\\\/\\\/www.mairie-villemur-sur-tarn.fr\\\/site\\\/wp-content\\\/uploads\\\/2024\\\/02\\\/Les-Arretes-2.png\",\"width\":600,\"height\":630},{\"@type\":\"BreadcrumbList\",\"@id\":\"https:\\\/\\\/www.mairie-villemur-sur-tarn.fr\\\/site\\\/vos-services-au-quotidien\\\/proprete-environnement\\\/syndicat-des-eaux\\\/les-arretes-du-sievt\\\/#breadcrumb\",\"itemListElement\":[{\"@type\":\"ListItem\",\"position\":1,\"name\":\"Accueil\",\"item\":\"https:\\\/\\\/www.mairie-villemur-sur-tarn.fr\\\/site\\\/\"},{\"@type\":\"ListItem\",\"position\":2,\"name\":\"VOS SERVICES AU QUOTIDIEN\",\"item\":\"https:\\\/\\\/www.mairie-villemur-sur-tarn.fr\\\/site\\\/vos-services-au-quotidien\\\/\"},{\"@type\":\"ListItem\",\"position\":3,\"name\":\"PROPRET\u00c9 &#038; ENVIRONNEMENT\",\"item\":\"https:\\\/\\\/www.mairie-villemur-sur-tarn.fr\\\/site\\\/vos-services-au-quotidien\\\/proprete-environnement\\\/\"},{\"@type\":\"ListItem\",\"position\":4,\"name\":\"SYNDICAT DES EAUX\",\"item\":\"https:\\\/\\\/www.mairie-villemur-sur-tarn.fr\\\/site\\\/vos-services-au-quotidien\\\/proprete-environnement\\\/syndicat-des-eaux\\\/\"},{\"@type\":\"ListItem\",\"position\":5,\"name\":\"Les Arr\u00eat\u00e9s du SIEVT\"}]},{\"@type\":\"WebSite\",\"@id\":\"https:\\\/\\\/www.mairie-villemur-sur-tarn.fr\\\/site\\\/#website\",\"url\":\"https:\\\/\\\/www.mairie-villemur-sur-tarn.fr\\\/site\\\/\",\"name\":\"Mairie Villemur-sur-Tarn\",\"description\":\"Site officiel canton Villemur Toulouse Nord. D\u00e9marches en ligne, conseil municipal, actualit\u00e9s Villemur, Annuaire Villemur, March\u00e9s...\",\"publisher\":{\"@id\":\"https:\\\/\\\/www.mairie-villemur-sur-tarn.fr\\\/site\\\/#organization\"},\"potentialAction\":[{\"@type\":\"SearchAction\",\"target\":{\"@type\":\"EntryPoint\",\"urlTemplate\":\"https:\\\/\\\/www.mairie-villemur-sur-tarn.fr\\\/site\\\/?s={search_term_string}\"},\"query-input\":{\"@type\":\"PropertyValueSpecification\",\"valueRequired\":true,\"valueName\":\"search_term_string\"}}],\"inLanguage\":\"fr-FR\"},{\"@type\":\"Organization\",\"@id\":\"https:\\\/\\\/www.mairie-villemur-sur-tarn.fr\\\/site\\\/#organization\",\"name\":\"Mairie Villemur-sur-Tarn\",\"url\":\"https:\\\/\\\/www.mairie-villemur-sur-tarn.fr\\\/site\\\/\",\"logo\":{\"@type\":\"ImageObject\",\"inLanguage\":\"fr-FR\",\"@id\":\"https:\\\/\\\/www.mairie-villemur-sur-tarn.fr\\\/site\\\/#\\\/schema\\\/logo\\\/image\\\/\",\"url\":\"https:\\\/\\\/www.mairie-villemur-sur-tarn.fr\\\/site\\\/wp-content\\\/uploads\\\/Villemur-LOGO-carre-PNG.png\",\"contentUrl\":\"https:\\\/\\\/www.mairie-villemur-sur-tarn.fr\\\/site\\\/wp-content\\\/uploads\\\/Villemur-LOGO-carre-PNG.png\",\"width\":887,\"height\":886,\"caption\":\"Mairie Villemur-sur-Tarn\"},\"image\":{\"@id\":\"https:\\\/\\\/www.mairie-villemur-sur-tarn.fr\\\/site\\\/#\\\/schema\\\/logo\\\/image\\\/\"},\"sameAs\":[\"https:\\\/\\\/www.facebook.com\\\/mairievillemursurtarn\",\"https:\\\/\\\/www.instagram.com\\\/villemur_sur_tarn\\\/\"]}]}<\/script>\n<!-- \/ Yoast SEO plugin. -->","yoast_head_json":{"title":"Les Arr\u00eat\u00e9s du SIEVT - Mairie Villemur-sur-Tarn","description":"Retrouvez ici les arr\u00eat\u00e9s pris par le Syndicat intercommunal des eaux de Villemur-sur-Tarn (SIEVT).","robots":{"index":"index","follow":"follow","max-snippet":"max-snippet:-1","max-image-preview":"max-image-preview:large","max-video-preview":"max-video-preview:-1"},"canonical":"https:\/\/www.mairie-villemur-sur-tarn.fr\/site\/vos-services-au-quotidien\/proprete-environnement\/syndicat-des-eaux\/les-arretes-du-sievt\/","og_locale":"fr_FR","og_type":"article","og_title":"Les Arr\u00eat\u00e9s du SIEVT - Mairie Villemur-sur-Tarn","og_description":"Retrouvez ici les arr\u00eat\u00e9s pris par le Syndicat intercommunal des eaux de Villemur-sur-Tarn (SIEVT).","og_url":"https:\/\/www.mairie-villemur-sur-tarn.fr\/site\/vos-services-au-quotidien\/proprete-environnement\/syndicat-des-eaux\/les-arretes-du-sievt\/","og_site_name":"Mairie Villemur-sur-Tarn","article_publisher":"https:\/\/www.facebook.com\/mairievillemursurtarn","article_modified_time":"2024-05-30T15:02:09+00:00","og_image":[{"width":600,"height":630,"url":"https:\/\/www.mairie-villemur-sur-tarn.fr\/site\/wp-content\/uploads\/2024\/02\/Les-Arretes-2.png","type":"image\/png"}],"twitter_card":"summary_large_image","twitter_misc":{"Dur\u00e9e de lecture estim\u00e9e":"1 minute"},"schema":{"@context":"https:\/\/schema.org","@graph":[{"@type":"WebPage","@id":"https:\/\/www.mairie-villemur-sur-tarn.fr\/site\/vos-services-au-quotidien\/proprete-environnement\/syndicat-des-eaux\/les-arretes-du-sievt\/","url":"https:\/\/www.mairie-villemur-sur-tarn.fr\/site\/vos-services-au-quotidien\/proprete-environnement\/syndicat-des-eaux\/les-arretes-du-sievt\/","name":"Les Arr\u00eat\u00e9s du SIEVT - Mairie Villemur-sur-Tarn","isPartOf":{"@id":"https:\/\/www.mairie-villemur-sur-tarn.fr\/site\/#website"},"primaryImageOfPage":{"@id":"https:\/\/www.mairie-villemur-sur-tarn.fr\/site\/vos-services-au-quotidien\/proprete-environnement\/syndicat-des-eaux\/les-arretes-du-sievt\/#primaryimage"},"image":{"@id":"https:\/\/www.mairie-villemur-sur-tarn.fr\/site\/vos-services-au-quotidien\/proprete-environnement\/syndicat-des-eaux\/les-arretes-du-sievt\/#primaryimage"},"thumbnailUrl":"https:\/\/www.mairie-villemur-sur-tarn.fr\/site\/wp-content\/uploads\/2024\/02\/Les-Arretes-2.png","datePublished":"2024-02-20T11:24:07+00:00","dateModified":"2024-05-30T15:02:09+00:00","description":"Retrouvez ici les arr\u00eat\u00e9s pris par le Syndicat intercommunal des eaux de Villemur-sur-Tarn (SIEVT).","breadcrumb":{"@id":"https:\/\/www.mairie-villemur-sur-tarn.fr\/site\/vos-services-au-quotidien\/proprete-environnement\/syndicat-des-eaux\/les-arretes-du-sievt\/#breadcrumb"},"inLanguage":"fr-FR","potentialAction":[{"@type":"ReadAction","target":["https:\/\/www.mairie-villemur-sur-tarn.fr\/site\/vos-services-au-quotidien\/proprete-environnement\/syndicat-des-eaux\/les-arretes-du-sievt\/"]}]},{"@type":"ImageObject","inLanguage":"fr-FR","@id":"https:\/\/www.mairie-villemur-sur-tarn.fr\/site\/vos-services-au-quotidien\/proprete-environnement\/syndicat-des-eaux\/les-arretes-du-sievt\/#primaryimage","url":"https:\/\/www.mairie-villemur-sur-tarn.fr\/site\/wp-content\/uploads\/2024\/02\/Les-Arretes-2.png","contentUrl":"https:\/\/www.mairie-villemur-sur-tarn.fr\/site\/wp-content\/uploads\/2024\/02\/Les-Arretes-2.png","width":600,"height":630},{"@type":"BreadcrumbList","@id":"https:\/\/www.mairie-villemur-sur-tarn.fr\/site\/vos-services-au-quotidien\/proprete-environnement\/syndicat-des-eaux\/les-arretes-du-sievt\/#breadcrumb","itemListElement":[{"@type":"ListItem","position":1,"name":"Accueil","item":"https:\/\/www.mairie-villemur-sur-tarn.fr\/site\/"},{"@type":"ListItem","position":2,"name":"VOS SERVICES AU QUOTIDIEN","item":"https:\/\/www.mairie-villemur-sur-tarn.fr\/site\/vos-services-au-quotidien\/"},{"@type":"ListItem","position":3,"name":"PROPRET\u00c9 &#038; ENVIRONNEMENT","item":"https:\/\/www.mairie-villemur-sur-tarn.fr\/site\/vos-services-au-quotidien\/proprete-environnement\/"},{"@type":"ListItem","position":4,"name":"SYNDICAT DES EAUX","item":"https:\/\/www.mairie-villemur-sur-tarn.fr\/site\/vos-services-au-quotidien\/proprete-environnement\/syndicat-des-eaux\/"},{"@type":"ListItem","position":5,"name":"Les Arr\u00eat\u00e9s du SIEVT"}]},{"@type":"WebSite","@id":"https:\/\/www.mairie-villemur-sur-tarn.fr\/site\/#website","url":"https:\/\/www.mairie-villemur-sur-tarn.fr\/site\/","name":"Mairie Villemur-sur-Tarn","description":"Site officiel canton Villemur Toulouse Nord. D\u00e9marches en ligne, conseil municipal, actualit\u00e9s Villemur, Annuaire Villemur, March\u00e9s...","publisher":{"@id":"https:\/\/www.mairie-villemur-sur-tarn.fr\/site\/#organization"},"potentialAction":[{"@type":"SearchAction","target":{"@type":"EntryPoint","urlTemplate":"https:\/\/www.mairie-villemur-sur-tarn.fr\/site\/?s={search_term_string}"},"query-input":{"@type":"PropertyValueSpecification","valueRequired":true,"valueName":"search_term_string"}}],"inLanguage":"fr-FR"},{"@type":"Organization","@id":"https:\/\/www.mairie-villemur-sur-tarn.fr\/site\/#organization","name":"Mairie Villemur-sur-Tarn","url":"https:\/\/www.mairie-villemur-sur-tarn.fr\/site\/","logo":{"@type":"ImageObject","inLanguage":"fr-FR","@id":"https:\/\/www.mairie-villemur-sur-tarn.fr\/site\/#\/schema\/logo\/image\/","url":"https:\/\/www.mairie-villemur-sur-tarn.fr\/site\/wp-content\/uploads\/Villemur-LOGO-carre-PNG.png","contentUrl":"https:\/\/www.mairie-villemur-sur-tarn.fr\/site\/wp-content\/uploads\/Villemur-LOGO-carre-PNG.png","width":887,"height":886,"caption":"Mairie Villemur-sur-Tarn"},"image":{"@id":"https:\/\/www.mairie-villemur-sur-tarn.fr\/site\/#\/schema\/logo\/image\/"},"sameAs":["https:\/\/www.facebook.com\/mairievillemursurtarn","https:\/\/www.instagram.com\/villemur_sur_tarn\/"]}]}},"uagb_featured_image_src":{"full":["https:\/\/www.mairie-villemur-sur-tarn.fr\/site\/wp-content\/uploads\/2024\/02\/Les-Arretes-2.png",600,630,false],"thumbnail":["https:\/\/www.mairie-villemur-sur-tarn.fr\/site\/wp-content\/uploads\/2024\/02\/Les-Arretes-2-150x150.png",150,150,true],"medium":["https:\/\/www.mairie-villemur-sur-tarn.fr\/site\/wp-content\/uploads\/2024\/02\/Les-Arretes-2-300x300.png",300,300,true],"medium_large":["https:\/\/www.mairie-villemur-sur-tarn.fr\/site\/wp-content\/uploads\/2024\/02\/Les-Arretes-2.png",600,630,false],"large":["https:\/\/www.mairie-villemur-sur-tarn.fr\/site\/wp-content\/uploads\/2024\/02\/Les-Arretes-2.png",600,630,false],"1536x1536":["https:\/\/www.mairie-villemur-sur-tarn.fr\/site\/wp-content\/uploads\/2024\/02\/Les-Arretes-2.png",600,630,false],"2048x2048":["https:\/\/www.mairie-villemur-sur-tarn.fr\/site\/wp-content\/uploads\/2024\/02\/Les-Arretes-2.png",600,630,false],"post-thumbnail":["https:\/\/www.mairie-villemur-sur-tarn.fr\/site\/wp-content\/uploads\/2024\/02\/Les-Arretes-2-419x440.png",419,440,true],"winnex_medium":["https:\/\/www.mairie-villemur-sur-tarn.fr\/site\/wp-content\/uploads\/2024\/02\/Les-Arretes-2-500x375.png",500,375,true],"winnex_height":["https:\/\/www.mairie-villemur-sur-tarn.fr\/site\/wp-content\/uploads\/2024\/02\/Les-Arretes-2-400x468.png",400,468,true]},"uagb_author_info":{"display_name":"Mairie de Villemur-sur-Tarn","author_link":"https:\/\/www.mairie-villemur-sur-tarn.fr\/site\/author\/villmurtarn_admin\/"},"uagb_comment_info":0,"uagb_excerpt":"[vc_row][vc_column][vc_column_text]Retrouvez ici la liste des arr\u00eat\u00e9s pris par le Syndicat intercommunal des eaux de Villemur-sur-Tarn (SIEVT)[\/vc_column_text][vc_custom_heading text=\u00a0\u00bb2024&Prime; font_container=\u00a0\u00bbtag:h2|text_align:center\u00a0\u00bb][vc_column_text]Arr\u00eat\u00e9 2024\/02&nbsp;&#8211; Arr\u00eat\u00e9 portant d\u00e9l\u00e9gation de fonction au 1er Vice-Pr\u00e9sident (mise en ligne le 30 mai 2024) Arr\u00eat\u00e9 2024\/01 &#8211; Arr\u00eat\u00e9 portant retrait de d\u00e9l\u00e9gation de fonctions[\/vc_column_text][\/vc_column][\/vc_row]","_links":{"self":[{"href":"https:\/\/www.mairie-villemur-sur-tarn.fr\/site\/wp-json\/wp\/v2\/pages\/13738","targetHints":{"allow":["GET"]}}],"collection":[{"href":"https:\/\/www.mairie-villemur-sur-tarn.fr\/site\/wp-json\/wp\/v2\/pages"}],"about":[{"href":"https:\/\/www.mairie-villemur-sur-tarn.fr\/site\/wp-json\/wp\/v2\/types\/page"}],"author":[{"embeddable":true,"href":"https:\/\/www.mairie-villemur-sur-tarn.fr\/site\/wp-json\/wp\/v2\/users\/1"}],"replies":[{"embeddable":true,"href":"https:\/\/www.mairie-villemur-sur-tarn.fr\/site\/wp-json\/wp\/v2\/comments?post=13738"}],"version-history":[{"count":4,"href":"https:\/\/www.mairie-villemur-sur-tarn.fr\/site\/wp-json\/wp\/v2\/pages\/13738\/revisions"}],"predecessor-version":[{"id":14304,"href":"https:\/\/www.mairie-villemur-sur-tarn.fr\/site\/wp-json\/wp\/v2\/pages\/13738\/revisions\/14304"}],"up":[{"embeddable":true,"href":"https:\/\/www.mairie-villemur-sur-tarn.fr\/site\/wp-json\/wp\/v2\/pages\/12500"}],"wp:featuredmedia":[{"embeddable":true,"href":"https:\/\/www.mairie-villemur-sur-tarn.fr\/site\/wp-json\/wp\/v2\/media\/13741"}],"wp:attachment":[{"href":"https:\/\/www.mairie-villemur-sur-tarn.fr\/site\/wp-json\/wp\/v2\/media?parent=13738"}],"curies":[{"name":"wp","href":"https:\/\/api.w.org\/{rel}","templated":true}]}}