{"id":14101,"date":"2024-04-24T09:45:54","date_gmt":"2024-04-24T07:45:54","guid":{"rendered":"https:\/\/www.mairie-villemur-sur-tarn.fr\/site\/?page_id=14101"},"modified":"2025-12-16T14:29:59","modified_gmt":"2025-12-16T13:29:59","slug":"depot-legal-des-devis-type-funeraires","status":"publish","type":"page","link":"https:\/\/www.mairie-villemur-sur-tarn.fr\/site\/vos-services-au-quotidien\/etat-civil-documents-officiels\/depot-legal-des-devis-type-funeraires\/","title":{"rendered":"D\u00e9p\u00f4t l\u00e9gal des devis-type fun\u00e9raires"},"content":{"rendered":"<p>[vc_row][vc_column width=\u00a0\u00bb2\/3&Prime;][vc_column_text]L\u2019art. L. 2223-21-1 du Code G\u00e9n\u00e9ral des Collectivit\u00e9s Territoriales (CGCT) pr\u00e9voit que les r\u00e9gies, entreprises ou associations titulaires d\u2019une habilitation fun\u00e9raire ont l\u2019obligation d\u2019\u00e9tablir des devis conformes au mod\u00e8le fix\u00e9 par l\u2019arr\u00eat\u00e9 minist\u00e9riel du 23 ao\u00fbt 2010. L\u2019objectif est de faciliter, pour les familles confront\u00e9es \u00e0 un deuil, la comparaison des tarifs pratiqu\u00e9s par les op\u00e9rateurs fun\u00e9raires.<br \/>\nEn pratique, les entreprises de pompes fun\u00e8bres doivent d\u00e9poser ces devis-types chiffr\u00e9s aupr\u00e8s des communes o\u00f9 elles sont implant\u00e9es, ainsi qu\u2019aupr\u00e8s des communes de plus de 5&nbsp;000&nbsp;habitants.<br \/>\nLe manquement \u00e0 cette obligation est un motif de sanction administrative, entrant dans le champ de l\u2019art.&nbsp;L.&nbsp;2223-25,&nbsp;1\u00b0 du CGCT. \u00c0 ce titre, le pr\u00e9fet du d\u00e9partement o\u00f9 les faits ont \u00e9t\u00e9 constat\u00e9s peut prononcer la suspension de l\u2019habilitation pour une dur\u00e9e maximale d\u2019un an, ou son retrait.<\/p>\n<p>Retrouvez ci-contre les devis-type pour la commune de Villemur-sur-Tarn.[\/vc_column_text][\/vc_column][vc_column width=\u00a0\u00bb1\/3&Prime;][vc_column_text css=\u00a0\u00bb.vc_custom_1765891539376{padding-top: 15px !important;padding-right: 15px !important;padding-bottom: 15px !important;padding-left: 15px !important;background-color: #ededed !important;}\u00a0\u00bb]<\/p>\n<h3>\u00c0 t\u00e9l\u00e9charger<\/h3>\n<p><i class=\"fas fa-download \" ><\/i> Pompes fun\u00e8bres Saint-Pierre &#8211; <a href=\"https:\/\/www.mairie-villemur-sur-tarn.fr\/site\/wp-content\/uploads\/devis_reglementaire-TYPE-MAIRIES.pdf\">Devis prestations<\/a> (PDF &#8211; 168 Ko)<\/p>\n<p><i class=\"fas fa-download \" ><\/i> SARL Pompes fun\u00e8bres Villemuriennes &#8211; <a href=\"https:\/\/www.mairie-villemur-sur-tarn.fr\/site\/wp-content\/uploads\/PFV.pdf\" target=\"_blank\" rel=\"noopener\">Devis prestations<\/a> (PDF &#8211; 1 Mo)<\/p>\n<p><i class=\"fas fa-download \" ><\/i> Maison Lavos Pompes fun\u00e8bres &#8211; <a href=\"https:\/\/www.mairie-villemur-sur-tarn.fr\/site\/wp-content\/uploads\/Lavos-2.pdf\" target=\"_blank\" rel=\"noopener\">Devis prestations<\/a> (PDF &#8211; 1 Mo)[\/vc_column_text][\/vc_column][\/vc_row]<\/p>\n","protected":false},"excerpt":{"rendered":"<p>[vc_row][vc_column width=\u00a0\u00bb2\/3&Prime;][vc_column_text]L\u2019art. L. 2223-21-1 du Code G\u00e9n\u00e9ral des Collectivit\u00e9s Territoriales (CGCT) pr\u00e9voit que les r\u00e9gies, entreprises ou associations titulaires d\u2019une habilitation fun\u00e9raire ont l\u2019obligation d\u2019\u00e9tablir des devis conformes au mod\u00e8le fix\u00e9 par l\u2019arr\u00eat\u00e9 minist\u00e9riel du 23 ao\u00fbt 2010. L\u2019objectif est de faciliter, pour les familles confront\u00e9es \u00e0 un deuil, la comparaison des tarifs pratiqu\u00e9s par [&hellip;]<\/p>\n","protected":false},"author":1,"featured_media":0,"parent":4004,"menu_order":0,"comment_status":"closed","ping_status":"closed","template":"","meta":{"_uag_custom_page_level_css":"","ngg_post_thumbnail":0,"footnotes":""},"class_list":["post-14101","page","type-page","status-publish","hentry"],"yoast_head":"<!-- This site is optimized with the Yoast SEO plugin v27.3 - https:\/\/yoast.com\/product\/yoast-seo-wordpress\/ -->\n<title>D\u00e9p\u00f4t l\u00e9gal des devis-type fun\u00e9raires - Mairie Villemur-sur-Tarn<\/title>\n<meta name=\"robots\" content=\"index, follow, max-snippet:-1, max-image-preview:large, max-video-preview:-1\" \/>\n<link rel=\"canonical\" href=\"https:\/\/www.mairie-villemur-sur-tarn.fr\/site\/vos-services-au-quotidien\/etat-civil-documents-officiels\/depot-legal-des-devis-type-funeraires\/\" \/>\n<meta property=\"og:locale\" content=\"fr_FR\" \/>\n<meta property=\"og:type\" content=\"article\" \/>\n<meta property=\"og:title\" content=\"D\u00e9p\u00f4t l\u00e9gal des devis-type fun\u00e9raires - Mairie Villemur-sur-Tarn\" \/>\n<meta property=\"og:description\" content=\"[vc_row][vc_column width=\u00a0\u00bb2\/3&Prime;][vc_column_text]L\u2019art. L. 2223-21-1 du Code G\u00e9n\u00e9ral des Collectivit\u00e9s Territoriales (CGCT) pr\u00e9voit que les r\u00e9gies, entreprises ou associations titulaires d\u2019une habilitation fun\u00e9raire ont l\u2019obligation d\u2019\u00e9tablir des devis conformes au mod\u00e8le fix\u00e9 par l\u2019arr\u00eat\u00e9 minist\u00e9riel du 23 ao\u00fbt 2010. L\u2019objectif est de faciliter, pour les familles confront\u00e9es \u00e0 un deuil, la comparaison des tarifs pratiqu\u00e9s par [&hellip;]\" \/>\n<meta property=\"og:url\" content=\"https:\/\/www.mairie-villemur-sur-tarn.fr\/site\/vos-services-au-quotidien\/etat-civil-documents-officiels\/depot-legal-des-devis-type-funeraires\/\" \/>\n<meta property=\"og:site_name\" content=\"Mairie Villemur-sur-Tarn\" \/>\n<meta property=\"article:publisher\" content=\"https:\/\/www.facebook.com\/mairievillemursurtarn\" \/>\n<meta property=\"article:modified_time\" content=\"2025-12-16T13:29:59+00:00\" \/>\n<meta name=\"twitter:card\" content=\"summary_large_image\" \/>\n<meta name=\"twitter:label1\" content=\"Dur\u00e9e de lecture estim\u00e9e\" \/>\n\t<meta name=\"twitter:data1\" content=\"2 minutes\" \/>\n<script type=\"application\/ld+json\" class=\"yoast-schema-graph\">{\"@context\":\"https:\\\/\\\/schema.org\",\"@graph\":[{\"@type\":\"WebPage\",\"@id\":\"https:\\\/\\\/www.mairie-villemur-sur-tarn.fr\\\/site\\\/vos-services-au-quotidien\\\/etat-civil-documents-officiels\\\/depot-legal-des-devis-type-funeraires\\\/\",\"url\":\"https:\\\/\\\/www.mairie-villemur-sur-tarn.fr\\\/site\\\/vos-services-au-quotidien\\\/etat-civil-documents-officiels\\\/depot-legal-des-devis-type-funeraires\\\/\",\"name\":\"D\u00e9p\u00f4t l\u00e9gal des devis-type fun\u00e9raires - Mairie Villemur-sur-Tarn\",\"isPartOf\":{\"@id\":\"https:\\\/\\\/www.mairie-villemur-sur-tarn.fr\\\/site\\\/#website\"},\"datePublished\":\"2024-04-24T07:45:54+00:00\",\"dateModified\":\"2025-12-16T13:29:59+00:00\",\"breadcrumb\":{\"@id\":\"https:\\\/\\\/www.mairie-villemur-sur-tarn.fr\\\/site\\\/vos-services-au-quotidien\\\/etat-civil-documents-officiels\\\/depot-legal-des-devis-type-funeraires\\\/#breadcrumb\"},\"inLanguage\":\"fr-FR\",\"potentialAction\":[{\"@type\":\"ReadAction\",\"target\":[\"https:\\\/\\\/www.mairie-villemur-sur-tarn.fr\\\/site\\\/vos-services-au-quotidien\\\/etat-civil-documents-officiels\\\/depot-legal-des-devis-type-funeraires\\\/\"]}]},{\"@type\":\"BreadcrumbList\",\"@id\":\"https:\\\/\\\/www.mairie-villemur-sur-tarn.fr\\\/site\\\/vos-services-au-quotidien\\\/etat-civil-documents-officiels\\\/depot-legal-des-devis-type-funeraires\\\/#breadcrumb\",\"itemListElement\":[{\"@type\":\"ListItem\",\"position\":1,\"name\":\"Accueil\",\"item\":\"https:\\\/\\\/www.mairie-villemur-sur-tarn.fr\\\/site\\\/\"},{\"@type\":\"ListItem\",\"position\":2,\"name\":\"VOS SERVICES AU QUOTIDIEN\",\"item\":\"https:\\\/\\\/www.mairie-villemur-sur-tarn.fr\\\/site\\\/vos-services-au-quotidien\\\/\"},{\"@type\":\"ListItem\",\"position\":3,\"name\":\"\u00c9TAT-CIVIL ET CITOYENNET\u00c9\",\"item\":\"https:\\\/\\\/www.mairie-villemur-sur-tarn.fr\\\/site\\\/vos-services-au-quotidien\\\/etat-civil-documents-officiels\\\/\"},{\"@type\":\"ListItem\",\"position\":4,\"name\":\"D\u00e9p\u00f4t l\u00e9gal des devis-type fun\u00e9raires\"}]},{\"@type\":\"WebSite\",\"@id\":\"https:\\\/\\\/www.mairie-villemur-sur-tarn.fr\\\/site\\\/#website\",\"url\":\"https:\\\/\\\/www.mairie-villemur-sur-tarn.fr\\\/site\\\/\",\"name\":\"Mairie Villemur-sur-Tarn\",\"description\":\"Site officiel canton Villemur Toulouse Nord. D\u00e9marches en ligne, conseil municipal, actualit\u00e9s Villemur, Annuaire Villemur, March\u00e9s...\",\"publisher\":{\"@id\":\"https:\\\/\\\/www.mairie-villemur-sur-tarn.fr\\\/site\\\/#organization\"},\"potentialAction\":[{\"@type\":\"SearchAction\",\"target\":{\"@type\":\"EntryPoint\",\"urlTemplate\":\"https:\\\/\\\/www.mairie-villemur-sur-tarn.fr\\\/site\\\/?s={search_term_string}\"},\"query-input\":{\"@type\":\"PropertyValueSpecification\",\"valueRequired\":true,\"valueName\":\"search_term_string\"}}],\"inLanguage\":\"fr-FR\"},{\"@type\":\"Organization\",\"@id\":\"https:\\\/\\\/www.mairie-villemur-sur-tarn.fr\\\/site\\\/#organization\",\"name\":\"Mairie Villemur-sur-Tarn\",\"url\":\"https:\\\/\\\/www.mairie-villemur-sur-tarn.fr\\\/site\\\/\",\"logo\":{\"@type\":\"ImageObject\",\"inLanguage\":\"fr-FR\",\"@id\":\"https:\\\/\\\/www.mairie-villemur-sur-tarn.fr\\\/site\\\/#\\\/schema\\\/logo\\\/image\\\/\",\"url\":\"https:\\\/\\\/www.mairie-villemur-sur-tarn.fr\\\/site\\\/wp-content\\\/uploads\\\/Villemur-LOGO-carre-PNG.png\",\"contentUrl\":\"https:\\\/\\\/www.mairie-villemur-sur-tarn.fr\\\/site\\\/wp-content\\\/uploads\\\/Villemur-LOGO-carre-PNG.png\",\"width\":887,\"height\":886,\"caption\":\"Mairie Villemur-sur-Tarn\"},\"image\":{\"@id\":\"https:\\\/\\\/www.mairie-villemur-sur-tarn.fr\\\/site\\\/#\\\/schema\\\/logo\\\/image\\\/\"},\"sameAs\":[\"https:\\\/\\\/www.facebook.com\\\/mairievillemursurtarn\",\"https:\\\/\\\/www.instagram.com\\\/villemur_sur_tarn\\\/\"]}]}<\/script>\n<!-- \/ Yoast SEO plugin. -->","yoast_head_json":{"title":"D\u00e9p\u00f4t l\u00e9gal des devis-type fun\u00e9raires - Mairie Villemur-sur-Tarn","robots":{"index":"index","follow":"follow","max-snippet":"max-snippet:-1","max-image-preview":"max-image-preview:large","max-video-preview":"max-video-preview:-1"},"canonical":"https:\/\/www.mairie-villemur-sur-tarn.fr\/site\/vos-services-au-quotidien\/etat-civil-documents-officiels\/depot-legal-des-devis-type-funeraires\/","og_locale":"fr_FR","og_type":"article","og_title":"D\u00e9p\u00f4t l\u00e9gal des devis-type fun\u00e9raires - Mairie Villemur-sur-Tarn","og_description":"[vc_row][vc_column width=\u00a0\u00bb2\/3&Prime;][vc_column_text]L\u2019art. L. 2223-21-1 du Code G\u00e9n\u00e9ral des Collectivit\u00e9s Territoriales (CGCT) pr\u00e9voit que les r\u00e9gies, entreprises ou associations titulaires d\u2019une habilitation fun\u00e9raire ont l\u2019obligation d\u2019\u00e9tablir des devis conformes au mod\u00e8le fix\u00e9 par l\u2019arr\u00eat\u00e9 minist\u00e9riel du 23 ao\u00fbt 2010. L\u2019objectif est de faciliter, pour les familles confront\u00e9es \u00e0 un deuil, la comparaison des tarifs pratiqu\u00e9s par [&hellip;]","og_url":"https:\/\/www.mairie-villemur-sur-tarn.fr\/site\/vos-services-au-quotidien\/etat-civil-documents-officiels\/depot-legal-des-devis-type-funeraires\/","og_site_name":"Mairie Villemur-sur-Tarn","article_publisher":"https:\/\/www.facebook.com\/mairievillemursurtarn","article_modified_time":"2025-12-16T13:29:59+00:00","twitter_card":"summary_large_image","twitter_misc":{"Dur\u00e9e de lecture estim\u00e9e":"2 minutes"},"schema":{"@context":"https:\/\/schema.org","@graph":[{"@type":"WebPage","@id":"https:\/\/www.mairie-villemur-sur-tarn.fr\/site\/vos-services-au-quotidien\/etat-civil-documents-officiels\/depot-legal-des-devis-type-funeraires\/","url":"https:\/\/www.mairie-villemur-sur-tarn.fr\/site\/vos-services-au-quotidien\/etat-civil-documents-officiels\/depot-legal-des-devis-type-funeraires\/","name":"D\u00e9p\u00f4t l\u00e9gal des devis-type fun\u00e9raires - Mairie Villemur-sur-Tarn","isPartOf":{"@id":"https:\/\/www.mairie-villemur-sur-tarn.fr\/site\/#website"},"datePublished":"2024-04-24T07:45:54+00:00","dateModified":"2025-12-16T13:29:59+00:00","breadcrumb":{"@id":"https:\/\/www.mairie-villemur-sur-tarn.fr\/site\/vos-services-au-quotidien\/etat-civil-documents-officiels\/depot-legal-des-devis-type-funeraires\/#breadcrumb"},"inLanguage":"fr-FR","potentialAction":[{"@type":"ReadAction","target":["https:\/\/www.mairie-villemur-sur-tarn.fr\/site\/vos-services-au-quotidien\/etat-civil-documents-officiels\/depot-legal-des-devis-type-funeraires\/"]}]},{"@type":"BreadcrumbList","@id":"https:\/\/www.mairie-villemur-sur-tarn.fr\/site\/vos-services-au-quotidien\/etat-civil-documents-officiels\/depot-legal-des-devis-type-funeraires\/#breadcrumb","itemListElement":[{"@type":"ListItem","position":1,"name":"Accueil","item":"https:\/\/www.mairie-villemur-sur-tarn.fr\/site\/"},{"@type":"ListItem","position":2,"name":"VOS SERVICES AU QUOTIDIEN","item":"https:\/\/www.mairie-villemur-sur-tarn.fr\/site\/vos-services-au-quotidien\/"},{"@type":"ListItem","position":3,"name":"\u00c9TAT-CIVIL ET CITOYENNET\u00c9","item":"https:\/\/www.mairie-villemur-sur-tarn.fr\/site\/vos-services-au-quotidien\/etat-civil-documents-officiels\/"},{"@type":"ListItem","position":4,"name":"D\u00e9p\u00f4t l\u00e9gal des devis-type fun\u00e9raires"}]},{"@type":"WebSite","@id":"https:\/\/www.mairie-villemur-sur-tarn.fr\/site\/#website","url":"https:\/\/www.mairie-villemur-sur-tarn.fr\/site\/","name":"Mairie Villemur-sur-Tarn","description":"Site officiel canton Villemur Toulouse Nord. D\u00e9marches en ligne, conseil municipal, actualit\u00e9s Villemur, Annuaire Villemur, March\u00e9s...","publisher":{"@id":"https:\/\/www.mairie-villemur-sur-tarn.fr\/site\/#organization"},"potentialAction":[{"@type":"SearchAction","target":{"@type":"EntryPoint","urlTemplate":"https:\/\/www.mairie-villemur-sur-tarn.fr\/site\/?s={search_term_string}"},"query-input":{"@type":"PropertyValueSpecification","valueRequired":true,"valueName":"search_term_string"}}],"inLanguage":"fr-FR"},{"@type":"Organization","@id":"https:\/\/www.mairie-villemur-sur-tarn.fr\/site\/#organization","name":"Mairie Villemur-sur-Tarn","url":"https:\/\/www.mairie-villemur-sur-tarn.fr\/site\/","logo":{"@type":"ImageObject","inLanguage":"fr-FR","@id":"https:\/\/www.mairie-villemur-sur-tarn.fr\/site\/#\/schema\/logo\/image\/","url":"https:\/\/www.mairie-villemur-sur-tarn.fr\/site\/wp-content\/uploads\/Villemur-LOGO-carre-PNG.png","contentUrl":"https:\/\/www.mairie-villemur-sur-tarn.fr\/site\/wp-content\/uploads\/Villemur-LOGO-carre-PNG.png","width":887,"height":886,"caption":"Mairie Villemur-sur-Tarn"},"image":{"@id":"https:\/\/www.mairie-villemur-sur-tarn.fr\/site\/#\/schema\/logo\/image\/"},"sameAs":["https:\/\/www.facebook.com\/mairievillemursurtarn","https:\/\/www.instagram.com\/villemur_sur_tarn\/"]}]}},"uagb_featured_image_src":{"full":false,"thumbnail":false,"medium":false,"medium_large":false,"large":false,"1536x1536":false,"2048x2048":false,"post-thumbnail":false,"winnex_medium":false,"winnex_height":false},"uagb_author_info":{"display_name":"Mairie de Villemur-sur-Tarn","author_link":"https:\/\/www.mairie-villemur-sur-tarn.fr\/site\/author\/villmurtarn_admin\/"},"uagb_comment_info":0,"uagb_excerpt":"[vc_row][vc_column width=\u00a0\u00bb2\/3&Prime;][vc_column_text]L\u2019art. L. 2223-21-1 du Code G\u00e9n\u00e9ral des Collectivit\u00e9s Territoriales (CGCT) pr\u00e9voit que les r\u00e9gies, entreprises ou associations titulaires d\u2019une habilitation fun\u00e9raire ont l\u2019obligation d\u2019\u00e9tablir des devis conformes au mod\u00e8le fix\u00e9 par l\u2019arr\u00eat\u00e9 minist\u00e9riel du 23 ao\u00fbt 2010. L\u2019objectif est de faciliter, pour les familles confront\u00e9es \u00e0 un deuil, la comparaison des tarifs pratiqu\u00e9s par\u2026","_links":{"self":[{"href":"https:\/\/www.mairie-villemur-sur-tarn.fr\/site\/wp-json\/wp\/v2\/pages\/14101","targetHints":{"allow":["GET"]}}],"collection":[{"href":"https:\/\/www.mairie-villemur-sur-tarn.fr\/site\/wp-json\/wp\/v2\/pages"}],"about":[{"href":"https:\/\/www.mairie-villemur-sur-tarn.fr\/site\/wp-json\/wp\/v2\/types\/page"}],"author":[{"embeddable":true,"href":"https:\/\/www.mairie-villemur-sur-tarn.fr\/site\/wp-json\/wp\/v2\/users\/1"}],"replies":[{"embeddable":true,"href":"https:\/\/www.mairie-villemur-sur-tarn.fr\/site\/wp-json\/wp\/v2\/comments?post=14101"}],"version-history":[{"count":8,"href":"https:\/\/www.mairie-villemur-sur-tarn.fr\/site\/wp-json\/wp\/v2\/pages\/14101\/revisions"}],"predecessor-version":[{"id":18761,"href":"https:\/\/www.mairie-villemur-sur-tarn.fr\/site\/wp-json\/wp\/v2\/pages\/14101\/revisions\/18761"}],"up":[{"embeddable":true,"href":"https:\/\/www.mairie-villemur-sur-tarn.fr\/site\/wp-json\/wp\/v2\/pages\/4004"}],"wp:attachment":[{"href":"https:\/\/www.mairie-villemur-sur-tarn.fr\/site\/wp-json\/wp\/v2\/media?parent=14101"}],"curies":[{"name":"wp","href":"https:\/\/api.w.org\/{rel}","templated":true}]}}