{"id":16023,"date":"2025-01-03T15:36:30","date_gmt":"2025-01-03T14:36:30","guid":{"rendered":"https:\/\/www.mairie-villemur-sur-tarn.fr\/site\/?page_id=16023"},"modified":"2025-01-07T12:32:29","modified_gmt":"2025-01-07T11:32:29","slug":"france-identite","status":"publish","type":"page","link":"https:\/\/www.mairie-villemur-sur-tarn.fr\/site\/france-identite\/","title":{"rendered":"France Identit\u00e9"},"content":{"rendered":"<p>[vc_row][vc_column width=\u00a0\u00bb2\/3&Prime;][vc_column_text]Vous souhaitez d\u00e9mat\u00e9rialiser votre carte d&rsquo;identit\u00e9 ? C&rsquo;est d\u00e9sormais possible gr\u00e2ce \u00e0 <strong>l&rsquo;identit\u00e9 num\u00e9rique certifi\u00e9e. Elle est facultative et gratuite.<\/strong><\/p>\n<p>Elle vous permet notamment de r\u00e9aliser \u00e0 distance des d\u00e9marches qui n\u00e9cessitaient jusqu&rsquo;\u00e0 pr\u00e9sent un d\u00e9placement pour v\u00e9rification de l&rsquo;identit\u00e9 (procuration de vote par exemple).<\/p>\n<p>Cette application est disponible :<\/p>\n<ul>\n<li><strong>pour les personnes majeures<\/strong><\/li>\n<li>d\u00e9tenteurs d&rsquo;une carte d&rsquo;identit\u00e9 datant au maximum de mars 2021 (dite carte d&rsquo;identit\u00e9 \u00e9lectronique, format carte bancaire)<\/li>\n<li>d\u00e9tenteurs d&rsquo;un smartphone compatible<\/li>\n<\/ul>\n<p>&nbsp;[\/vc_column_text][vc_column_text]<\/p>\n<h3>Comment faire certifier son identit\u00e9 num\u00e9rique ?<\/h3>\n<ul>\n<li>Cr\u00e9ez un compte sur <a href=\"https:\/\/france-identite.gouv.fr\/\">France Identit\u00e9<\/a> et t\u00e9l\u00e9chargez l&rsquo;application sur votre smartphone compatible<\/li>\n<li>Choisissez \u00abObtenir une identit\u00e9 num\u00e9rique certifi\u00e9e\u00bb dans l&rsquo;application<\/li>\n<li>Confirmez votre adresse mail, saisissez votre code personnel puis effectuez une lecture de votre carte d&rsquo;identit\u00e9 en NFC. L&rsquo;application g\u00e9n\u00e8re alors un QR Code.<\/li>\n<li>Prenez rendez-vous avec la Mairie de Villemur pour faire authentifier votre identit\u00e9 <a href=\"https:\/\/www.mairie-villemur-sur-tarn.fr\/site\/vos-services-au-quotidien\/etat-civil-documents-officiels\/pieces-didentite\/demarches-cni-passeport\/\">en cliquant ici<\/a>.<\/li>\n<li>Le jour du rendez-vous, munissez-vous de votre carte d&rsquo;identit\u00e9, de votre smartphone et du QR Code associ\u00e9 \u00e0 la demande.<\/li>\n<\/ul>\n<p>Vous recevrez la r\u00e9ponse \u00e0 votre demande de certification dans les 48h apr\u00e8s votre passage en Mairie.[\/vc_column_text][\/vc_column][vc_column width=\u00a0\u00bb1\/3&Prime;][vc_column_text css=\u00a0\u00bb.vc_custom_1736249442023{padding-top: 4px !important;padding-right: 10px !important;padding-bottom: 10px !important;padding-left: 10px !important;background-color: #eaeaea !important;}\u00a0\u00bb]<\/p>\n<h3><span style=\"color: #3366ff;\"><i class=\"fas fa-info-circle \" ><\/i> Service \u00e9tat civil<\/span><\/h3>\n<p><span style=\"color: #0000ff;\"><i class=\"fas fa-map-marker-alt \" ><\/i><\/span> Place Charles Ourgaut, Villemur-sur-Tarn<\/p>\n<p><span style=\"color: #3366ff;\"><i class=\"fas fa-phone-alt \" ><\/i><\/span> 05 61 37 61 20<\/p>\n<p><span style=\"color: #0000ff;\"><i class=\"fas fa-mail-bulk \" ><\/i><\/span> <a href=\"mailto:f.leyme@mairie-villemur-sur-tarn.fr\">f.leyme@mairie-villemur-sur-tarn.fr<\/a>[\/vc_column_text][vc_btn title=\u00a0\u00bbJe prends rendez-vous pour faire certifier mon identit\u00e9 num\u00e9rique\u00a0\u00bb color=\u00a0\u00bbprimary\u00a0\u00bb align=\u00a0\u00bbcenter\u00a0\u00bb i_icon_fontawesome=\u00a0\u00bbfa fa-mouse-pointer\u00a0\u00bb add_icon=\u00a0\u00bbtrue\u00a0\u00bb link=\u00a0\u00bburl:https%3A%2F%2Fwww.mairie-villemur-sur-tarn.fr%2Fsite%2Fvos-services-au-quotidien%2Fetat-civil-documents-officiels%2Fpieces-didentite%2Fdemarches-cni-passeport%2F%3Fpreview%3Dtrue||target:%20_blank|\u00a0\u00bb][\/vc_column][\/vc_row]<\/p>\n","protected":false},"excerpt":{"rendered":"<p>[vc_row][vc_column width=\u00a0\u00bb2\/3&Prime;][vc_column_text]Vous souhaitez d\u00e9mat\u00e9rialiser votre carte d&rsquo;identit\u00e9 ? C&rsquo;est d\u00e9sormais possible gr\u00e2ce \u00e0 l&rsquo;identit\u00e9 num\u00e9rique certifi\u00e9e. Elle est facultative et gratuite. Elle vous permet notamment de r\u00e9aliser \u00e0 distance des d\u00e9marches qui n\u00e9cessitaient jusqu&rsquo;\u00e0 pr\u00e9sent un d\u00e9placement pour v\u00e9rification de l&rsquo;identit\u00e9 (procuration de vote par exemple). Cette application est disponible : pour les personnes majeures [&hellip;]<\/p>\n","protected":false},"author":1,"featured_media":16027,"parent":0,"menu_order":0,"comment_status":"closed","ping_status":"closed","template":"","meta":{"_uag_custom_page_level_css":"","ngg_post_thumbnail":0,"footnotes":""},"class_list":["post-16023","page","type-page","status-publish","has-post-thumbnail","hentry"],"yoast_head":"<!-- This site is optimized with the Yoast SEO plugin v27.3 - https:\/\/yoast.com\/product\/yoast-seo-wordpress\/ -->\n<title>France Identit\u00e9 - Mairie Villemur-sur-Tarn<\/title>\n<meta name=\"description\" content=\"Qu&#039;est-ce que France Identit\u00e9 et comment l&#039;obtenir ? D\u00e9couvrez ce qu&#039;il faut savoir sur cette solution num\u00e9rique s\u00e9curis\u00e9e.\" \/>\n<meta name=\"robots\" content=\"index, follow, max-snippet:-1, max-image-preview:large, max-video-preview:-1\" \/>\n<link rel=\"canonical\" href=\"https:\/\/www.mairie-villemur-sur-tarn.fr\/site\/france-identite\/\" \/>\n<meta property=\"og:locale\" content=\"fr_FR\" \/>\n<meta property=\"og:type\" content=\"article\" \/>\n<meta property=\"og:title\" content=\"France Identit\u00e9 - Mairie Villemur-sur-Tarn\" \/>\n<meta property=\"og:description\" content=\"Qu&#039;est-ce que France Identit\u00e9 et comment l&#039;obtenir ? D\u00e9couvrez ce qu&#039;il faut savoir sur cette solution num\u00e9rique s\u00e9curis\u00e9e.\" \/>\n<meta property=\"og:url\" content=\"https:\/\/www.mairie-villemur-sur-tarn.fr\/site\/france-identite\/\" \/>\n<meta property=\"og:site_name\" content=\"Mairie Villemur-sur-Tarn\" \/>\n<meta property=\"article:publisher\" content=\"https:\/\/www.facebook.com\/mairievillemursurtarn\" \/>\n<meta property=\"article:modified_time\" content=\"2025-01-07T11:32:29+00:00\" \/>\n<meta property=\"og:image\" content=\"https:\/\/www.mairie-villemur-sur-tarn.fr\/site\/wp-content\/uploads\/Img-mise-en-avant-WP-franceidentite.jpg\" \/>\n\t<meta property=\"og:image:width\" content=\"2500\" \/>\n\t<meta property=\"og:image:height\" content=\"1313\" \/>\n\t<meta property=\"og:image:type\" content=\"image\/jpeg\" \/>\n<meta name=\"twitter:card\" content=\"summary_large_image\" \/>\n<meta name=\"twitter:label1\" content=\"Dur\u00e9e de lecture estim\u00e9e\" \/>\n\t<meta name=\"twitter:data1\" content=\"2 minutes\" \/>\n<script type=\"application\/ld+json\" class=\"yoast-schema-graph\">{\"@context\":\"https:\\\/\\\/schema.org\",\"@graph\":[{\"@type\":\"WebPage\",\"@id\":\"https:\\\/\\\/www.mairie-villemur-sur-tarn.fr\\\/site\\\/france-identite\\\/\",\"url\":\"https:\\\/\\\/www.mairie-villemur-sur-tarn.fr\\\/site\\\/france-identite\\\/\",\"name\":\"France Identit\u00e9 - Mairie Villemur-sur-Tarn\",\"isPartOf\":{\"@id\":\"https:\\\/\\\/www.mairie-villemur-sur-tarn.fr\\\/site\\\/#website\"},\"primaryImageOfPage\":{\"@id\":\"https:\\\/\\\/www.mairie-villemur-sur-tarn.fr\\\/site\\\/france-identite\\\/#primaryimage\"},\"image\":{\"@id\":\"https:\\\/\\\/www.mairie-villemur-sur-tarn.fr\\\/site\\\/france-identite\\\/#primaryimage\"},\"thumbnailUrl\":\"https:\\\/\\\/www.mairie-villemur-sur-tarn.fr\\\/site\\\/wp-content\\\/uploads\\\/Img-mise-en-avant-WP-franceidentite.jpg\",\"datePublished\":\"2025-01-03T14:36:30+00:00\",\"dateModified\":\"2025-01-07T11:32:29+00:00\",\"description\":\"Qu'est-ce que France Identit\u00e9 et comment l'obtenir ? D\u00e9couvrez ce qu'il faut savoir sur cette solution num\u00e9rique s\u00e9curis\u00e9e.\",\"breadcrumb\":{\"@id\":\"https:\\\/\\\/www.mairie-villemur-sur-tarn.fr\\\/site\\\/france-identite\\\/#breadcrumb\"},\"inLanguage\":\"fr-FR\",\"potentialAction\":[{\"@type\":\"ReadAction\",\"target\":[\"https:\\\/\\\/www.mairie-villemur-sur-tarn.fr\\\/site\\\/france-identite\\\/\"]}]},{\"@type\":\"ImageObject\",\"inLanguage\":\"fr-FR\",\"@id\":\"https:\\\/\\\/www.mairie-villemur-sur-tarn.fr\\\/site\\\/france-identite\\\/#primaryimage\",\"url\":\"https:\\\/\\\/www.mairie-villemur-sur-tarn.fr\\\/site\\\/wp-content\\\/uploads\\\/Img-mise-en-avant-WP-franceidentite.jpg\",\"contentUrl\":\"https:\\\/\\\/www.mairie-villemur-sur-tarn.fr\\\/site\\\/wp-content\\\/uploads\\\/Img-mise-en-avant-WP-franceidentite.jpg\",\"width\":2500,\"height\":1313},{\"@type\":\"BreadcrumbList\",\"@id\":\"https:\\\/\\\/www.mairie-villemur-sur-tarn.fr\\\/site\\\/france-identite\\\/#breadcrumb\",\"itemListElement\":[{\"@type\":\"ListItem\",\"position\":1,\"name\":\"Accueil\",\"item\":\"https:\\\/\\\/www.mairie-villemur-sur-tarn.fr\\\/site\\\/\"},{\"@type\":\"ListItem\",\"position\":2,\"name\":\"France Identit\u00e9\"}]},{\"@type\":\"WebSite\",\"@id\":\"https:\\\/\\\/www.mairie-villemur-sur-tarn.fr\\\/site\\\/#website\",\"url\":\"https:\\\/\\\/www.mairie-villemur-sur-tarn.fr\\\/site\\\/\",\"name\":\"Mairie Villemur-sur-Tarn\",\"description\":\"Site officiel canton Villemur Toulouse Nord. D\u00e9marches en ligne, conseil municipal, actualit\u00e9s Villemur, Annuaire Villemur, March\u00e9s...\",\"publisher\":{\"@id\":\"https:\\\/\\\/www.mairie-villemur-sur-tarn.fr\\\/site\\\/#organization\"},\"potentialAction\":[{\"@type\":\"SearchAction\",\"target\":{\"@type\":\"EntryPoint\",\"urlTemplate\":\"https:\\\/\\\/www.mairie-villemur-sur-tarn.fr\\\/site\\\/?s={search_term_string}\"},\"query-input\":{\"@type\":\"PropertyValueSpecification\",\"valueRequired\":true,\"valueName\":\"search_term_string\"}}],\"inLanguage\":\"fr-FR\"},{\"@type\":\"Organization\",\"@id\":\"https:\\\/\\\/www.mairie-villemur-sur-tarn.fr\\\/site\\\/#organization\",\"name\":\"Mairie Villemur-sur-Tarn\",\"url\":\"https:\\\/\\\/www.mairie-villemur-sur-tarn.fr\\\/site\\\/\",\"logo\":{\"@type\":\"ImageObject\",\"inLanguage\":\"fr-FR\",\"@id\":\"https:\\\/\\\/www.mairie-villemur-sur-tarn.fr\\\/site\\\/#\\\/schema\\\/logo\\\/image\\\/\",\"url\":\"https:\\\/\\\/www.mairie-villemur-sur-tarn.fr\\\/site\\\/wp-content\\\/uploads\\\/Villemur-LOGO-carre-PNG.png\",\"contentUrl\":\"https:\\\/\\\/www.mairie-villemur-sur-tarn.fr\\\/site\\\/wp-content\\\/uploads\\\/Villemur-LOGO-carre-PNG.png\",\"width\":887,\"height\":886,\"caption\":\"Mairie Villemur-sur-Tarn\"},\"image\":{\"@id\":\"https:\\\/\\\/www.mairie-villemur-sur-tarn.fr\\\/site\\\/#\\\/schema\\\/logo\\\/image\\\/\"},\"sameAs\":[\"https:\\\/\\\/www.facebook.com\\\/mairievillemursurtarn\",\"https:\\\/\\\/www.instagram.com\\\/villemur_sur_tarn\\\/\"]}]}<\/script>\n<!-- \/ Yoast SEO plugin. -->","yoast_head_json":{"title":"France Identit\u00e9 - Mairie Villemur-sur-Tarn","description":"Qu'est-ce que France Identit\u00e9 et comment l'obtenir ? D\u00e9couvrez ce qu'il faut savoir sur cette solution num\u00e9rique s\u00e9curis\u00e9e.","robots":{"index":"index","follow":"follow","max-snippet":"max-snippet:-1","max-image-preview":"max-image-preview:large","max-video-preview":"max-video-preview:-1"},"canonical":"https:\/\/www.mairie-villemur-sur-tarn.fr\/site\/france-identite\/","og_locale":"fr_FR","og_type":"article","og_title":"France Identit\u00e9 - Mairie Villemur-sur-Tarn","og_description":"Qu'est-ce que France Identit\u00e9 et comment l'obtenir ? D\u00e9couvrez ce qu'il faut savoir sur cette solution num\u00e9rique s\u00e9curis\u00e9e.","og_url":"https:\/\/www.mairie-villemur-sur-tarn.fr\/site\/france-identite\/","og_site_name":"Mairie Villemur-sur-Tarn","article_publisher":"https:\/\/www.facebook.com\/mairievillemursurtarn","article_modified_time":"2025-01-07T11:32:29+00:00","og_image":[{"width":2500,"height":1313,"url":"https:\/\/www.mairie-villemur-sur-tarn.fr\/site\/wp-content\/uploads\/Img-mise-en-avant-WP-franceidentite.jpg","type":"image\/jpeg"}],"twitter_card":"summary_large_image","twitter_misc":{"Dur\u00e9e de lecture estim\u00e9e":"2 minutes"},"schema":{"@context":"https:\/\/schema.org","@graph":[{"@type":"WebPage","@id":"https:\/\/www.mairie-villemur-sur-tarn.fr\/site\/france-identite\/","url":"https:\/\/www.mairie-villemur-sur-tarn.fr\/site\/france-identite\/","name":"France Identit\u00e9 - Mairie Villemur-sur-Tarn","isPartOf":{"@id":"https:\/\/www.mairie-villemur-sur-tarn.fr\/site\/#website"},"primaryImageOfPage":{"@id":"https:\/\/www.mairie-villemur-sur-tarn.fr\/site\/france-identite\/#primaryimage"},"image":{"@id":"https:\/\/www.mairie-villemur-sur-tarn.fr\/site\/france-identite\/#primaryimage"},"thumbnailUrl":"https:\/\/www.mairie-villemur-sur-tarn.fr\/site\/wp-content\/uploads\/Img-mise-en-avant-WP-franceidentite.jpg","datePublished":"2025-01-03T14:36:30+00:00","dateModified":"2025-01-07T11:32:29+00:00","description":"Qu'est-ce que France Identit\u00e9 et comment l'obtenir ? D\u00e9couvrez ce qu'il faut savoir sur cette solution num\u00e9rique s\u00e9curis\u00e9e.","breadcrumb":{"@id":"https:\/\/www.mairie-villemur-sur-tarn.fr\/site\/france-identite\/#breadcrumb"},"inLanguage":"fr-FR","potentialAction":[{"@type":"ReadAction","target":["https:\/\/www.mairie-villemur-sur-tarn.fr\/site\/france-identite\/"]}]},{"@type":"ImageObject","inLanguage":"fr-FR","@id":"https:\/\/www.mairie-villemur-sur-tarn.fr\/site\/france-identite\/#primaryimage","url":"https:\/\/www.mairie-villemur-sur-tarn.fr\/site\/wp-content\/uploads\/Img-mise-en-avant-WP-franceidentite.jpg","contentUrl":"https:\/\/www.mairie-villemur-sur-tarn.fr\/site\/wp-content\/uploads\/Img-mise-en-avant-WP-franceidentite.jpg","width":2500,"height":1313},{"@type":"BreadcrumbList","@id":"https:\/\/www.mairie-villemur-sur-tarn.fr\/site\/france-identite\/#breadcrumb","itemListElement":[{"@type":"ListItem","position":1,"name":"Accueil","item":"https:\/\/www.mairie-villemur-sur-tarn.fr\/site\/"},{"@type":"ListItem","position":2,"name":"France Identit\u00e9"}]},{"@type":"WebSite","@id":"https:\/\/www.mairie-villemur-sur-tarn.fr\/site\/#website","url":"https:\/\/www.mairie-villemur-sur-tarn.fr\/site\/","name":"Mairie Villemur-sur-Tarn","description":"Site officiel canton Villemur Toulouse Nord. D\u00e9marches en ligne, conseil municipal, actualit\u00e9s Villemur, Annuaire Villemur, March\u00e9s...","publisher":{"@id":"https:\/\/www.mairie-villemur-sur-tarn.fr\/site\/#organization"},"potentialAction":[{"@type":"SearchAction","target":{"@type":"EntryPoint","urlTemplate":"https:\/\/www.mairie-villemur-sur-tarn.fr\/site\/?s={search_term_string}"},"query-input":{"@type":"PropertyValueSpecification","valueRequired":true,"valueName":"search_term_string"}}],"inLanguage":"fr-FR"},{"@type":"Organization","@id":"https:\/\/www.mairie-villemur-sur-tarn.fr\/site\/#organization","name":"Mairie Villemur-sur-Tarn","url":"https:\/\/www.mairie-villemur-sur-tarn.fr\/site\/","logo":{"@type":"ImageObject","inLanguage":"fr-FR","@id":"https:\/\/www.mairie-villemur-sur-tarn.fr\/site\/#\/schema\/logo\/image\/","url":"https:\/\/www.mairie-villemur-sur-tarn.fr\/site\/wp-content\/uploads\/Villemur-LOGO-carre-PNG.png","contentUrl":"https:\/\/www.mairie-villemur-sur-tarn.fr\/site\/wp-content\/uploads\/Villemur-LOGO-carre-PNG.png","width":887,"height":886,"caption":"Mairie Villemur-sur-Tarn"},"image":{"@id":"https:\/\/www.mairie-villemur-sur-tarn.fr\/site\/#\/schema\/logo\/image\/"},"sameAs":["https:\/\/www.facebook.com\/mairievillemursurtarn","https:\/\/www.instagram.com\/villemur_sur_tarn\/"]}]}},"uagb_featured_image_src":{"full":["https:\/\/www.mairie-villemur-sur-tarn.fr\/site\/wp-content\/uploads\/Img-mise-en-avant-WP-franceidentite.jpg",2500,1313,false],"thumbnail":["https:\/\/www.mairie-villemur-sur-tarn.fr\/site\/wp-content\/uploads\/Img-mise-en-avant-WP-franceidentite-150x150.jpg",150,150,true],"medium":["https:\/\/www.mairie-villemur-sur-tarn.fr\/site\/wp-content\/uploads\/Img-mise-en-avant-WP-franceidentite-300x300.jpg",300,300,true],"medium_large":["https:\/\/www.mairie-villemur-sur-tarn.fr\/site\/wp-content\/uploads\/Img-mise-en-avant-WP-franceidentite-768x403.jpg",768,403,true],"large":["https:\/\/www.mairie-villemur-sur-tarn.fr\/site\/wp-content\/uploads\/Img-mise-en-avant-WP-franceidentite-1024x538.jpg",900,473,true],"1536x1536":["https:\/\/www.mairie-villemur-sur-tarn.fr\/site\/wp-content\/uploads\/Img-mise-en-avant-WP-franceidentite-1536x807.jpg",1536,807,true],"2048x2048":["https:\/\/www.mairie-villemur-sur-tarn.fr\/site\/wp-content\/uploads\/Img-mise-en-avant-WP-franceidentite-2048x1076.jpg",2048,1076,true],"post-thumbnail":["https:\/\/www.mairie-villemur-sur-tarn.fr\/site\/wp-content\/uploads\/Img-mise-en-avant-WP-franceidentite-600x315.jpg",600,315,true],"winnex_medium":["https:\/\/www.mairie-villemur-sur-tarn.fr\/site\/wp-content\/uploads\/Img-mise-en-avant-WP-franceidentite-500x375.jpg",500,375,true],"winnex_height":["https:\/\/www.mairie-villemur-sur-tarn.fr\/site\/wp-content\/uploads\/Img-mise-en-avant-WP-franceidentite-400x468.jpg",400,468,true]},"uagb_author_info":{"display_name":"Mairie de Villemur-sur-Tarn","author_link":"https:\/\/www.mairie-villemur-sur-tarn.fr\/site\/author\/villmurtarn_admin\/"},"uagb_comment_info":0,"uagb_excerpt":"[vc_row][vc_column width=\u00a0\u00bb2\/3&Prime;][vc_column_text]Vous souhaitez d\u00e9mat\u00e9rialiser votre carte d&rsquo;identit\u00e9 ? C&rsquo;est d\u00e9sormais possible gr\u00e2ce \u00e0 l&rsquo;identit\u00e9 num\u00e9rique certifi\u00e9e. Elle est facultative et gratuite. Elle vous permet notamment de r\u00e9aliser \u00e0 distance des d\u00e9marches qui n\u00e9cessitaient jusqu&rsquo;\u00e0 pr\u00e9sent un d\u00e9placement pour v\u00e9rification de l&rsquo;identit\u00e9 (procuration de vote par exemple). Cette application est disponible : pour les personnes majeures\u2026","_links":{"self":[{"href":"https:\/\/www.mairie-villemur-sur-tarn.fr\/site\/wp-json\/wp\/v2\/pages\/16023","targetHints":{"allow":["GET"]}}],"collection":[{"href":"https:\/\/www.mairie-villemur-sur-tarn.fr\/site\/wp-json\/wp\/v2\/pages"}],"about":[{"href":"https:\/\/www.mairie-villemur-sur-tarn.fr\/site\/wp-json\/wp\/v2\/types\/page"}],"author":[{"embeddable":true,"href":"https:\/\/www.mairie-villemur-sur-tarn.fr\/site\/wp-json\/wp\/v2\/users\/1"}],"replies":[{"embeddable":true,"href":"https:\/\/www.mairie-villemur-sur-tarn.fr\/site\/wp-json\/wp\/v2\/comments?post=16023"}],"version-history":[{"count":9,"href":"https:\/\/www.mairie-villemur-sur-tarn.fr\/site\/wp-json\/wp\/v2\/pages\/16023\/revisions"}],"predecessor-version":[{"id":16105,"href":"https:\/\/www.mairie-villemur-sur-tarn.fr\/site\/wp-json\/wp\/v2\/pages\/16023\/revisions\/16105"}],"wp:featuredmedia":[{"embeddable":true,"href":"https:\/\/www.mairie-villemur-sur-tarn.fr\/site\/wp-json\/wp\/v2\/media\/16027"}],"wp:attachment":[{"href":"https:\/\/www.mairie-villemur-sur-tarn.fr\/site\/wp-json\/wp\/v2\/media?parent=16023"}],"curies":[{"name":"wp","href":"https:\/\/api.w.org\/{rel}","templated":true}]}}