{"id":19075,"date":"2026-01-22T16:58:12","date_gmt":"2026-01-22T15:58:12","guid":{"rendered":"https:\/\/www.mairie-villemur-sur-tarn.fr\/site\/?page_id=19075"},"modified":"2026-01-22T16:58:12","modified_gmt":"2026-01-22T15:58:12","slug":"future-ecole-route-des-fallieres-on-repond-a-vos-questions","status":"publish","type":"page","link":"https:\/\/www.mairie-villemur-sur-tarn.fr\/site\/future-ecole-route-des-fallieres-on-repond-a-vos-questions\/","title":{"rendered":"Future \u00e9cole route des Falli\u00e8res : on r\u00e9pond \u00e0 vos questions"},"content":{"rendered":"<p>[vc_row][vc_column width=\u00a0\u00bb2\/3&Prime;][vc_column_text]La future \u00e9cole route des Falli\u00e8res est en passe d&rsquo;\u00eatre termin\u00e9e. D&rsquo;ici quelques semaines, le gros \u0153uvre laissera la place aux am\u00e9nagements int\u00e9rieurs et ext\u00e9rieurs. L&rsquo;occasion de r\u00e9pondre aux questions que vous nous avez pos\u00e9es sur les r\u00e9seaux sociaux.[\/vc_column_text][vc_column_text]Vous voulez en savoir plus sur le projet ou sur l&rsquo;avancement des travaux ? <a href=\"https:\/\/www.mairie-villemur-sur-tarn.fr\/site\/vos-services-au-quotidien\/travaux-amenagements\/les-projets-urbains\/la-future-ecole-de-villemur\/\">Rendez-vous ici<\/a> ![\/vc_column_text][vc_tta_accordion active_section=\u00a0\u00bb1&Prime; collapsible_all=\u00a0\u00bbtrue\u00a0\u00bb][vc_tta_section title=\u00a0\u00bbComment vont \u00eatre r\u00e9partis les enfants dans les \u00e9coles ?\u00a0\u00bb tab_id=\u00a0\u00bb1768906215834-599fe704-9cc1&Prime;][vc_column_text]Les n\u00e9gociations avec l\u2019inspectrice d\u2019acad\u00e9mie vont dans le sens d\u2019une r\u00e9partition bas\u00e9e sur la proximit\u00e9 g\u00e9ographique ainsi que du rapprochement des fratries. Les quartiers de Sayrac, Magnanac, le Terme et la Massague seront affect\u00e9s \u00e0 ce nouveau groupe scolaire tandis que tout le centre-ville, rive droite et gauche sera affect\u00e9 \u00e0 l\u2019\u00e9cole Michelet.[\/vc_column_text][\/vc_tta_section][vc_tta_section title=\u00a0\u00bbEst-ce que les maternelles et les primaires seront m\u00e9lang\u00e9s ?\u00a0\u00bb tab_id=\u00a0\u00bb1768906215834-93f9fc02-acfc\u00a0\u00bb][vc_column_text]La nouvelle \u00e9cole route des Falli\u00e8res comptera 5 classes de maternelles et 7 classes d\u2019\u00e9l\u00e9mentaires&nbsp;: les enfants y feront toute leur scolarit\u00e9 (sauf cas de d\u00e9m\u00e9nagement dans Villemur et donc de redistribution de la carte scolaire), depuis la maternelle jusqu\u2019au CM2.<\/p>\n<p>\u00c0 l&rsquo;int\u00e9rieur de l&rsquo;\u00e9cole en elle-m\u00eame, les cours maternelles et \u00e9l\u00e9mentaires seront s\u00e9par\u00e9es par le jardin p\u00e9dagogique. Les entr\u00e9es sont \u00e9galement distinctes. La cantine, en revanche, est un espace partag\u00e9 commun \u00e0 tous les \u00e9l\u00e8ves.[\/vc_column_text][\/vc_tta_section][vc_tta_section title=\u00a0\u00bbComment seront r\u00e9partis les classes de diff\u00e9rents niveaux dans les diff\u00e9rents sites ?\u00a0\u00bb tab_id=\u00a0\u00bb1768911971375-a0736b67-11a3&Prime;][vc_column_text]Il n\u2019y aura plus de r\u00e9partition de niveau. L\u2019\u00e9cole Jules Michelet accueillera tous les niveaux de maternelle et d\u2019\u00e9l\u00e9mentaire exactement comme la nouvelle \u00e9cole qui accueillera \u00e9galement les enfants de la petite section jusqu\u2019au CM2.[\/vc_column_text][\/vc_tta_section][vc_tta_section title=\u00a0\u00bbY aura-t-il une voie cyclable pour y aller ?\u00a0\u00bb tab_id=\u00a0\u00bb1768912028885-4e157d97-a3f4&Prime;][vc_column_text]La Mairie a fait de nombreuses demandes pour am\u00e9liorer les acc\u00e8s et les voies douces aupr\u00e8s des instances de l\u2019\u00c9tat mais pour le moment elles ont \u00e9t\u00e9 retoqu\u00e9es \u00e0 cause des esp\u00e8ces prot\u00e9g\u00e9es pr\u00e9sentes sur le secteur. Nous continuons \u00e0 tenter d\u2019obtenir des solutions concr\u00e8tes pour la rentr\u00e9e.[\/vc_column_text][\/vc_tta_section][vc_tta_section title=\u00a0\u00bbEst-ce que le projet de futur coll\u00e8ge est toujours au programme ?\u00a0\u00bb tab_id=\u00a0\u00bb1768912213792-0e7da7d6-fdc7&Prime;][vc_column_text]Le D\u00e9partement a malheureusement choisi de ne pas prioriser la cr\u00e9ation d\u2019un nouveau coll\u00e8ge, il n\u2019y aura donc pas de nouvel \u00e9tablissement sur le site. Toutefois, des \u00e9tudes pour l\u2019am\u00e9lioration et la r\u00e9novation du coll\u00e8ge existant pour une scolarit\u00e9 plus confortable sont \u00e0 l\u2019\u00e9tude au conseil d\u00e9partemental.[\/vc_column_text][\/vc_tta_section][\/vc_tta_accordion][\/vc_column][vc_column width=\u00a0\u00bb1\/3&Prime;][vc_custom_heading text=\u00a0\u00bbVisitez la future \u00e9cole avec nous !\u00a0\u00bb][vc_column_text]<\/p>\n<div style=\"width: 720px;\" class=\"wp-video\"><video class=\"wp-video-shortcode\" id=\"video-19075-1\" width=\"720\" height=\"1280\" preload=\"metadata\" controls=\"controls\"><source type=\"video\/mp4\" src=\"https:\/\/www.mairie-villemur-sur-tarn.fr\/site\/wp-content\/uploads\/Video-ecole-finale-BD.mp4?_=1\" \/><a href=\"https:\/\/www.mairie-villemur-sur-tarn.fr\/site\/wp-content\/uploads\/Video-ecole-finale-BD.mp4\">https:\/\/www.mairie-villemur-sur-tarn.fr\/site\/wp-content\/uploads\/Video-ecole-finale-BD.mp4<\/a><\/video><\/div>\n<p>[\/vc_column_text][\/vc_column][\/vc_row]<\/p>\n","protected":false},"excerpt":{"rendered":"<p>[vc_row][vc_column width=\u00a0\u00bb2\/3&Prime;][vc_column_text]La future \u00e9cole route des Falli\u00e8res est en passe d&rsquo;\u00eatre termin\u00e9e. D&rsquo;ici quelques semaines, le gros \u0153uvre laissera la place aux am\u00e9nagements int\u00e9rieurs et ext\u00e9rieurs. L&rsquo;occasion de r\u00e9pondre aux questions que vous nous avez pos\u00e9es sur les r\u00e9seaux sociaux.[\/vc_column_text][vc_column_text]Vous voulez en savoir plus sur le projet ou sur l&rsquo;avancement des travaux ? Rendez-vous ici [&hellip;]<\/p>\n","protected":false},"author":1,"featured_media":19076,"parent":0,"menu_order":0,"comment_status":"closed","ping_status":"closed","template":"","meta":{"_uag_custom_page_level_css":"","ngg_post_thumbnail":0,"footnotes":""},"class_list":["post-19075","page","type-page","status-publish","has-post-thumbnail","hentry"],"yoast_head":"<!-- This site is optimized with the Yoast SEO plugin v27.3 - https:\/\/yoast.com\/product\/yoast-seo-wordpress\/ -->\n<title>Future \u00e9cole route des Falli\u00e8res : on r\u00e9pond \u00e0 vos questions - Mairie Villemur-sur-Tarn<\/title>\n<meta name=\"description\" content=\"La future \u00e9cole route des Falli\u00e8res avance \u00e0 grand pas. On r\u00e9pond \u00e0 vos questions sur l&#039;organisation de la rentr\u00e9e 2026.\" \/>\n<meta name=\"robots\" content=\"index, follow, max-snippet:-1, max-image-preview:large, max-video-preview:-1\" \/>\n<link rel=\"canonical\" href=\"https:\/\/www.mairie-villemur-sur-tarn.fr\/site\/future-ecole-route-des-fallieres-on-repond-a-vos-questions\/\" \/>\n<meta property=\"og:locale\" content=\"fr_FR\" \/>\n<meta property=\"og:type\" content=\"article\" \/>\n<meta property=\"og:title\" content=\"Future \u00e9cole route des Falli\u00e8res : on r\u00e9pond \u00e0 vos questions - Mairie Villemur-sur-Tarn\" \/>\n<meta property=\"og:description\" content=\"La future \u00e9cole route des Falli\u00e8res avance \u00e0 grand pas. On r\u00e9pond \u00e0 vos questions sur l&#039;organisation de la rentr\u00e9e 2026.\" \/>\n<meta property=\"og:url\" content=\"https:\/\/www.mairie-villemur-sur-tarn.fr\/site\/future-ecole-route-des-fallieres-on-repond-a-vos-questions\/\" \/>\n<meta property=\"og:site_name\" content=\"Mairie Villemur-sur-Tarn\" \/>\n<meta property=\"article:publisher\" content=\"https:\/\/www.facebook.com\/mairievillemursurtarn\" \/>\n<meta property=\"og:image\" content=\"https:\/\/www.mairie-villemur-sur-tarn.fr\/site\/wp-content\/uploads\/Future-ecole-image-1024x576.png\" \/>\n\t<meta property=\"og:image:width\" content=\"1024\" \/>\n\t<meta property=\"og:image:height\" content=\"576\" \/>\n\t<meta property=\"og:image:type\" content=\"image\/png\" \/>\n<meta name=\"twitter:card\" content=\"summary_large_image\" \/>\n<meta name=\"twitter:label1\" content=\"Dur\u00e9e de lecture estim\u00e9e\" \/>\n\t<meta name=\"twitter:data1\" content=\"3 minutes\" \/>\n<script type=\"application\/ld+json\" class=\"yoast-schema-graph\">{\"@context\":\"https:\\\/\\\/schema.org\",\"@graph\":[{\"@type\":\"WebPage\",\"@id\":\"https:\\\/\\\/www.mairie-villemur-sur-tarn.fr\\\/site\\\/future-ecole-route-des-fallieres-on-repond-a-vos-questions\\\/\",\"url\":\"https:\\\/\\\/www.mairie-villemur-sur-tarn.fr\\\/site\\\/future-ecole-route-des-fallieres-on-repond-a-vos-questions\\\/\",\"name\":\"Future \u00e9cole route des Falli\u00e8res : on r\u00e9pond \u00e0 vos questions - Mairie Villemur-sur-Tarn\",\"isPartOf\":{\"@id\":\"https:\\\/\\\/www.mairie-villemur-sur-tarn.fr\\\/site\\\/#website\"},\"primaryImageOfPage\":{\"@id\":\"https:\\\/\\\/www.mairie-villemur-sur-tarn.fr\\\/site\\\/future-ecole-route-des-fallieres-on-repond-a-vos-questions\\\/#primaryimage\"},\"image\":{\"@id\":\"https:\\\/\\\/www.mairie-villemur-sur-tarn.fr\\\/site\\\/future-ecole-route-des-fallieres-on-repond-a-vos-questions\\\/#primaryimage\"},\"thumbnailUrl\":\"https:\\\/\\\/www.mairie-villemur-sur-tarn.fr\\\/site\\\/wp-content\\\/uploads\\\/Future-ecole-image.png\",\"datePublished\":\"2026-01-22T15:58:12+00:00\",\"description\":\"La future \u00e9cole route des Falli\u00e8res avance \u00e0 grand pas. On r\u00e9pond \u00e0 vos questions sur l'organisation de la rentr\u00e9e 2026.\",\"breadcrumb\":{\"@id\":\"https:\\\/\\\/www.mairie-villemur-sur-tarn.fr\\\/site\\\/future-ecole-route-des-fallieres-on-repond-a-vos-questions\\\/#breadcrumb\"},\"inLanguage\":\"fr-FR\",\"potentialAction\":[{\"@type\":\"ReadAction\",\"target\":[\"https:\\\/\\\/www.mairie-villemur-sur-tarn.fr\\\/site\\\/future-ecole-route-des-fallieres-on-repond-a-vos-questions\\\/\"]}]},{\"@type\":\"ImageObject\",\"inLanguage\":\"fr-FR\",\"@id\":\"https:\\\/\\\/www.mairie-villemur-sur-tarn.fr\\\/site\\\/future-ecole-route-des-fallieres-on-repond-a-vos-questions\\\/#primaryimage\",\"url\":\"https:\\\/\\\/www.mairie-villemur-sur-tarn.fr\\\/site\\\/wp-content\\\/uploads\\\/Future-ecole-image.png\",\"contentUrl\":\"https:\\\/\\\/www.mairie-villemur-sur-tarn.fr\\\/site\\\/wp-content\\\/uploads\\\/Future-ecole-image.png\",\"width\":1920,\"height\":1080},{\"@type\":\"BreadcrumbList\",\"@id\":\"https:\\\/\\\/www.mairie-villemur-sur-tarn.fr\\\/site\\\/future-ecole-route-des-fallieres-on-repond-a-vos-questions\\\/#breadcrumb\",\"itemListElement\":[{\"@type\":\"ListItem\",\"position\":1,\"name\":\"Accueil\",\"item\":\"https:\\\/\\\/www.mairie-villemur-sur-tarn.fr\\\/site\\\/\"},{\"@type\":\"ListItem\",\"position\":2,\"name\":\"Future \u00e9cole route des Falli\u00e8res : on r\u00e9pond \u00e0 vos questions\"}]},{\"@type\":\"WebSite\",\"@id\":\"https:\\\/\\\/www.mairie-villemur-sur-tarn.fr\\\/site\\\/#website\",\"url\":\"https:\\\/\\\/www.mairie-villemur-sur-tarn.fr\\\/site\\\/\",\"name\":\"Mairie Villemur-sur-Tarn\",\"description\":\"Site officiel canton Villemur Toulouse Nord. D\u00e9marches en ligne, conseil municipal, actualit\u00e9s Villemur, Annuaire Villemur, March\u00e9s...\",\"publisher\":{\"@id\":\"https:\\\/\\\/www.mairie-villemur-sur-tarn.fr\\\/site\\\/#organization\"},\"potentialAction\":[{\"@type\":\"SearchAction\",\"target\":{\"@type\":\"EntryPoint\",\"urlTemplate\":\"https:\\\/\\\/www.mairie-villemur-sur-tarn.fr\\\/site\\\/?s={search_term_string}\"},\"query-input\":{\"@type\":\"PropertyValueSpecification\",\"valueRequired\":true,\"valueName\":\"search_term_string\"}}],\"inLanguage\":\"fr-FR\"},{\"@type\":\"Organization\",\"@id\":\"https:\\\/\\\/www.mairie-villemur-sur-tarn.fr\\\/site\\\/#organization\",\"name\":\"Mairie Villemur-sur-Tarn\",\"url\":\"https:\\\/\\\/www.mairie-villemur-sur-tarn.fr\\\/site\\\/\",\"logo\":{\"@type\":\"ImageObject\",\"inLanguage\":\"fr-FR\",\"@id\":\"https:\\\/\\\/www.mairie-villemur-sur-tarn.fr\\\/site\\\/#\\\/schema\\\/logo\\\/image\\\/\",\"url\":\"https:\\\/\\\/www.mairie-villemur-sur-tarn.fr\\\/site\\\/wp-content\\\/uploads\\\/Villemur-LOGO-carre-PNG.png\",\"contentUrl\":\"https:\\\/\\\/www.mairie-villemur-sur-tarn.fr\\\/site\\\/wp-content\\\/uploads\\\/Villemur-LOGO-carre-PNG.png\",\"width\":887,\"height\":886,\"caption\":\"Mairie Villemur-sur-Tarn\"},\"image\":{\"@id\":\"https:\\\/\\\/www.mairie-villemur-sur-tarn.fr\\\/site\\\/#\\\/schema\\\/logo\\\/image\\\/\"},\"sameAs\":[\"https:\\\/\\\/www.facebook.com\\\/mairievillemursurtarn\",\"https:\\\/\\\/www.instagram.com\\\/villemur_sur_tarn\\\/\"]}]}<\/script>\n<!-- \/ Yoast SEO plugin. -->","yoast_head_json":{"title":"Future \u00e9cole route des Falli\u00e8res : on r\u00e9pond \u00e0 vos questions - Mairie Villemur-sur-Tarn","description":"La future \u00e9cole route des Falli\u00e8res avance \u00e0 grand pas. On r\u00e9pond \u00e0 vos questions sur l'organisation de la rentr\u00e9e 2026.","robots":{"index":"index","follow":"follow","max-snippet":"max-snippet:-1","max-image-preview":"max-image-preview:large","max-video-preview":"max-video-preview:-1"},"canonical":"https:\/\/www.mairie-villemur-sur-tarn.fr\/site\/future-ecole-route-des-fallieres-on-repond-a-vos-questions\/","og_locale":"fr_FR","og_type":"article","og_title":"Future \u00e9cole route des Falli\u00e8res : on r\u00e9pond \u00e0 vos questions - Mairie Villemur-sur-Tarn","og_description":"La future \u00e9cole route des Falli\u00e8res avance \u00e0 grand pas. On r\u00e9pond \u00e0 vos questions sur l'organisation de la rentr\u00e9e 2026.","og_url":"https:\/\/www.mairie-villemur-sur-tarn.fr\/site\/future-ecole-route-des-fallieres-on-repond-a-vos-questions\/","og_site_name":"Mairie Villemur-sur-Tarn","article_publisher":"https:\/\/www.facebook.com\/mairievillemursurtarn","og_image":[{"width":1024,"height":576,"url":"https:\/\/www.mairie-villemur-sur-tarn.fr\/site\/wp-content\/uploads\/Future-ecole-image-1024x576.png","type":"image\/png"}],"twitter_card":"summary_large_image","twitter_misc":{"Dur\u00e9e de lecture estim\u00e9e":"3 minutes"},"schema":{"@context":"https:\/\/schema.org","@graph":[{"@type":"WebPage","@id":"https:\/\/www.mairie-villemur-sur-tarn.fr\/site\/future-ecole-route-des-fallieres-on-repond-a-vos-questions\/","url":"https:\/\/www.mairie-villemur-sur-tarn.fr\/site\/future-ecole-route-des-fallieres-on-repond-a-vos-questions\/","name":"Future \u00e9cole route des Falli\u00e8res : on r\u00e9pond \u00e0 vos questions - Mairie Villemur-sur-Tarn","isPartOf":{"@id":"https:\/\/www.mairie-villemur-sur-tarn.fr\/site\/#website"},"primaryImageOfPage":{"@id":"https:\/\/www.mairie-villemur-sur-tarn.fr\/site\/future-ecole-route-des-fallieres-on-repond-a-vos-questions\/#primaryimage"},"image":{"@id":"https:\/\/www.mairie-villemur-sur-tarn.fr\/site\/future-ecole-route-des-fallieres-on-repond-a-vos-questions\/#primaryimage"},"thumbnailUrl":"https:\/\/www.mairie-villemur-sur-tarn.fr\/site\/wp-content\/uploads\/Future-ecole-image.png","datePublished":"2026-01-22T15:58:12+00:00","description":"La future \u00e9cole route des Falli\u00e8res avance \u00e0 grand pas. On r\u00e9pond \u00e0 vos questions sur l'organisation de la rentr\u00e9e 2026.","breadcrumb":{"@id":"https:\/\/www.mairie-villemur-sur-tarn.fr\/site\/future-ecole-route-des-fallieres-on-repond-a-vos-questions\/#breadcrumb"},"inLanguage":"fr-FR","potentialAction":[{"@type":"ReadAction","target":["https:\/\/www.mairie-villemur-sur-tarn.fr\/site\/future-ecole-route-des-fallieres-on-repond-a-vos-questions\/"]}]},{"@type":"ImageObject","inLanguage":"fr-FR","@id":"https:\/\/www.mairie-villemur-sur-tarn.fr\/site\/future-ecole-route-des-fallieres-on-repond-a-vos-questions\/#primaryimage","url":"https:\/\/www.mairie-villemur-sur-tarn.fr\/site\/wp-content\/uploads\/Future-ecole-image.png","contentUrl":"https:\/\/www.mairie-villemur-sur-tarn.fr\/site\/wp-content\/uploads\/Future-ecole-image.png","width":1920,"height":1080},{"@type":"BreadcrumbList","@id":"https:\/\/www.mairie-villemur-sur-tarn.fr\/site\/future-ecole-route-des-fallieres-on-repond-a-vos-questions\/#breadcrumb","itemListElement":[{"@type":"ListItem","position":1,"name":"Accueil","item":"https:\/\/www.mairie-villemur-sur-tarn.fr\/site\/"},{"@type":"ListItem","position":2,"name":"Future \u00e9cole route des Falli\u00e8res : on r\u00e9pond \u00e0 vos questions"}]},{"@type":"WebSite","@id":"https:\/\/www.mairie-villemur-sur-tarn.fr\/site\/#website","url":"https:\/\/www.mairie-villemur-sur-tarn.fr\/site\/","name":"Mairie Villemur-sur-Tarn","description":"Site officiel canton Villemur Toulouse Nord. D\u00e9marches en ligne, conseil municipal, actualit\u00e9s Villemur, Annuaire Villemur, March\u00e9s...","publisher":{"@id":"https:\/\/www.mairie-villemur-sur-tarn.fr\/site\/#organization"},"potentialAction":[{"@type":"SearchAction","target":{"@type":"EntryPoint","urlTemplate":"https:\/\/www.mairie-villemur-sur-tarn.fr\/site\/?s={search_term_string}"},"query-input":{"@type":"PropertyValueSpecification","valueRequired":true,"valueName":"search_term_string"}}],"inLanguage":"fr-FR"},{"@type":"Organization","@id":"https:\/\/www.mairie-villemur-sur-tarn.fr\/site\/#organization","name":"Mairie Villemur-sur-Tarn","url":"https:\/\/www.mairie-villemur-sur-tarn.fr\/site\/","logo":{"@type":"ImageObject","inLanguage":"fr-FR","@id":"https:\/\/www.mairie-villemur-sur-tarn.fr\/site\/#\/schema\/logo\/image\/","url":"https:\/\/www.mairie-villemur-sur-tarn.fr\/site\/wp-content\/uploads\/Villemur-LOGO-carre-PNG.png","contentUrl":"https:\/\/www.mairie-villemur-sur-tarn.fr\/site\/wp-content\/uploads\/Villemur-LOGO-carre-PNG.png","width":887,"height":886,"caption":"Mairie Villemur-sur-Tarn"},"image":{"@id":"https:\/\/www.mairie-villemur-sur-tarn.fr\/site\/#\/schema\/logo\/image\/"},"sameAs":["https:\/\/www.facebook.com\/mairievillemursurtarn","https:\/\/www.instagram.com\/villemur_sur_tarn\/"]}]}},"uagb_featured_image_src":{"full":["https:\/\/www.mairie-villemur-sur-tarn.fr\/site\/wp-content\/uploads\/Future-ecole-image.png",1920,1080,false],"thumbnail":["https:\/\/www.mairie-villemur-sur-tarn.fr\/site\/wp-content\/uploads\/Future-ecole-image-150x150.png",150,150,true],"medium":["https:\/\/www.mairie-villemur-sur-tarn.fr\/site\/wp-content\/uploads\/Future-ecole-image-300x300.png",300,300,true],"medium_large":["https:\/\/www.mairie-villemur-sur-tarn.fr\/site\/wp-content\/uploads\/Future-ecole-image-768x432.png",768,432,true],"large":["https:\/\/www.mairie-villemur-sur-tarn.fr\/site\/wp-content\/uploads\/Future-ecole-image-1024x576.png",900,506,true],"1536x1536":["https:\/\/www.mairie-villemur-sur-tarn.fr\/site\/wp-content\/uploads\/Future-ecole-image-1536x864.png",1536,864,true],"2048x2048":["https:\/\/www.mairie-villemur-sur-tarn.fr\/site\/wp-content\/uploads\/Future-ecole-image.png",1920,1080,false],"post-thumbnail":["https:\/\/www.mairie-villemur-sur-tarn.fr\/site\/wp-content\/uploads\/Future-ecole-image-600x338.png",600,338,true],"winnex_medium":["https:\/\/www.mairie-villemur-sur-tarn.fr\/site\/wp-content\/uploads\/Future-ecole-image-500x375.png",500,375,true],"winnex_height":["https:\/\/www.mairie-villemur-sur-tarn.fr\/site\/wp-content\/uploads\/Future-ecole-image-400x468.png",400,468,true]},"uagb_author_info":{"display_name":"Mairie de Villemur-sur-Tarn","author_link":"https:\/\/www.mairie-villemur-sur-tarn.fr\/site\/author\/villmurtarn_admin\/"},"uagb_comment_info":0,"uagb_excerpt":"[vc_row][vc_column width=\u00a0\u00bb2\/3&Prime;][vc_column_text]La future \u00e9cole route des Falli\u00e8res est en passe d&rsquo;\u00eatre termin\u00e9e. D&rsquo;ici quelques semaines, le gros \u0153uvre laissera la place aux am\u00e9nagements int\u00e9rieurs et ext\u00e9rieurs. L&rsquo;occasion de r\u00e9pondre aux questions que vous nous avez pos\u00e9es sur les r\u00e9seaux sociaux.[\/vc_column_text][vc_column_text]Vous voulez en savoir plus sur le projet ou sur l&rsquo;avancement des travaux ? Rendez-vous ici\u2026","_links":{"self":[{"href":"https:\/\/www.mairie-villemur-sur-tarn.fr\/site\/wp-json\/wp\/v2\/pages\/19075","targetHints":{"allow":["GET"]}}],"collection":[{"href":"https:\/\/www.mairie-villemur-sur-tarn.fr\/site\/wp-json\/wp\/v2\/pages"}],"about":[{"href":"https:\/\/www.mairie-villemur-sur-tarn.fr\/site\/wp-json\/wp\/v2\/types\/page"}],"author":[{"embeddable":true,"href":"https:\/\/www.mairie-villemur-sur-tarn.fr\/site\/wp-json\/wp\/v2\/users\/1"}],"replies":[{"embeddable":true,"href":"https:\/\/www.mairie-villemur-sur-tarn.fr\/site\/wp-json\/wp\/v2\/comments?post=19075"}],"version-history":[{"count":9,"href":"https:\/\/www.mairie-villemur-sur-tarn.fr\/site\/wp-json\/wp\/v2\/pages\/19075\/revisions"}],"predecessor-version":[{"id":19099,"href":"https:\/\/www.mairie-villemur-sur-tarn.fr\/site\/wp-json\/wp\/v2\/pages\/19075\/revisions\/19099"}],"wp:featuredmedia":[{"embeddable":true,"href":"https:\/\/www.mairie-villemur-sur-tarn.fr\/site\/wp-json\/wp\/v2\/media\/19076"}],"wp:attachment":[{"href":"https:\/\/www.mairie-villemur-sur-tarn.fr\/site\/wp-json\/wp\/v2\/media?parent=19075"}],"curies":[{"name":"wp","href":"https:\/\/api.w.org\/{rel}","templated":true}]}}