{"id":3956,"date":"2018-12-10T14:52:24","date_gmt":"2018-12-10T13:52:24","guid":{"rendered":"https:\/\/www.mairie-villemur-sur-tarn.fr\/site\/?page_id=3956"},"modified":"2020-03-27T10:31:54","modified_gmt":"2020-03-27T09:31:54","slug":"plans-guides-de-la-ville","status":"publish","type":"page","link":"https:\/\/www.mairie-villemur-sur-tarn.fr\/site\/decouvrir-la-ville\/visiter-la-ville\/plans-guides-de-la-ville\/","title":{"rendered":"PLANS &#038; GUIDES DE LA VILLE"},"content":{"rendered":"<p>[vc_row][vc_column css=\u00a0\u00bb.vc_custom_1545147046774{margin-top: -80px !important;}\u00a0\u00bb][vc_column_text]<\/p>\n<h1><span style=\"color: #ff6600;\">Plan de la ville\u00a0<\/span><\/h1>\n<h2><span style=\"color: #003366;\">Plan g\u00e9n\u00e9ral de Villemur et plan du centre-ville<\/span><\/h2>\n<p><span style=\"color: #000000;\"><strong>Plan disponible au format papier en mairie.\u00a0<\/strong><\/span><\/p>\n<p><span style=\"color: #ff6600;\"><em>Cliquez sur les images pour les agrandir et afficher le plan au format PDF.\u00a0<\/em><\/span><\/p>\n<p><span style=\"color: #003366;\"><a href=\"https:\/\/www.mairie-villemur-sur-tarn.fr\/site\/wp-content\/uploads\/2019\/04\/Plan-de-ville-VILLEMUR-SUR-TARN_PDF-web.pdf\" target=\"_blank\" rel=\"noopener noreferrer\"><img loading=\"lazy\" decoding=\"async\" class=\"aligncenter wp-image-5795\" src=\"https:\/\/www.mairie-villemur-sur-tarn.fr\/site\/wp-content\/uploads\/2019\/04\/Plan-de-ville-VILLEMUR-SUR-TARN_Centre-Ville_web.jpg\" alt=\"\" width=\"696\" height=\"500\" \/><\/a><a href=\"https:\/\/www.mairie-villemur-sur-tarn.fr\/site\/wp-content\/uploads\/2019\/04\/Plan-de-ville-VILLEMUR-SUR-TARN_PDF-web.pdf\" target=\"_blank\" rel=\"noopener noreferrer\"><img loading=\"lazy\" decoding=\"async\" class=\"aligncenter wp-image-5796\" src=\"https:\/\/www.mairie-villemur-sur-tarn.fr\/site\/wp-content\/uploads\/2019\/04\/Plan-de-ville-VILLEMUR-SUR-TARN_G\u00e9n\u00e9ral_web.jpg\" alt=\"\" width=\"696\" height=\"500\" \/><\/a><\/span><\/p>\n<p><span style=\"color: #003366;\"><a href=\"https:\/\/www.mairie-villemur-sur-tarn.fr\/site\/wp-content\/uploads\/2019\/03\/PLAN-VILLEMUR_web.pdf\" target=\"_blank\" rel=\"noopener noreferrer\">T\u00e9l\u00e9charger le plan (PDF)<\/a><\/span><\/p>\n<hr \/>\n<h2><span style=\"color: #003366;\">Plan du centre historique\u00a0<\/span><\/h2>\n<p><em><a href=\"https:\/\/www.mairie-villemur-sur-tarn.fr\/site\/wp-content\/uploads\/2018\/12\/plan-centre-ville.jpg\" target=\"_blank\" rel=\"noopener noreferrer\"><img loading=\"lazy\" decoding=\"async\" class=\"alignnone wp-image-4270 size-full\" src=\"https:\/\/www.mairie-villemur-sur-tarn.fr\/site\/wp-content\/uploads\/2018\/12\/plan-centre-ville.jpg\" alt=\"\" width=\"2000\" height=\"1421\" \/><\/a>Cliquer sur l&rsquo;image pour l&rsquo;ouvrir dans une nouvelle fen\u00eatre et l&rsquo;agrandir.<\/em><\/p>\n<hr \/>\n<h1><span style=\"color: #ff6600;\">Guide de la ville<\/span><\/h1>\n<p><strong>Services de la mairie, infos pratiques, contacts et annuaires : retrouvez dans ce guide toutes les informations utiles sur votre commune.<\/strong><\/p>\n<p><a href=\"https:\/\/www.mairie-villemur-sur-tarn.fr\/site\/wp-content\/uploads\/2018\/12\/Guide-Villemur_2017.pdf\" target=\"_blank\" rel=\"noopener noreferrer\"><img loading=\"lazy\" decoding=\"async\" class=\"alignnone wp-image-4273\" src=\"https:\/\/www.mairie-villemur-sur-tarn.fr\/site\/wp-content\/uploads\/2018\/12\/Guide-de-la-Ville_couverture.jpg\" alt=\"\" width=\"296\" height=\"421\" \/><\/a><\/p>\n<p><em>Cliquer sur l&rsquo;image pour ouvrir le Guide de la Ville au format PDF. Il s&rsquo;ouvrira dans une nouvelle fen\u00eatre.\u00a0<\/em><\/p>\n<hr \/>\n<h1><span style=\"color: #ff6600;\">Randonn\u00e9es, carte du patrimoine, guide touristique, etc&#8230;\u00a0<\/span><\/h1>\n<p>Contactez l&rsquo;Office de Tourisme Val&rsquo;A\u00efgo<\/p>\n<p><strong>Office de Tourisme Val\u2019A\u00efgo<\/strong><strong><br \/>\n<\/strong>1 place Charles Ourgaut<br \/>\n31\u00a0340 Villemur-sur-Tarn<br \/>\n<strong>Tel\u00a0<\/strong>: 05.34.27.97.40<br \/>\n<strong>Mail\u00a0<\/strong>:\u00a0<a href=\"mailto:office.tourisme@valaigo.fr\">office.tourisme@valaigo.fr<\/a><\/p>\n<p><span style=\"color: #008000;\"><strong>Horaires d\u2019ouverture<\/strong><\/span><br \/>\nVariables selon la saison.<em><br \/>\nContactez l\u2019office avant de vous d\u00e9placer.<\/em><\/p>\n<p><strong>Site internet<\/strong> : <a href=\"https:\/\/tourisme-valaigo.fr\/\" target=\"_blank\" rel=\"noopener noreferrer\">www.tourisme-valaigo.fr<\/a>[\/vc_column_text][\/vc_column][\/vc_row]<\/p>\n","protected":false},"excerpt":{"rendered":"<p>[vc_row][vc_column css=\u00a0\u00bb.vc_custom_1545147046774{margin-top: -80px !important;}\u00a0\u00bb][vc_column_text] Plan de la ville\u00a0 Plan g\u00e9n\u00e9ral de Villemur et plan du centre-ville Plan disponible au format papier en mairie.\u00a0 Cliquez sur les images pour les agrandir et afficher le plan au format PDF.\u00a0 T\u00e9l\u00e9charger le plan (PDF) Plan du centre historique\u00a0 Cliquer sur l&rsquo;image pour l&rsquo;ouvrir dans une nouvelle fen\u00eatre et [&hellip;]<\/p>\n","protected":false},"author":1,"featured_media":0,"parent":3954,"menu_order":0,"comment_status":"closed","ping_status":"closed","template":"","meta":{"_uag_custom_page_level_css":"","ngg_post_thumbnail":0,"footnotes":""},"class_list":["post-3956","page","type-page","status-publish","hentry"],"yoast_head":"<!-- This site is optimized with the Yoast SEO plugin v27.3 - https:\/\/yoast.com\/product\/yoast-seo-wordpress\/ -->\n<title>PLANS &amp; GUIDES DE LA VILLE - Mairie Villemur-sur-Tarn<\/title>\n<meta name=\"robots\" content=\"index, follow, max-snippet:-1, max-image-preview:large, max-video-preview:-1\" \/>\n<link rel=\"canonical\" href=\"https:\/\/www.mairie-villemur-sur-tarn.fr\/site\/decouvrir-la-ville\/visiter-la-ville\/plans-guides-de-la-ville\/\" \/>\n<meta property=\"og:locale\" content=\"fr_FR\" \/>\n<meta property=\"og:type\" content=\"article\" \/>\n<meta property=\"og:title\" content=\"PLANS &amp; GUIDES DE LA VILLE - Mairie Villemur-sur-Tarn\" \/>\n<meta property=\"og:description\" content=\"[vc_row][vc_column css=\u00a0\u00bb.vc_custom_1545147046774{margin-top: -80px !important;}\u00a0\u00bb][vc_column_text] Plan de la ville\u00a0 Plan g\u00e9n\u00e9ral de Villemur et plan du centre-ville Plan disponible au format papier en mairie.\u00a0 Cliquez sur les images pour les agrandir et afficher le plan au format PDF.\u00a0 T\u00e9l\u00e9charger le plan (PDF) Plan du centre historique\u00a0 Cliquer sur l&rsquo;image pour l&rsquo;ouvrir dans une nouvelle fen\u00eatre et [&hellip;]\" \/>\n<meta property=\"og:url\" content=\"https:\/\/www.mairie-villemur-sur-tarn.fr\/site\/decouvrir-la-ville\/visiter-la-ville\/plans-guides-de-la-ville\/\" \/>\n<meta property=\"og:site_name\" content=\"Mairie Villemur-sur-Tarn\" \/>\n<meta property=\"article:publisher\" content=\"https:\/\/www.facebook.com\/mairievillemursurtarn\" \/>\n<meta property=\"article:modified_time\" content=\"2020-03-27T09:31:54+00:00\" \/>\n<meta property=\"og:image\" content=\"https:\/\/www.mairie-villemur-sur-tarn.fr\/site\/wp-content\/uploads\/2019\/04\/Plan-de-ville-VILLEMUR-SUR-TARN_Centre-Ville_web.jpg\" \/>\n<meta name=\"twitter:card\" content=\"summary_large_image\" \/>\n<meta name=\"twitter:label1\" content=\"Dur\u00e9e de lecture estim\u00e9e\" \/>\n\t<meta name=\"twitter:data1\" content=\"1 minute\" \/>\n<script type=\"application\/ld+json\" class=\"yoast-schema-graph\">{\"@context\":\"https:\\\/\\\/schema.org\",\"@graph\":[{\"@type\":\"WebPage\",\"@id\":\"https:\\\/\\\/www.mairie-villemur-sur-tarn.fr\\\/site\\\/decouvrir-la-ville\\\/visiter-la-ville\\\/plans-guides-de-la-ville\\\/\",\"url\":\"https:\\\/\\\/www.mairie-villemur-sur-tarn.fr\\\/site\\\/decouvrir-la-ville\\\/visiter-la-ville\\\/plans-guides-de-la-ville\\\/\",\"name\":\"PLANS & GUIDES DE LA VILLE - Mairie Villemur-sur-Tarn\",\"isPartOf\":{\"@id\":\"https:\\\/\\\/www.mairie-villemur-sur-tarn.fr\\\/site\\\/#website\"},\"primaryImageOfPage\":{\"@id\":\"https:\\\/\\\/www.mairie-villemur-sur-tarn.fr\\\/site\\\/decouvrir-la-ville\\\/visiter-la-ville\\\/plans-guides-de-la-ville\\\/#primaryimage\"},\"image\":{\"@id\":\"https:\\\/\\\/www.mairie-villemur-sur-tarn.fr\\\/site\\\/decouvrir-la-ville\\\/visiter-la-ville\\\/plans-guides-de-la-ville\\\/#primaryimage\"},\"thumbnailUrl\":\"https:\\\/\\\/www.mairie-villemur-sur-tarn.fr\\\/site\\\/wp-content\\\/uploads\\\/2019\\\/04\\\/Plan-de-ville-VILLEMUR-SUR-TARN_Centre-Ville_web.jpg\",\"datePublished\":\"2018-12-10T13:52:24+00:00\",\"dateModified\":\"2020-03-27T09:31:54+00:00\",\"breadcrumb\":{\"@id\":\"https:\\\/\\\/www.mairie-villemur-sur-tarn.fr\\\/site\\\/decouvrir-la-ville\\\/visiter-la-ville\\\/plans-guides-de-la-ville\\\/#breadcrumb\"},\"inLanguage\":\"fr-FR\",\"potentialAction\":[{\"@type\":\"ReadAction\",\"target\":[\"https:\\\/\\\/www.mairie-villemur-sur-tarn.fr\\\/site\\\/decouvrir-la-ville\\\/visiter-la-ville\\\/plans-guides-de-la-ville\\\/\"]}]},{\"@type\":\"ImageObject\",\"inLanguage\":\"fr-FR\",\"@id\":\"https:\\\/\\\/www.mairie-villemur-sur-tarn.fr\\\/site\\\/decouvrir-la-ville\\\/visiter-la-ville\\\/plans-guides-de-la-ville\\\/#primaryimage\",\"url\":\"https:\\\/\\\/www.mairie-villemur-sur-tarn.fr\\\/site\\\/wp-content\\\/uploads\\\/2019\\\/04\\\/Plan-de-ville-VILLEMUR-SUR-TARN_Centre-Ville_web.jpg\",\"contentUrl\":\"https:\\\/\\\/www.mairie-villemur-sur-tarn.fr\\\/site\\\/wp-content\\\/uploads\\\/2019\\\/04\\\/Plan-de-ville-VILLEMUR-SUR-TARN_Centre-Ville_web.jpg\",\"width\":2013,\"height\":1446},{\"@type\":\"BreadcrumbList\",\"@id\":\"https:\\\/\\\/www.mairie-villemur-sur-tarn.fr\\\/site\\\/decouvrir-la-ville\\\/visiter-la-ville\\\/plans-guides-de-la-ville\\\/#breadcrumb\",\"itemListElement\":[{\"@type\":\"ListItem\",\"position\":1,\"name\":\"Accueil\",\"item\":\"https:\\\/\\\/www.mairie-villemur-sur-tarn.fr\\\/site\\\/\"},{\"@type\":\"ListItem\",\"position\":2,\"name\":\"D\u00c9COUVRIR LA VILLE\",\"item\":\"https:\\\/\\\/www.mairie-villemur-sur-tarn.fr\\\/site\\\/decouvrir-la-ville\\\/\"},{\"@type\":\"ListItem\",\"position\":3,\"name\":\"VISITER LA VILLE\",\"item\":\"https:\\\/\\\/www.mairie-villemur-sur-tarn.fr\\\/site\\\/decouvrir-la-ville\\\/visiter-la-ville\\\/\"},{\"@type\":\"ListItem\",\"position\":4,\"name\":\"PLANS &#038; GUIDES DE LA VILLE\"}]},{\"@type\":\"WebSite\",\"@id\":\"https:\\\/\\\/www.mairie-villemur-sur-tarn.fr\\\/site\\\/#website\",\"url\":\"https:\\\/\\\/www.mairie-villemur-sur-tarn.fr\\\/site\\\/\",\"name\":\"Mairie Villemur-sur-Tarn\",\"description\":\"Site officiel canton Villemur Toulouse Nord. D\u00e9marches en ligne, conseil municipal, actualit\u00e9s Villemur, Annuaire Villemur, March\u00e9s...\",\"publisher\":{\"@id\":\"https:\\\/\\\/www.mairie-villemur-sur-tarn.fr\\\/site\\\/#organization\"},\"potentialAction\":[{\"@type\":\"SearchAction\",\"target\":{\"@type\":\"EntryPoint\",\"urlTemplate\":\"https:\\\/\\\/www.mairie-villemur-sur-tarn.fr\\\/site\\\/?s={search_term_string}\"},\"query-input\":{\"@type\":\"PropertyValueSpecification\",\"valueRequired\":true,\"valueName\":\"search_term_string\"}}],\"inLanguage\":\"fr-FR\"},{\"@type\":\"Organization\",\"@id\":\"https:\\\/\\\/www.mairie-villemur-sur-tarn.fr\\\/site\\\/#organization\",\"name\":\"Mairie Villemur-sur-Tarn\",\"url\":\"https:\\\/\\\/www.mairie-villemur-sur-tarn.fr\\\/site\\\/\",\"logo\":{\"@type\":\"ImageObject\",\"inLanguage\":\"fr-FR\",\"@id\":\"https:\\\/\\\/www.mairie-villemur-sur-tarn.fr\\\/site\\\/#\\\/schema\\\/logo\\\/image\\\/\",\"url\":\"https:\\\/\\\/www.mairie-villemur-sur-tarn.fr\\\/site\\\/wp-content\\\/uploads\\\/Villemur-LOGO-carre-PNG.png\",\"contentUrl\":\"https:\\\/\\\/www.mairie-villemur-sur-tarn.fr\\\/site\\\/wp-content\\\/uploads\\\/Villemur-LOGO-carre-PNG.png\",\"width\":887,\"height\":886,\"caption\":\"Mairie Villemur-sur-Tarn\"},\"image\":{\"@id\":\"https:\\\/\\\/www.mairie-villemur-sur-tarn.fr\\\/site\\\/#\\\/schema\\\/logo\\\/image\\\/\"},\"sameAs\":[\"https:\\\/\\\/www.facebook.com\\\/mairievillemursurtarn\",\"https:\\\/\\\/www.instagram.com\\\/villemur_sur_tarn\\\/\"]}]}<\/script>\n<!-- \/ Yoast SEO plugin. -->","yoast_head_json":{"title":"PLANS & GUIDES DE LA VILLE - Mairie Villemur-sur-Tarn","robots":{"index":"index","follow":"follow","max-snippet":"max-snippet:-1","max-image-preview":"max-image-preview:large","max-video-preview":"max-video-preview:-1"},"canonical":"https:\/\/www.mairie-villemur-sur-tarn.fr\/site\/decouvrir-la-ville\/visiter-la-ville\/plans-guides-de-la-ville\/","og_locale":"fr_FR","og_type":"article","og_title":"PLANS & GUIDES DE LA VILLE - Mairie Villemur-sur-Tarn","og_description":"[vc_row][vc_column css=\u00a0\u00bb.vc_custom_1545147046774{margin-top: -80px !important;}\u00a0\u00bb][vc_column_text] Plan de la ville\u00a0 Plan g\u00e9n\u00e9ral de Villemur et plan du centre-ville Plan disponible au format papier en mairie.\u00a0 Cliquez sur les images pour les agrandir et afficher le plan au format PDF.\u00a0 T\u00e9l\u00e9charger le plan (PDF) Plan du centre historique\u00a0 Cliquer sur l&rsquo;image pour l&rsquo;ouvrir dans une nouvelle fen\u00eatre et [&hellip;]","og_url":"https:\/\/www.mairie-villemur-sur-tarn.fr\/site\/decouvrir-la-ville\/visiter-la-ville\/plans-guides-de-la-ville\/","og_site_name":"Mairie Villemur-sur-Tarn","article_publisher":"https:\/\/www.facebook.com\/mairievillemursurtarn","article_modified_time":"2020-03-27T09:31:54+00:00","og_image":[{"url":"https:\/\/www.mairie-villemur-sur-tarn.fr\/site\/wp-content\/uploads\/2019\/04\/Plan-de-ville-VILLEMUR-SUR-TARN_Centre-Ville_web.jpg","type":"","width":"","height":""}],"twitter_card":"summary_large_image","twitter_misc":{"Dur\u00e9e de lecture estim\u00e9e":"1 minute"},"schema":{"@context":"https:\/\/schema.org","@graph":[{"@type":"WebPage","@id":"https:\/\/www.mairie-villemur-sur-tarn.fr\/site\/decouvrir-la-ville\/visiter-la-ville\/plans-guides-de-la-ville\/","url":"https:\/\/www.mairie-villemur-sur-tarn.fr\/site\/decouvrir-la-ville\/visiter-la-ville\/plans-guides-de-la-ville\/","name":"PLANS & GUIDES DE LA VILLE - Mairie Villemur-sur-Tarn","isPartOf":{"@id":"https:\/\/www.mairie-villemur-sur-tarn.fr\/site\/#website"},"primaryImageOfPage":{"@id":"https:\/\/www.mairie-villemur-sur-tarn.fr\/site\/decouvrir-la-ville\/visiter-la-ville\/plans-guides-de-la-ville\/#primaryimage"},"image":{"@id":"https:\/\/www.mairie-villemur-sur-tarn.fr\/site\/decouvrir-la-ville\/visiter-la-ville\/plans-guides-de-la-ville\/#primaryimage"},"thumbnailUrl":"https:\/\/www.mairie-villemur-sur-tarn.fr\/site\/wp-content\/uploads\/2019\/04\/Plan-de-ville-VILLEMUR-SUR-TARN_Centre-Ville_web.jpg","datePublished":"2018-12-10T13:52:24+00:00","dateModified":"2020-03-27T09:31:54+00:00","breadcrumb":{"@id":"https:\/\/www.mairie-villemur-sur-tarn.fr\/site\/decouvrir-la-ville\/visiter-la-ville\/plans-guides-de-la-ville\/#breadcrumb"},"inLanguage":"fr-FR","potentialAction":[{"@type":"ReadAction","target":["https:\/\/www.mairie-villemur-sur-tarn.fr\/site\/decouvrir-la-ville\/visiter-la-ville\/plans-guides-de-la-ville\/"]}]},{"@type":"ImageObject","inLanguage":"fr-FR","@id":"https:\/\/www.mairie-villemur-sur-tarn.fr\/site\/decouvrir-la-ville\/visiter-la-ville\/plans-guides-de-la-ville\/#primaryimage","url":"https:\/\/www.mairie-villemur-sur-tarn.fr\/site\/wp-content\/uploads\/2019\/04\/Plan-de-ville-VILLEMUR-SUR-TARN_Centre-Ville_web.jpg","contentUrl":"https:\/\/www.mairie-villemur-sur-tarn.fr\/site\/wp-content\/uploads\/2019\/04\/Plan-de-ville-VILLEMUR-SUR-TARN_Centre-Ville_web.jpg","width":2013,"height":1446},{"@type":"BreadcrumbList","@id":"https:\/\/www.mairie-villemur-sur-tarn.fr\/site\/decouvrir-la-ville\/visiter-la-ville\/plans-guides-de-la-ville\/#breadcrumb","itemListElement":[{"@type":"ListItem","position":1,"name":"Accueil","item":"https:\/\/www.mairie-villemur-sur-tarn.fr\/site\/"},{"@type":"ListItem","position":2,"name":"D\u00c9COUVRIR LA VILLE","item":"https:\/\/www.mairie-villemur-sur-tarn.fr\/site\/decouvrir-la-ville\/"},{"@type":"ListItem","position":3,"name":"VISITER LA VILLE","item":"https:\/\/www.mairie-villemur-sur-tarn.fr\/site\/decouvrir-la-ville\/visiter-la-ville\/"},{"@type":"ListItem","position":4,"name":"PLANS &#038; GUIDES DE LA VILLE"}]},{"@type":"WebSite","@id":"https:\/\/www.mairie-villemur-sur-tarn.fr\/site\/#website","url":"https:\/\/www.mairie-villemur-sur-tarn.fr\/site\/","name":"Mairie Villemur-sur-Tarn","description":"Site officiel canton Villemur Toulouse Nord. D\u00e9marches en ligne, conseil municipal, actualit\u00e9s Villemur, Annuaire Villemur, March\u00e9s...","publisher":{"@id":"https:\/\/www.mairie-villemur-sur-tarn.fr\/site\/#organization"},"potentialAction":[{"@type":"SearchAction","target":{"@type":"EntryPoint","urlTemplate":"https:\/\/www.mairie-villemur-sur-tarn.fr\/site\/?s={search_term_string}"},"query-input":{"@type":"PropertyValueSpecification","valueRequired":true,"valueName":"search_term_string"}}],"inLanguage":"fr-FR"},{"@type":"Organization","@id":"https:\/\/www.mairie-villemur-sur-tarn.fr\/site\/#organization","name":"Mairie Villemur-sur-Tarn","url":"https:\/\/www.mairie-villemur-sur-tarn.fr\/site\/","logo":{"@type":"ImageObject","inLanguage":"fr-FR","@id":"https:\/\/www.mairie-villemur-sur-tarn.fr\/site\/#\/schema\/logo\/image\/","url":"https:\/\/www.mairie-villemur-sur-tarn.fr\/site\/wp-content\/uploads\/Villemur-LOGO-carre-PNG.png","contentUrl":"https:\/\/www.mairie-villemur-sur-tarn.fr\/site\/wp-content\/uploads\/Villemur-LOGO-carre-PNG.png","width":887,"height":886,"caption":"Mairie Villemur-sur-Tarn"},"image":{"@id":"https:\/\/www.mairie-villemur-sur-tarn.fr\/site\/#\/schema\/logo\/image\/"},"sameAs":["https:\/\/www.facebook.com\/mairievillemursurtarn","https:\/\/www.instagram.com\/villemur_sur_tarn\/"]}]}},"uagb_featured_image_src":{"full":false,"thumbnail":false,"medium":false,"medium_large":false,"large":false,"1536x1536":false,"2048x2048":false,"post-thumbnail":false,"winnex_medium":false,"winnex_height":false},"uagb_author_info":{"display_name":"Mairie de Villemur-sur-Tarn","author_link":"https:\/\/www.mairie-villemur-sur-tarn.fr\/site\/author\/villmurtarn_admin\/"},"uagb_comment_info":0,"uagb_excerpt":"[vc_row][vc_column css=\u00a0\u00bb.vc_custom_1545147046774{margin-top: -80px !important;}\u00a0\u00bb][vc_column_text] Plan de la ville\u00a0 Plan g\u00e9n\u00e9ral de Villemur et plan du centre-ville Plan disponible au format papier en mairie.\u00a0 Cliquez sur les images pour les agrandir et afficher le plan au format PDF.\u00a0 T\u00e9l\u00e9charger le plan (PDF) Plan du centre historique\u00a0 Cliquer sur l&rsquo;image pour l&rsquo;ouvrir dans une nouvelle fen\u00eatre et\u2026","_links":{"self":[{"href":"https:\/\/www.mairie-villemur-sur-tarn.fr\/site\/wp-json\/wp\/v2\/pages\/3956","targetHints":{"allow":["GET"]}}],"collection":[{"href":"https:\/\/www.mairie-villemur-sur-tarn.fr\/site\/wp-json\/wp\/v2\/pages"}],"about":[{"href":"https:\/\/www.mairie-villemur-sur-tarn.fr\/site\/wp-json\/wp\/v2\/types\/page"}],"author":[{"embeddable":true,"href":"https:\/\/www.mairie-villemur-sur-tarn.fr\/site\/wp-json\/wp\/v2\/users\/1"}],"replies":[{"embeddable":true,"href":"https:\/\/www.mairie-villemur-sur-tarn.fr\/site\/wp-json\/wp\/v2\/comments?post=3956"}],"version-history":[{"count":11,"href":"https:\/\/www.mairie-villemur-sur-tarn.fr\/site\/wp-json\/wp\/v2\/pages\/3956\/revisions"}],"predecessor-version":[{"id":7997,"href":"https:\/\/www.mairie-villemur-sur-tarn.fr\/site\/wp-json\/wp\/v2\/pages\/3956\/revisions\/7997"}],"up":[{"embeddable":true,"href":"https:\/\/www.mairie-villemur-sur-tarn.fr\/site\/wp-json\/wp\/v2\/pages\/3954"}],"wp:attachment":[{"href":"https:\/\/www.mairie-villemur-sur-tarn.fr\/site\/wp-json\/wp\/v2\/media?parent=3956"}],"curies":[{"name":"wp","href":"https:\/\/api.w.org\/{rel}","templated":true}]}}