{"id":3985,"date":"2018-12-10T15:09:36","date_gmt":"2018-12-10T14:09:36","guid":{"rendered":"https:\/\/www.mairie-villemur-sur-tarn.fr\/site\/?page_id=3985"},"modified":"2022-04-19T16:43:27","modified_gmt":"2022-04-19T14:43:27","slug":"budget-municipal-fiscalite","status":"publish","type":"page","link":"https:\/\/www.mairie-villemur-sur-tarn.fr\/site\/votre-mairie\/budget-municipal-fiscalite\/","title":{"rendered":"BUDGET MUNICIPAL &#038; FISCALIT\u00c9"},"content":{"rendered":"<p>[vc_row][vc_column css=\u00a0\u00bb.vc_custom_1545148511678{margin-top: -80px !important;}\u00a0\u00bb][vc_column_text]<\/p>\n<h1><span style=\"color: #ff6600;\">Fiscalit\u00e9, budget &amp; tarifs municipaux<\/span><\/h1>\n<p><em>Vous trouverez dans cette rubrique les rapports d&rsquo;orientation budg\u00e9taire, les budgets de la commune, les taux de fiscalit\u00e9 et les tarifs de tous les services municipaux.<\/em><\/p>\n<h2><span style=\"color: #003366;\"><a href=\"https:\/\/www.mairie-villemur-sur-tarn.fr\/site\/wp-content\/uploads\/2019\/01\/Budget-Municipal.jpg\"><img loading=\"lazy\" decoding=\"async\" class=\"aligncenter wp-image-4937 size-medium\" title=\"designed by Freepik\" src=\"https:\/\/www.mairie-villemur-sur-tarn.fr\/site\/wp-content\/uploads\/2019\/01\/Budget-Municipal-750x510.jpg\" alt=\"\" width=\"750\" height=\"510\"><\/a><\/span><\/h2>\n<hr>\n<h2><span style=\"color: #003366;\">2022<\/span><\/h2>\n<ul>\n<li>\n<h3><span style=\"color: #993366;\">Tarifs municipaux 2022<\/span><\/h3>\n<\/li>\n<\/ul>\n<p><span style=\"color: #003366;\"><a href=\"https:\/\/www.mairie-villemur-sur-tarn.fr\/site\/wp-content\/uploads\/2022-027-Vote-des-tarifs-municipaux-2022.pdf\" target=\"_blank\" rel=\"noopener noreferrer\">T\u00e9l\u00e9chargez le vote des tarifs municipaux 2022 (PDF)<\/a><\/span><\/p>\n<ul>\n<li>\n<h3><span style=\"color: #993366;\">Taux d&rsquo;imposition 2022<\/span><\/h3>\n<\/li>\n<\/ul>\n<p><span style=\"color: #003366;\"><a href=\"https:\/\/www.mairie-villemur-sur-tarn.fr\/site\/wp-content\/uploads\/2022-016-Vote-des-taux-dimposition-2022.pdf\" target=\"_blank\" rel=\"noopener noreferrer\">T\u00e9l\u00e9chargez le vote des taux d&rsquo;imposition 2022 (PDF)<\/a><\/span><\/p>\n<ul>\n<li>\n<h3><span style=\"color: #993366;\">Rapport d&rsquo;orientation budg\u00e9taire 2022<\/span><\/h3>\n<\/li>\n<\/ul>\n<p><span style=\"color: #003366;\"><a href=\"https:\/\/www.mairie-villemur-sur-tarn.fr\/site\/wp-content\/uploads\/2022-008-Rapport-dOrientation-Budge\u0301taire-2022.pdf\" target=\"_blank\" rel=\"noopener noreferrer\">T\u00e9l\u00e9chargez le Rapport d&rsquo;Orientation Budg\u00e9taire 2022 (PDF)<\/a><\/span><\/p>\n<p><a href=\"https:\/\/www.mairie-villemur-sur-tarn.fr\/site\/wp-content\/uploads\/2022-008PJ-Annexe-Rapport-dOrientation-Budge\u0301taire.pdf\">Annexes 2022<\/a><\/p>\n<hr>\n<h2><span style=\"color: #003366;\">2021<\/span><\/h2>\n<ul>\n<li>\n<h3><span style=\"color: #993366;\">Rapport d&rsquo;orientation budg\u00e9taire 2021<\/span><\/h3>\n<\/li>\n<\/ul>\n<p><span style=\"color: #003366;\"><a href=\"https:\/\/www.mairie-villemur-sur-tarn.fr\/site\/wp-content\/uploads\/2015\/12\/ROB-2021.pdf\" target=\"_blank\" rel=\"noopener noreferrer\">T\u00e9l\u00e9chargez le Rapport d&rsquo;Orientation Budg\u00e9taire 2021 (PDF)<\/a><\/span><\/p>\n<hr>\n<ul>\n<li>\n<h3><span style=\"color: #993366;\">Tarifs municipaux 2021<\/span><\/h3>\n<\/li>\n<\/ul>\n<p>Retrouvez dans le document ci-dessous les tarifs municipaux <span style=\"color: #000000;\"><strong>applicables au<\/strong> <strong>1er mai 2021<\/strong><\/span> pour les services suivants :<\/p>\n<ul>\n<li style=\"list-style-type: none;\">\n<ul>\n<li><span style=\"color: #000000;\"><strong>restauration scolaire (NB : les tarifs \u00ab cantine \u00bb seront applicables en septembre 2021)<\/strong><\/span><\/li>\n<li><span style=\"color: #000000;\"><strong>divagation d&rsquo;animaux<\/strong><\/span><\/li>\n<li><span style=\"color: #000000;\"><strong>cimeti\u00e8res<\/strong><\/span><\/li>\n<li><span style=\"color: #000000;\"><strong>portage de repas (NB : les tarifs \u00ab portage de repas \u00bb seront applicables en septembre 2021)<\/strong><\/span><\/li>\n<li><span style=\"color: #000000;\"><strong>location de salles<\/strong><\/span><\/li>\n<li><span style=\"color: #000000;\"><strong>spectacles<\/strong><\/span><\/li>\n<li><span style=\"color: #000000;\"><strong>m\u00e9diath\u00e8que<\/strong><\/span><\/li>\n<li><span style=\"color: #000000;\"><strong>copie de documents<\/strong><\/span><\/li>\n<li><span style=\"color: #000000;\"><strong>occupation du domaine public<\/strong><\/span><\/li>\n<li><span style=\"color: #000000;\"><strong>march\u00e9s de plein-vent<\/strong><\/span><\/li>\n<li><span style=\"color: #000000;\"><strong>frais de fourri\u00e8re<\/strong><\/span><\/li>\n<li><span style=\"color: #000000;\"><strong>reproduction de cl\u00e9s<\/strong><\/span><\/li>\n<li><span style=\"color: #000000;\"><strong>cautions<\/strong><\/span><\/li>\n<li><span style=\"color: #000000;\"><strong>disques de stationnement zone bleue<\/strong><\/span><\/li>\n<\/ul>\n<\/li>\n<\/ul>\n<p><span style=\"color: #003366;\"><a href=\"https:\/\/www.mairie-villemur-sur-tarn.fr\/site\/wp-content\/uploads\/Tarifs-municipaux-2021.pdf\" target=\"_blank\" rel=\"noopener noreferrer\">T\u00e9l\u00e9chargez les Tarifs municipaux 2021<\/a><\/span><\/p>\n<ul>\n<li>\n<h3><span style=\"color: #993366;\">Taux de fiscalit\u00e9 2021<\/span><\/h3>\n<\/li>\n<\/ul>\n<ul>\n<li style=\"list-style-type: none;\">\n<ul>\n<li><span style=\"color: #000000;\"><strong>Taxe d\u2019Habitation<\/strong> <\/span>: 19,22 %<\/li>\n<li><span style=\"color: #000000;\"><strong>Taxe Fonci\u00e8re<\/strong><\/span> (B\u00e2ti) : 49,95 % (taux d\u00e9partemental + taux communal)<\/li>\n<li><span style=\"color: #000000;\"><strong>Taxe Fonci\u00e8re<\/strong> <\/span>(Non B\u00e2ti) : 129,03 %<\/li>\n<\/ul>\n<\/li>\n<\/ul>\n<hr>\n<h2>2020<\/h2>\n<ul>\n<li>\n<h3><span style=\"color: #993366;\">Taux de fiscalit\u00e9 2020<\/span><\/h3>\n<\/li>\n<\/ul>\n<p>Les taux de fiscalit\u00e9 pour l\u2019ann\u00e9e 2020 sont identiques \u00e0 ceux de 2019 soit :<\/p>\n<ul>\n<li style=\"list-style-type: none;\">\n<ul>\n<li><span style=\"color: #000000;\"><strong>Taxe d\u2019Habitation<\/strong> <\/span>: 19,22 %<\/li>\n<li><span style=\"color: #000000;\"><strong>Taxe Fonci\u00e8re<\/strong><\/span> (B\u00e2ti) : 22,56 %<\/li>\n<li><span style=\"color: #000000;\"><strong>Taxe Fonci\u00e8re<\/strong> <\/span>(Non B\u00e2ti) : 114,85 %<\/li>\n<\/ul>\n<\/li>\n<\/ul>\n<p>&nbsp;<\/p>\n<ul>\n<li>\n<h3><span style=\"color: #993366;\">Budget primitif 2020<\/span><\/h3>\n<\/li>\n<\/ul>\n<p><span style=\"color: #003366;\"><a href=\"https:\/\/www.mairie-villemur-sur-tarn.fr\/site\/wp-content\/uploads\/2020\/05\/Budget-Primitif-Villemur_2020.pdf\" target=\"_blank\" rel=\"noopener noreferrer\">T\u00e9l\u00e9chargez le Budget Primitif Villemur_2020<\/a><\/span><\/p>\n<p><span style=\"color: #003366;\"><a href=\"https:\/\/www.mairie-villemur-sur-tarn.fr\/site\/wp-content\/uploads\/2020\/05\/Budget-Primitif-Portage-de-Repas_2020.pdf\" target=\"_blank\" rel=\"noopener noreferrer\">T\u00e9l\u00e9chargez le Budget Primitif Portage de Repas_2020<\/a><\/span><\/p>\n<hr>\n<ul>\n<li>\n<h3><span style=\"color: #993366;\">Rapport d&rsquo;orientation budg\u00e9taire 2020<\/span><\/h3>\n<\/li>\n<\/ul>\n<p><span style=\"color: #003366;\"><a href=\"https:\/\/www.mairie-villemur-sur-tarn.fr\/site\/wp-content\/uploads\/2019\/12\/2020_Rapport-dOrientation-Budg\u00e9taire_Villemur.pdf\" target=\"_blank\" rel=\"noopener noreferrer\">T\u00e9l\u00e9chargez le Rapport d&rsquo;Orientation Budg\u00e9taire 2020 (PDF)<\/a><\/span><\/p>\n<hr>\n<h2><span style=\"color: #003366;\">2019<\/span><\/h2>\n<p><a href=\"https:\/\/www.mairie-villemur-sur-tarn.fr\/site\/wp-content\/uploads\/2019\/03\/2019_Rapport-dOrientation-Budg\u00e9taire_Villemur.pdf\" target=\"_blank\" rel=\"noopener noreferrer\">T\u00e9l\u00e9charger le Rapport d&rsquo;Orientation Budg\u00e9taire 2019 (PDF)<\/a><\/p>\n<hr>\n<h2><span style=\"color: #003366;\">2018<\/span><\/h2>\n<p><a href=\"https:\/\/www.mairie-villemur-sur-tarn.fr\/site\/wp-content\/uploads\/2019\/01\/2018_Rapport-Orientation-Budg\u00e9taire_Villemur-sur-Tarn.pdf\" target=\"_blank\" rel=\"noopener noreferrer\">T\u00e9l\u00e9charger le Rapport Orientation Budg\u00e9taire 2018 (PDF)<\/a><\/p>\n<hr>\n<h2><span style=\"color: #003366;\">2017<\/span><\/h2>\n<p><a href=\"https:\/\/www.mairie-villemur-sur-tarn.fr\/site\/wp-content\/uploads\/2019\/03\/2017_Rapport-dOrientation-Budg\u00e9taire_Villemur.pdf\" target=\"_blank\" rel=\"noopener noreferrer\">T\u00e9l\u00e9charger le Rapport d&rsquo;Orientation Budg\u00e9taire 2017 (PDF)<\/a><\/p>\n<hr>\n<h2><span style=\"color: #003366;\">2016<\/span><\/h2>\n<p><a href=\"https:\/\/www.mairie-villemur-sur-tarn.fr\/site\/wp-content\/uploads\/2019\/01\/2016_D\u00e9bat-dOrientation-Budg\u00e9taire_Villemur-sur-Tarn.pdf\" target=\"_blank\" rel=\"noopener noreferrer\">T\u00e9l\u00e9charger le D\u00e9bat d&rsquo;Orientation Budg\u00e9taire 2016 (PDF)<\/a><\/p>\n<hr>\n<h2><span style=\"color: #003366;\">2015<\/span><\/h2>\n<p><a href=\"https:\/\/www.mairie-villemur-sur-tarn.fr\/site\/wp-content\/uploads\/2019\/01\/2015_D\u00e9bat-dOrientation-Budg\u00e9taire_Villemur-sur-Tarn.pdf\" target=\"_blank\" rel=\"noopener noreferrer\">T\u00e9l\u00e9charger le D\u00e9bat d&rsquo;Orientation Budg\u00e9taire 2015 (PDF)<\/a><\/p>\n<hr>\n<p>[\/vc_column_text][\/vc_column][\/vc_row]<\/p>\n","protected":false},"excerpt":{"rendered":"<p>[vc_row][vc_column css=\u00a0\u00bb.vc_custom_1545148511678{margin-top: -80px !important;}\u00a0\u00bb][vc_column_text] Fiscalit\u00e9, budget &amp; tarifs municipaux Vous trouverez dans cette rubrique les rapports d&rsquo;orientation budg\u00e9taire, les budgets de la commune, les taux de fiscalit\u00e9 et les tarifs de tous les services municipaux. 2022 Tarifs municipaux 2022 T\u00e9l\u00e9chargez le vote des tarifs municipaux 2022 (PDF) Taux d&rsquo;imposition 2022 T\u00e9l\u00e9chargez le vote des taux [&hellip;]<\/p>\n","protected":false},"author":1,"featured_media":0,"parent":3975,"menu_order":0,"comment_status":"closed","ping_status":"closed","template":"","meta":{"_uag_custom_page_level_css":"","ngg_post_thumbnail":0,"footnotes":""},"class_list":["post-3985","page","type-page","status-publish","hentry"],"yoast_head":"<!-- This site is optimized with the Yoast SEO plugin v27.3 - https:\/\/yoast.com\/product\/yoast-seo-wordpress\/ -->\n<title>BUDGET MUNICIPAL &amp; FISCALIT\u00c9 - Mairie Villemur-sur-Tarn<\/title>\n<meta name=\"robots\" content=\"index, follow, max-snippet:-1, max-image-preview:large, max-video-preview:-1\" \/>\n<link rel=\"canonical\" href=\"https:\/\/www.mairie-villemur-sur-tarn.fr\/site\/votre-mairie\/budget-municipal-fiscalite\/\" \/>\n<meta property=\"og:locale\" content=\"fr_FR\" \/>\n<meta property=\"og:type\" content=\"article\" \/>\n<meta property=\"og:title\" content=\"BUDGET MUNICIPAL &amp; FISCALIT\u00c9 - Mairie Villemur-sur-Tarn\" \/>\n<meta property=\"og:description\" content=\"[vc_row][vc_column css=\u00a0\u00bb.vc_custom_1545148511678{margin-top: -80px !important;}\u00a0\u00bb][vc_column_text] Fiscalit\u00e9, budget &amp; tarifs municipaux Vous trouverez dans cette rubrique les rapports d&rsquo;orientation budg\u00e9taire, les budgets de la commune, les taux de fiscalit\u00e9 et les tarifs de tous les services municipaux. 2022 Tarifs municipaux 2022 T\u00e9l\u00e9chargez le vote des tarifs municipaux 2022 (PDF) Taux d&rsquo;imposition 2022 T\u00e9l\u00e9chargez le vote des taux [&hellip;]\" \/>\n<meta property=\"og:url\" content=\"https:\/\/www.mairie-villemur-sur-tarn.fr\/site\/votre-mairie\/budget-municipal-fiscalite\/\" \/>\n<meta property=\"og:site_name\" content=\"Mairie Villemur-sur-Tarn\" \/>\n<meta property=\"article:publisher\" content=\"https:\/\/www.facebook.com\/mairievillemursurtarn\" \/>\n<meta property=\"article:modified_time\" content=\"2022-04-19T14:43:27+00:00\" \/>\n<meta property=\"og:image\" content=\"https:\/\/www.mairie-villemur-sur-tarn.fr\/site\/wp-content\/uploads\/2019\/01\/Budget-Municipal-750x510.jpg\" \/>\n<meta name=\"twitter:card\" content=\"summary_large_image\" \/>\n<meta name=\"twitter:label1\" content=\"Dur\u00e9e de lecture estim\u00e9e\" \/>\n\t<meta name=\"twitter:data1\" content=\"2 minutes\" \/>\n<script type=\"application\/ld+json\" class=\"yoast-schema-graph\">{\"@context\":\"https:\\\/\\\/schema.org\",\"@graph\":[{\"@type\":\"WebPage\",\"@id\":\"https:\\\/\\\/www.mairie-villemur-sur-tarn.fr\\\/site\\\/votre-mairie\\\/budget-municipal-fiscalite\\\/\",\"url\":\"https:\\\/\\\/www.mairie-villemur-sur-tarn.fr\\\/site\\\/votre-mairie\\\/budget-municipal-fiscalite\\\/\",\"name\":\"BUDGET MUNICIPAL & FISCALIT\u00c9 - Mairie Villemur-sur-Tarn\",\"isPartOf\":{\"@id\":\"https:\\\/\\\/www.mairie-villemur-sur-tarn.fr\\\/site\\\/#website\"},\"primaryImageOfPage\":{\"@id\":\"https:\\\/\\\/www.mairie-villemur-sur-tarn.fr\\\/site\\\/votre-mairie\\\/budget-municipal-fiscalite\\\/#primaryimage\"},\"image\":{\"@id\":\"https:\\\/\\\/www.mairie-villemur-sur-tarn.fr\\\/site\\\/votre-mairie\\\/budget-municipal-fiscalite\\\/#primaryimage\"},\"thumbnailUrl\":\"https:\\\/\\\/www.mairie-villemur-sur-tarn.fr\\\/site\\\/wp-content\\\/uploads\\\/2019\\\/01\\\/Budget-Municipal-750x510.jpg\",\"datePublished\":\"2018-12-10T14:09:36+00:00\",\"dateModified\":\"2022-04-19T14:43:27+00:00\",\"breadcrumb\":{\"@id\":\"https:\\\/\\\/www.mairie-villemur-sur-tarn.fr\\\/site\\\/votre-mairie\\\/budget-municipal-fiscalite\\\/#breadcrumb\"},\"inLanguage\":\"fr-FR\",\"potentialAction\":[{\"@type\":\"ReadAction\",\"target\":[\"https:\\\/\\\/www.mairie-villemur-sur-tarn.fr\\\/site\\\/votre-mairie\\\/budget-municipal-fiscalite\\\/\"]}]},{\"@type\":\"ImageObject\",\"inLanguage\":\"fr-FR\",\"@id\":\"https:\\\/\\\/www.mairie-villemur-sur-tarn.fr\\\/site\\\/votre-mairie\\\/budget-municipal-fiscalite\\\/#primaryimage\",\"url\":\"https:\\\/\\\/www.mairie-villemur-sur-tarn.fr\\\/site\\\/wp-content\\\/uploads\\\/2019\\\/01\\\/Budget-Municipal.jpg\",\"contentUrl\":\"https:\\\/\\\/www.mairie-villemur-sur-tarn.fr\\\/site\\\/wp-content\\\/uploads\\\/2019\\\/01\\\/Budget-Municipal.jpg\",\"width\":2000,\"height\":1868},{\"@type\":\"BreadcrumbList\",\"@id\":\"https:\\\/\\\/www.mairie-villemur-sur-tarn.fr\\\/site\\\/votre-mairie\\\/budget-municipal-fiscalite\\\/#breadcrumb\",\"itemListElement\":[{\"@type\":\"ListItem\",\"position\":1,\"name\":\"Accueil\",\"item\":\"https:\\\/\\\/www.mairie-villemur-sur-tarn.fr\\\/site\\\/\"},{\"@type\":\"ListItem\",\"position\":2,\"name\":\"VOTRE MAIRIE\",\"item\":\"https:\\\/\\\/www.mairie-villemur-sur-tarn.fr\\\/site\\\/votre-mairie\\\/\"},{\"@type\":\"ListItem\",\"position\":3,\"name\":\"BUDGET MUNICIPAL &#038; FISCALIT\u00c9\"}]},{\"@type\":\"WebSite\",\"@id\":\"https:\\\/\\\/www.mairie-villemur-sur-tarn.fr\\\/site\\\/#website\",\"url\":\"https:\\\/\\\/www.mairie-villemur-sur-tarn.fr\\\/site\\\/\",\"name\":\"Mairie Villemur-sur-Tarn\",\"description\":\"Site officiel canton Villemur Toulouse Nord. D\u00e9marches en ligne, conseil municipal, actualit\u00e9s Villemur, Annuaire Villemur, March\u00e9s...\",\"publisher\":{\"@id\":\"https:\\\/\\\/www.mairie-villemur-sur-tarn.fr\\\/site\\\/#organization\"},\"potentialAction\":[{\"@type\":\"SearchAction\",\"target\":{\"@type\":\"EntryPoint\",\"urlTemplate\":\"https:\\\/\\\/www.mairie-villemur-sur-tarn.fr\\\/site\\\/?s={search_term_string}\"},\"query-input\":{\"@type\":\"PropertyValueSpecification\",\"valueRequired\":true,\"valueName\":\"search_term_string\"}}],\"inLanguage\":\"fr-FR\"},{\"@type\":\"Organization\",\"@id\":\"https:\\\/\\\/www.mairie-villemur-sur-tarn.fr\\\/site\\\/#organization\",\"name\":\"Mairie Villemur-sur-Tarn\",\"url\":\"https:\\\/\\\/www.mairie-villemur-sur-tarn.fr\\\/site\\\/\",\"logo\":{\"@type\":\"ImageObject\",\"inLanguage\":\"fr-FR\",\"@id\":\"https:\\\/\\\/www.mairie-villemur-sur-tarn.fr\\\/site\\\/#\\\/schema\\\/logo\\\/image\\\/\",\"url\":\"https:\\\/\\\/www.mairie-villemur-sur-tarn.fr\\\/site\\\/wp-content\\\/uploads\\\/Villemur-LOGO-carre-PNG.png\",\"contentUrl\":\"https:\\\/\\\/www.mairie-villemur-sur-tarn.fr\\\/site\\\/wp-content\\\/uploads\\\/Villemur-LOGO-carre-PNG.png\",\"width\":887,\"height\":886,\"caption\":\"Mairie Villemur-sur-Tarn\"},\"image\":{\"@id\":\"https:\\\/\\\/www.mairie-villemur-sur-tarn.fr\\\/site\\\/#\\\/schema\\\/logo\\\/image\\\/\"},\"sameAs\":[\"https:\\\/\\\/www.facebook.com\\\/mairievillemursurtarn\",\"https:\\\/\\\/www.instagram.com\\\/villemur_sur_tarn\\\/\"]}]}<\/script>\n<!-- \/ Yoast SEO plugin. -->","yoast_head_json":{"title":"BUDGET MUNICIPAL & FISCALIT\u00c9 - Mairie Villemur-sur-Tarn","robots":{"index":"index","follow":"follow","max-snippet":"max-snippet:-1","max-image-preview":"max-image-preview:large","max-video-preview":"max-video-preview:-1"},"canonical":"https:\/\/www.mairie-villemur-sur-tarn.fr\/site\/votre-mairie\/budget-municipal-fiscalite\/","og_locale":"fr_FR","og_type":"article","og_title":"BUDGET MUNICIPAL & FISCALIT\u00c9 - Mairie Villemur-sur-Tarn","og_description":"[vc_row][vc_column css=\u00a0\u00bb.vc_custom_1545148511678{margin-top: -80px !important;}\u00a0\u00bb][vc_column_text] Fiscalit\u00e9, budget &amp; tarifs municipaux Vous trouverez dans cette rubrique les rapports d&rsquo;orientation budg\u00e9taire, les budgets de la commune, les taux de fiscalit\u00e9 et les tarifs de tous les services municipaux. 2022 Tarifs municipaux 2022 T\u00e9l\u00e9chargez le vote des tarifs municipaux 2022 (PDF) Taux d&rsquo;imposition 2022 T\u00e9l\u00e9chargez le vote des taux [&hellip;]","og_url":"https:\/\/www.mairie-villemur-sur-tarn.fr\/site\/votre-mairie\/budget-municipal-fiscalite\/","og_site_name":"Mairie Villemur-sur-Tarn","article_publisher":"https:\/\/www.facebook.com\/mairievillemursurtarn","article_modified_time":"2022-04-19T14:43:27+00:00","og_image":[{"url":"https:\/\/www.mairie-villemur-sur-tarn.fr\/site\/wp-content\/uploads\/2019\/01\/Budget-Municipal-750x510.jpg","type":"","width":"","height":""}],"twitter_card":"summary_large_image","twitter_misc":{"Dur\u00e9e de lecture estim\u00e9e":"2 minutes"},"schema":{"@context":"https:\/\/schema.org","@graph":[{"@type":"WebPage","@id":"https:\/\/www.mairie-villemur-sur-tarn.fr\/site\/votre-mairie\/budget-municipal-fiscalite\/","url":"https:\/\/www.mairie-villemur-sur-tarn.fr\/site\/votre-mairie\/budget-municipal-fiscalite\/","name":"BUDGET MUNICIPAL & FISCALIT\u00c9 - Mairie Villemur-sur-Tarn","isPartOf":{"@id":"https:\/\/www.mairie-villemur-sur-tarn.fr\/site\/#website"},"primaryImageOfPage":{"@id":"https:\/\/www.mairie-villemur-sur-tarn.fr\/site\/votre-mairie\/budget-municipal-fiscalite\/#primaryimage"},"image":{"@id":"https:\/\/www.mairie-villemur-sur-tarn.fr\/site\/votre-mairie\/budget-municipal-fiscalite\/#primaryimage"},"thumbnailUrl":"https:\/\/www.mairie-villemur-sur-tarn.fr\/site\/wp-content\/uploads\/2019\/01\/Budget-Municipal-750x510.jpg","datePublished":"2018-12-10T14:09:36+00:00","dateModified":"2022-04-19T14:43:27+00:00","breadcrumb":{"@id":"https:\/\/www.mairie-villemur-sur-tarn.fr\/site\/votre-mairie\/budget-municipal-fiscalite\/#breadcrumb"},"inLanguage":"fr-FR","potentialAction":[{"@type":"ReadAction","target":["https:\/\/www.mairie-villemur-sur-tarn.fr\/site\/votre-mairie\/budget-municipal-fiscalite\/"]}]},{"@type":"ImageObject","inLanguage":"fr-FR","@id":"https:\/\/www.mairie-villemur-sur-tarn.fr\/site\/votre-mairie\/budget-municipal-fiscalite\/#primaryimage","url":"https:\/\/www.mairie-villemur-sur-tarn.fr\/site\/wp-content\/uploads\/2019\/01\/Budget-Municipal.jpg","contentUrl":"https:\/\/www.mairie-villemur-sur-tarn.fr\/site\/wp-content\/uploads\/2019\/01\/Budget-Municipal.jpg","width":2000,"height":1868},{"@type":"BreadcrumbList","@id":"https:\/\/www.mairie-villemur-sur-tarn.fr\/site\/votre-mairie\/budget-municipal-fiscalite\/#breadcrumb","itemListElement":[{"@type":"ListItem","position":1,"name":"Accueil","item":"https:\/\/www.mairie-villemur-sur-tarn.fr\/site\/"},{"@type":"ListItem","position":2,"name":"VOTRE MAIRIE","item":"https:\/\/www.mairie-villemur-sur-tarn.fr\/site\/votre-mairie\/"},{"@type":"ListItem","position":3,"name":"BUDGET MUNICIPAL &#038; FISCALIT\u00c9"}]},{"@type":"WebSite","@id":"https:\/\/www.mairie-villemur-sur-tarn.fr\/site\/#website","url":"https:\/\/www.mairie-villemur-sur-tarn.fr\/site\/","name":"Mairie Villemur-sur-Tarn","description":"Site officiel canton Villemur Toulouse Nord. D\u00e9marches en ligne, conseil municipal, actualit\u00e9s Villemur, Annuaire Villemur, March\u00e9s...","publisher":{"@id":"https:\/\/www.mairie-villemur-sur-tarn.fr\/site\/#organization"},"potentialAction":[{"@type":"SearchAction","target":{"@type":"EntryPoint","urlTemplate":"https:\/\/www.mairie-villemur-sur-tarn.fr\/site\/?s={search_term_string}"},"query-input":{"@type":"PropertyValueSpecification","valueRequired":true,"valueName":"search_term_string"}}],"inLanguage":"fr-FR"},{"@type":"Organization","@id":"https:\/\/www.mairie-villemur-sur-tarn.fr\/site\/#organization","name":"Mairie Villemur-sur-Tarn","url":"https:\/\/www.mairie-villemur-sur-tarn.fr\/site\/","logo":{"@type":"ImageObject","inLanguage":"fr-FR","@id":"https:\/\/www.mairie-villemur-sur-tarn.fr\/site\/#\/schema\/logo\/image\/","url":"https:\/\/www.mairie-villemur-sur-tarn.fr\/site\/wp-content\/uploads\/Villemur-LOGO-carre-PNG.png","contentUrl":"https:\/\/www.mairie-villemur-sur-tarn.fr\/site\/wp-content\/uploads\/Villemur-LOGO-carre-PNG.png","width":887,"height":886,"caption":"Mairie Villemur-sur-Tarn"},"image":{"@id":"https:\/\/www.mairie-villemur-sur-tarn.fr\/site\/#\/schema\/logo\/image\/"},"sameAs":["https:\/\/www.facebook.com\/mairievillemursurtarn","https:\/\/www.instagram.com\/villemur_sur_tarn\/"]}]}},"uagb_featured_image_src":{"full":false,"thumbnail":false,"medium":false,"medium_large":false,"large":false,"1536x1536":false,"2048x2048":false,"post-thumbnail":false,"winnex_medium":false,"winnex_height":false},"uagb_author_info":{"display_name":"Mairie de Villemur-sur-Tarn","author_link":"https:\/\/www.mairie-villemur-sur-tarn.fr\/site\/author\/villmurtarn_admin\/"},"uagb_comment_info":0,"uagb_excerpt":"[vc_row][vc_column css=\u00a0\u00bb.vc_custom_1545148511678{margin-top: -80px !important;}\u00a0\u00bb][vc_column_text] Fiscalit\u00e9, budget &amp; tarifs municipaux Vous trouverez dans cette rubrique les rapports d&rsquo;orientation budg\u00e9taire, les budgets de la commune, les taux de fiscalit\u00e9 et les tarifs de tous les services municipaux. 2022 Tarifs municipaux 2022 T\u00e9l\u00e9chargez le vote des tarifs municipaux 2022 (PDF) Taux d&rsquo;imposition 2022 T\u00e9l\u00e9chargez le vote des taux\u2026","_links":{"self":[{"href":"https:\/\/www.mairie-villemur-sur-tarn.fr\/site\/wp-json\/wp\/v2\/pages\/3985","targetHints":{"allow":["GET"]}}],"collection":[{"href":"https:\/\/www.mairie-villemur-sur-tarn.fr\/site\/wp-json\/wp\/v2\/pages"}],"about":[{"href":"https:\/\/www.mairie-villemur-sur-tarn.fr\/site\/wp-json\/wp\/v2\/types\/page"}],"author":[{"embeddable":true,"href":"https:\/\/www.mairie-villemur-sur-tarn.fr\/site\/wp-json\/wp\/v2\/users\/1"}],"replies":[{"embeddable":true,"href":"https:\/\/www.mairie-villemur-sur-tarn.fr\/site\/wp-json\/wp\/v2\/comments?post=3985"}],"version-history":[{"count":26,"href":"https:\/\/www.mairie-villemur-sur-tarn.fr\/site\/wp-json\/wp\/v2\/pages\/3985\/revisions"}],"predecessor-version":[{"id":11333,"href":"https:\/\/www.mairie-villemur-sur-tarn.fr\/site\/wp-json\/wp\/v2\/pages\/3985\/revisions\/11333"}],"up":[{"embeddable":true,"href":"https:\/\/www.mairie-villemur-sur-tarn.fr\/site\/wp-json\/wp\/v2\/pages\/3975"}],"wp:attachment":[{"href":"https:\/\/www.mairie-villemur-sur-tarn.fr\/site\/wp-json\/wp\/v2\/media?parent=3985"}],"curies":[{"name":"wp","href":"https:\/\/api.w.org\/{rel}","templated":true}]}}