{"id":4008,"date":"2018-12-10T15:22:04","date_gmt":"2018-12-10T14:22:04","guid":{"rendered":"https:\/\/www.mairie-villemur-sur-tarn.fr\/site\/?page_id=4008"},"modified":"2025-01-07T12:18:00","modified_gmt":"2025-01-07T11:18:00","slug":"acte-detat-civil","status":"publish","type":"page","link":"https:\/\/www.mairie-villemur-sur-tarn.fr\/site\/vos-services-au-quotidien\/etat-civil-documents-officiels\/acte-detat-civil\/","title":{"rendered":"Actes d&rsquo;\u00e9tat civil"},"content":{"rendered":"<p>[vc_row][vc_column width=\u00a0\u00bb2\/3&Prime; css=\u00a0\u00bb.vc_custom_1545148948889{margin-top: -80px !important;}\u00a0\u00bb][vc_column_text]<\/p>\n<h2><span style=\"color: #ff6600;\">Les actes d\u00e9livr\u00e9s par la ville<\/span><\/h2>\n<p>Le service de l&rsquo;\u00c9tat civil de Villemur-sur-Tarn peut d\u00e9livrer, gratuitement et sur simple demande, trois types d&rsquo;actes :<\/p>\n<ul>\n<li><strong>l&rsquo;acte de naissance<\/strong>, lorsque celle-ci a eu lieu \u00e0 Villemur<\/li>\n<li><strong>l&rsquo;acte de mariage<\/strong>, lorsque celui-ci a \u00e9t\u00e9 c\u00e9l\u00e9br\u00e9 \u00e0 Villemur<\/li>\n<li><strong>l&rsquo;acte de d\u00e9c\u00e8s<\/strong>, si le d\u00e9c\u00e8s est survenu \u00e0 Villemur ou que le d\u00e9funt habitait la commune<\/li>\n<\/ul>\n<p>[\/vc_column_text][vc_column_text css=\u00a0\u00bb.vc_custom_1736248166403{padding-top: 4px !important;padding-right: 10px !important;padding-bottom: 10px !important;padding-left: 10px !important;background-color: #9adfea !important;}\u00a0\u00bb]<i class=\"far fa-lightbulb \" ><\/i> Seuls les actes \u00e9tablis apr\u00e8s 1912 sont d\u00e9tenus par la Mairie et pourront \u00eatre d\u00e9livr\u00e9s par la Ville. Pour les actes plus anciens, merci de vous adresser aux <a href=\"https:\/\/archives.haute-garonne.fr\/archive\/recherche\/etatcivil\/n:97\">archives d\u00e9partementales<\/a>.[\/vc_column_text][vc_column_text]<\/p>\n<h2><span style=\"color: #ff6600;\">Les conditions de d\u00e9livrance des actes<\/span><\/h2>\n<p>Dans le but de prot\u00e9ger le secret de la vie priv\u00e9e et de r\u00e9duire les tentatives de fraudes (dont l\u2019usurpation d\u2019identit\u00e9), le d\u00e9cret du 16 septembre 1997 (97-852 du 18\/09\/1997) pose des conditions particuli\u00e8res pour la d\u00e9livrance de certains actes.<\/p>\n<h3>Conditions sp\u00e9cifiques<\/h3>\n<p>Les&nbsp;<strong>copies int\u00e9grales&nbsp;<\/strong>des actes de naissance, mariage et de reconnaissance, et les&nbsp;<strong>extraits avec indications de filiation&nbsp;<\/strong>des actes de naissance et de mariage ne peuvent \u00eatre d\u00e9livr\u00e9s qu&rsquo;\u00e0 la personne majeure concern\u00e9e par l\u2019acte, ses ascendants (parents, grands-parents \u2026), ses descendants (enfants, petits-enfants \u2026), son \u00e9poux ou \u00e9pouse, ou son repr\u00e9sentant l\u00e9gal (tuteur\u2026).<\/p>\n<h3>Sans condition<\/h3>\n<p>Les&nbsp;<strong>extraits simples&nbsp;<\/strong>(sans indication de filiation) pour les actes de naissance et de mariage, les&nbsp;<strong>copies int\u00e9grales de d\u00e9c\u00e8s&nbsp;<\/strong>et les&nbsp;<strong>actes de plus de 75 ans <\/strong>peuvent \u00eatre d\u00e9livr\u00e9s \u00e0 tout demandeur, sans condition particuli\u00e8re.[\/vc_column_text][vc_column_text]<\/p>\n<h2><span style=\"color: #ff6600;\">Obtenir un acte d&rsquo;\u00e9tat civil<\/span><\/h2>\n<p>Pour obtenir l&rsquo;acte d&rsquo;\u00e9tat civil voulu, vous pouvez :&nbsp;<\/p>\n<ul>\n<li>vous d\u00e9placer en Mairie (sans rendez-vous) avec votre carte d&rsquo;identit\u00e9, aux horaires d&rsquo;ouverture<\/li>\n<li>envoyer <a href=\"mailto:\/\/f.leyme@mairie-villemur-sur-tarn.fr\">un mail au service \u00e9tat civil<\/a> en joignant la copie de votre carte d&rsquo;identit\u00e9 ainsi que le d\u00e9tail de votre adresse postale. L&rsquo;acte demand\u00e9 vous sera envoy\u00e9 directement par courrier (pas de pi\u00e8ce transmise par mail).<\/li>\n<\/ul>\n<p>[\/vc_column_text][\/vc_column][vc_column width=\u00a0\u00bb1\/3&Prime;][vc_column_text css=\u00a0\u00bb.vc_custom_1736248237221{padding-top: 4px !important;padding-right: 10px !important;padding-bottom: 10px !important;padding-left: 10px !important;background-color: #eaeaea !important;}\u00a0\u00bb]<\/p>\n<h3><span style=\"color: #ff6600;\"><i class=\"fas fa-info-circle \" ><\/i> Mon contact utile<\/span><\/h3>\n<p><span style=\"color: #000000;\"><span style=\"color: #ff6600;\"><i class=\"fas fa-map-marker-alt \" ><\/i><\/span> Service citoyennet\u00e9<\/span><\/p>\n<p><span style=\"color: #ff6600;\"><i class=\"fas fa-phone-alt \" ><\/i><\/span> 05 61 37 61 20<\/p>\n<p><span style=\"color: #ff6600;\"><i class=\"fas fa-mail-bulk \" ><\/i> <\/span><a href=\"mailto:f.leyme@mairie-villemur-sur-tarn.fr\">f.leyme@mairie-villemur-sur-tarn.fr<\/a>[\/vc_column_text][\/vc_column][\/vc_row]<\/p>\n","protected":false},"excerpt":{"rendered":"<p>[vc_row][vc_column width=\u00a0\u00bb2\/3&Prime; css=\u00a0\u00bb.vc_custom_1545148948889{margin-top: -80px !important;}\u00a0\u00bb][vc_column_text] Les actes d\u00e9livr\u00e9s par la ville Le service de l&rsquo;\u00c9tat civil de Villemur-sur-Tarn peut d\u00e9livrer, gratuitement et sur simple demande, trois types d&rsquo;actes : l&rsquo;acte de naissance, lorsque celle-ci a eu lieu \u00e0 Villemur l&rsquo;acte de mariage, lorsque celui-ci a \u00e9t\u00e9 c\u00e9l\u00e9br\u00e9 \u00e0 Villemur l&rsquo;acte de d\u00e9c\u00e8s, si le d\u00e9c\u00e8s [&hellip;]<\/p>\n","protected":false},"author":1,"featured_media":16004,"parent":4004,"menu_order":0,"comment_status":"closed","ping_status":"closed","template":"","meta":{"_uag_custom_page_level_css":"","ngg_post_thumbnail":0,"footnotes":""},"class_list":["post-4008","page","type-page","status-publish","has-post-thumbnail","hentry"],"yoast_head":"<!-- This site is optimized with the Yoast SEO plugin v27.3 - https:\/\/yoast.com\/product\/yoast-seo-wordpress\/ -->\n<title>Actes d&#039;\u00e9tat civil - Mairie Villemur-sur-Tarn<\/title>\n<meta name=\"description\" content=\"Demander un acte de naissance, de mariage ou de d\u00e9c\u00e8s.\" \/>\n<meta name=\"robots\" content=\"index, follow, max-snippet:-1, max-image-preview:large, max-video-preview:-1\" \/>\n<link rel=\"canonical\" href=\"https:\/\/www.mairie-villemur-sur-tarn.fr\/site\/vos-services-au-quotidien\/etat-civil-documents-officiels\/acte-detat-civil\/\" \/>\n<meta property=\"og:locale\" content=\"fr_FR\" \/>\n<meta property=\"og:type\" content=\"article\" \/>\n<meta property=\"og:title\" content=\"Actes d&#039;\u00e9tat civil - Mairie Villemur-sur-Tarn\" \/>\n<meta property=\"og:description\" content=\"Demander un acte de naissance, de mariage ou de d\u00e9c\u00e8s.\" \/>\n<meta property=\"og:url\" content=\"https:\/\/www.mairie-villemur-sur-tarn.fr\/site\/vos-services-au-quotidien\/etat-civil-documents-officiels\/acte-detat-civil\/\" \/>\n<meta property=\"og:site_name\" content=\"Mairie Villemur-sur-Tarn\" \/>\n<meta property=\"article:publisher\" content=\"https:\/\/www.facebook.com\/mairievillemursurtarn\" \/>\n<meta property=\"article:modified_time\" content=\"2025-01-07T11:18:00+00:00\" \/>\n<meta property=\"og:image\" content=\"https:\/\/www.mairie-villemur-sur-tarn.fr\/site\/wp-content\/uploads\/Img-mise-en-avant-WP-actes.jpg\" \/>\n\t<meta property=\"og:image:width\" content=\"2500\" \/>\n\t<meta property=\"og:image:height\" content=\"1313\" \/>\n\t<meta property=\"og:image:type\" content=\"image\/jpeg\" \/>\n<meta name=\"twitter:card\" content=\"summary_large_image\" \/>\n<meta name=\"twitter:label1\" content=\"Dur\u00e9e de lecture estim\u00e9e\" \/>\n\t<meta name=\"twitter:data1\" content=\"3 minutes\" \/>\n<script type=\"application\/ld+json\" class=\"yoast-schema-graph\">{\"@context\":\"https:\\\/\\\/schema.org\",\"@graph\":[{\"@type\":\"WebPage\",\"@id\":\"https:\\\/\\\/www.mairie-villemur-sur-tarn.fr\\\/site\\\/vos-services-au-quotidien\\\/etat-civil-documents-officiels\\\/acte-detat-civil\\\/\",\"url\":\"https:\\\/\\\/www.mairie-villemur-sur-tarn.fr\\\/site\\\/vos-services-au-quotidien\\\/etat-civil-documents-officiels\\\/acte-detat-civil\\\/\",\"name\":\"Actes d'\u00e9tat civil - Mairie Villemur-sur-Tarn\",\"isPartOf\":{\"@id\":\"https:\\\/\\\/www.mairie-villemur-sur-tarn.fr\\\/site\\\/#website\"},\"primaryImageOfPage\":{\"@id\":\"https:\\\/\\\/www.mairie-villemur-sur-tarn.fr\\\/site\\\/vos-services-au-quotidien\\\/etat-civil-documents-officiels\\\/acte-detat-civil\\\/#primaryimage\"},\"image\":{\"@id\":\"https:\\\/\\\/www.mairie-villemur-sur-tarn.fr\\\/site\\\/vos-services-au-quotidien\\\/etat-civil-documents-officiels\\\/acte-detat-civil\\\/#primaryimage\"},\"thumbnailUrl\":\"https:\\\/\\\/www.mairie-villemur-sur-tarn.fr\\\/site\\\/wp-content\\\/uploads\\\/Img-mise-en-avant-WP-actes.jpg\",\"datePublished\":\"2018-12-10T14:22:04+00:00\",\"dateModified\":\"2025-01-07T11:18:00+00:00\",\"description\":\"Demander un acte de naissance, de mariage ou de d\u00e9c\u00e8s.\",\"breadcrumb\":{\"@id\":\"https:\\\/\\\/www.mairie-villemur-sur-tarn.fr\\\/site\\\/vos-services-au-quotidien\\\/etat-civil-documents-officiels\\\/acte-detat-civil\\\/#breadcrumb\"},\"inLanguage\":\"fr-FR\",\"potentialAction\":[{\"@type\":\"ReadAction\",\"target\":[\"https:\\\/\\\/www.mairie-villemur-sur-tarn.fr\\\/site\\\/vos-services-au-quotidien\\\/etat-civil-documents-officiels\\\/acte-detat-civil\\\/\"]}]},{\"@type\":\"ImageObject\",\"inLanguage\":\"fr-FR\",\"@id\":\"https:\\\/\\\/www.mairie-villemur-sur-tarn.fr\\\/site\\\/vos-services-au-quotidien\\\/etat-civil-documents-officiels\\\/acte-detat-civil\\\/#primaryimage\",\"url\":\"https:\\\/\\\/www.mairie-villemur-sur-tarn.fr\\\/site\\\/wp-content\\\/uploads\\\/Img-mise-en-avant-WP-actes.jpg\",\"contentUrl\":\"https:\\\/\\\/www.mairie-villemur-sur-tarn.fr\\\/site\\\/wp-content\\\/uploads\\\/Img-mise-en-avant-WP-actes.jpg\",\"width\":2500,\"height\":1313},{\"@type\":\"BreadcrumbList\",\"@id\":\"https:\\\/\\\/www.mairie-villemur-sur-tarn.fr\\\/site\\\/vos-services-au-quotidien\\\/etat-civil-documents-officiels\\\/acte-detat-civil\\\/#breadcrumb\",\"itemListElement\":[{\"@type\":\"ListItem\",\"position\":1,\"name\":\"Accueil\",\"item\":\"https:\\\/\\\/www.mairie-villemur-sur-tarn.fr\\\/site\\\/\"},{\"@type\":\"ListItem\",\"position\":2,\"name\":\"VOS SERVICES AU QUOTIDIEN\",\"item\":\"https:\\\/\\\/www.mairie-villemur-sur-tarn.fr\\\/site\\\/vos-services-au-quotidien\\\/\"},{\"@type\":\"ListItem\",\"position\":3,\"name\":\"\u00c9TAT-CIVIL ET CITOYENNET\u00c9\",\"item\":\"https:\\\/\\\/www.mairie-villemur-sur-tarn.fr\\\/site\\\/vos-services-au-quotidien\\\/etat-civil-documents-officiels\\\/\"},{\"@type\":\"ListItem\",\"position\":4,\"name\":\"Actes d&rsquo;\u00e9tat civil\"}]},{\"@type\":\"WebSite\",\"@id\":\"https:\\\/\\\/www.mairie-villemur-sur-tarn.fr\\\/site\\\/#website\",\"url\":\"https:\\\/\\\/www.mairie-villemur-sur-tarn.fr\\\/site\\\/\",\"name\":\"Mairie Villemur-sur-Tarn\",\"description\":\"Site officiel canton Villemur Toulouse Nord. D\u00e9marches en ligne, conseil municipal, actualit\u00e9s Villemur, Annuaire Villemur, March\u00e9s...\",\"publisher\":{\"@id\":\"https:\\\/\\\/www.mairie-villemur-sur-tarn.fr\\\/site\\\/#organization\"},\"potentialAction\":[{\"@type\":\"SearchAction\",\"target\":{\"@type\":\"EntryPoint\",\"urlTemplate\":\"https:\\\/\\\/www.mairie-villemur-sur-tarn.fr\\\/site\\\/?s={search_term_string}\"},\"query-input\":{\"@type\":\"PropertyValueSpecification\",\"valueRequired\":true,\"valueName\":\"search_term_string\"}}],\"inLanguage\":\"fr-FR\"},{\"@type\":\"Organization\",\"@id\":\"https:\\\/\\\/www.mairie-villemur-sur-tarn.fr\\\/site\\\/#organization\",\"name\":\"Mairie Villemur-sur-Tarn\",\"url\":\"https:\\\/\\\/www.mairie-villemur-sur-tarn.fr\\\/site\\\/\",\"logo\":{\"@type\":\"ImageObject\",\"inLanguage\":\"fr-FR\",\"@id\":\"https:\\\/\\\/www.mairie-villemur-sur-tarn.fr\\\/site\\\/#\\\/schema\\\/logo\\\/image\\\/\",\"url\":\"https:\\\/\\\/www.mairie-villemur-sur-tarn.fr\\\/site\\\/wp-content\\\/uploads\\\/Villemur-LOGO-carre-PNG.png\",\"contentUrl\":\"https:\\\/\\\/www.mairie-villemur-sur-tarn.fr\\\/site\\\/wp-content\\\/uploads\\\/Villemur-LOGO-carre-PNG.png\",\"width\":887,\"height\":886,\"caption\":\"Mairie Villemur-sur-Tarn\"},\"image\":{\"@id\":\"https:\\\/\\\/www.mairie-villemur-sur-tarn.fr\\\/site\\\/#\\\/schema\\\/logo\\\/image\\\/\"},\"sameAs\":[\"https:\\\/\\\/www.facebook.com\\\/mairievillemursurtarn\",\"https:\\\/\\\/www.instagram.com\\\/villemur_sur_tarn\\\/\"]}]}<\/script>\n<!-- \/ Yoast SEO plugin. -->","yoast_head_json":{"title":"Actes d'\u00e9tat civil - Mairie Villemur-sur-Tarn","description":"Demander un acte de naissance, de mariage ou de d\u00e9c\u00e8s.","robots":{"index":"index","follow":"follow","max-snippet":"max-snippet:-1","max-image-preview":"max-image-preview:large","max-video-preview":"max-video-preview:-1"},"canonical":"https:\/\/www.mairie-villemur-sur-tarn.fr\/site\/vos-services-au-quotidien\/etat-civil-documents-officiels\/acte-detat-civil\/","og_locale":"fr_FR","og_type":"article","og_title":"Actes d'\u00e9tat civil - Mairie Villemur-sur-Tarn","og_description":"Demander un acte de naissance, de mariage ou de d\u00e9c\u00e8s.","og_url":"https:\/\/www.mairie-villemur-sur-tarn.fr\/site\/vos-services-au-quotidien\/etat-civil-documents-officiels\/acte-detat-civil\/","og_site_name":"Mairie Villemur-sur-Tarn","article_publisher":"https:\/\/www.facebook.com\/mairievillemursurtarn","article_modified_time":"2025-01-07T11:18:00+00:00","og_image":[{"width":2500,"height":1313,"url":"https:\/\/www.mairie-villemur-sur-tarn.fr\/site\/wp-content\/uploads\/Img-mise-en-avant-WP-actes.jpg","type":"image\/jpeg"}],"twitter_card":"summary_large_image","twitter_misc":{"Dur\u00e9e de lecture estim\u00e9e":"3 minutes"},"schema":{"@context":"https:\/\/schema.org","@graph":[{"@type":"WebPage","@id":"https:\/\/www.mairie-villemur-sur-tarn.fr\/site\/vos-services-au-quotidien\/etat-civil-documents-officiels\/acte-detat-civil\/","url":"https:\/\/www.mairie-villemur-sur-tarn.fr\/site\/vos-services-au-quotidien\/etat-civil-documents-officiels\/acte-detat-civil\/","name":"Actes d'\u00e9tat civil - Mairie Villemur-sur-Tarn","isPartOf":{"@id":"https:\/\/www.mairie-villemur-sur-tarn.fr\/site\/#website"},"primaryImageOfPage":{"@id":"https:\/\/www.mairie-villemur-sur-tarn.fr\/site\/vos-services-au-quotidien\/etat-civil-documents-officiels\/acte-detat-civil\/#primaryimage"},"image":{"@id":"https:\/\/www.mairie-villemur-sur-tarn.fr\/site\/vos-services-au-quotidien\/etat-civil-documents-officiels\/acte-detat-civil\/#primaryimage"},"thumbnailUrl":"https:\/\/www.mairie-villemur-sur-tarn.fr\/site\/wp-content\/uploads\/Img-mise-en-avant-WP-actes.jpg","datePublished":"2018-12-10T14:22:04+00:00","dateModified":"2025-01-07T11:18:00+00:00","description":"Demander un acte de naissance, de mariage ou de d\u00e9c\u00e8s.","breadcrumb":{"@id":"https:\/\/www.mairie-villemur-sur-tarn.fr\/site\/vos-services-au-quotidien\/etat-civil-documents-officiels\/acte-detat-civil\/#breadcrumb"},"inLanguage":"fr-FR","potentialAction":[{"@type":"ReadAction","target":["https:\/\/www.mairie-villemur-sur-tarn.fr\/site\/vos-services-au-quotidien\/etat-civil-documents-officiels\/acte-detat-civil\/"]}]},{"@type":"ImageObject","inLanguage":"fr-FR","@id":"https:\/\/www.mairie-villemur-sur-tarn.fr\/site\/vos-services-au-quotidien\/etat-civil-documents-officiels\/acte-detat-civil\/#primaryimage","url":"https:\/\/www.mairie-villemur-sur-tarn.fr\/site\/wp-content\/uploads\/Img-mise-en-avant-WP-actes.jpg","contentUrl":"https:\/\/www.mairie-villemur-sur-tarn.fr\/site\/wp-content\/uploads\/Img-mise-en-avant-WP-actes.jpg","width":2500,"height":1313},{"@type":"BreadcrumbList","@id":"https:\/\/www.mairie-villemur-sur-tarn.fr\/site\/vos-services-au-quotidien\/etat-civil-documents-officiels\/acte-detat-civil\/#breadcrumb","itemListElement":[{"@type":"ListItem","position":1,"name":"Accueil","item":"https:\/\/www.mairie-villemur-sur-tarn.fr\/site\/"},{"@type":"ListItem","position":2,"name":"VOS SERVICES AU QUOTIDIEN","item":"https:\/\/www.mairie-villemur-sur-tarn.fr\/site\/vos-services-au-quotidien\/"},{"@type":"ListItem","position":3,"name":"\u00c9TAT-CIVIL ET CITOYENNET\u00c9","item":"https:\/\/www.mairie-villemur-sur-tarn.fr\/site\/vos-services-au-quotidien\/etat-civil-documents-officiels\/"},{"@type":"ListItem","position":4,"name":"Actes d&rsquo;\u00e9tat civil"}]},{"@type":"WebSite","@id":"https:\/\/www.mairie-villemur-sur-tarn.fr\/site\/#website","url":"https:\/\/www.mairie-villemur-sur-tarn.fr\/site\/","name":"Mairie Villemur-sur-Tarn","description":"Site officiel canton Villemur Toulouse Nord. D\u00e9marches en ligne, conseil municipal, actualit\u00e9s Villemur, Annuaire Villemur, March\u00e9s...","publisher":{"@id":"https:\/\/www.mairie-villemur-sur-tarn.fr\/site\/#organization"},"potentialAction":[{"@type":"SearchAction","target":{"@type":"EntryPoint","urlTemplate":"https:\/\/www.mairie-villemur-sur-tarn.fr\/site\/?s={search_term_string}"},"query-input":{"@type":"PropertyValueSpecification","valueRequired":true,"valueName":"search_term_string"}}],"inLanguage":"fr-FR"},{"@type":"Organization","@id":"https:\/\/www.mairie-villemur-sur-tarn.fr\/site\/#organization","name":"Mairie Villemur-sur-Tarn","url":"https:\/\/www.mairie-villemur-sur-tarn.fr\/site\/","logo":{"@type":"ImageObject","inLanguage":"fr-FR","@id":"https:\/\/www.mairie-villemur-sur-tarn.fr\/site\/#\/schema\/logo\/image\/","url":"https:\/\/www.mairie-villemur-sur-tarn.fr\/site\/wp-content\/uploads\/Villemur-LOGO-carre-PNG.png","contentUrl":"https:\/\/www.mairie-villemur-sur-tarn.fr\/site\/wp-content\/uploads\/Villemur-LOGO-carre-PNG.png","width":887,"height":886,"caption":"Mairie Villemur-sur-Tarn"},"image":{"@id":"https:\/\/www.mairie-villemur-sur-tarn.fr\/site\/#\/schema\/logo\/image\/"},"sameAs":["https:\/\/www.facebook.com\/mairievillemursurtarn","https:\/\/www.instagram.com\/villemur_sur_tarn\/"]}]}},"uagb_featured_image_src":{"full":["https:\/\/www.mairie-villemur-sur-tarn.fr\/site\/wp-content\/uploads\/Img-mise-en-avant-WP-actes.jpg",2500,1313,false],"thumbnail":["https:\/\/www.mairie-villemur-sur-tarn.fr\/site\/wp-content\/uploads\/Img-mise-en-avant-WP-actes-150x150.jpg",150,150,true],"medium":["https:\/\/www.mairie-villemur-sur-tarn.fr\/site\/wp-content\/uploads\/Img-mise-en-avant-WP-actes-300x300.jpg",300,300,true],"medium_large":["https:\/\/www.mairie-villemur-sur-tarn.fr\/site\/wp-content\/uploads\/Img-mise-en-avant-WP-actes-768x403.jpg",768,403,true],"large":["https:\/\/www.mairie-villemur-sur-tarn.fr\/site\/wp-content\/uploads\/Img-mise-en-avant-WP-actes-1024x538.jpg",900,473,true],"1536x1536":["https:\/\/www.mairie-villemur-sur-tarn.fr\/site\/wp-content\/uploads\/Img-mise-en-avant-WP-actes-1536x807.jpg",1536,807,true],"2048x2048":["https:\/\/www.mairie-villemur-sur-tarn.fr\/site\/wp-content\/uploads\/Img-mise-en-avant-WP-actes-2048x1076.jpg",2048,1076,true],"post-thumbnail":["https:\/\/www.mairie-villemur-sur-tarn.fr\/site\/wp-content\/uploads\/Img-mise-en-avant-WP-actes-600x315.jpg",600,315,true],"winnex_medium":["https:\/\/www.mairie-villemur-sur-tarn.fr\/site\/wp-content\/uploads\/Img-mise-en-avant-WP-actes-500x375.jpg",500,375,true],"winnex_height":["https:\/\/www.mairie-villemur-sur-tarn.fr\/site\/wp-content\/uploads\/Img-mise-en-avant-WP-actes-400x468.jpg",400,468,true]},"uagb_author_info":{"display_name":"Mairie de Villemur-sur-Tarn","author_link":"https:\/\/www.mairie-villemur-sur-tarn.fr\/site\/author\/villmurtarn_admin\/"},"uagb_comment_info":0,"uagb_excerpt":"[vc_row][vc_column width=\u00a0\u00bb2\/3&Prime; css=\u00a0\u00bb.vc_custom_1545148948889{margin-top: -80px !important;}\u00a0\u00bb][vc_column_text] Les actes d\u00e9livr\u00e9s par la ville Le service de l&rsquo;\u00c9tat civil de Villemur-sur-Tarn peut d\u00e9livrer, gratuitement et sur simple demande, trois types d&rsquo;actes : l&rsquo;acte de naissance, lorsque celle-ci a eu lieu \u00e0 Villemur l&rsquo;acte de mariage, lorsque celui-ci a \u00e9t\u00e9 c\u00e9l\u00e9br\u00e9 \u00e0 Villemur l&rsquo;acte de d\u00e9c\u00e8s, si le d\u00e9c\u00e8s\u2026","_links":{"self":[{"href":"https:\/\/www.mairie-villemur-sur-tarn.fr\/site\/wp-json\/wp\/v2\/pages\/4008","targetHints":{"allow":["GET"]}}],"collection":[{"href":"https:\/\/www.mairie-villemur-sur-tarn.fr\/site\/wp-json\/wp\/v2\/pages"}],"about":[{"href":"https:\/\/www.mairie-villemur-sur-tarn.fr\/site\/wp-json\/wp\/v2\/types\/page"}],"author":[{"embeddable":true,"href":"https:\/\/www.mairie-villemur-sur-tarn.fr\/site\/wp-json\/wp\/v2\/users\/1"}],"replies":[{"embeddable":true,"href":"https:\/\/www.mairie-villemur-sur-tarn.fr\/site\/wp-json\/wp\/v2\/comments?post=4008"}],"version-history":[{"count":9,"href":"https:\/\/www.mairie-villemur-sur-tarn.fr\/site\/wp-json\/wp\/v2\/pages\/4008\/revisions"}],"predecessor-version":[{"id":16096,"href":"https:\/\/www.mairie-villemur-sur-tarn.fr\/site\/wp-json\/wp\/v2\/pages\/4008\/revisions\/16096"}],"up":[{"embeddable":true,"href":"https:\/\/www.mairie-villemur-sur-tarn.fr\/site\/wp-json\/wp\/v2\/pages\/4004"}],"wp:featuredmedia":[{"embeddable":true,"href":"https:\/\/www.mairie-villemur-sur-tarn.fr\/site\/wp-json\/wp\/v2\/media\/16004"}],"wp:attachment":[{"href":"https:\/\/www.mairie-villemur-sur-tarn.fr\/site\/wp-json\/wp\/v2\/media?parent=4008"}],"curies":[{"name":"wp","href":"https:\/\/api.w.org\/{rel}","templated":true}]}}