{"id":4010,"date":"2018-12-10T15:22:47","date_gmt":"2018-12-10T14:22:47","guid":{"rendered":"https:\/\/www.mairie-villemur-sur-tarn.fr\/site\/?page_id=4010"},"modified":"2026-03-04T09:19:09","modified_gmt":"2026-03-04T08:19:09","slug":"pieces-didentite","status":"publish","type":"page","link":"https:\/\/www.mairie-villemur-sur-tarn.fr\/site\/vos-services-au-quotidien\/etat-civil-documents-officiels\/pieces-didentite\/","title":{"rendered":"Carte nationale d&rsquo;identit\u00e9 et passeport : vos d\u00e9marches"},"content":{"rendered":"<p>[vc_row css=\u00a0\u00bb.vc_custom_1771579695637{margin-top: -100px !important;margin-bottom: -200px !important;}\u00a0\u00bb][vc_column][vc_column_text]<\/p>\n<div style=\"clear: both; height: 15px; width: 100%;\">&nbsp;<\/div>\n<div style=\"background: #f2f2f2; border: 1px solid #d1d1d1; border-top: 8px solid #8ac8d1; border-radius: 8px; padding: 20px; text-align: left; width: 90%; margin-left: 2%; font-size: 0.95em; line-height: 1.6; position: relative; z-index: 1;\">\n<div style=\"border-left: 5px solid #0f7697; padding-left: 12px; margin-bottom: 20px;\"><strong>IMPORTANT : Les normes concernant les photos sur les cartes d&rsquo;identit\u00e9 \u00e9voluent&nbsp;<\/strong><\/div>\n<div>Plus strictes, elles sont n\u00e9anmoins essentielles \u00e0 respecter pour un traitement fluide de votre dossier.<\/div>\n<ul>\n<li>Photo nette sans pliure ni trace<\/li>\n<li>Largeur : 3.5 cm \u00b7 Hauteur : 4.5 cm &gt; taille du visage : entre 3.2 et 3.6 cm (soit 70 \u00e0 80% de la photo du bas du menton au sommet du cr\u00e2ne hors cheveux.<\/li>\n<li>La photo ne doit pr\u00e9senter ni surexposition, ni sous-exposition. Elle doit \u00eatre correctement contrast\u00e9e, sans ombre port\u00e9e sur le visage ou en arri\u00e8re-plan.<\/li>\n<li>Une photo en couleurs est fortement recommand\u00e9e<\/li>\n<li>Le fond de la photo doit \u00eatre uni, de couleur claire. <strong>Le fond blanc est interdit<\/strong>.<\/li>\n<li>La t\u00eate doit \u00eatre nue (pas de chapeau, foulard ou serre-t\u00eate).<strong> La t\u00eate doit \u00eatre droite et le visage est dirig\u00e9 face \u00e0 l&rsquo;objectif.<\/strong><\/li>\n<li>Il faut <strong>fixer l&rsquo;objectif<\/strong>. L&rsquo;expression doit \u00eatre neutre et <strong>la bouche ferm\u00e9e<\/strong>.<\/li>\n<li><strong>Le visage doit \u00eatre d\u00e9gag\u00e9<\/strong>. les yeux doivent \u00eatre parfaitement visibles et ouverts.<\/li>\n<li>Si vous avez des lunettes, vous n&rsquo;\u00eates pas oblig\u00e9 de les porter sur les photos. Si vous les portez, <strong>la monture ne doit pas \u00eatre \u00e9paisse<\/strong> et masquer les yeux. les verres ne doivent pas \u00eatre teint\u00e9s, ni color\u00e9s. Ils ne doivent pas cr\u00e9er de reflet.<\/li>\n<li>Les cheveux ne doivent pas recouvrir le visage. <strong>La frange peut \u00eatre accept\u00e9e si elle ne recouvre pas les yeux. Les oreilles doivent \u00eatre d\u00e9gag\u00e9es.<\/strong><\/li>\n<\/ul>\n<p><a href=\"https:\/\/www.service-public.gouv.fr\/particuliers\/vosdroits\/F10619\" target=\"_blank\" rel=\"noopener\"><strong>&gt; Retrouvez toutes les informations d\u00e9taill\u00e9es sur les photos d&rsquo;identit\u00e9 sur le site officiel du service public<\/strong><\/a><\/p>\n<\/div>\n<p>[\/vc_column_text][\/vc_column][\/vc_row][vc_row][vc_column width=\u00a0\u00bb2\/3&Prime;][vc_column_text]<\/p>\n<h2><span style=\"color: #ff9900;\">1 &#8211; Je constitue mon dossier<\/span><\/h2>\n<p>Pour demander ou renouveler une carte d&rsquo;identit\u00e9, il est <strong>obligatoire de faire une pr\u00e9-demande sur le site <\/strong><a href=\"https:\/\/ants.gouv.fr\/\" target=\"_blank\" rel=\"noopener\"><strong>ants.gouv.fr<\/strong> <\/a>avant de pouvoir prendre un rendez-vous en Mairie. Les pi\u00e8ces justificatives \u00e0 fournir sont diff\u00e9rentes en fonction de votre situation.[\/vc_column_text][vc_row_inner][vc_column_inner width=\u00a0\u00bb1\/3&Prime;][vc_single_image image=\u00a0\u00bb16042&Prime; img_size=\u00a0\u00bbfull\u00a0\u00bb alignment=\u00a0\u00bbcenter\u00a0\u00bb onclick=\u00a0\u00bbcustom_link\u00a0\u00bb title=\u00a0\u00bbPi\u00e8ces justificatives &#8211; Carte d&rsquo;identit\u00e9 d&rsquo;un mineur\u00a0\u00bb link=\u00a0\u00bbhttps:\/\/www.mairie-villemur-sur-tarn.fr\/site\/vos-services-au-quotidien\/etat-civil-documents-officiels\/pieces-didentite\/carte-didentite-dun-mineur\/\u00a0\u00bb][\/vc_column_inner][vc_column_inner width=\u00a0\u00bb1\/3&Prime;][vc_single_image image=\u00a0\u00bb16044&Prime; img_size=\u00a0\u00bbfull\u00a0\u00bb alignment=\u00a0\u00bbcenter\u00a0\u00bb onclick=\u00a0\u00bbcustom_link\u00a0\u00bb title=\u00a0\u00bbPi\u00e8ces justificatives &#8211; Carte d&rsquo;identit\u00e9 d&rsquo;un majeur\u00a0\u00bb link=\u00a0\u00bbhttps:\/\/www.mairie-villemur-sur-tarn.fr\/site\/vos-services-au-quotidien\/etat-civil-documents-officiels\/pieces-didentite\/carte-didentite-dun-majeur\/\u00a0\u00bb][\/vc_column_inner][vc_column_inner width=\u00a0\u00bb1\/3&Prime;][vc_single_image image=\u00a0\u00bb16048&Prime; img_size=\u00a0\u00bbfull\u00a0\u00bb alignment=\u00a0\u00bbcenter\u00a0\u00bb onclick=\u00a0\u00bbcustom_link\u00a0\u00bb img_link_target=\u00a0\u00bb_blank\u00a0\u00bb title=\u00a0\u00bbPi\u00e8ces justificatives &#8211; Demander un passeport &#8211; tous \u00e2ges\u00a0\u00bb link=\u00a0\u00bbhttps:\/\/www.mairie-villemur-sur-tarn.fr\/site\/passeport\/\u00a0\u00bb][\/vc_column_inner][\/vc_row_inner][vc_empty_space][\/vc_column][vc_column width=\u00a0\u00bb1\/3&Prime;][vc_column_text css=\u00a0\u00bb.vc_custom_1736246609133{padding-top: 4px !important;padding-right: 10px !important;padding-bottom: 10px !important;padding-left: 10px !important;background-color: #eaeaea !important;}\u00a0\u00bb]<\/p>\n<h4><span style=\"color: #0000ff;\">Service \u00e9tat-civil<\/span><\/h4>\n<p><span style=\"color: #0000ff;\"><i class=\"fas fa-map-marker-alt \" ><\/i><\/span> Place Charles Ourgaut, Villemur-sur-Tarn<\/p>\n<p><span style=\"color: #0000ff;\"><i class=\"fas fa-phone-alt \" ><\/i><\/span> 05 61 37 61 20<\/p>\n<p><span style=\"color: #0000ff;\"><i class=\"fas fa-info-circle \" ><\/i><\/span> Le bureau des titres d&rsquo;identit\u00e9 se situe au premier \u00e9tage de la Mairie. Il est accessible par ascenseur.[\/vc_column_text][\/vc_column][\/vc_row][vc_row css=\u00a0\u00bb.vc_custom_1736246418302{margin-top: -250px !important;}\u00a0\u00bb][vc_column width=\u00a0\u00bb2\/3&Prime;][vc_column_text]<\/p>\n<h2><span style=\"color: #ff9900;\">2 &#8211; Je prends rendez-vous en Mairie <\/span><span style=\"color: #ff9900;\">pour faire ma demande<\/span><\/h2>\n<p>Avant de prendre rendez-vous en Mairie, il est obligatoire de faire une pr\u00e9-demande sur le site <a href=\"https:\/\/ants.gouv.fr\">ants.gouv.fr<\/a><\/p>\n<p>Une fois que vous avez fait la pr\u00e9-demande et que vous l&rsquo;avez imprim\u00e9e, vous pouvez prendre rendez-vous en Mairie.<br \/>\n<em>\u00c0 noter : si vous n&rsquo;avez pas de possibilit\u00e9 d&rsquo;imprimer chez vous, vous pouvez vous rendre \u00e0 la Maison France Services de Villemur. Aucune photocopie ne sera faite sur place.<\/em><\/p>\n<p><strong>La prise de rendez-vous s&rsquo;effectue uniquement en ligne. Aucun rendez-vous ne sera donn\u00e9 par t\u00e9l\u00e9phone.<\/strong><\/p>\n<p><strong>Merci de prendre un rendez-vous diff\u00e9rent pour chaque dossier.<\/strong>[\/vc_column_text][vc_btn title=\u00a0\u00bbJe prends rendez-vous pour demander mon titre d&rsquo;identit\u00e9\u00a0\u00bb color=\u00a0\u00bbprimary\u00a0\u00bb align=\u00a0\u00bbcenter\u00a0\u00bb i_icon_fontawesome=\u00a0\u00bbfa fa-mouse-pointer\u00a0\u00bb add_icon=\u00a0\u00bbtrue\u00a0\u00bb link=\u00a0\u00bburl:https%3A%2F%2Fwww.mairie-villemur-sur-tarn.fr%2Fsite%2Fvos-services-au-quotidien%2Fetat-civil-documents-officiels%2Fpieces-didentite%2Fdemarches-cni-passeport%2F||target:%20_blank|\u00a0\u00bb][vc_column_text css=\u00a0\u00bb.vc_custom_1736244754474{padding-top: 4px !important;padding-right: 10px !important;padding-bottom: 10px !important;padding-left: 10px !important;background-color: #8ac8d1 !important;}\u00a0\u00bb]<\/p>\n<h4><i class=\"far fa-lightbulb \" ><\/i> L&rsquo;info en plus<\/h4>\n<p>Lorsque votre rendez-vous est enregistr\u00e9, vous recevez un SMS et un mail de confirmation de rendez-vous.&nbsp;<\/p>\n<p>Si vous ne les avez pas re\u00e7us, nous vous invitons \u00e0 v\u00e9rifier que le cr\u00e9neau choisi est toujours disponible et, si besoin, \u00e0 r\u00e9essayer.<\/p>\n<p><em>Les cr\u00e9neaux de rendez-vous sont ouverts environ deux mois \u00e0 l&rsquo;avance. Si aucun cr\u00e9neau n&rsquo;est disponible lors de votre connexion sur le site, nous vous invitons \u00e0 r\u00e9essayer les jours suivants.<\/em>[\/vc_column_text][\/vc_column][vc_column width=\u00a0\u00bb1\/3&Prime;][vc_column_text css=\u00a0\u00bb.vc_custom_1736243977206{border-top-width: 2px !important;border-right-width: 2px !important;border-bottom-width: 2px !important;border-left-width: 2px !important;}\u00a0\u00bb]<\/p>\n<h3><i class=\"far fa-lightbulb \" ><\/i> Vous n&rsquo;avez pas internet ou avez des difficult\u00e9s \u00e0 l&rsquo;utiliser ?<\/h3>\n<p>Rendez-vous \u00e0 la Maison France Services de Villemur-sur-Tarn. Un conseiller pourra vous accompagner pour la r\u00e9alisation de l&rsquo;ensemble de votre d\u00e9marche (sur rendez-vous).[\/vc_column_text][vc_column_text css=\u00a0\u00bb.vc_custom_1736246384033{padding-top: 4px !important;padding-right: 10px !important;padding-bottom: 10px !important;padding-left: 10px !important;background-color: #eaeaea !important;}\u00a0\u00bb]<\/p>\n<h4><span style=\"color: #0000ff;\">Maison France Services &#8211; P\u00f4le social<\/span><\/h4>\n<p><span style=\"color: #0000ff;\"><i class=\"fas fa-map-marker-alt \" ><\/i><\/span> 2 avenue Saint-Exup\u00e9ry, Villemur-sur-Tarn<\/p>\n<p><span style=\"color: #0000ff;\"><i class=\"fas fa-phone-alt \" ><\/i><\/span> 05 61 09 91 38[\/vc_column_text][\/vc_column][\/vc_row][vc_row css=\u00a0\u00bb.vc_custom_1736244704778{margin-top: -150px !important;}\u00a0\u00bb][vc_column width=\u00a0\u00bb2\/3&Prime;][vc_column_text]<\/p>\n<h2><span style=\"color: #ff9900;\">3 &#8211; Je prends rendez-vous pour r\u00e9cup\u00e9rer mon titre d&rsquo;identit\u00e9<\/span><\/h2>\n<p>Une fois votre dossier d\u00e9pos\u00e9 et valid\u00e9 lors du rendez-vous en mairie, votre titre d&rsquo;identit\u00e9 sera cr\u00e9\u00e9 par les services de l&rsquo;\u00c9tat.<br \/>\nVous recevrez ensuite un SMS d\u00e8s qu&rsquo;il sera disponible en Mairie<\/p>\n<p>Pour r\u00e9cup\u00e9rer votre titre,<strong> il est n\u00e9cessaire de reprendre rendez-vous<\/strong>.<\/p>\n<p>Le jour de ce rendez-vous, <strong>il est obligatoire de pr\u00e9senter<\/strong> :&nbsp;<\/p>\n<ul>\n<li>l&rsquo;ancien titre d&rsquo;identit\u00e9 (passeport ou CNI) sauf en cas de perte ou de vol<\/li>\n<li>le r\u00e9c\u00e9piss\u00e9 qui vous a \u00e9t\u00e9 donn\u00e9 lors de la demande du titre<\/li>\n<\/ul>\n<p>Les titres d&rsquo;identit\u00e9 sont conserv\u00e9s trois mois. Pass\u00e9 ce d\u00e9lai, ils seront d\u00e9truits.<\/p>\n<p>La pr\u00e9sence du demandeur est obligatoire pour le retrait du titre d&rsquo;identit\u00e9. Pour les passeports et CNI de mineurs, les enfants de plus de 12 ans doivent \u00eatre pr\u00e9sents.[\/vc_column_text][vc_btn title=\u00a0\u00bbJe prends rendez-vous pour r\u00e9cup\u00e9rer mon titre d&rsquo;identit\u00e9\u00a0\u00bb color=\u00a0\u00bbprimary\u00a0\u00bb align=\u00a0\u00bbcenter\u00a0\u00bb i_icon_fontawesome=\u00a0\u00bbfa fa-mouse-pointer\u00a0\u00bb add_icon=\u00a0\u00bbtrue\u00a0\u00bb link=\u00a0\u00bburl:https%3A%2F%2Fwww.mairie-villemur-sur-tarn.fr%2Fsite%2Fvos-services-au-quotidien%2Fetat-civil-documents-officiels%2Fpieces-didentite%2Fdemarches-cni-passeport%2F||target:%20_blank|\u00a0\u00bb][\/vc_column][vc_column width=\u00a0\u00bb1\/3&Prime;][\/vc_column][\/vc_row][vc_column][\/vc_column]<\/p>\n","protected":false},"excerpt":{"rendered":"<p>[vc_row css=\u00a0\u00bb.vc_custom_1771579695637{margin-top: -100px !important;margin-bottom: -200px !important;}\u00a0\u00bb][vc_column][vc_column_text] &nbsp; IMPORTANT : Les normes concernant les photos sur les cartes d&rsquo;identit\u00e9 \u00e9voluent&nbsp; Plus strictes, elles sont n\u00e9anmoins essentielles \u00e0 respecter pour un traitement fluide de votre dossier. Photo nette sans pliure ni trace Largeur : 3.5 cm \u00b7 Hauteur : 4.5 cm &gt; taille du visage : entre [&hellip;]<\/p>\n","protected":false},"author":1,"featured_media":0,"parent":4004,"menu_order":0,"comment_status":"closed","ping_status":"closed","template":"","meta":{"_uag_custom_page_level_css":"","ngg_post_thumbnail":0,"footnotes":""},"class_list":["post-4010","page","type-page","status-publish","hentry"],"yoast_head":"<!-- This site is optimized with the Yoast SEO plugin v27.3 - https:\/\/yoast.com\/product\/yoast-seo-wordpress\/ -->\n<title>Carte nationale d&#039;identit\u00e9 et passeport : vos d\u00e9marches - Mairie Villemur-sur-Tarn<\/title>\n<meta name=\"robots\" content=\"index, follow, max-snippet:-1, max-image-preview:large, max-video-preview:-1\" \/>\n<link rel=\"canonical\" href=\"https:\/\/www.mairie-villemur-sur-tarn.fr\/site\/vos-services-au-quotidien\/etat-civil-documents-officiels\/pieces-didentite\/\" \/>\n<meta property=\"og:locale\" content=\"fr_FR\" \/>\n<meta property=\"og:type\" content=\"article\" \/>\n<meta property=\"og:title\" content=\"Carte nationale d&#039;identit\u00e9 et passeport : vos d\u00e9marches - Mairie Villemur-sur-Tarn\" \/>\n<meta property=\"og:description\" content=\"[vc_row css=\u00a0\u00bb.vc_custom_1771579695637{margin-top: -100px !important;margin-bottom: -200px !important;}\u00a0\u00bb][vc_column][vc_column_text] &nbsp; IMPORTANT : Les normes concernant les photos sur les cartes d&rsquo;identit\u00e9 \u00e9voluent&nbsp; Plus strictes, elles sont n\u00e9anmoins essentielles \u00e0 respecter pour un traitement fluide de votre dossier. Photo nette sans pliure ni trace Largeur : 3.5 cm \u00b7 Hauteur : 4.5 cm &gt; taille du visage : entre [&hellip;]\" \/>\n<meta property=\"og:url\" content=\"https:\/\/www.mairie-villemur-sur-tarn.fr\/site\/vos-services-au-quotidien\/etat-civil-documents-officiels\/pieces-didentite\/\" \/>\n<meta property=\"og:site_name\" content=\"Mairie Villemur-sur-Tarn\" \/>\n<meta property=\"article:publisher\" content=\"https:\/\/www.facebook.com\/mairievillemursurtarn\" \/>\n<meta property=\"article:modified_time\" content=\"2026-03-04T08:19:09+00:00\" \/>\n<meta name=\"twitter:card\" content=\"summary_large_image\" \/>\n<meta name=\"twitter:label1\" content=\"Dur\u00e9e de lecture estim\u00e9e\" \/>\n\t<meta name=\"twitter:data1\" content=\"5 minutes\" \/>\n<script type=\"application\/ld+json\" class=\"yoast-schema-graph\">{\"@context\":\"https:\\\/\\\/schema.org\",\"@graph\":[{\"@type\":\"WebPage\",\"@id\":\"https:\\\/\\\/www.mairie-villemur-sur-tarn.fr\\\/site\\\/vos-services-au-quotidien\\\/etat-civil-documents-officiels\\\/pieces-didentite\\\/\",\"url\":\"https:\\\/\\\/www.mairie-villemur-sur-tarn.fr\\\/site\\\/vos-services-au-quotidien\\\/etat-civil-documents-officiels\\\/pieces-didentite\\\/\",\"name\":\"Carte nationale d'identit\u00e9 et passeport : vos d\u00e9marches - Mairie Villemur-sur-Tarn\",\"isPartOf\":{\"@id\":\"https:\\\/\\\/www.mairie-villemur-sur-tarn.fr\\\/site\\\/#website\"},\"datePublished\":\"2018-12-10T14:22:47+00:00\",\"dateModified\":\"2026-03-04T08:19:09+00:00\",\"breadcrumb\":{\"@id\":\"https:\\\/\\\/www.mairie-villemur-sur-tarn.fr\\\/site\\\/vos-services-au-quotidien\\\/etat-civil-documents-officiels\\\/pieces-didentite\\\/#breadcrumb\"},\"inLanguage\":\"fr-FR\",\"potentialAction\":[{\"@type\":\"ReadAction\",\"target\":[\"https:\\\/\\\/www.mairie-villemur-sur-tarn.fr\\\/site\\\/vos-services-au-quotidien\\\/etat-civil-documents-officiels\\\/pieces-didentite\\\/\"]}]},{\"@type\":\"BreadcrumbList\",\"@id\":\"https:\\\/\\\/www.mairie-villemur-sur-tarn.fr\\\/site\\\/vos-services-au-quotidien\\\/etat-civil-documents-officiels\\\/pieces-didentite\\\/#breadcrumb\",\"itemListElement\":[{\"@type\":\"ListItem\",\"position\":1,\"name\":\"Accueil\",\"item\":\"https:\\\/\\\/www.mairie-villemur-sur-tarn.fr\\\/site\\\/\"},{\"@type\":\"ListItem\",\"position\":2,\"name\":\"VOS SERVICES AU QUOTIDIEN\",\"item\":\"https:\\\/\\\/www.mairie-villemur-sur-tarn.fr\\\/site\\\/vos-services-au-quotidien\\\/\"},{\"@type\":\"ListItem\",\"position\":3,\"name\":\"\u00c9TAT-CIVIL ET CITOYENNET\u00c9\",\"item\":\"https:\\\/\\\/www.mairie-villemur-sur-tarn.fr\\\/site\\\/vos-services-au-quotidien\\\/etat-civil-documents-officiels\\\/\"},{\"@type\":\"ListItem\",\"position\":4,\"name\":\"Carte nationale d&rsquo;identit\u00e9 et passeport : vos d\u00e9marches\"}]},{\"@type\":\"WebSite\",\"@id\":\"https:\\\/\\\/www.mairie-villemur-sur-tarn.fr\\\/site\\\/#website\",\"url\":\"https:\\\/\\\/www.mairie-villemur-sur-tarn.fr\\\/site\\\/\",\"name\":\"Mairie Villemur-sur-Tarn\",\"description\":\"Site officiel canton Villemur Toulouse Nord. D\u00e9marches en ligne, conseil municipal, actualit\u00e9s Villemur, Annuaire Villemur, March\u00e9s...\",\"publisher\":{\"@id\":\"https:\\\/\\\/www.mairie-villemur-sur-tarn.fr\\\/site\\\/#organization\"},\"potentialAction\":[{\"@type\":\"SearchAction\",\"target\":{\"@type\":\"EntryPoint\",\"urlTemplate\":\"https:\\\/\\\/www.mairie-villemur-sur-tarn.fr\\\/site\\\/?s={search_term_string}\"},\"query-input\":{\"@type\":\"PropertyValueSpecification\",\"valueRequired\":true,\"valueName\":\"search_term_string\"}}],\"inLanguage\":\"fr-FR\"},{\"@type\":\"Organization\",\"@id\":\"https:\\\/\\\/www.mairie-villemur-sur-tarn.fr\\\/site\\\/#organization\",\"name\":\"Mairie Villemur-sur-Tarn\",\"url\":\"https:\\\/\\\/www.mairie-villemur-sur-tarn.fr\\\/site\\\/\",\"logo\":{\"@type\":\"ImageObject\",\"inLanguage\":\"fr-FR\",\"@id\":\"https:\\\/\\\/www.mairie-villemur-sur-tarn.fr\\\/site\\\/#\\\/schema\\\/logo\\\/image\\\/\",\"url\":\"https:\\\/\\\/www.mairie-villemur-sur-tarn.fr\\\/site\\\/wp-content\\\/uploads\\\/Villemur-LOGO-carre-PNG.png\",\"contentUrl\":\"https:\\\/\\\/www.mairie-villemur-sur-tarn.fr\\\/site\\\/wp-content\\\/uploads\\\/Villemur-LOGO-carre-PNG.png\",\"width\":887,\"height\":886,\"caption\":\"Mairie Villemur-sur-Tarn\"},\"image\":{\"@id\":\"https:\\\/\\\/www.mairie-villemur-sur-tarn.fr\\\/site\\\/#\\\/schema\\\/logo\\\/image\\\/\"},\"sameAs\":[\"https:\\\/\\\/www.facebook.com\\\/mairievillemursurtarn\",\"https:\\\/\\\/www.instagram.com\\\/villemur_sur_tarn\\\/\"]}]}<\/script>\n<!-- \/ Yoast SEO plugin. -->","yoast_head_json":{"title":"Carte nationale d'identit\u00e9 et passeport : vos d\u00e9marches - Mairie Villemur-sur-Tarn","robots":{"index":"index","follow":"follow","max-snippet":"max-snippet:-1","max-image-preview":"max-image-preview:large","max-video-preview":"max-video-preview:-1"},"canonical":"https:\/\/www.mairie-villemur-sur-tarn.fr\/site\/vos-services-au-quotidien\/etat-civil-documents-officiels\/pieces-didentite\/","og_locale":"fr_FR","og_type":"article","og_title":"Carte nationale d'identit\u00e9 et passeport : vos d\u00e9marches - Mairie Villemur-sur-Tarn","og_description":"[vc_row css=\u00a0\u00bb.vc_custom_1771579695637{margin-top: -100px !important;margin-bottom: -200px !important;}\u00a0\u00bb][vc_column][vc_column_text] &nbsp; IMPORTANT : Les normes concernant les photos sur les cartes d&rsquo;identit\u00e9 \u00e9voluent&nbsp; Plus strictes, elles sont n\u00e9anmoins essentielles \u00e0 respecter pour un traitement fluide de votre dossier. Photo nette sans pliure ni trace Largeur : 3.5 cm \u00b7 Hauteur : 4.5 cm &gt; taille du visage : entre [&hellip;]","og_url":"https:\/\/www.mairie-villemur-sur-tarn.fr\/site\/vos-services-au-quotidien\/etat-civil-documents-officiels\/pieces-didentite\/","og_site_name":"Mairie Villemur-sur-Tarn","article_publisher":"https:\/\/www.facebook.com\/mairievillemursurtarn","article_modified_time":"2026-03-04T08:19:09+00:00","twitter_card":"summary_large_image","twitter_misc":{"Dur\u00e9e de lecture estim\u00e9e":"5 minutes"},"schema":{"@context":"https:\/\/schema.org","@graph":[{"@type":"WebPage","@id":"https:\/\/www.mairie-villemur-sur-tarn.fr\/site\/vos-services-au-quotidien\/etat-civil-documents-officiels\/pieces-didentite\/","url":"https:\/\/www.mairie-villemur-sur-tarn.fr\/site\/vos-services-au-quotidien\/etat-civil-documents-officiels\/pieces-didentite\/","name":"Carte nationale d'identit\u00e9 et passeport : vos d\u00e9marches - Mairie Villemur-sur-Tarn","isPartOf":{"@id":"https:\/\/www.mairie-villemur-sur-tarn.fr\/site\/#website"},"datePublished":"2018-12-10T14:22:47+00:00","dateModified":"2026-03-04T08:19:09+00:00","breadcrumb":{"@id":"https:\/\/www.mairie-villemur-sur-tarn.fr\/site\/vos-services-au-quotidien\/etat-civil-documents-officiels\/pieces-didentite\/#breadcrumb"},"inLanguage":"fr-FR","potentialAction":[{"@type":"ReadAction","target":["https:\/\/www.mairie-villemur-sur-tarn.fr\/site\/vos-services-au-quotidien\/etat-civil-documents-officiels\/pieces-didentite\/"]}]},{"@type":"BreadcrumbList","@id":"https:\/\/www.mairie-villemur-sur-tarn.fr\/site\/vos-services-au-quotidien\/etat-civil-documents-officiels\/pieces-didentite\/#breadcrumb","itemListElement":[{"@type":"ListItem","position":1,"name":"Accueil","item":"https:\/\/www.mairie-villemur-sur-tarn.fr\/site\/"},{"@type":"ListItem","position":2,"name":"VOS SERVICES AU QUOTIDIEN","item":"https:\/\/www.mairie-villemur-sur-tarn.fr\/site\/vos-services-au-quotidien\/"},{"@type":"ListItem","position":3,"name":"\u00c9TAT-CIVIL ET CITOYENNET\u00c9","item":"https:\/\/www.mairie-villemur-sur-tarn.fr\/site\/vos-services-au-quotidien\/etat-civil-documents-officiels\/"},{"@type":"ListItem","position":4,"name":"Carte nationale d&rsquo;identit\u00e9 et passeport : vos d\u00e9marches"}]},{"@type":"WebSite","@id":"https:\/\/www.mairie-villemur-sur-tarn.fr\/site\/#website","url":"https:\/\/www.mairie-villemur-sur-tarn.fr\/site\/","name":"Mairie Villemur-sur-Tarn","description":"Site officiel canton Villemur Toulouse Nord. D\u00e9marches en ligne, conseil municipal, actualit\u00e9s Villemur, Annuaire Villemur, March\u00e9s...","publisher":{"@id":"https:\/\/www.mairie-villemur-sur-tarn.fr\/site\/#organization"},"potentialAction":[{"@type":"SearchAction","target":{"@type":"EntryPoint","urlTemplate":"https:\/\/www.mairie-villemur-sur-tarn.fr\/site\/?s={search_term_string}"},"query-input":{"@type":"PropertyValueSpecification","valueRequired":true,"valueName":"search_term_string"}}],"inLanguage":"fr-FR"},{"@type":"Organization","@id":"https:\/\/www.mairie-villemur-sur-tarn.fr\/site\/#organization","name":"Mairie Villemur-sur-Tarn","url":"https:\/\/www.mairie-villemur-sur-tarn.fr\/site\/","logo":{"@type":"ImageObject","inLanguage":"fr-FR","@id":"https:\/\/www.mairie-villemur-sur-tarn.fr\/site\/#\/schema\/logo\/image\/","url":"https:\/\/www.mairie-villemur-sur-tarn.fr\/site\/wp-content\/uploads\/Villemur-LOGO-carre-PNG.png","contentUrl":"https:\/\/www.mairie-villemur-sur-tarn.fr\/site\/wp-content\/uploads\/Villemur-LOGO-carre-PNG.png","width":887,"height":886,"caption":"Mairie Villemur-sur-Tarn"},"image":{"@id":"https:\/\/www.mairie-villemur-sur-tarn.fr\/site\/#\/schema\/logo\/image\/"},"sameAs":["https:\/\/www.facebook.com\/mairievillemursurtarn","https:\/\/www.instagram.com\/villemur_sur_tarn\/"]}]}},"uagb_featured_image_src":{"full":false,"thumbnail":false,"medium":false,"medium_large":false,"large":false,"1536x1536":false,"2048x2048":false,"post-thumbnail":false,"winnex_medium":false,"winnex_height":false},"uagb_author_info":{"display_name":"Mairie de Villemur-sur-Tarn","author_link":"https:\/\/www.mairie-villemur-sur-tarn.fr\/site\/author\/villmurtarn_admin\/"},"uagb_comment_info":0,"uagb_excerpt":"[vc_row css=\u00a0\u00bb.vc_custom_1771579695637{margin-top: -100px !important;margin-bottom: -200px !important;}\u00a0\u00bb][vc_column][vc_column_text] &nbsp; IMPORTANT : Les normes concernant les photos sur les cartes d&rsquo;identit\u00e9 \u00e9voluent&nbsp; Plus strictes, elles sont n\u00e9anmoins essentielles \u00e0 respecter pour un traitement fluide de votre dossier. Photo nette sans pliure ni trace Largeur : 3.5 cm \u00b7 Hauteur : 4.5 cm &gt; taille du visage : entre\u2026","_links":{"self":[{"href":"https:\/\/www.mairie-villemur-sur-tarn.fr\/site\/wp-json\/wp\/v2\/pages\/4010","targetHints":{"allow":["GET"]}}],"collection":[{"href":"https:\/\/www.mairie-villemur-sur-tarn.fr\/site\/wp-json\/wp\/v2\/pages"}],"about":[{"href":"https:\/\/www.mairie-villemur-sur-tarn.fr\/site\/wp-json\/wp\/v2\/types\/page"}],"author":[{"embeddable":true,"href":"https:\/\/www.mairie-villemur-sur-tarn.fr\/site\/wp-json\/wp\/v2\/users\/1"}],"replies":[{"embeddable":true,"href":"https:\/\/www.mairie-villemur-sur-tarn.fr\/site\/wp-json\/wp\/v2\/comments?post=4010"}],"version-history":[{"count":72,"href":"https:\/\/www.mairie-villemur-sur-tarn.fr\/site\/wp-json\/wp\/v2\/pages\/4010\/revisions"}],"predecessor-version":[{"id":19421,"href":"https:\/\/www.mairie-villemur-sur-tarn.fr\/site\/wp-json\/wp\/v2\/pages\/4010\/revisions\/19421"}],"up":[{"embeddable":true,"href":"https:\/\/www.mairie-villemur-sur-tarn.fr\/site\/wp-json\/wp\/v2\/pages\/4004"}],"wp:attachment":[{"href":"https:\/\/www.mairie-villemur-sur-tarn.fr\/site\/wp-json\/wp\/v2\/media?parent=4010"}],"curies":[{"name":"wp","href":"https:\/\/api.w.org\/{rel}","templated":true}]}}