{"id":4020,"date":"2018-12-10T15:28:50","date_gmt":"2018-12-10T14:28:50","guid":{"rendered":"https:\/\/www.mairie-villemur-sur-tarn.fr\/site\/?page_id=4020"},"modified":"2026-02-24T16:11:45","modified_gmt":"2026-02-24T15:11:45","slug":"demarches-durbanisme","status":"publish","type":"page","link":"https:\/\/www.mairie-villemur-sur-tarn.fr\/site\/vos-services-au-quotidien\/demarches-durbanisme\/","title":{"rendered":"D\u00c9MARCHES D&rsquo;URBANISME"},"content":{"rendered":"<p>[vc_row][vc_column width=\u00a0\u00bb2\/3&Prime;][vc_column_text]Permis de construire, certificat d&rsquo;urbanisme ou encore d\u00e9claration pr\u00e9alable ?<\/p>\n<p>Le service urbanisme de Villemur sur Tarn est le guichet unique de d\u00e9p\u00f4t de vos diff\u00e9rentes demandes d&rsquo;urbanisme. Elles sont ensuite trait\u00e9es par le service instructeur de la Communaut\u00e9 de communes Val&rsquo;A\u00efgo avant d&rsquo;\u00eatre approuv\u00e9es par le Maire.<\/p>\n<p>La notification de la d\u00e9cision vous est envoy\u00e9e par le service urbanisme de la Mairie.<\/p>\n<p>Les autorisations d&rsquo;urbanisme r\u00e9pondent \u00e0 un certain nombre d&rsquo;exigences l\u00e9gales et doivent notamment se conformer aux r\u00e8gles d&rsquo;urbanisme \u00e9tablies dans le <a href=\"https:\/\/www.mairie-villemur-sur-tarn.fr\/site\/vos-services-au-quotidien\/demarches-durbanisme\/plan-local-durbanisme\/\">Plan local d&rsquo;urbanisme (PLU)<\/a>. Il est donc recommand\u00e9 de consulter attentivement les documents r\u00e9glementaires sur l&rsquo;urbanisme avant le lancement de votre projet.[\/vc_column_text][vc_btn title=\u00a0\u00bbCliquez ici pour t\u00e9l\u00e9charger les diff\u00e9rentes autorisations d&rsquo;urbanisme\u00a0\u00bb style=\u00a0\u00bbgradient\u00a0\u00bb gradient_color_1=\u00a0\u00bbmulled-wine\u00a0\u00bb gradient_color_2=\u00a0\u00bbpeacoc\u00a0\u00bb shape=\u00a0\u00bbsquare\u00a0\u00bb i_icon_fontawesome=\u00a0\u00bbfa fa-download\u00a0\u00bb add_icon=\u00a0\u00bbtrue\u00a0\u00bb link=\u00a0\u00bburl:https%3A%2F%2Fwww.service-public.gouv.fr%2Fparticuliers%2Fvosdroits%2FN319||target:%20_blank|\u00a0\u00bb][vc_column_text]En raison de sa proximit\u00e9 avec le Tarn, les r\u00e8gles d&rsquo;urbanisme de la ville de Villemur sont \u00e9galement soumises \u00e0 un certain nombre d&rsquo;obligations li\u00e9es au PPRI, le plan de pr\u00e9vention des risques naturels pr\u00e9visibles li\u00e9s aux inondations. Le dernier PPRI de la ville a \u00e9t\u00e9 approuv\u00e9 le 25 avril 2022.[\/vc_column_text][vc_btn title=\u00a0\u00bbConsultez le Plan de pr\u00e9vention des risques naturels pr\u00e9visibles li\u00e9s aux inondations\u00a0\u00bb style=\u00a0\u00bbgradient\u00a0\u00bb gradient_color_1=\u00a0\u00bbmulled-wine\u00a0\u00bb gradient_color_2=\u00a0\u00bbpeacoc\u00a0\u00bb shape=\u00a0\u00bbsquare\u00a0\u00bb i_icon_fontawesome=\u00a0\u00bbfa fa-download\u00a0\u00bb add_icon=\u00a0\u00bbtrue\u00a0\u00bb link=\u00a0\u00bburl:https%3A%2F%2Fwww.haute-garonne.gouv.fr%2Findex.php%2FActions-de-l-Etat%2FRisques-naturels-technologiques-et-Cadre-de-vie%2FConnaissance-et-prevention-des-risques-naturels-et-technologiques2%2FPlans-de-Prevention-des-Risques-Naturels-Majeurs-PPRN%2FPPRN-approuves-hors-PPR-Secheresse||target:%20_blank|\u00a0\u00bb][\/vc_column][vc_column width=\u00a0\u00bb1\/3&Prime;][vc_column_text]<\/p>\n<div style=\"clear: both; height: 15px; width: 100%;\">&nbsp;<\/div>\n<div style=\"background: #ffffff; border: 1px solid #003366; border-top: 8px solid #003366; border-radius: 8px; padding: 20px; text-align: left; width: 90%; margin-left: 2%; font-size: 0.95em; line-height: 1.6; position: relative; z-index: 1;\">\n<div style=\"border-left: 5px solid #003366; padding-left: 12px; margin-bottom: 20px;\">\n<h4 style=\"margin: 0 !important; color: #823f50; font-size: 1.2em !important; font-weight: bold; text-transform: uppercase; letter-spacing: 0.8px;\"><span style=\"color: #000080;\">Vos contacts utiles<\/span><\/h4>\n<\/div>\n<p><strong>Service urbanisme<br \/>\n<\/strong>Place Charles Ourgaut, 31340 Villemur-sur-Tarn<br \/>\nTel : <a href=\"tel:0561376120\">05 61 37 61 20<\/a><br \/>\nMail : <a href=\"mailto:urba@mairie-villemur-sur-tarn.fr\">urba@mairie-villemur-sur-tarn.fr<\/a><\/p>\n<p><strong><span style=\"color: #000080;\">Horaire d&rsquo;ouverture (sans rendez-vous)<\/span><\/strong><\/p>\n<p><strong>Du lundi au mercredi<\/strong>&nbsp;: 9h-12h \/ 13h30-17h30<br \/>\n<strong>Le jeudi<\/strong> : 9h-12h<br \/>\n<strong>Le vendredi<\/strong> : 9h-12h \/ 13h30-16h30<\/p>\n<\/div>\n<p>[\/vc_column_text][\/vc_column][\/vc_row][vc_row disable_element=\u00a0\u00bbyes\u00a0\u00bb][vc_column][vc_column_text]<\/p>\n<h1><span style=\"color: #ff6600;\">Le service Urbanisme <\/span><\/h1>\n<p><strong>Service urbanisme<br \/>\n<\/strong>Place Charles Ourgaut<br \/>\n31340 Villemur-sur-Tarn<br \/>\nTel : 05 61 37 61 20<br \/>\nMail :&nbsp;<a href=\"mailto:contact@mairie-villemur-sur-tarn.fr\">contact@mairie-villemur-sur-tarn.fr<\/a><\/p>\n<h4><span style=\"color: #008000;\"><strong>Horaire d&rsquo;ouverture<\/strong> :<\/span><\/h4>\n<p><strong>Du lundi au vendredi<\/strong>&nbsp;: 9h-12h \/ 13h30-17h30<br \/>\n<strong>Le jeudi<\/strong> : 9h-12h<\/p>\n<p><span style=\"color: #ff0000;\"><strong>Merci de prendre RDV aupr\u00e8s de nos agents<\/strong><\/span><\/p>\n<hr>\n<h1><span style=\"color: #ff6600;\">Mutualisation du service urbanisme avec la Communaut\u00e9 de Communes Val&rsquo;A\u00efgo<\/span><\/h1>\n<p>Que vous vouliez construire une maison, un garage, un abri jardin, un auvent, une v\u00e9randa, une cl\u00f4ture, agrandir ou modifier une fa\u00e7ade, refaire une toiture : pour tous vos projets de construction, travaux et am\u00e9nagement, le service urbanisme vous accueille et vous renseigne sur les r\u00e8gles \u00e0 suivre, les formalit\u00e9s indispensables, et vous d\u00e9livre toutes les informations n\u00e9cessaires sur le PLU.<\/p>\n<p><strong>Depuis avril 2017, les d\u00e9p\u00f4ts des dossiers de demandes d\u2019urbanisme concernant la commune de Villemur-sur-Tarn se font au P\u00f4le Technique Mutualis\u00e9<\/strong>, et non plus \u00e0 l\u2019accueil de la Mairie. Cette nouvelle organisation d\u00e9coule de la <strong>mutualisation des services entre la Mairie de Villemur-sur-Tarn et la Communaut\u00e9 de Communes (Val\u2019A\u00efgo)<\/strong>, dont l\u2019objectif est de simplifier les d\u00e9marches pour les administr\u00e9s en am\u00e9liorant la lisibilit\u00e9 du service public. Ce changement permet \u00e0 chacun d\u2019avoir <strong>un interlocuteur unique<\/strong> de la pr\u00e9paration du dossier jusqu\u2019\u00e0 la d\u00e9cision finale (renseignements pr\u00e9alables au d\u00e9p\u00f4t d\u2019un dossier, v\u00e9rification de la compl\u00e9tude du dossier avant son d\u00e9p\u00f4t, renseignements pendant l\u2019instruction, etc.).<\/p>\n<p>Le service urbanisme de la Communaut\u00e9 de Communes instruit le droit du sol et la d\u00e9livrance des autorisations : permis de construire, d\u00e9clarations pr\u00e9alables, permis d\u2019am\u00e9nager, certificats d\u2019urbanisme, permis de d\u00e9molir, autorisations de travaux, transfert et modificatif de permis de construire, et ach\u00e8vement de travaux et conformit\u00e9.<\/p>\n<p><span style=\"color: #000000;\"><strong><span style=\"color: #ff6600;\">+ D&rsquo;INFOS<\/span> sur le site de la communaut\u00e9 de Communes Val&rsquo;A\u00efgo<\/strong> <\/span><a href=\"https:\/\/valaigo.com\/\" target=\"_blank\" rel=\"noopener noreferrer\">www.valaigo.com<\/a> &gt; <a href=\"https:\/\/valaigo.com\/mes-services\/urbanisme\/\" target=\"_blank\" rel=\"noopener noreferrer\">Rubrique URBANISME<\/a><\/p>\n<hr>\n<h1><span style=\"color: #ff6600;\">Le PLU (plan local d\u2019urbanisme)<\/span><\/h1>\n<p><span style=\"color: #000000;\"><strong>Le plan local d&rsquo;urbanisme (PLU) est un document d&rsquo;urbanisme. C&rsquo;est avec la loi de Solidarit\u00e9 et de renouvellement urbains (SRU) de 2000 que ce document a succ\u00e9d\u00e9 \u00e0 l&rsquo;ancien plan d&rsquo;occupation des sols (POS). Le PLU d\u00e9finit les grandes orientations d&rsquo;am\u00e9nagement du territoire et d&rsquo;utilisation des sols d&rsquo;une commune ou d&rsquo;un groupement de commune, dans un projet global d&rsquo;urbanisme.<\/strong><\/span><\/p>\n<p>Cliquez ici pour acc\u00e9der \u00e0 la <a href=\"https:\/\/www.mairie-villemur-sur-tarn.fr\/site\/vos-services-au-quotidien\/demarches-durbanisme\/plan-local-durbanisme\/\">rubrique PLAN LOCAL D&rsquo;URBANISME<\/a><\/p>\n<hr>\n<h1><span style=\"color: #ff6600;\">Le PPRI (Plan Particulier du Risque Inondation)<\/span><\/h1>\n<p><span style=\"color: #000000;\"><strong>Le&nbsp; Plan de Pr\u00e9vention du Risque Inondation (<\/strong><\/span><strong style=\"color: #000000;\">PPRI)<\/strong><strong style=\"color: #000000;\">&nbsp;est un outil de gestion des risques qui vise \u00e0 ma\u00eetriser l\u2019urbanisation en zone inondable afin de r\u00e9duire la vuln\u00e9rabilit\u00e9 des biens et des personnes.<\/strong><\/p>\n<p>Cliquez ici pour acc\u00e9der \u00e0 la <a href=\"https:\/\/www.mairie-villemur-sur-tarn.fr\/site\/vos-services-au-quotidien\/demarches-durbanisme\/plan-particulier-risque-inondation\/\">rubrique PLAN PARTICULIER DU RISQUE INONDATION<\/a><\/p>\n<hr>\n<h1><span style=\"color: #ff6600;\">Vos d\u00e9marches<\/span><\/h1>\n<p>T\u00e9l\u00e9chargez les formulaires de demande de travaux, selon votre projet directement sur le site <a href=\"https:\/\/www.service-public.fr\/particuliers\/vosdroits\/N319\" target=\"_blank\" rel=\"noopener noreferrer\">service-public.fr<\/a>[\/vc_column_text][\/vc_column][\/vc_row]<\/p>\n","protected":false},"excerpt":{"rendered":"<p>[vc_row][vc_column width=\u00a0\u00bb2\/3&Prime;][vc_column_text]Permis de construire, certificat d&rsquo;urbanisme ou encore d\u00e9claration pr\u00e9alable ? Le service urbanisme de Villemur sur Tarn est le guichet unique de d\u00e9p\u00f4t de vos diff\u00e9rentes demandes d&rsquo;urbanisme. Elles sont ensuite trait\u00e9es par le service instructeur de la Communaut\u00e9 de communes Val&rsquo;A\u00efgo avant d&rsquo;\u00eatre approuv\u00e9es par le Maire. La notification de la d\u00e9cision vous [&hellip;]<\/p>\n","protected":false},"author":1,"featured_media":0,"parent":4051,"menu_order":0,"comment_status":"closed","ping_status":"closed","template":"","meta":{"_uag_custom_page_level_css":"","ngg_post_thumbnail":0,"footnotes":""},"class_list":["post-4020","page","type-page","status-publish","hentry"],"yoast_head":"<!-- This site is optimized with the Yoast SEO plugin v27.3 - https:\/\/yoast.com\/product\/yoast-seo-wordpress\/ -->\n<title>D\u00c9MARCHES D&#039;URBANISME - Mairie Villemur-sur-Tarn<\/title>\n<meta name=\"robots\" content=\"index, follow, max-snippet:-1, max-image-preview:large, max-video-preview:-1\" \/>\n<link rel=\"canonical\" href=\"https:\/\/www.mairie-villemur-sur-tarn.fr\/site\/vos-services-au-quotidien\/demarches-durbanisme\/\" \/>\n<meta property=\"og:locale\" content=\"fr_FR\" \/>\n<meta property=\"og:type\" content=\"article\" \/>\n<meta property=\"og:title\" content=\"D\u00c9MARCHES D&#039;URBANISME - Mairie Villemur-sur-Tarn\" \/>\n<meta property=\"og:description\" content=\"[vc_row][vc_column width=\u00a0\u00bb2\/3&Prime;][vc_column_text]Permis de construire, certificat d&rsquo;urbanisme ou encore d\u00e9claration pr\u00e9alable ? Le service urbanisme de Villemur sur Tarn est le guichet unique de d\u00e9p\u00f4t de vos diff\u00e9rentes demandes d&rsquo;urbanisme. Elles sont ensuite trait\u00e9es par le service instructeur de la Communaut\u00e9 de communes Val&rsquo;A\u00efgo avant d&rsquo;\u00eatre approuv\u00e9es par le Maire. La notification de la d\u00e9cision vous [&hellip;]\" \/>\n<meta property=\"og:url\" content=\"https:\/\/www.mairie-villemur-sur-tarn.fr\/site\/vos-services-au-quotidien\/demarches-durbanisme\/\" \/>\n<meta property=\"og:site_name\" content=\"Mairie Villemur-sur-Tarn\" \/>\n<meta property=\"article:publisher\" content=\"https:\/\/www.facebook.com\/mairievillemursurtarn\" \/>\n<meta property=\"article:modified_time\" content=\"2026-02-24T15:11:45+00:00\" \/>\n<meta name=\"twitter:card\" content=\"summary_large_image\" \/>\n<meta name=\"twitter:label1\" content=\"Dur\u00e9e de lecture estim\u00e9e\" \/>\n\t<meta name=\"twitter:data1\" content=\"4 minutes\" \/>\n<script type=\"application\/ld+json\" class=\"yoast-schema-graph\">{\"@context\":\"https:\\\/\\\/schema.org\",\"@graph\":[{\"@type\":\"WebPage\",\"@id\":\"https:\\\/\\\/www.mairie-villemur-sur-tarn.fr\\\/site\\\/vos-services-au-quotidien\\\/demarches-durbanisme\\\/\",\"url\":\"https:\\\/\\\/www.mairie-villemur-sur-tarn.fr\\\/site\\\/vos-services-au-quotidien\\\/demarches-durbanisme\\\/\",\"name\":\"D\u00c9MARCHES D'URBANISME - Mairie Villemur-sur-Tarn\",\"isPartOf\":{\"@id\":\"https:\\\/\\\/www.mairie-villemur-sur-tarn.fr\\\/site\\\/#website\"},\"datePublished\":\"2018-12-10T14:28:50+00:00\",\"dateModified\":\"2026-02-24T15:11:45+00:00\",\"breadcrumb\":{\"@id\":\"https:\\\/\\\/www.mairie-villemur-sur-tarn.fr\\\/site\\\/vos-services-au-quotidien\\\/demarches-durbanisme\\\/#breadcrumb\"},\"inLanguage\":\"fr-FR\",\"potentialAction\":[{\"@type\":\"ReadAction\",\"target\":[\"https:\\\/\\\/www.mairie-villemur-sur-tarn.fr\\\/site\\\/vos-services-au-quotidien\\\/demarches-durbanisme\\\/\"]}]},{\"@type\":\"BreadcrumbList\",\"@id\":\"https:\\\/\\\/www.mairie-villemur-sur-tarn.fr\\\/site\\\/vos-services-au-quotidien\\\/demarches-durbanisme\\\/#breadcrumb\",\"itemListElement\":[{\"@type\":\"ListItem\",\"position\":1,\"name\":\"Accueil\",\"item\":\"https:\\\/\\\/www.mairie-villemur-sur-tarn.fr\\\/site\\\/\"},{\"@type\":\"ListItem\",\"position\":2,\"name\":\"VOS SERVICES AU QUOTIDIEN\",\"item\":\"https:\\\/\\\/www.mairie-villemur-sur-tarn.fr\\\/site\\\/vos-services-au-quotidien\\\/\"},{\"@type\":\"ListItem\",\"position\":3,\"name\":\"D\u00c9MARCHES D&rsquo;URBANISME\"}]},{\"@type\":\"WebSite\",\"@id\":\"https:\\\/\\\/www.mairie-villemur-sur-tarn.fr\\\/site\\\/#website\",\"url\":\"https:\\\/\\\/www.mairie-villemur-sur-tarn.fr\\\/site\\\/\",\"name\":\"Mairie Villemur-sur-Tarn\",\"description\":\"Site officiel canton Villemur Toulouse Nord. D\u00e9marches en ligne, conseil municipal, actualit\u00e9s Villemur, Annuaire Villemur, March\u00e9s...\",\"publisher\":{\"@id\":\"https:\\\/\\\/www.mairie-villemur-sur-tarn.fr\\\/site\\\/#organization\"},\"potentialAction\":[{\"@type\":\"SearchAction\",\"target\":{\"@type\":\"EntryPoint\",\"urlTemplate\":\"https:\\\/\\\/www.mairie-villemur-sur-tarn.fr\\\/site\\\/?s={search_term_string}\"},\"query-input\":{\"@type\":\"PropertyValueSpecification\",\"valueRequired\":true,\"valueName\":\"search_term_string\"}}],\"inLanguage\":\"fr-FR\"},{\"@type\":\"Organization\",\"@id\":\"https:\\\/\\\/www.mairie-villemur-sur-tarn.fr\\\/site\\\/#organization\",\"name\":\"Mairie Villemur-sur-Tarn\",\"url\":\"https:\\\/\\\/www.mairie-villemur-sur-tarn.fr\\\/site\\\/\",\"logo\":{\"@type\":\"ImageObject\",\"inLanguage\":\"fr-FR\",\"@id\":\"https:\\\/\\\/www.mairie-villemur-sur-tarn.fr\\\/site\\\/#\\\/schema\\\/logo\\\/image\\\/\",\"url\":\"https:\\\/\\\/www.mairie-villemur-sur-tarn.fr\\\/site\\\/wp-content\\\/uploads\\\/Villemur-LOGO-carre-PNG.png\",\"contentUrl\":\"https:\\\/\\\/www.mairie-villemur-sur-tarn.fr\\\/site\\\/wp-content\\\/uploads\\\/Villemur-LOGO-carre-PNG.png\",\"width\":887,\"height\":886,\"caption\":\"Mairie Villemur-sur-Tarn\"},\"image\":{\"@id\":\"https:\\\/\\\/www.mairie-villemur-sur-tarn.fr\\\/site\\\/#\\\/schema\\\/logo\\\/image\\\/\"},\"sameAs\":[\"https:\\\/\\\/www.facebook.com\\\/mairievillemursurtarn\",\"https:\\\/\\\/www.instagram.com\\\/villemur_sur_tarn\\\/\"]}]}<\/script>\n<!-- \/ Yoast SEO plugin. -->","yoast_head_json":{"title":"D\u00c9MARCHES D'URBANISME - Mairie Villemur-sur-Tarn","robots":{"index":"index","follow":"follow","max-snippet":"max-snippet:-1","max-image-preview":"max-image-preview:large","max-video-preview":"max-video-preview:-1"},"canonical":"https:\/\/www.mairie-villemur-sur-tarn.fr\/site\/vos-services-au-quotidien\/demarches-durbanisme\/","og_locale":"fr_FR","og_type":"article","og_title":"D\u00c9MARCHES D'URBANISME - Mairie Villemur-sur-Tarn","og_description":"[vc_row][vc_column width=\u00a0\u00bb2\/3&Prime;][vc_column_text]Permis de construire, certificat d&rsquo;urbanisme ou encore d\u00e9claration pr\u00e9alable ? Le service urbanisme de Villemur sur Tarn est le guichet unique de d\u00e9p\u00f4t de vos diff\u00e9rentes demandes d&rsquo;urbanisme. Elles sont ensuite trait\u00e9es par le service instructeur de la Communaut\u00e9 de communes Val&rsquo;A\u00efgo avant d&rsquo;\u00eatre approuv\u00e9es par le Maire. La notification de la d\u00e9cision vous [&hellip;]","og_url":"https:\/\/www.mairie-villemur-sur-tarn.fr\/site\/vos-services-au-quotidien\/demarches-durbanisme\/","og_site_name":"Mairie Villemur-sur-Tarn","article_publisher":"https:\/\/www.facebook.com\/mairievillemursurtarn","article_modified_time":"2026-02-24T15:11:45+00:00","twitter_card":"summary_large_image","twitter_misc":{"Dur\u00e9e de lecture estim\u00e9e":"4 minutes"},"schema":{"@context":"https:\/\/schema.org","@graph":[{"@type":"WebPage","@id":"https:\/\/www.mairie-villemur-sur-tarn.fr\/site\/vos-services-au-quotidien\/demarches-durbanisme\/","url":"https:\/\/www.mairie-villemur-sur-tarn.fr\/site\/vos-services-au-quotidien\/demarches-durbanisme\/","name":"D\u00c9MARCHES D'URBANISME - Mairie Villemur-sur-Tarn","isPartOf":{"@id":"https:\/\/www.mairie-villemur-sur-tarn.fr\/site\/#website"},"datePublished":"2018-12-10T14:28:50+00:00","dateModified":"2026-02-24T15:11:45+00:00","breadcrumb":{"@id":"https:\/\/www.mairie-villemur-sur-tarn.fr\/site\/vos-services-au-quotidien\/demarches-durbanisme\/#breadcrumb"},"inLanguage":"fr-FR","potentialAction":[{"@type":"ReadAction","target":["https:\/\/www.mairie-villemur-sur-tarn.fr\/site\/vos-services-au-quotidien\/demarches-durbanisme\/"]}]},{"@type":"BreadcrumbList","@id":"https:\/\/www.mairie-villemur-sur-tarn.fr\/site\/vos-services-au-quotidien\/demarches-durbanisme\/#breadcrumb","itemListElement":[{"@type":"ListItem","position":1,"name":"Accueil","item":"https:\/\/www.mairie-villemur-sur-tarn.fr\/site\/"},{"@type":"ListItem","position":2,"name":"VOS SERVICES AU QUOTIDIEN","item":"https:\/\/www.mairie-villemur-sur-tarn.fr\/site\/vos-services-au-quotidien\/"},{"@type":"ListItem","position":3,"name":"D\u00c9MARCHES D&rsquo;URBANISME"}]},{"@type":"WebSite","@id":"https:\/\/www.mairie-villemur-sur-tarn.fr\/site\/#website","url":"https:\/\/www.mairie-villemur-sur-tarn.fr\/site\/","name":"Mairie Villemur-sur-Tarn","description":"Site officiel canton Villemur Toulouse Nord. D\u00e9marches en ligne, conseil municipal, actualit\u00e9s Villemur, Annuaire Villemur, March\u00e9s...","publisher":{"@id":"https:\/\/www.mairie-villemur-sur-tarn.fr\/site\/#organization"},"potentialAction":[{"@type":"SearchAction","target":{"@type":"EntryPoint","urlTemplate":"https:\/\/www.mairie-villemur-sur-tarn.fr\/site\/?s={search_term_string}"},"query-input":{"@type":"PropertyValueSpecification","valueRequired":true,"valueName":"search_term_string"}}],"inLanguage":"fr-FR"},{"@type":"Organization","@id":"https:\/\/www.mairie-villemur-sur-tarn.fr\/site\/#organization","name":"Mairie Villemur-sur-Tarn","url":"https:\/\/www.mairie-villemur-sur-tarn.fr\/site\/","logo":{"@type":"ImageObject","inLanguage":"fr-FR","@id":"https:\/\/www.mairie-villemur-sur-tarn.fr\/site\/#\/schema\/logo\/image\/","url":"https:\/\/www.mairie-villemur-sur-tarn.fr\/site\/wp-content\/uploads\/Villemur-LOGO-carre-PNG.png","contentUrl":"https:\/\/www.mairie-villemur-sur-tarn.fr\/site\/wp-content\/uploads\/Villemur-LOGO-carre-PNG.png","width":887,"height":886,"caption":"Mairie Villemur-sur-Tarn"},"image":{"@id":"https:\/\/www.mairie-villemur-sur-tarn.fr\/site\/#\/schema\/logo\/image\/"},"sameAs":["https:\/\/www.facebook.com\/mairievillemursurtarn","https:\/\/www.instagram.com\/villemur_sur_tarn\/"]}]}},"uagb_featured_image_src":{"full":false,"thumbnail":false,"medium":false,"medium_large":false,"large":false,"1536x1536":false,"2048x2048":false,"post-thumbnail":false,"winnex_medium":false,"winnex_height":false},"uagb_author_info":{"display_name":"Mairie de Villemur-sur-Tarn","author_link":"https:\/\/www.mairie-villemur-sur-tarn.fr\/site\/author\/villmurtarn_admin\/"},"uagb_comment_info":0,"uagb_excerpt":"[vc_row][vc_column width=\u00a0\u00bb2\/3&Prime;][vc_column_text]Permis de construire, certificat d&rsquo;urbanisme ou encore d\u00e9claration pr\u00e9alable ? Le service urbanisme de Villemur sur Tarn est le guichet unique de d\u00e9p\u00f4t de vos diff\u00e9rentes demandes d&rsquo;urbanisme. Elles sont ensuite trait\u00e9es par le service instructeur de la Communaut\u00e9 de communes Val&rsquo;A\u00efgo avant d&rsquo;\u00eatre approuv\u00e9es par le Maire. La notification de la d\u00e9cision vous\u2026","_links":{"self":[{"href":"https:\/\/www.mairie-villemur-sur-tarn.fr\/site\/wp-json\/wp\/v2\/pages\/4020","targetHints":{"allow":["GET"]}}],"collection":[{"href":"https:\/\/www.mairie-villemur-sur-tarn.fr\/site\/wp-json\/wp\/v2\/pages"}],"about":[{"href":"https:\/\/www.mairie-villemur-sur-tarn.fr\/site\/wp-json\/wp\/v2\/types\/page"}],"author":[{"embeddable":true,"href":"https:\/\/www.mairie-villemur-sur-tarn.fr\/site\/wp-json\/wp\/v2\/users\/1"}],"replies":[{"embeddable":true,"href":"https:\/\/www.mairie-villemur-sur-tarn.fr\/site\/wp-json\/wp\/v2\/comments?post=4020"}],"version-history":[{"count":32,"href":"https:\/\/www.mairie-villemur-sur-tarn.fr\/site\/wp-json\/wp\/v2\/pages\/4020\/revisions"}],"predecessor-version":[{"id":19379,"href":"https:\/\/www.mairie-villemur-sur-tarn.fr\/site\/wp-json\/wp\/v2\/pages\/4020\/revisions\/19379"}],"up":[{"embeddable":true,"href":"https:\/\/www.mairie-villemur-sur-tarn.fr\/site\/wp-json\/wp\/v2\/pages\/4051"}],"wp:attachment":[{"href":"https:\/\/www.mairie-villemur-sur-tarn.fr\/site\/wp-json\/wp\/v2\/media?parent=4020"}],"curies":[{"name":"wp","href":"https:\/\/api.w.org\/{rel}","templated":true}]}}