{"id":4026,"date":"2018-12-10T15:31:12","date_gmt":"2018-12-10T14:31:12","guid":{"rendered":"https:\/\/www.mairie-villemur-sur-tarn.fr\/site\/?page_id=4026"},"modified":"2025-06-17T09:33:01","modified_gmt":"2025-06-17T07:33:01","slug":"demarches-pour-enfants","status":"publish","type":"page","link":"https:\/\/www.mairie-villemur-sur-tarn.fr\/site\/vos-services-au-quotidien\/enfance-et-jeunesse\/demarches-pour-enfants\/","title":{"rendered":"D\u00c9MARCHES POUR ENFANTS"},"content":{"rendered":"<p>[vc_row][vc_column css=\u00a0\u00bb.vc_custom_1548950462809{margin-top: -80px !important;}\u00a0\u00bb][vc_column_text]<\/p>\n<h1><span style=\"color: #ff6600;\">Vos d\u00e9marches au P\u00f4le social<\/span><\/h1>\n<p>Le P\u00f4le Social vous accueille pour toutes vos d\u00e9marches administratives li\u00e9es \u00e0 vos enfants.<\/p>\n<h3><span style=\"color: #993366;\">P\u00d4LE SOCIAL &#8211; MSAP &#8211; CCAS<\/span><\/h3>\n<p>2 avenue St Exup\u00e9ry<br \/>\n31340 \u2013 Villemur-sur-Tarn<br \/>\nTel : 05.61.09.91.38<br \/>\n<a href=\"mailto:contact@valaigo.fr\">contact@valaigo.fr<\/a><\/p>\n<h4><span style=\"color: #008000;\">Horaires d\u2019ouverture<\/span><\/h4>\n<p><strong>Lundi \u2013 Mercredi \u2013 Jeudi<\/strong>&nbsp;: 8h30-12h30 \/ 13h30-17h<br \/>\n<strong>Mardi<\/strong>&nbsp;: 8h30-12h30 (ferm\u00e9 le mardi apr\u00e8s-midi)<br \/>\n<strong>Vendredi<\/strong>&nbsp;: 8h30-12h30 \/ 13h30-16h30<\/p>\n<hr>\n<h1><span style=\"color: #ff6600;\">Inscriptions &amp; paiement des factures<\/span><\/h1>\n<p>Les infos concernant les inscriptions (cr\u00e8ches, \u00e9coles et cantines) :&nbsp;<a href=\"https:\/\/www.mairie-villemur-sur-tarn.fr\/site\/vos-services-au-quotidien\/enfance-et-jeunesse\/demarches-pour-enfants\/inscrire-son-enfant-a-lecole\/\">Rubrique INSCRIPTIONS CR\u00c8CHES, \u00c9COLES &amp; CANTINES<\/a><\/p>\n<p>Les infos concernant le paiement des factures (\u00e9coles et accueil p\u00e9riscolaire) :&nbsp;<a href=\"https:\/\/www.mairie-villemur-sur-tarn.fr\/site\/vos-services-au-quotidien\/enfance-et-jeunesse\/demarches-pour-enfants\/paiement-des-factures\/\">Rubrique PAIEMENT DES FACTURES<\/a><\/p>\n<hr>\n<h1><span style=\"color: #ff6600;\">Un Portail Citoyen pour faciliter vos d\u00e9marches<\/span><\/h1>\n<p>Pour faciliter vos d\u00e9marches, la municipalit\u00e9 de Villemur a mis en place un portail citoyen, dot\u00e9 d&rsquo;un Espace famille et facturation.<br \/>\nIl vous permet de d\u00e9mat\u00e9rialiser vos d\u00e9marches.<\/p>\n<p>Vous pouvez d\u00e9sormais r\u00e9aliser \u00e0&nbsp;partir d&rsquo;un ordinateur, d&rsquo;une tablette ou d&rsquo;un smartphone les d\u00e9marches li\u00e9es au affaires scolaires ainsi qu&rsquo;\u00e0 la restauration scolaire :<\/p>\n<h2><span style=\"color: #003366;\">Pour les affaires scolaires :&nbsp;<\/span><\/h2>\n<ul>\n<li>V\u00e9rifier\/compl\u00e9ter le dossier scolaire de votre enfant (adresse, t\u00e9l\u00e9phone, mail, personnes autoris\u00e9es, etc.)<\/li>\n<li>Joindre un document (assurances, photocopie des pages de vaccination, etc.)<\/li>\n<li>\u00catre inform\u00e9 sur l&rsquo;actualit\u00e9 des \u00e9tablissements<\/li>\n<\/ul>\n<h2><span style=\"color: #003366;\">Pour la restauration scolaire :&nbsp;<\/span><\/h2>\n<ul>\n<li>Acc\u00e9der \u00e0 vos factures<\/li>\n<li>Payer en ligne<\/li>\n<li>Consulter votre historique<\/li>\n<\/ul>\n<p>Pour cela, vous devez au pr\u00e9alable cr\u00e9er votre compte citoyen sur le portail de Berger-Levrault :<br \/>\n<a href=\"https:\/\/portail.berger-levrault.fr\/23594\/accueil\" target=\"_blank\" rel=\"noopener noreferrer\">https:\/\/portail.berger-levrault.fr\/23594\/accueil<\/a><\/p>\n<p><strong><span style=\"color: #ff0000;\">Pour obtenir votre identifiant et votre code abonn\u00e9 famille, rapprochez-vous du service r\u00e9gie cantine de la mairie.&nbsp;<\/span><\/strong><\/p>\n<pre><strong>CONTACT<\/strong> \r\nService R\u00e9gie Cantine\r\nTel : 05.61.09.90.39\r\nMail : <a href=\"mailto:regie.villemur@mairie-villemur-sur-tarn.fr\">regie.villemur@mairie-villemur-sur-tarn.fr<\/a><\/pre>\n<p>[\/vc_column_text][\/vc_column][\/vc_row]<\/p>\n","protected":false},"excerpt":{"rendered":"<p>[vc_row][vc_column css=\u00a0\u00bb.vc_custom_1548950462809{margin-top: -80px !important;}\u00a0\u00bb][vc_column_text] Vos d\u00e9marches au P\u00f4le social Le P\u00f4le Social vous accueille pour toutes vos d\u00e9marches administratives li\u00e9es \u00e0 vos enfants. P\u00d4LE SOCIAL &#8211; MSAP &#8211; CCAS 2 avenue St Exup\u00e9ry 31340 \u2013 Villemur-sur-Tarn Tel : 05.61.09.91.38 contact@valaigo.fr Horaires d\u2019ouverture Lundi \u2013 Mercredi \u2013 Jeudi&nbsp;: 8h30-12h30 \/ 13h30-17h Mardi&nbsp;: 8h30-12h30 (ferm\u00e9 le mardi [&hellip;]<\/p>\n","protected":false},"author":1,"featured_media":0,"parent":4056,"menu_order":0,"comment_status":"closed","ping_status":"closed","template":"","meta":{"_uag_custom_page_level_css":"","ngg_post_thumbnail":0,"footnotes":""},"class_list":["post-4026","page","type-page","status-publish","hentry"],"yoast_head":"<!-- This site is optimized with the Yoast SEO plugin v27.3 - https:\/\/yoast.com\/product\/yoast-seo-wordpress\/ -->\n<title>D\u00c9MARCHES POUR ENFANTS - Mairie Villemur-sur-Tarn<\/title>\n<meta name=\"robots\" content=\"index, follow, max-snippet:-1, max-image-preview:large, max-video-preview:-1\" \/>\n<link rel=\"canonical\" href=\"https:\/\/www.mairie-villemur-sur-tarn.fr\/site\/vos-services-au-quotidien\/enfance-et-jeunesse\/demarches-pour-enfants\/\" \/>\n<meta property=\"og:locale\" content=\"fr_FR\" \/>\n<meta property=\"og:type\" content=\"article\" \/>\n<meta property=\"og:title\" content=\"D\u00c9MARCHES POUR ENFANTS - Mairie Villemur-sur-Tarn\" \/>\n<meta property=\"og:description\" content=\"[vc_row][vc_column css=\u00a0\u00bb.vc_custom_1548950462809{margin-top: -80px !important;}\u00a0\u00bb][vc_column_text] Vos d\u00e9marches au P\u00f4le social Le P\u00f4le Social vous accueille pour toutes vos d\u00e9marches administratives li\u00e9es \u00e0 vos enfants. P\u00d4LE SOCIAL &#8211; MSAP &#8211; CCAS 2 avenue St Exup\u00e9ry 31340 \u2013 Villemur-sur-Tarn Tel : 05.61.09.91.38 contact@valaigo.fr Horaires d\u2019ouverture Lundi \u2013 Mercredi \u2013 Jeudi&nbsp;: 8h30-12h30 \/ 13h30-17h Mardi&nbsp;: 8h30-12h30 (ferm\u00e9 le mardi [&hellip;]\" \/>\n<meta property=\"og:url\" content=\"https:\/\/www.mairie-villemur-sur-tarn.fr\/site\/vos-services-au-quotidien\/enfance-et-jeunesse\/demarches-pour-enfants\/\" \/>\n<meta property=\"og:site_name\" content=\"Mairie Villemur-sur-Tarn\" \/>\n<meta property=\"article:publisher\" content=\"https:\/\/www.facebook.com\/mairievillemursurtarn\" \/>\n<meta property=\"article:modified_time\" content=\"2025-06-17T07:33:01+00:00\" \/>\n<meta name=\"twitter:card\" content=\"summary_large_image\" \/>\n<meta name=\"twitter:label1\" content=\"Dur\u00e9e de lecture estim\u00e9e\" \/>\n\t<meta name=\"twitter:data1\" content=\"2 minutes\" \/>\n<script type=\"application\/ld+json\" class=\"yoast-schema-graph\">{\"@context\":\"https:\\\/\\\/schema.org\",\"@graph\":[{\"@type\":\"WebPage\",\"@id\":\"https:\\\/\\\/www.mairie-villemur-sur-tarn.fr\\\/site\\\/vos-services-au-quotidien\\\/enfance-et-jeunesse\\\/demarches-pour-enfants\\\/\",\"url\":\"https:\\\/\\\/www.mairie-villemur-sur-tarn.fr\\\/site\\\/vos-services-au-quotidien\\\/enfance-et-jeunesse\\\/demarches-pour-enfants\\\/\",\"name\":\"D\u00c9MARCHES POUR ENFANTS - Mairie Villemur-sur-Tarn\",\"isPartOf\":{\"@id\":\"https:\\\/\\\/www.mairie-villemur-sur-tarn.fr\\\/site\\\/#website\"},\"datePublished\":\"2018-12-10T14:31:12+00:00\",\"dateModified\":\"2025-06-17T07:33:01+00:00\",\"breadcrumb\":{\"@id\":\"https:\\\/\\\/www.mairie-villemur-sur-tarn.fr\\\/site\\\/vos-services-au-quotidien\\\/enfance-et-jeunesse\\\/demarches-pour-enfants\\\/#breadcrumb\"},\"inLanguage\":\"fr-FR\",\"potentialAction\":[{\"@type\":\"ReadAction\",\"target\":[\"https:\\\/\\\/www.mairie-villemur-sur-tarn.fr\\\/site\\\/vos-services-au-quotidien\\\/enfance-et-jeunesse\\\/demarches-pour-enfants\\\/\"]}]},{\"@type\":\"BreadcrumbList\",\"@id\":\"https:\\\/\\\/www.mairie-villemur-sur-tarn.fr\\\/site\\\/vos-services-au-quotidien\\\/enfance-et-jeunesse\\\/demarches-pour-enfants\\\/#breadcrumb\",\"itemListElement\":[{\"@type\":\"ListItem\",\"position\":1,\"name\":\"Accueil\",\"item\":\"https:\\\/\\\/www.mairie-villemur-sur-tarn.fr\\\/site\\\/\"},{\"@type\":\"ListItem\",\"position\":2,\"name\":\"VOS SERVICES AU QUOTIDIEN\",\"item\":\"https:\\\/\\\/www.mairie-villemur-sur-tarn.fr\\\/site\\\/vos-services-au-quotidien\\\/\"},{\"@type\":\"ListItem\",\"position\":3,\"name\":\"ENFANCE ET JEUNESSE\",\"item\":\"https:\\\/\\\/www.mairie-villemur-sur-tarn.fr\\\/site\\\/vos-services-au-quotidien\\\/enfance-et-jeunesse\\\/\"},{\"@type\":\"ListItem\",\"position\":4,\"name\":\"D\u00c9MARCHES POUR ENFANTS\"}]},{\"@type\":\"WebSite\",\"@id\":\"https:\\\/\\\/www.mairie-villemur-sur-tarn.fr\\\/site\\\/#website\",\"url\":\"https:\\\/\\\/www.mairie-villemur-sur-tarn.fr\\\/site\\\/\",\"name\":\"Mairie Villemur-sur-Tarn\",\"description\":\"Site officiel canton Villemur Toulouse Nord. D\u00e9marches en ligne, conseil municipal, actualit\u00e9s Villemur, Annuaire Villemur, March\u00e9s...\",\"publisher\":{\"@id\":\"https:\\\/\\\/www.mairie-villemur-sur-tarn.fr\\\/site\\\/#organization\"},\"potentialAction\":[{\"@type\":\"SearchAction\",\"target\":{\"@type\":\"EntryPoint\",\"urlTemplate\":\"https:\\\/\\\/www.mairie-villemur-sur-tarn.fr\\\/site\\\/?s={search_term_string}\"},\"query-input\":{\"@type\":\"PropertyValueSpecification\",\"valueRequired\":true,\"valueName\":\"search_term_string\"}}],\"inLanguage\":\"fr-FR\"},{\"@type\":\"Organization\",\"@id\":\"https:\\\/\\\/www.mairie-villemur-sur-tarn.fr\\\/site\\\/#organization\",\"name\":\"Mairie Villemur-sur-Tarn\",\"url\":\"https:\\\/\\\/www.mairie-villemur-sur-tarn.fr\\\/site\\\/\",\"logo\":{\"@type\":\"ImageObject\",\"inLanguage\":\"fr-FR\",\"@id\":\"https:\\\/\\\/www.mairie-villemur-sur-tarn.fr\\\/site\\\/#\\\/schema\\\/logo\\\/image\\\/\",\"url\":\"https:\\\/\\\/www.mairie-villemur-sur-tarn.fr\\\/site\\\/wp-content\\\/uploads\\\/Villemur-LOGO-carre-PNG.png\",\"contentUrl\":\"https:\\\/\\\/www.mairie-villemur-sur-tarn.fr\\\/site\\\/wp-content\\\/uploads\\\/Villemur-LOGO-carre-PNG.png\",\"width\":887,\"height\":886,\"caption\":\"Mairie Villemur-sur-Tarn\"},\"image\":{\"@id\":\"https:\\\/\\\/www.mairie-villemur-sur-tarn.fr\\\/site\\\/#\\\/schema\\\/logo\\\/image\\\/\"},\"sameAs\":[\"https:\\\/\\\/www.facebook.com\\\/mairievillemursurtarn\",\"https:\\\/\\\/www.instagram.com\\\/villemur_sur_tarn\\\/\"]}]}<\/script>\n<!-- \/ Yoast SEO plugin. -->","yoast_head_json":{"title":"D\u00c9MARCHES POUR ENFANTS - Mairie Villemur-sur-Tarn","robots":{"index":"index","follow":"follow","max-snippet":"max-snippet:-1","max-image-preview":"max-image-preview:large","max-video-preview":"max-video-preview:-1"},"canonical":"https:\/\/www.mairie-villemur-sur-tarn.fr\/site\/vos-services-au-quotidien\/enfance-et-jeunesse\/demarches-pour-enfants\/","og_locale":"fr_FR","og_type":"article","og_title":"D\u00c9MARCHES POUR ENFANTS - Mairie Villemur-sur-Tarn","og_description":"[vc_row][vc_column css=\u00a0\u00bb.vc_custom_1548950462809{margin-top: -80px !important;}\u00a0\u00bb][vc_column_text] Vos d\u00e9marches au P\u00f4le social Le P\u00f4le Social vous accueille pour toutes vos d\u00e9marches administratives li\u00e9es \u00e0 vos enfants. P\u00d4LE SOCIAL &#8211; MSAP &#8211; CCAS 2 avenue St Exup\u00e9ry 31340 \u2013 Villemur-sur-Tarn Tel : 05.61.09.91.38 contact@valaigo.fr Horaires d\u2019ouverture Lundi \u2013 Mercredi \u2013 Jeudi&nbsp;: 8h30-12h30 \/ 13h30-17h Mardi&nbsp;: 8h30-12h30 (ferm\u00e9 le mardi [&hellip;]","og_url":"https:\/\/www.mairie-villemur-sur-tarn.fr\/site\/vos-services-au-quotidien\/enfance-et-jeunesse\/demarches-pour-enfants\/","og_site_name":"Mairie Villemur-sur-Tarn","article_publisher":"https:\/\/www.facebook.com\/mairievillemursurtarn","article_modified_time":"2025-06-17T07:33:01+00:00","twitter_card":"summary_large_image","twitter_misc":{"Dur\u00e9e de lecture estim\u00e9e":"2 minutes"},"schema":{"@context":"https:\/\/schema.org","@graph":[{"@type":"WebPage","@id":"https:\/\/www.mairie-villemur-sur-tarn.fr\/site\/vos-services-au-quotidien\/enfance-et-jeunesse\/demarches-pour-enfants\/","url":"https:\/\/www.mairie-villemur-sur-tarn.fr\/site\/vos-services-au-quotidien\/enfance-et-jeunesse\/demarches-pour-enfants\/","name":"D\u00c9MARCHES POUR ENFANTS - Mairie Villemur-sur-Tarn","isPartOf":{"@id":"https:\/\/www.mairie-villemur-sur-tarn.fr\/site\/#website"},"datePublished":"2018-12-10T14:31:12+00:00","dateModified":"2025-06-17T07:33:01+00:00","breadcrumb":{"@id":"https:\/\/www.mairie-villemur-sur-tarn.fr\/site\/vos-services-au-quotidien\/enfance-et-jeunesse\/demarches-pour-enfants\/#breadcrumb"},"inLanguage":"fr-FR","potentialAction":[{"@type":"ReadAction","target":["https:\/\/www.mairie-villemur-sur-tarn.fr\/site\/vos-services-au-quotidien\/enfance-et-jeunesse\/demarches-pour-enfants\/"]}]},{"@type":"BreadcrumbList","@id":"https:\/\/www.mairie-villemur-sur-tarn.fr\/site\/vos-services-au-quotidien\/enfance-et-jeunesse\/demarches-pour-enfants\/#breadcrumb","itemListElement":[{"@type":"ListItem","position":1,"name":"Accueil","item":"https:\/\/www.mairie-villemur-sur-tarn.fr\/site\/"},{"@type":"ListItem","position":2,"name":"VOS SERVICES AU QUOTIDIEN","item":"https:\/\/www.mairie-villemur-sur-tarn.fr\/site\/vos-services-au-quotidien\/"},{"@type":"ListItem","position":3,"name":"ENFANCE ET JEUNESSE","item":"https:\/\/www.mairie-villemur-sur-tarn.fr\/site\/vos-services-au-quotidien\/enfance-et-jeunesse\/"},{"@type":"ListItem","position":4,"name":"D\u00c9MARCHES POUR ENFANTS"}]},{"@type":"WebSite","@id":"https:\/\/www.mairie-villemur-sur-tarn.fr\/site\/#website","url":"https:\/\/www.mairie-villemur-sur-tarn.fr\/site\/","name":"Mairie Villemur-sur-Tarn","description":"Site officiel canton Villemur Toulouse Nord. D\u00e9marches en ligne, conseil municipal, actualit\u00e9s Villemur, Annuaire Villemur, March\u00e9s...","publisher":{"@id":"https:\/\/www.mairie-villemur-sur-tarn.fr\/site\/#organization"},"potentialAction":[{"@type":"SearchAction","target":{"@type":"EntryPoint","urlTemplate":"https:\/\/www.mairie-villemur-sur-tarn.fr\/site\/?s={search_term_string}"},"query-input":{"@type":"PropertyValueSpecification","valueRequired":true,"valueName":"search_term_string"}}],"inLanguage":"fr-FR"},{"@type":"Organization","@id":"https:\/\/www.mairie-villemur-sur-tarn.fr\/site\/#organization","name":"Mairie Villemur-sur-Tarn","url":"https:\/\/www.mairie-villemur-sur-tarn.fr\/site\/","logo":{"@type":"ImageObject","inLanguage":"fr-FR","@id":"https:\/\/www.mairie-villemur-sur-tarn.fr\/site\/#\/schema\/logo\/image\/","url":"https:\/\/www.mairie-villemur-sur-tarn.fr\/site\/wp-content\/uploads\/Villemur-LOGO-carre-PNG.png","contentUrl":"https:\/\/www.mairie-villemur-sur-tarn.fr\/site\/wp-content\/uploads\/Villemur-LOGO-carre-PNG.png","width":887,"height":886,"caption":"Mairie Villemur-sur-Tarn"},"image":{"@id":"https:\/\/www.mairie-villemur-sur-tarn.fr\/site\/#\/schema\/logo\/image\/"},"sameAs":["https:\/\/www.facebook.com\/mairievillemursurtarn","https:\/\/www.instagram.com\/villemur_sur_tarn\/"]}]}},"uagb_featured_image_src":{"full":false,"thumbnail":false,"medium":false,"medium_large":false,"large":false,"1536x1536":false,"2048x2048":false,"post-thumbnail":false,"winnex_medium":false,"winnex_height":false},"uagb_author_info":{"display_name":"Mairie de Villemur-sur-Tarn","author_link":"https:\/\/www.mairie-villemur-sur-tarn.fr\/site\/author\/villmurtarn_admin\/"},"uagb_comment_info":0,"uagb_excerpt":"[vc_row][vc_column css=\u00a0\u00bb.vc_custom_1548950462809{margin-top: -80px !important;}\u00a0\u00bb][vc_column_text] Vos d\u00e9marches au P\u00f4le social Le P\u00f4le Social vous accueille pour toutes vos d\u00e9marches administratives li\u00e9es \u00e0 vos enfants. P\u00d4LE SOCIAL &#8211; MSAP &#8211; CCAS 2 avenue St Exup\u00e9ry 31340 \u2013 Villemur-sur-Tarn Tel : 05.61.09.91.38 contact@valaigo.fr Horaires d\u2019ouverture Lundi \u2013 Mercredi \u2013 Jeudi&nbsp;: 8h30-12h30 \/ 13h30-17h Mardi&nbsp;: 8h30-12h30 (ferm\u00e9 le mardi\u2026","_links":{"self":[{"href":"https:\/\/www.mairie-villemur-sur-tarn.fr\/site\/wp-json\/wp\/v2\/pages\/4026","targetHints":{"allow":["GET"]}}],"collection":[{"href":"https:\/\/www.mairie-villemur-sur-tarn.fr\/site\/wp-json\/wp\/v2\/pages"}],"about":[{"href":"https:\/\/www.mairie-villemur-sur-tarn.fr\/site\/wp-json\/wp\/v2\/types\/page"}],"author":[{"embeddable":true,"href":"https:\/\/www.mairie-villemur-sur-tarn.fr\/site\/wp-json\/wp\/v2\/users\/1"}],"replies":[{"embeddable":true,"href":"https:\/\/www.mairie-villemur-sur-tarn.fr\/site\/wp-json\/wp\/v2\/comments?post=4026"}],"version-history":[{"count":13,"href":"https:\/\/www.mairie-villemur-sur-tarn.fr\/site\/wp-json\/wp\/v2\/pages\/4026\/revisions"}],"predecessor-version":[{"id":17397,"href":"https:\/\/www.mairie-villemur-sur-tarn.fr\/site\/wp-json\/wp\/v2\/pages\/4026\/revisions\/17397"}],"up":[{"embeddable":true,"href":"https:\/\/www.mairie-villemur-sur-tarn.fr\/site\/wp-json\/wp\/v2\/pages\/4056"}],"wp:attachment":[{"href":"https:\/\/www.mairie-villemur-sur-tarn.fr\/site\/wp-json\/wp\/v2\/media?parent=4026"}],"curies":[{"name":"wp","href":"https:\/\/api.w.org\/{rel}","templated":true}]}}