{"id":4109,"date":"2018-12-10T17:15:25","date_gmt":"2018-12-10T16:15:25","guid":{"rendered":"https:\/\/www.mairie-villemur-sur-tarn.fr\/site\/?page_id=4109"},"modified":"2019-01-15T16:59:53","modified_gmt":"2019-01-15T15:59:53","slug":"qualite-de-lair-et-de-leau","status":"publish","type":"page","link":"https:\/\/www.mairie-villemur-sur-tarn.fr\/site\/vos-services-au-quotidien\/proprete-environnement\/qualite-de-lair-et-de-leau\/","title":{"rendered":"QUALIT\u00c9 DE L&rsquo;AIR ET DE L&rsquo;EAU"},"content":{"rendered":"<p>[vc_row][vc_column css=\u00a0\u00bb.vc_custom_1545149398324{margin-top: -80px !important;}\u00a0\u00bb][vc_column_text]<\/p>\n<h1><span style=\"color: #ff6600;\">Cette page est en cours de construction\u2026<\/span><\/h1>\n<p>Pour mieux vous informer, le site de la mairie de Villemur-sur-Tarn a fait peau neuve, mais il n\u2019est pas encore parfait\u00a0et le contenu de cette page est en train d\u2019\u00eatre finalis\u00e9.<\/p>\n<h2><span style=\"color: #003366;\">Vous pouvez nous aider \u00e0 am\u00e9liorer ce site\u00a0!<\/span><\/h2>\n<p><strong>Vous ne trouvez pas une information\u00a0?<br \/>\nVous constatez une erreur de contenu ou un dysfonctionnement technique\u00a0?<br \/>\nVous souhaitez nous donner votre avis sur cette nouvelle version du site\u00a0?<br \/>\nVous avez des suggestions pour l\u2019am\u00e9liorer\u00a0?<\/strong><\/p>\n<pre>Faites-nous part de vos remarques \u00e0\u00a0: \r\n<a href=\"mailto:communication@mairie-villemur-sur-tarn.fr\">communication@mairie-villemur-sur-tarn.fr<\/a><\/pre>\n<p>[\/vc_column_text][\/vc_column][\/vc_row]<\/p>\n","protected":false},"excerpt":{"rendered":"<p>[vc_row][vc_column css=\u00a0\u00bb.vc_custom_1545149398324{margin-top: -80px !important;}\u00a0\u00bb][vc_column_text] Cette page est en cours de construction\u2026 Pour mieux vous informer, le site de la mairie de Villemur-sur-Tarn a fait peau neuve, mais il n\u2019est pas encore parfait\u00a0et le contenu de cette page est en train d\u2019\u00eatre finalis\u00e9. Vous pouvez nous aider \u00e0 am\u00e9liorer ce site\u00a0! Vous ne trouvez pas une [&hellip;]<\/p>\n","protected":false},"author":1,"featured_media":0,"parent":4105,"menu_order":0,"comment_status":"closed","ping_status":"closed","template":"","meta":{"_uag_custom_page_level_css":"","ngg_post_thumbnail":0,"footnotes":""},"class_list":["post-4109","page","type-page","status-publish","hentry"],"yoast_head":"<!-- This site is optimized with the Yoast SEO plugin v27.3 - https:\/\/yoast.com\/product\/yoast-seo-wordpress\/ -->\n<title>QUALIT\u00c9 DE L&#039;AIR ET DE L&#039;EAU - Mairie Villemur-sur-Tarn<\/title>\n<meta name=\"robots\" content=\"index, follow, max-snippet:-1, max-image-preview:large, max-video-preview:-1\" \/>\n<link rel=\"canonical\" href=\"https:\/\/www.mairie-villemur-sur-tarn.fr\/site\/vos-services-au-quotidien\/proprete-environnement\/qualite-de-lair-et-de-leau\/\" \/>\n<meta property=\"og:locale\" content=\"fr_FR\" \/>\n<meta property=\"og:type\" content=\"article\" \/>\n<meta property=\"og:title\" content=\"QUALIT\u00c9 DE L&#039;AIR ET DE L&#039;EAU - Mairie Villemur-sur-Tarn\" \/>\n<meta property=\"og:description\" content=\"[vc_row][vc_column css=\u00a0\u00bb.vc_custom_1545149398324{margin-top: -80px !important;}\u00a0\u00bb][vc_column_text] Cette page est en cours de construction\u2026 Pour mieux vous informer, le site de la mairie de Villemur-sur-Tarn a fait peau neuve, mais il n\u2019est pas encore parfait\u00a0et le contenu de cette page est en train d\u2019\u00eatre finalis\u00e9. Vous pouvez nous aider \u00e0 am\u00e9liorer ce site\u00a0! Vous ne trouvez pas une [&hellip;]\" \/>\n<meta property=\"og:url\" content=\"https:\/\/www.mairie-villemur-sur-tarn.fr\/site\/vos-services-au-quotidien\/proprete-environnement\/qualite-de-lair-et-de-leau\/\" \/>\n<meta property=\"og:site_name\" content=\"Mairie Villemur-sur-Tarn\" \/>\n<meta property=\"article:publisher\" content=\"https:\/\/www.facebook.com\/mairievillemursurtarn\" \/>\n<meta property=\"article:modified_time\" content=\"2019-01-15T15:59:53+00:00\" \/>\n<meta name=\"twitter:card\" content=\"summary_large_image\" \/>\n<meta name=\"twitter:label1\" content=\"Dur\u00e9e de lecture estim\u00e9e\" \/>\n\t<meta name=\"twitter:data1\" content=\"1 minute\" \/>\n<script type=\"application\/ld+json\" class=\"yoast-schema-graph\">{\"@context\":\"https:\\\/\\\/schema.org\",\"@graph\":[{\"@type\":\"WebPage\",\"@id\":\"https:\\\/\\\/www.mairie-villemur-sur-tarn.fr\\\/site\\\/vos-services-au-quotidien\\\/proprete-environnement\\\/qualite-de-lair-et-de-leau\\\/\",\"url\":\"https:\\\/\\\/www.mairie-villemur-sur-tarn.fr\\\/site\\\/vos-services-au-quotidien\\\/proprete-environnement\\\/qualite-de-lair-et-de-leau\\\/\",\"name\":\"QUALIT\u00c9 DE L'AIR ET DE L'EAU - Mairie Villemur-sur-Tarn\",\"isPartOf\":{\"@id\":\"https:\\\/\\\/www.mairie-villemur-sur-tarn.fr\\\/site\\\/#website\"},\"datePublished\":\"2018-12-10T16:15:25+00:00\",\"dateModified\":\"2019-01-15T15:59:53+00:00\",\"breadcrumb\":{\"@id\":\"https:\\\/\\\/www.mairie-villemur-sur-tarn.fr\\\/site\\\/vos-services-au-quotidien\\\/proprete-environnement\\\/qualite-de-lair-et-de-leau\\\/#breadcrumb\"},\"inLanguage\":\"fr-FR\",\"potentialAction\":[{\"@type\":\"ReadAction\",\"target\":[\"https:\\\/\\\/www.mairie-villemur-sur-tarn.fr\\\/site\\\/vos-services-au-quotidien\\\/proprete-environnement\\\/qualite-de-lair-et-de-leau\\\/\"]}]},{\"@type\":\"BreadcrumbList\",\"@id\":\"https:\\\/\\\/www.mairie-villemur-sur-tarn.fr\\\/site\\\/vos-services-au-quotidien\\\/proprete-environnement\\\/qualite-de-lair-et-de-leau\\\/#breadcrumb\",\"itemListElement\":[{\"@type\":\"ListItem\",\"position\":1,\"name\":\"Accueil\",\"item\":\"https:\\\/\\\/www.mairie-villemur-sur-tarn.fr\\\/site\\\/\"},{\"@type\":\"ListItem\",\"position\":2,\"name\":\"VOS SERVICES AU QUOTIDIEN\",\"item\":\"https:\\\/\\\/www.mairie-villemur-sur-tarn.fr\\\/site\\\/vos-services-au-quotidien\\\/\"},{\"@type\":\"ListItem\",\"position\":3,\"name\":\"PROPRET\u00c9 &#038; ENVIRONNEMENT\",\"item\":\"https:\\\/\\\/www.mairie-villemur-sur-tarn.fr\\\/site\\\/vos-services-au-quotidien\\\/proprete-environnement\\\/\"},{\"@type\":\"ListItem\",\"position\":4,\"name\":\"QUALIT\u00c9 DE L&#8217;AIR ET DE L&#8217;EAU\"}]},{\"@type\":\"WebSite\",\"@id\":\"https:\\\/\\\/www.mairie-villemur-sur-tarn.fr\\\/site\\\/#website\",\"url\":\"https:\\\/\\\/www.mairie-villemur-sur-tarn.fr\\\/site\\\/\",\"name\":\"Mairie Villemur-sur-Tarn\",\"description\":\"Site officiel canton Villemur Toulouse Nord. D\u00e9marches en ligne, conseil municipal, actualit\u00e9s Villemur, Annuaire Villemur, March\u00e9s...\",\"publisher\":{\"@id\":\"https:\\\/\\\/www.mairie-villemur-sur-tarn.fr\\\/site\\\/#organization\"},\"potentialAction\":[{\"@type\":\"SearchAction\",\"target\":{\"@type\":\"EntryPoint\",\"urlTemplate\":\"https:\\\/\\\/www.mairie-villemur-sur-tarn.fr\\\/site\\\/?s={search_term_string}\"},\"query-input\":{\"@type\":\"PropertyValueSpecification\",\"valueRequired\":true,\"valueName\":\"search_term_string\"}}],\"inLanguage\":\"fr-FR\"},{\"@type\":\"Organization\",\"@id\":\"https:\\\/\\\/www.mairie-villemur-sur-tarn.fr\\\/site\\\/#organization\",\"name\":\"Mairie Villemur-sur-Tarn\",\"url\":\"https:\\\/\\\/www.mairie-villemur-sur-tarn.fr\\\/site\\\/\",\"logo\":{\"@type\":\"ImageObject\",\"inLanguage\":\"fr-FR\",\"@id\":\"https:\\\/\\\/www.mairie-villemur-sur-tarn.fr\\\/site\\\/#\\\/schema\\\/logo\\\/image\\\/\",\"url\":\"https:\\\/\\\/www.mairie-villemur-sur-tarn.fr\\\/site\\\/wp-content\\\/uploads\\\/Villemur-LOGO-carre-PNG.png\",\"contentUrl\":\"https:\\\/\\\/www.mairie-villemur-sur-tarn.fr\\\/site\\\/wp-content\\\/uploads\\\/Villemur-LOGO-carre-PNG.png\",\"width\":887,\"height\":886,\"caption\":\"Mairie Villemur-sur-Tarn\"},\"image\":{\"@id\":\"https:\\\/\\\/www.mairie-villemur-sur-tarn.fr\\\/site\\\/#\\\/schema\\\/logo\\\/image\\\/\"},\"sameAs\":[\"https:\\\/\\\/www.facebook.com\\\/mairievillemursurtarn\",\"https:\\\/\\\/www.instagram.com\\\/villemur_sur_tarn\\\/\"]}]}<\/script>\n<!-- \/ Yoast SEO plugin. -->","yoast_head_json":{"title":"QUALIT\u00c9 DE L'AIR ET DE L'EAU - Mairie Villemur-sur-Tarn","robots":{"index":"index","follow":"follow","max-snippet":"max-snippet:-1","max-image-preview":"max-image-preview:large","max-video-preview":"max-video-preview:-1"},"canonical":"https:\/\/www.mairie-villemur-sur-tarn.fr\/site\/vos-services-au-quotidien\/proprete-environnement\/qualite-de-lair-et-de-leau\/","og_locale":"fr_FR","og_type":"article","og_title":"QUALIT\u00c9 DE L'AIR ET DE L'EAU - Mairie Villemur-sur-Tarn","og_description":"[vc_row][vc_column css=\u00a0\u00bb.vc_custom_1545149398324{margin-top: -80px !important;}\u00a0\u00bb][vc_column_text] Cette page est en cours de construction\u2026 Pour mieux vous informer, le site de la mairie de Villemur-sur-Tarn a fait peau neuve, mais il n\u2019est pas encore parfait\u00a0et le contenu de cette page est en train d\u2019\u00eatre finalis\u00e9. Vous pouvez nous aider \u00e0 am\u00e9liorer ce site\u00a0! Vous ne trouvez pas une [&hellip;]","og_url":"https:\/\/www.mairie-villemur-sur-tarn.fr\/site\/vos-services-au-quotidien\/proprete-environnement\/qualite-de-lair-et-de-leau\/","og_site_name":"Mairie Villemur-sur-Tarn","article_publisher":"https:\/\/www.facebook.com\/mairievillemursurtarn","article_modified_time":"2019-01-15T15:59:53+00:00","twitter_card":"summary_large_image","twitter_misc":{"Dur\u00e9e de lecture estim\u00e9e":"1 minute"},"schema":{"@context":"https:\/\/schema.org","@graph":[{"@type":"WebPage","@id":"https:\/\/www.mairie-villemur-sur-tarn.fr\/site\/vos-services-au-quotidien\/proprete-environnement\/qualite-de-lair-et-de-leau\/","url":"https:\/\/www.mairie-villemur-sur-tarn.fr\/site\/vos-services-au-quotidien\/proprete-environnement\/qualite-de-lair-et-de-leau\/","name":"QUALIT\u00c9 DE L'AIR ET DE L'EAU - Mairie Villemur-sur-Tarn","isPartOf":{"@id":"https:\/\/www.mairie-villemur-sur-tarn.fr\/site\/#website"},"datePublished":"2018-12-10T16:15:25+00:00","dateModified":"2019-01-15T15:59:53+00:00","breadcrumb":{"@id":"https:\/\/www.mairie-villemur-sur-tarn.fr\/site\/vos-services-au-quotidien\/proprete-environnement\/qualite-de-lair-et-de-leau\/#breadcrumb"},"inLanguage":"fr-FR","potentialAction":[{"@type":"ReadAction","target":["https:\/\/www.mairie-villemur-sur-tarn.fr\/site\/vos-services-au-quotidien\/proprete-environnement\/qualite-de-lair-et-de-leau\/"]}]},{"@type":"BreadcrumbList","@id":"https:\/\/www.mairie-villemur-sur-tarn.fr\/site\/vos-services-au-quotidien\/proprete-environnement\/qualite-de-lair-et-de-leau\/#breadcrumb","itemListElement":[{"@type":"ListItem","position":1,"name":"Accueil","item":"https:\/\/www.mairie-villemur-sur-tarn.fr\/site\/"},{"@type":"ListItem","position":2,"name":"VOS SERVICES AU QUOTIDIEN","item":"https:\/\/www.mairie-villemur-sur-tarn.fr\/site\/vos-services-au-quotidien\/"},{"@type":"ListItem","position":3,"name":"PROPRET\u00c9 &#038; ENVIRONNEMENT","item":"https:\/\/www.mairie-villemur-sur-tarn.fr\/site\/vos-services-au-quotidien\/proprete-environnement\/"},{"@type":"ListItem","position":4,"name":"QUALIT\u00c9 DE L&#8217;AIR ET DE L&#8217;EAU"}]},{"@type":"WebSite","@id":"https:\/\/www.mairie-villemur-sur-tarn.fr\/site\/#website","url":"https:\/\/www.mairie-villemur-sur-tarn.fr\/site\/","name":"Mairie Villemur-sur-Tarn","description":"Site officiel canton Villemur Toulouse Nord. D\u00e9marches en ligne, conseil municipal, actualit\u00e9s Villemur, Annuaire Villemur, March\u00e9s...","publisher":{"@id":"https:\/\/www.mairie-villemur-sur-tarn.fr\/site\/#organization"},"potentialAction":[{"@type":"SearchAction","target":{"@type":"EntryPoint","urlTemplate":"https:\/\/www.mairie-villemur-sur-tarn.fr\/site\/?s={search_term_string}"},"query-input":{"@type":"PropertyValueSpecification","valueRequired":true,"valueName":"search_term_string"}}],"inLanguage":"fr-FR"},{"@type":"Organization","@id":"https:\/\/www.mairie-villemur-sur-tarn.fr\/site\/#organization","name":"Mairie Villemur-sur-Tarn","url":"https:\/\/www.mairie-villemur-sur-tarn.fr\/site\/","logo":{"@type":"ImageObject","inLanguage":"fr-FR","@id":"https:\/\/www.mairie-villemur-sur-tarn.fr\/site\/#\/schema\/logo\/image\/","url":"https:\/\/www.mairie-villemur-sur-tarn.fr\/site\/wp-content\/uploads\/Villemur-LOGO-carre-PNG.png","contentUrl":"https:\/\/www.mairie-villemur-sur-tarn.fr\/site\/wp-content\/uploads\/Villemur-LOGO-carre-PNG.png","width":887,"height":886,"caption":"Mairie Villemur-sur-Tarn"},"image":{"@id":"https:\/\/www.mairie-villemur-sur-tarn.fr\/site\/#\/schema\/logo\/image\/"},"sameAs":["https:\/\/www.facebook.com\/mairievillemursurtarn","https:\/\/www.instagram.com\/villemur_sur_tarn\/"]}]}},"uagb_featured_image_src":{"full":false,"thumbnail":false,"medium":false,"medium_large":false,"large":false,"1536x1536":false,"2048x2048":false,"post-thumbnail":false,"winnex_medium":false,"winnex_height":false},"uagb_author_info":{"display_name":"Mairie de Villemur-sur-Tarn","author_link":"https:\/\/www.mairie-villemur-sur-tarn.fr\/site\/author\/villmurtarn_admin\/"},"uagb_comment_info":0,"uagb_excerpt":"[vc_row][vc_column css=\u00a0\u00bb.vc_custom_1545149398324{margin-top: -80px !important;}\u00a0\u00bb][vc_column_text] Cette page est en cours de construction\u2026 Pour mieux vous informer, le site de la mairie de Villemur-sur-Tarn a fait peau neuve, mais il n\u2019est pas encore parfait\u00a0et le contenu de cette page est en train d\u2019\u00eatre finalis\u00e9. Vous pouvez nous aider \u00e0 am\u00e9liorer ce site\u00a0! Vous ne trouvez pas une\u2026","_links":{"self":[{"href":"https:\/\/www.mairie-villemur-sur-tarn.fr\/site\/wp-json\/wp\/v2\/pages\/4109","targetHints":{"allow":["GET"]}}],"collection":[{"href":"https:\/\/www.mairie-villemur-sur-tarn.fr\/site\/wp-json\/wp\/v2\/pages"}],"about":[{"href":"https:\/\/www.mairie-villemur-sur-tarn.fr\/site\/wp-json\/wp\/v2\/types\/page"}],"author":[{"embeddable":true,"href":"https:\/\/www.mairie-villemur-sur-tarn.fr\/site\/wp-json\/wp\/v2\/users\/1"}],"replies":[{"embeddable":true,"href":"https:\/\/www.mairie-villemur-sur-tarn.fr\/site\/wp-json\/wp\/v2\/comments?post=4109"}],"version-history":[{"count":3,"href":"https:\/\/www.mairie-villemur-sur-tarn.fr\/site\/wp-json\/wp\/v2\/pages\/4109\/revisions"}],"predecessor-version":[{"id":4689,"href":"https:\/\/www.mairie-villemur-sur-tarn.fr\/site\/wp-json\/wp\/v2\/pages\/4109\/revisions\/4689"}],"up":[{"embeddable":true,"href":"https:\/\/www.mairie-villemur-sur-tarn.fr\/site\/wp-json\/wp\/v2\/pages\/4105"}],"wp:attachment":[{"href":"https:\/\/www.mairie-villemur-sur-tarn.fr\/site\/wp-json\/wp\/v2\/media?parent=4109"}],"curies":[{"name":"wp","href":"https:\/\/api.w.org\/{rel}","templated":true}]}}