{"id":4115,"date":"2018-12-10T17:17:57","date_gmt":"2018-12-10T16:17:57","guid":{"rendered":"https:\/\/www.mairie-villemur-sur-tarn.fr\/site\/?page_id=4115"},"modified":"2024-05-07T12:41:31","modified_gmt":"2024-05-07T10:41:31","slug":"stationnement","status":"publish","type":"page","link":"https:\/\/www.mairie-villemur-sur-tarn.fr\/site\/vos-services-au-quotidien\/transport-stationnement\/stationnement\/","title":{"rendered":"STATIONNEMENT"},"content":{"rendered":"<p>[vc_row][vc_column css=\u00a0\u00bb.vc_custom_1545149378736{margin-top: -80px !important;}\u00a0\u00bb][vc_column_text]<\/p>\n<h1><span style=\"color: #ff6600;\">Places de stationnement<\/span><\/h1>\n<p>La commune de Villemur dispose d&rsquo;environ&nbsp;<strong>600 places<\/strong> de stationnement.<\/p>\n<hr>\n<h1><span style=\"color: #ff6600;\">Parking des berges<\/span><\/h1>\n<p><img loading=\"lazy\" decoding=\"async\" class=\"wp-image-4535 size-thumbnail alignleft\" src=\"https:\/\/www.mairie-villemur-sur-tarn.fr\/site\/wp-content\/uploads\/2019\/01\/attention-berges-inondables-180x180.jpg\" alt=\"\" width=\"180\" height=\"180\"><img loading=\"lazy\" decoding=\"async\" class=\"size-thumbnail wp-image-4536 alignright\" src=\"https:\/\/www.mairie-villemur-sur-tarn.fr\/site\/wp-content\/uploads\/2019\/01\/berges-inondables-180x180.jpg\" alt=\"\" width=\"180\" height=\"180\">Le parking des berges est situ\u00e9 en zone inondable.<br \/>\nLorsque vous vous y garez, il est imp\u00e9ratif de<strong> laisser un num\u00e9ro de t\u00e9l\u00e9phone visible sur votre pare-brise<\/strong>, et ce, quelle que soit la saison.<\/p>\n<p>En cas de crue soudaine, la municipalit\u00e9 pourra ainsi vous avertir afin que vous d\u00e9placiez votre v\u00e9hicule.<br \/>\nDans le cas contraire, <span style=\"color: #ff0000;\"><strong>les frais de d\u00e9placement de votre v\u00e9hicule vous serons factur\u00e9s (environ 300\u20ac).<\/strong><\/span><\/p>\n<h1>&nbsp;<\/h1>\n<hr>\n<h1><span style=\"color: #ff6600;\">Zone bleue<\/span><\/h1>\n<p>Les zones de stationnement en zone bleue sont situ\u00e9es :<\/p>\n<ul>\n<li><strong>Rue de la R\u00e9publiques<\/strong><\/li>\n<li><strong>Rue Saint-Jean<\/strong><\/li>\n<li><strong>Place Charles Ourgaut<\/strong><\/li>\n<li><strong>All\u00e9e Charles de Gaulle<\/strong> (entre le Pont suspendu et la Place du Souvenir)<\/li>\n<\/ul>\n<p><a href=\"https:\/\/www.mairie-villemur-sur-tarn.fr\/site\/wp-content\/uploads\/2019\/01\/Stationnement-zone-bleue.jpg\"><img loading=\"lazy\" decoding=\"async\" class=\"alignleft wp-image-4524 size-full\" src=\"https:\/\/www.mairie-villemur-sur-tarn.fr\/site\/wp-content\/uploads\/2019\/01\/Stationnement-zone-bleue-e1546959644257.jpg\" alt=\"\" width=\"250\" height=\"265\"><\/a>Voici un rappel des r\u00e8gles concernant le stationnement en zone bleue :<\/p>\n<p>En zone bleue, le stationnement est autoris\u00e9 pour une <strong><span style=\"color: #ff0000;\">dur\u00e9e maximale de 1 heure 30<\/span>, de 9 heures \u00e0 18 heures, du mardi au vendredi<\/strong>, \u00e0 l\u2019exception des jours f\u00e9ri\u00e9s o\u00f9 le stationnement est non r\u00e9glement\u00e9.<\/p>\n<p>L\u2019installation d\u2019un <strong>disque bleu<\/strong> indiquant votre heure d\u2019arriv\u00e9e derri\u00e8re votre parking est obligatoire. Ces disques sont en vente \u00e0 la Mairie au prix de 1\u20ac et disponibles sur pr\u00eat contre une pi\u00e8ce d\u2019identit\u00e9 pour les personnes de passage dans la commune.<\/p>\n<p>Le stationnement est <strong>libre le lundi, le samedi et le dimanche<\/strong>.<\/p>\n<p>En cas d\u2019absence de dispositif de contr\u00f4le ou de d\u00e9passement de la dur\u00e9e maximale autoris\u00e9e, <span style=\"color: #ff0000;\"><strong>la contravention s\u2019\u00e9l\u00e8ve \u00e0 35\u20ac<\/strong><\/span>.<\/p>\n<p>&nbsp;<\/p>\n<h1>&nbsp;<\/h1>\n<hr>\n<h1><span style=\"color: #ff6600;\">Arr\u00eat minute<\/span><\/h1>\n<p>Les zones de stationnement Arr\u00eat Minute sont situ\u00e9es en centre-ville :<\/p>\n<ul>\n<li><strong>Rue de la R\u00e9publique<\/strong> (devant le magasin Origines Fleurs)<\/li>\n<li><strong>Rue Elie Brusson<\/strong> (au niveau de La Poste)<\/li>\n<li><strong>Place de la R\u00e9sistance<\/strong> (au niveau du Quai Scipion de Joyeuse)<\/li>\n<li><strong>All\u00e9e Charles de Gaulle<\/strong> (au niveau de la sortie du Parking Mandela)<\/li>\n<\/ul>\n<p>Ces zones Arr\u00eat Minute sont signal\u00e9es par des panneaux et un marquage au sol.<br \/>\nLe stationnement y est <span style=\"color: #000000;\"><strong>gratuit<\/strong><\/span> et <span style=\"color: #ff0000;\"><strong>limit\u00e9 \u00e0 10 minutes<\/strong><\/span>.<br \/>\nEn cas d\u2019absence de dispositif de contr\u00f4le ou de d\u00e9passement de la dur\u00e9e maximale autoris\u00e9e, <span style=\"color: #ff0000;\"><strong>la contravention s\u2019\u00e9l\u00e8ve \u00e0 35\u20ac.<\/strong><\/span>[\/vc_column_text][\/vc_column][\/vc_row]<\/p>\n","protected":false},"excerpt":{"rendered":"<p>[vc_row][vc_column css=\u00a0\u00bb.vc_custom_1545149378736{margin-top: -80px !important;}\u00a0\u00bb][vc_column_text] Places de stationnement La commune de Villemur dispose d&rsquo;environ&nbsp;600 places de stationnement. Parking des berges Le parking des berges est situ\u00e9 en zone inondable. Lorsque vous vous y garez, il est imp\u00e9ratif de laisser un num\u00e9ro de t\u00e9l\u00e9phone visible sur votre pare-brise, et ce, quelle que soit la saison. En cas [&hellip;]<\/p>\n","protected":false},"author":1,"featured_media":0,"parent":4111,"menu_order":0,"comment_status":"closed","ping_status":"closed","template":"","meta":{"_uag_custom_page_level_css":"","ngg_post_thumbnail":0,"footnotes":""},"class_list":["post-4115","page","type-page","status-publish","hentry"],"yoast_head":"<!-- This site is optimized with the Yoast SEO plugin v27.3 - https:\/\/yoast.com\/product\/yoast-seo-wordpress\/ -->\n<title>STATIONNEMENT - Mairie Villemur-sur-Tarn<\/title>\n<meta name=\"robots\" content=\"index, follow, max-snippet:-1, max-image-preview:large, max-video-preview:-1\" \/>\n<link rel=\"canonical\" href=\"https:\/\/www.mairie-villemur-sur-tarn.fr\/site\/vos-services-au-quotidien\/transport-stationnement\/stationnement\/\" \/>\n<meta property=\"og:locale\" content=\"fr_FR\" \/>\n<meta property=\"og:type\" content=\"article\" \/>\n<meta property=\"og:title\" content=\"STATIONNEMENT - Mairie Villemur-sur-Tarn\" \/>\n<meta property=\"og:description\" content=\"[vc_row][vc_column css=\u00a0\u00bb.vc_custom_1545149378736{margin-top: -80px !important;}\u00a0\u00bb][vc_column_text] Places de stationnement La commune de Villemur dispose d&rsquo;environ&nbsp;600 places de stationnement. Parking des berges Le parking des berges est situ\u00e9 en zone inondable. Lorsque vous vous y garez, il est imp\u00e9ratif de laisser un num\u00e9ro de t\u00e9l\u00e9phone visible sur votre pare-brise, et ce, quelle que soit la saison. En cas [&hellip;]\" \/>\n<meta property=\"og:url\" content=\"https:\/\/www.mairie-villemur-sur-tarn.fr\/site\/vos-services-au-quotidien\/transport-stationnement\/stationnement\/\" \/>\n<meta property=\"og:site_name\" content=\"Mairie Villemur-sur-Tarn\" \/>\n<meta property=\"article:publisher\" content=\"https:\/\/www.facebook.com\/mairievillemursurtarn\" \/>\n<meta property=\"article:modified_time\" content=\"2024-05-07T10:41:31+00:00\" \/>\n<meta property=\"og:image\" content=\"https:\/\/www.mairie-villemur-sur-tarn.fr\/site\/wp-content\/uploads\/2019\/01\/attention-berges-inondables-180x180.jpg\" \/>\n<meta name=\"twitter:card\" content=\"summary_large_image\" \/>\n<meta name=\"twitter:label1\" content=\"Dur\u00e9e de lecture estim\u00e9e\" \/>\n\t<meta name=\"twitter:data1\" content=\"3 minutes\" \/>\n<script type=\"application\/ld+json\" class=\"yoast-schema-graph\">{\"@context\":\"https:\\\/\\\/schema.org\",\"@graph\":[{\"@type\":\"WebPage\",\"@id\":\"https:\\\/\\\/www.mairie-villemur-sur-tarn.fr\\\/site\\\/vos-services-au-quotidien\\\/transport-stationnement\\\/stationnement\\\/\",\"url\":\"https:\\\/\\\/www.mairie-villemur-sur-tarn.fr\\\/site\\\/vos-services-au-quotidien\\\/transport-stationnement\\\/stationnement\\\/\",\"name\":\"STATIONNEMENT - Mairie Villemur-sur-Tarn\",\"isPartOf\":{\"@id\":\"https:\\\/\\\/www.mairie-villemur-sur-tarn.fr\\\/site\\\/#website\"},\"primaryImageOfPage\":{\"@id\":\"https:\\\/\\\/www.mairie-villemur-sur-tarn.fr\\\/site\\\/vos-services-au-quotidien\\\/transport-stationnement\\\/stationnement\\\/#primaryimage\"},\"image\":{\"@id\":\"https:\\\/\\\/www.mairie-villemur-sur-tarn.fr\\\/site\\\/vos-services-au-quotidien\\\/transport-stationnement\\\/stationnement\\\/#primaryimage\"},\"thumbnailUrl\":\"https:\\\/\\\/www.mairie-villemur-sur-tarn.fr\\\/site\\\/wp-content\\\/uploads\\\/2019\\\/01\\\/attention-berges-inondables-180x180.jpg\",\"datePublished\":\"2018-12-10T16:17:57+00:00\",\"dateModified\":\"2024-05-07T10:41:31+00:00\",\"breadcrumb\":{\"@id\":\"https:\\\/\\\/www.mairie-villemur-sur-tarn.fr\\\/site\\\/vos-services-au-quotidien\\\/transport-stationnement\\\/stationnement\\\/#breadcrumb\"},\"inLanguage\":\"fr-FR\",\"potentialAction\":[{\"@type\":\"ReadAction\",\"target\":[\"https:\\\/\\\/www.mairie-villemur-sur-tarn.fr\\\/site\\\/vos-services-au-quotidien\\\/transport-stationnement\\\/stationnement\\\/\"]}]},{\"@type\":\"ImageObject\",\"inLanguage\":\"fr-FR\",\"@id\":\"https:\\\/\\\/www.mairie-villemur-sur-tarn.fr\\\/site\\\/vos-services-au-quotidien\\\/transport-stationnement\\\/stationnement\\\/#primaryimage\",\"url\":\"https:\\\/\\\/www.mairie-villemur-sur-tarn.fr\\\/site\\\/wp-content\\\/uploads\\\/2019\\\/01\\\/attention-berges-inondables.jpg\",\"contentUrl\":\"https:\\\/\\\/www.mairie-villemur-sur-tarn.fr\\\/site\\\/wp-content\\\/uploads\\\/2019\\\/01\\\/attention-berges-inondables.jpg\",\"width\":600,\"height\":600},{\"@type\":\"BreadcrumbList\",\"@id\":\"https:\\\/\\\/www.mairie-villemur-sur-tarn.fr\\\/site\\\/vos-services-au-quotidien\\\/transport-stationnement\\\/stationnement\\\/#breadcrumb\",\"itemListElement\":[{\"@type\":\"ListItem\",\"position\":1,\"name\":\"Accueil\",\"item\":\"https:\\\/\\\/www.mairie-villemur-sur-tarn.fr\\\/site\\\/\"},{\"@type\":\"ListItem\",\"position\":2,\"name\":\"VOS SERVICES AU QUOTIDIEN\",\"item\":\"https:\\\/\\\/www.mairie-villemur-sur-tarn.fr\\\/site\\\/vos-services-au-quotidien\\\/\"},{\"@type\":\"ListItem\",\"position\":3,\"name\":\"TRANSPORT &#038; STATIONNEMENT\",\"item\":\"https:\\\/\\\/www.mairie-villemur-sur-tarn.fr\\\/site\\\/vos-services-au-quotidien\\\/transport-stationnement\\\/\"},{\"@type\":\"ListItem\",\"position\":4,\"name\":\"STATIONNEMENT\"}]},{\"@type\":\"WebSite\",\"@id\":\"https:\\\/\\\/www.mairie-villemur-sur-tarn.fr\\\/site\\\/#website\",\"url\":\"https:\\\/\\\/www.mairie-villemur-sur-tarn.fr\\\/site\\\/\",\"name\":\"Mairie Villemur-sur-Tarn\",\"description\":\"Site officiel canton Villemur Toulouse Nord. D\u00e9marches en ligne, conseil municipal, actualit\u00e9s Villemur, Annuaire Villemur, March\u00e9s...\",\"publisher\":{\"@id\":\"https:\\\/\\\/www.mairie-villemur-sur-tarn.fr\\\/site\\\/#organization\"},\"potentialAction\":[{\"@type\":\"SearchAction\",\"target\":{\"@type\":\"EntryPoint\",\"urlTemplate\":\"https:\\\/\\\/www.mairie-villemur-sur-tarn.fr\\\/site\\\/?s={search_term_string}\"},\"query-input\":{\"@type\":\"PropertyValueSpecification\",\"valueRequired\":true,\"valueName\":\"search_term_string\"}}],\"inLanguage\":\"fr-FR\"},{\"@type\":\"Organization\",\"@id\":\"https:\\\/\\\/www.mairie-villemur-sur-tarn.fr\\\/site\\\/#organization\",\"name\":\"Mairie Villemur-sur-Tarn\",\"url\":\"https:\\\/\\\/www.mairie-villemur-sur-tarn.fr\\\/site\\\/\",\"logo\":{\"@type\":\"ImageObject\",\"inLanguage\":\"fr-FR\",\"@id\":\"https:\\\/\\\/www.mairie-villemur-sur-tarn.fr\\\/site\\\/#\\\/schema\\\/logo\\\/image\\\/\",\"url\":\"https:\\\/\\\/www.mairie-villemur-sur-tarn.fr\\\/site\\\/wp-content\\\/uploads\\\/Villemur-LOGO-carre-PNG.png\",\"contentUrl\":\"https:\\\/\\\/www.mairie-villemur-sur-tarn.fr\\\/site\\\/wp-content\\\/uploads\\\/Villemur-LOGO-carre-PNG.png\",\"width\":887,\"height\":886,\"caption\":\"Mairie Villemur-sur-Tarn\"},\"image\":{\"@id\":\"https:\\\/\\\/www.mairie-villemur-sur-tarn.fr\\\/site\\\/#\\\/schema\\\/logo\\\/image\\\/\"},\"sameAs\":[\"https:\\\/\\\/www.facebook.com\\\/mairievillemursurtarn\",\"https:\\\/\\\/www.instagram.com\\\/villemur_sur_tarn\\\/\"]}]}<\/script>\n<!-- \/ Yoast SEO plugin. -->","yoast_head_json":{"title":"STATIONNEMENT - Mairie Villemur-sur-Tarn","robots":{"index":"index","follow":"follow","max-snippet":"max-snippet:-1","max-image-preview":"max-image-preview:large","max-video-preview":"max-video-preview:-1"},"canonical":"https:\/\/www.mairie-villemur-sur-tarn.fr\/site\/vos-services-au-quotidien\/transport-stationnement\/stationnement\/","og_locale":"fr_FR","og_type":"article","og_title":"STATIONNEMENT - Mairie Villemur-sur-Tarn","og_description":"[vc_row][vc_column css=\u00a0\u00bb.vc_custom_1545149378736{margin-top: -80px !important;}\u00a0\u00bb][vc_column_text] Places de stationnement La commune de Villemur dispose d&rsquo;environ&nbsp;600 places de stationnement. Parking des berges Le parking des berges est situ\u00e9 en zone inondable. Lorsque vous vous y garez, il est imp\u00e9ratif de laisser un num\u00e9ro de t\u00e9l\u00e9phone visible sur votre pare-brise, et ce, quelle que soit la saison. En cas [&hellip;]","og_url":"https:\/\/www.mairie-villemur-sur-tarn.fr\/site\/vos-services-au-quotidien\/transport-stationnement\/stationnement\/","og_site_name":"Mairie Villemur-sur-Tarn","article_publisher":"https:\/\/www.facebook.com\/mairievillemursurtarn","article_modified_time":"2024-05-07T10:41:31+00:00","og_image":[{"url":"https:\/\/www.mairie-villemur-sur-tarn.fr\/site\/wp-content\/uploads\/2019\/01\/attention-berges-inondables-180x180.jpg","type":"","width":"","height":""}],"twitter_card":"summary_large_image","twitter_misc":{"Dur\u00e9e de lecture estim\u00e9e":"3 minutes"},"schema":{"@context":"https:\/\/schema.org","@graph":[{"@type":"WebPage","@id":"https:\/\/www.mairie-villemur-sur-tarn.fr\/site\/vos-services-au-quotidien\/transport-stationnement\/stationnement\/","url":"https:\/\/www.mairie-villemur-sur-tarn.fr\/site\/vos-services-au-quotidien\/transport-stationnement\/stationnement\/","name":"STATIONNEMENT - Mairie Villemur-sur-Tarn","isPartOf":{"@id":"https:\/\/www.mairie-villemur-sur-tarn.fr\/site\/#website"},"primaryImageOfPage":{"@id":"https:\/\/www.mairie-villemur-sur-tarn.fr\/site\/vos-services-au-quotidien\/transport-stationnement\/stationnement\/#primaryimage"},"image":{"@id":"https:\/\/www.mairie-villemur-sur-tarn.fr\/site\/vos-services-au-quotidien\/transport-stationnement\/stationnement\/#primaryimage"},"thumbnailUrl":"https:\/\/www.mairie-villemur-sur-tarn.fr\/site\/wp-content\/uploads\/2019\/01\/attention-berges-inondables-180x180.jpg","datePublished":"2018-12-10T16:17:57+00:00","dateModified":"2024-05-07T10:41:31+00:00","breadcrumb":{"@id":"https:\/\/www.mairie-villemur-sur-tarn.fr\/site\/vos-services-au-quotidien\/transport-stationnement\/stationnement\/#breadcrumb"},"inLanguage":"fr-FR","potentialAction":[{"@type":"ReadAction","target":["https:\/\/www.mairie-villemur-sur-tarn.fr\/site\/vos-services-au-quotidien\/transport-stationnement\/stationnement\/"]}]},{"@type":"ImageObject","inLanguage":"fr-FR","@id":"https:\/\/www.mairie-villemur-sur-tarn.fr\/site\/vos-services-au-quotidien\/transport-stationnement\/stationnement\/#primaryimage","url":"https:\/\/www.mairie-villemur-sur-tarn.fr\/site\/wp-content\/uploads\/2019\/01\/attention-berges-inondables.jpg","contentUrl":"https:\/\/www.mairie-villemur-sur-tarn.fr\/site\/wp-content\/uploads\/2019\/01\/attention-berges-inondables.jpg","width":600,"height":600},{"@type":"BreadcrumbList","@id":"https:\/\/www.mairie-villemur-sur-tarn.fr\/site\/vos-services-au-quotidien\/transport-stationnement\/stationnement\/#breadcrumb","itemListElement":[{"@type":"ListItem","position":1,"name":"Accueil","item":"https:\/\/www.mairie-villemur-sur-tarn.fr\/site\/"},{"@type":"ListItem","position":2,"name":"VOS SERVICES AU QUOTIDIEN","item":"https:\/\/www.mairie-villemur-sur-tarn.fr\/site\/vos-services-au-quotidien\/"},{"@type":"ListItem","position":3,"name":"TRANSPORT &#038; STATIONNEMENT","item":"https:\/\/www.mairie-villemur-sur-tarn.fr\/site\/vos-services-au-quotidien\/transport-stationnement\/"},{"@type":"ListItem","position":4,"name":"STATIONNEMENT"}]},{"@type":"WebSite","@id":"https:\/\/www.mairie-villemur-sur-tarn.fr\/site\/#website","url":"https:\/\/www.mairie-villemur-sur-tarn.fr\/site\/","name":"Mairie Villemur-sur-Tarn","description":"Site officiel canton Villemur Toulouse Nord. D\u00e9marches en ligne, conseil municipal, actualit\u00e9s Villemur, Annuaire Villemur, March\u00e9s...","publisher":{"@id":"https:\/\/www.mairie-villemur-sur-tarn.fr\/site\/#organization"},"potentialAction":[{"@type":"SearchAction","target":{"@type":"EntryPoint","urlTemplate":"https:\/\/www.mairie-villemur-sur-tarn.fr\/site\/?s={search_term_string}"},"query-input":{"@type":"PropertyValueSpecification","valueRequired":true,"valueName":"search_term_string"}}],"inLanguage":"fr-FR"},{"@type":"Organization","@id":"https:\/\/www.mairie-villemur-sur-tarn.fr\/site\/#organization","name":"Mairie Villemur-sur-Tarn","url":"https:\/\/www.mairie-villemur-sur-tarn.fr\/site\/","logo":{"@type":"ImageObject","inLanguage":"fr-FR","@id":"https:\/\/www.mairie-villemur-sur-tarn.fr\/site\/#\/schema\/logo\/image\/","url":"https:\/\/www.mairie-villemur-sur-tarn.fr\/site\/wp-content\/uploads\/Villemur-LOGO-carre-PNG.png","contentUrl":"https:\/\/www.mairie-villemur-sur-tarn.fr\/site\/wp-content\/uploads\/Villemur-LOGO-carre-PNG.png","width":887,"height":886,"caption":"Mairie Villemur-sur-Tarn"},"image":{"@id":"https:\/\/www.mairie-villemur-sur-tarn.fr\/site\/#\/schema\/logo\/image\/"},"sameAs":["https:\/\/www.facebook.com\/mairievillemursurtarn","https:\/\/www.instagram.com\/villemur_sur_tarn\/"]}]}},"uagb_featured_image_src":{"full":false,"thumbnail":false,"medium":false,"medium_large":false,"large":false,"1536x1536":false,"2048x2048":false,"post-thumbnail":false,"winnex_medium":false,"winnex_height":false},"uagb_author_info":{"display_name":"Mairie de Villemur-sur-Tarn","author_link":"https:\/\/www.mairie-villemur-sur-tarn.fr\/site\/author\/villmurtarn_admin\/"},"uagb_comment_info":0,"uagb_excerpt":"[vc_row][vc_column css=\u00a0\u00bb.vc_custom_1545149378736{margin-top: -80px !important;}\u00a0\u00bb][vc_column_text] Places de stationnement La commune de Villemur dispose d&rsquo;environ&nbsp;600 places de stationnement. Parking des berges Le parking des berges est situ\u00e9 en zone inondable. Lorsque vous vous y garez, il est imp\u00e9ratif de laisser un num\u00e9ro de t\u00e9l\u00e9phone visible sur votre pare-brise, et ce, quelle que soit la saison. En cas\u2026","_links":{"self":[{"href":"https:\/\/www.mairie-villemur-sur-tarn.fr\/site\/wp-json\/wp\/v2\/pages\/4115","targetHints":{"allow":["GET"]}}],"collection":[{"href":"https:\/\/www.mairie-villemur-sur-tarn.fr\/site\/wp-json\/wp\/v2\/pages"}],"about":[{"href":"https:\/\/www.mairie-villemur-sur-tarn.fr\/site\/wp-json\/wp\/v2\/types\/page"}],"author":[{"embeddable":true,"href":"https:\/\/www.mairie-villemur-sur-tarn.fr\/site\/wp-json\/wp\/v2\/users\/1"}],"replies":[{"embeddable":true,"href":"https:\/\/www.mairie-villemur-sur-tarn.fr\/site\/wp-json\/wp\/v2\/comments?post=4115"}],"version-history":[{"count":24,"href":"https:\/\/www.mairie-villemur-sur-tarn.fr\/site\/wp-json\/wp\/v2\/pages\/4115\/revisions"}],"predecessor-version":[{"id":4525,"href":"https:\/\/www.mairie-villemur-sur-tarn.fr\/site\/wp-json\/wp\/v2\/pages\/4115\/revisions\/4525"}],"up":[{"embeddable":true,"href":"https:\/\/www.mairie-villemur-sur-tarn.fr\/site\/wp-json\/wp\/v2\/pages\/4111"}],"wp:attachment":[{"href":"https:\/\/www.mairie-villemur-sur-tarn.fr\/site\/wp-json\/wp\/v2\/media?parent=4115"}],"curies":[{"name":"wp","href":"https:\/\/api.w.org\/{rel}","templated":true}]}}