{"id":4151,"date":"2018-12-10T17:42:29","date_gmt":"2018-12-10T16:42:29","guid":{"rendered":"https:\/\/www.mairie-villemur-sur-tarn.fr\/site\/?page_id=4151"},"modified":"2021-10-26T16:58:23","modified_gmt":"2021-10-26T14:58:23","slug":"les-zones-dactivite","status":"publish","type":"page","link":"https:\/\/www.mairie-villemur-sur-tarn.fr\/site\/vie-economique-emploi\/les-zones-dactivite\/","title":{"rendered":"LIEUX D&rsquo;ACTIVIT\u00c9 \u00c9CONOMIQUE"},"content":{"rendered":"<p>[vc_row][vc_column css=\u00a0\u00bb.vc_custom_1545149291699{margin-top: -80px !important;}\u00a0\u00bb][vc_column_text css_animation=\u00a0\u00bbappear\u00a0\u00bb]<\/p>\n<h1><span style=\"color: #ff6600;\">Entreprises et commerces : de nombreuses zones \u00e9conomiques \u00e0 Villemur !<\/span><\/h1>\n<p>Villemur-sur-Tarn dispose de plusieurs zones d\u2019activit\u00e9 \u00e9conomique r\u00e9parties en diff\u00e9rents point de son territoire, afin de r\u00e9pondre aux besoins de l\u2019ensemble de la population.<\/p>\n<h2><span style=\"color: #003366;\">Zone commer\u00e7ante centre-ville rive droite<\/span><\/h2>\n<p>Les commer\u00e7ants du centre-ville font vivre la rive droite de Villemur ! Coiffeurs, fleuriste, pharmaciens, assurances, \u00e9picerie, fruits et l\u00e9gumes, d\u00e9coration, brasseries (Bar des All\u00e9es, Bar de la Tour, Bar Saint-Jean), etc. : tous les services du quotidien sont disponibles dans le centre historique de Villemur.<br \/>\nLe samedi et le dimanche matin, le march\u00e9 de plein-vent Place Charles Ourgaut vient compl\u00e9ter cette offre de services.<\/p>\n<p>Zone d\u2019activit\u00e9 \u00e9conomique de Pechnauqui\u00e9<br \/>\nSitu\u00e9e au Nord de la RD 630, sur la commune de Villemur, les zones de Pechnauqui\u00e9 1 et 2 concentrent une trentaine d\u2019entreprises en tous genres : commerces, services, artisans, restauration, etc. Une 3e zone est en cours d\u2019implantation, \u00e0 cheval sur la commune de Villematier. Ces 3 zones rel\u00e8vent de la comp\u00e9tence \u00e9conomique de la Communaut\u00e9 de Communes Val&rsquo;A\u00efgo<\/p>\n<p>Plus d\u2019infos que les ZA de Pechnauqui\u00e9 1,2 et 3 <a href=\"https:\/\/valaigo.com\/mes-services\/developpement-economique\/poles-economiques\/\" target=\"_blank\" rel=\"noopener\">sur le site de la communaut\u00e9 de communes Val\u2019Aigo<\/a><\/p>\n<h2><span style=\"color: #003366;\">Les commerces \u00e0 Magnanac<\/span><\/h2>\n<p>Le hameau de Magnanac connait depuis plusieurs mois une forte croissance de sa population et les commerces se d\u00e9veloppent dans cette zone, afin d\u2019offrir aux habitants alentours des commerces de proximit\u00e9.<br \/>\nLe vendredi soir, un march\u00e9 de plein-vent s\u2019y installe.<\/p>\n<h2><span style=\"color: #003366;\">La zone commerciale avenue du G\u00e9n\u00e9ral Leclerc<\/span><\/h2>\n<p>Deux magasins de grande distribution (Leader Price et Leclerc) sont ouverts du lundi au dimanche (Toute la journ\u00e9e du lundi au samedi et le matin uniquement le dimanche ).<br \/>\nLe centre commercial Leclerc abrite plusieurs commerces, parmi lesquels un coiffeur, une parfumerie, un opticien et un restaurant.<\/p>\n<h2><span style=\"color: #003366;\">Safran : 600 salari\u00e9s \u00e0 Villemur<\/span><\/h2>\n<p>Avec ses 600 employ\u00e9s, l\u2019usine SAFRAN Electrical &amp; Power Villemur (Labinal), situ\u00e9e sur la zone de Pechnauqui\u00e9, est l\u2019un des poumons \u00e9conomiques de la ville.[\/vc_column_text][\/vc_column][\/vc_row]<\/p>\n","protected":false},"excerpt":{"rendered":"<p>[vc_row][vc_column css=\u00a0\u00bb.vc_custom_1545149291699{margin-top: -80px !important;}\u00a0\u00bb][vc_column_text css_animation=\u00a0\u00bbappear\u00a0\u00bb] Entreprises et commerces : de nombreuses zones \u00e9conomiques \u00e0 Villemur ! Villemur-sur-Tarn dispose de plusieurs zones d\u2019activit\u00e9 \u00e9conomique r\u00e9parties en diff\u00e9rents point de son territoire, afin de r\u00e9pondre aux besoins de l\u2019ensemble de la population. Zone commer\u00e7ante centre-ville rive droite Les commer\u00e7ants du centre-ville font vivre la rive droite de [&hellip;]<\/p>\n","protected":false},"author":1,"featured_media":0,"parent":4136,"menu_order":0,"comment_status":"closed","ping_status":"closed","template":"","meta":{"_uag_custom_page_level_css":"","ngg_post_thumbnail":0,"footnotes":""},"class_list":["post-4151","page","type-page","status-publish","hentry"],"yoast_head":"<!-- This site is optimized with the Yoast SEO plugin v27.3 - https:\/\/yoast.com\/product\/yoast-seo-wordpress\/ -->\n<title>LIEUX D&#039;ACTIVIT\u00c9 \u00c9CONOMIQUE - Mairie Villemur-sur-Tarn<\/title>\n<meta name=\"robots\" content=\"index, follow, max-snippet:-1, max-image-preview:large, max-video-preview:-1\" \/>\n<link rel=\"canonical\" href=\"https:\/\/www.mairie-villemur-sur-tarn.fr\/site\/vie-economique-emploi\/les-zones-dactivite\/\" \/>\n<meta property=\"og:locale\" content=\"fr_FR\" \/>\n<meta property=\"og:type\" content=\"article\" \/>\n<meta property=\"og:title\" content=\"LIEUX D&#039;ACTIVIT\u00c9 \u00c9CONOMIQUE - Mairie Villemur-sur-Tarn\" \/>\n<meta property=\"og:description\" content=\"[vc_row][vc_column css=\u00a0\u00bb.vc_custom_1545149291699{margin-top: -80px !important;}\u00a0\u00bb][vc_column_text css_animation=\u00a0\u00bbappear\u00a0\u00bb] Entreprises et commerces : de nombreuses zones \u00e9conomiques \u00e0 Villemur ! Villemur-sur-Tarn dispose de plusieurs zones d\u2019activit\u00e9 \u00e9conomique r\u00e9parties en diff\u00e9rents point de son territoire, afin de r\u00e9pondre aux besoins de l\u2019ensemble de la population. Zone commer\u00e7ante centre-ville rive droite Les commer\u00e7ants du centre-ville font vivre la rive droite de [&hellip;]\" \/>\n<meta property=\"og:url\" content=\"https:\/\/www.mairie-villemur-sur-tarn.fr\/site\/vie-economique-emploi\/les-zones-dactivite\/\" \/>\n<meta property=\"og:site_name\" content=\"Mairie Villemur-sur-Tarn\" \/>\n<meta property=\"article:publisher\" content=\"https:\/\/www.facebook.com\/mairievillemursurtarn\" \/>\n<meta property=\"article:modified_time\" content=\"2021-10-26T14:58:23+00:00\" \/>\n<meta name=\"twitter:card\" content=\"summary_large_image\" \/>\n<meta name=\"twitter:label1\" content=\"Dur\u00e9e de lecture estim\u00e9e\" \/>\n\t<meta name=\"twitter:data1\" content=\"2 minutes\" \/>\n<script type=\"application\/ld+json\" class=\"yoast-schema-graph\">{\"@context\":\"https:\\\/\\\/schema.org\",\"@graph\":[{\"@type\":\"WebPage\",\"@id\":\"https:\\\/\\\/www.mairie-villemur-sur-tarn.fr\\\/site\\\/vie-economique-emploi\\\/les-zones-dactivite\\\/\",\"url\":\"https:\\\/\\\/www.mairie-villemur-sur-tarn.fr\\\/site\\\/vie-economique-emploi\\\/les-zones-dactivite\\\/\",\"name\":\"LIEUX D'ACTIVIT\u00c9 \u00c9CONOMIQUE - Mairie Villemur-sur-Tarn\",\"isPartOf\":{\"@id\":\"https:\\\/\\\/www.mairie-villemur-sur-tarn.fr\\\/site\\\/#website\"},\"datePublished\":\"2018-12-10T16:42:29+00:00\",\"dateModified\":\"2021-10-26T14:58:23+00:00\",\"breadcrumb\":{\"@id\":\"https:\\\/\\\/www.mairie-villemur-sur-tarn.fr\\\/site\\\/vie-economique-emploi\\\/les-zones-dactivite\\\/#breadcrumb\"},\"inLanguage\":\"fr-FR\",\"potentialAction\":[{\"@type\":\"ReadAction\",\"target\":[\"https:\\\/\\\/www.mairie-villemur-sur-tarn.fr\\\/site\\\/vie-economique-emploi\\\/les-zones-dactivite\\\/\"]}]},{\"@type\":\"BreadcrumbList\",\"@id\":\"https:\\\/\\\/www.mairie-villemur-sur-tarn.fr\\\/site\\\/vie-economique-emploi\\\/les-zones-dactivite\\\/#breadcrumb\",\"itemListElement\":[{\"@type\":\"ListItem\",\"position\":1,\"name\":\"Accueil\",\"item\":\"https:\\\/\\\/www.mairie-villemur-sur-tarn.fr\\\/site\\\/\"},{\"@type\":\"ListItem\",\"position\":2,\"name\":\"VIE \u00c9CONOMIQUE &#038; EMPLOI\",\"item\":\"https:\\\/\\\/www.mairie-villemur-sur-tarn.fr\\\/site\\\/vie-economique-emploi\\\/\"},{\"@type\":\"ListItem\",\"position\":3,\"name\":\"LIEUX D&#8217;ACTIVIT\u00c9 \u00c9CONOMIQUE\"}]},{\"@type\":\"WebSite\",\"@id\":\"https:\\\/\\\/www.mairie-villemur-sur-tarn.fr\\\/site\\\/#website\",\"url\":\"https:\\\/\\\/www.mairie-villemur-sur-tarn.fr\\\/site\\\/\",\"name\":\"Mairie Villemur-sur-Tarn\",\"description\":\"Site officiel canton Villemur Toulouse Nord. D\u00e9marches en ligne, conseil municipal, actualit\u00e9s Villemur, Annuaire Villemur, March\u00e9s...\",\"publisher\":{\"@id\":\"https:\\\/\\\/www.mairie-villemur-sur-tarn.fr\\\/site\\\/#organization\"},\"potentialAction\":[{\"@type\":\"SearchAction\",\"target\":{\"@type\":\"EntryPoint\",\"urlTemplate\":\"https:\\\/\\\/www.mairie-villemur-sur-tarn.fr\\\/site\\\/?s={search_term_string}\"},\"query-input\":{\"@type\":\"PropertyValueSpecification\",\"valueRequired\":true,\"valueName\":\"search_term_string\"}}],\"inLanguage\":\"fr-FR\"},{\"@type\":\"Organization\",\"@id\":\"https:\\\/\\\/www.mairie-villemur-sur-tarn.fr\\\/site\\\/#organization\",\"name\":\"Mairie Villemur-sur-Tarn\",\"url\":\"https:\\\/\\\/www.mairie-villemur-sur-tarn.fr\\\/site\\\/\",\"logo\":{\"@type\":\"ImageObject\",\"inLanguage\":\"fr-FR\",\"@id\":\"https:\\\/\\\/www.mairie-villemur-sur-tarn.fr\\\/site\\\/#\\\/schema\\\/logo\\\/image\\\/\",\"url\":\"https:\\\/\\\/www.mairie-villemur-sur-tarn.fr\\\/site\\\/wp-content\\\/uploads\\\/Villemur-LOGO-carre-PNG.png\",\"contentUrl\":\"https:\\\/\\\/www.mairie-villemur-sur-tarn.fr\\\/site\\\/wp-content\\\/uploads\\\/Villemur-LOGO-carre-PNG.png\",\"width\":887,\"height\":886,\"caption\":\"Mairie Villemur-sur-Tarn\"},\"image\":{\"@id\":\"https:\\\/\\\/www.mairie-villemur-sur-tarn.fr\\\/site\\\/#\\\/schema\\\/logo\\\/image\\\/\"},\"sameAs\":[\"https:\\\/\\\/www.facebook.com\\\/mairievillemursurtarn\",\"https:\\\/\\\/www.instagram.com\\\/villemur_sur_tarn\\\/\"]}]}<\/script>\n<!-- \/ Yoast SEO plugin. -->","yoast_head_json":{"title":"LIEUX D'ACTIVIT\u00c9 \u00c9CONOMIQUE - Mairie Villemur-sur-Tarn","robots":{"index":"index","follow":"follow","max-snippet":"max-snippet:-1","max-image-preview":"max-image-preview:large","max-video-preview":"max-video-preview:-1"},"canonical":"https:\/\/www.mairie-villemur-sur-tarn.fr\/site\/vie-economique-emploi\/les-zones-dactivite\/","og_locale":"fr_FR","og_type":"article","og_title":"LIEUX D'ACTIVIT\u00c9 \u00c9CONOMIQUE - Mairie Villemur-sur-Tarn","og_description":"[vc_row][vc_column css=\u00a0\u00bb.vc_custom_1545149291699{margin-top: -80px !important;}\u00a0\u00bb][vc_column_text css_animation=\u00a0\u00bbappear\u00a0\u00bb] Entreprises et commerces : de nombreuses zones \u00e9conomiques \u00e0 Villemur ! Villemur-sur-Tarn dispose de plusieurs zones d\u2019activit\u00e9 \u00e9conomique r\u00e9parties en diff\u00e9rents point de son territoire, afin de r\u00e9pondre aux besoins de l\u2019ensemble de la population. Zone commer\u00e7ante centre-ville rive droite Les commer\u00e7ants du centre-ville font vivre la rive droite de [&hellip;]","og_url":"https:\/\/www.mairie-villemur-sur-tarn.fr\/site\/vie-economique-emploi\/les-zones-dactivite\/","og_site_name":"Mairie Villemur-sur-Tarn","article_publisher":"https:\/\/www.facebook.com\/mairievillemursurtarn","article_modified_time":"2021-10-26T14:58:23+00:00","twitter_card":"summary_large_image","twitter_misc":{"Dur\u00e9e de lecture estim\u00e9e":"2 minutes"},"schema":{"@context":"https:\/\/schema.org","@graph":[{"@type":"WebPage","@id":"https:\/\/www.mairie-villemur-sur-tarn.fr\/site\/vie-economique-emploi\/les-zones-dactivite\/","url":"https:\/\/www.mairie-villemur-sur-tarn.fr\/site\/vie-economique-emploi\/les-zones-dactivite\/","name":"LIEUX D'ACTIVIT\u00c9 \u00c9CONOMIQUE - Mairie Villemur-sur-Tarn","isPartOf":{"@id":"https:\/\/www.mairie-villemur-sur-tarn.fr\/site\/#website"},"datePublished":"2018-12-10T16:42:29+00:00","dateModified":"2021-10-26T14:58:23+00:00","breadcrumb":{"@id":"https:\/\/www.mairie-villemur-sur-tarn.fr\/site\/vie-economique-emploi\/les-zones-dactivite\/#breadcrumb"},"inLanguage":"fr-FR","potentialAction":[{"@type":"ReadAction","target":["https:\/\/www.mairie-villemur-sur-tarn.fr\/site\/vie-economique-emploi\/les-zones-dactivite\/"]}]},{"@type":"BreadcrumbList","@id":"https:\/\/www.mairie-villemur-sur-tarn.fr\/site\/vie-economique-emploi\/les-zones-dactivite\/#breadcrumb","itemListElement":[{"@type":"ListItem","position":1,"name":"Accueil","item":"https:\/\/www.mairie-villemur-sur-tarn.fr\/site\/"},{"@type":"ListItem","position":2,"name":"VIE \u00c9CONOMIQUE &#038; EMPLOI","item":"https:\/\/www.mairie-villemur-sur-tarn.fr\/site\/vie-economique-emploi\/"},{"@type":"ListItem","position":3,"name":"LIEUX D&#8217;ACTIVIT\u00c9 \u00c9CONOMIQUE"}]},{"@type":"WebSite","@id":"https:\/\/www.mairie-villemur-sur-tarn.fr\/site\/#website","url":"https:\/\/www.mairie-villemur-sur-tarn.fr\/site\/","name":"Mairie Villemur-sur-Tarn","description":"Site officiel canton Villemur Toulouse Nord. D\u00e9marches en ligne, conseil municipal, actualit\u00e9s Villemur, Annuaire Villemur, March\u00e9s...","publisher":{"@id":"https:\/\/www.mairie-villemur-sur-tarn.fr\/site\/#organization"},"potentialAction":[{"@type":"SearchAction","target":{"@type":"EntryPoint","urlTemplate":"https:\/\/www.mairie-villemur-sur-tarn.fr\/site\/?s={search_term_string}"},"query-input":{"@type":"PropertyValueSpecification","valueRequired":true,"valueName":"search_term_string"}}],"inLanguage":"fr-FR"},{"@type":"Organization","@id":"https:\/\/www.mairie-villemur-sur-tarn.fr\/site\/#organization","name":"Mairie Villemur-sur-Tarn","url":"https:\/\/www.mairie-villemur-sur-tarn.fr\/site\/","logo":{"@type":"ImageObject","inLanguage":"fr-FR","@id":"https:\/\/www.mairie-villemur-sur-tarn.fr\/site\/#\/schema\/logo\/image\/","url":"https:\/\/www.mairie-villemur-sur-tarn.fr\/site\/wp-content\/uploads\/Villemur-LOGO-carre-PNG.png","contentUrl":"https:\/\/www.mairie-villemur-sur-tarn.fr\/site\/wp-content\/uploads\/Villemur-LOGO-carre-PNG.png","width":887,"height":886,"caption":"Mairie Villemur-sur-Tarn"},"image":{"@id":"https:\/\/www.mairie-villemur-sur-tarn.fr\/site\/#\/schema\/logo\/image\/"},"sameAs":["https:\/\/www.facebook.com\/mairievillemursurtarn","https:\/\/www.instagram.com\/villemur_sur_tarn\/"]}]}},"uagb_featured_image_src":{"full":false,"thumbnail":false,"medium":false,"medium_large":false,"large":false,"1536x1536":false,"2048x2048":false,"post-thumbnail":false,"winnex_medium":false,"winnex_height":false},"uagb_author_info":{"display_name":"Mairie de Villemur-sur-Tarn","author_link":"https:\/\/www.mairie-villemur-sur-tarn.fr\/site\/author\/villmurtarn_admin\/"},"uagb_comment_info":0,"uagb_excerpt":"[vc_row][vc_column css=\u00a0\u00bb.vc_custom_1545149291699{margin-top: -80px !important;}\u00a0\u00bb][vc_column_text css_animation=\u00a0\u00bbappear\u00a0\u00bb] Entreprises et commerces : de nombreuses zones \u00e9conomiques \u00e0 Villemur ! Villemur-sur-Tarn dispose de plusieurs zones d\u2019activit\u00e9 \u00e9conomique r\u00e9parties en diff\u00e9rents point de son territoire, afin de r\u00e9pondre aux besoins de l\u2019ensemble de la population. Zone commer\u00e7ante centre-ville rive droite Les commer\u00e7ants du centre-ville font vivre la rive droite de\u2026","_links":{"self":[{"href":"https:\/\/www.mairie-villemur-sur-tarn.fr\/site\/wp-json\/wp\/v2\/pages\/4151","targetHints":{"allow":["GET"]}}],"collection":[{"href":"https:\/\/www.mairie-villemur-sur-tarn.fr\/site\/wp-json\/wp\/v2\/pages"}],"about":[{"href":"https:\/\/www.mairie-villemur-sur-tarn.fr\/site\/wp-json\/wp\/v2\/types\/page"}],"author":[{"embeddable":true,"href":"https:\/\/www.mairie-villemur-sur-tarn.fr\/site\/wp-json\/wp\/v2\/users\/1"}],"replies":[{"embeddable":true,"href":"https:\/\/www.mairie-villemur-sur-tarn.fr\/site\/wp-json\/wp\/v2\/comments?post=4151"}],"version-history":[{"count":8,"href":"https:\/\/www.mairie-villemur-sur-tarn.fr\/site\/wp-json\/wp\/v2\/pages\/4151\/revisions"}],"predecessor-version":[{"id":10690,"href":"https:\/\/www.mairie-villemur-sur-tarn.fr\/site\/wp-json\/wp\/v2\/pages\/4151\/revisions\/10690"}],"up":[{"embeddable":true,"href":"https:\/\/www.mairie-villemur-sur-tarn.fr\/site\/wp-json\/wp\/v2\/pages\/4136"}],"wp:attachment":[{"href":"https:\/\/www.mairie-villemur-sur-tarn.fr\/site\/wp-json\/wp\/v2\/media?parent=4151"}],"curies":[{"name":"wp","href":"https:\/\/api.w.org\/{rel}","templated":true}]}}