{"id":4171,"date":"2018-12-10T22:06:16","date_gmt":"2018-12-10T21:06:16","guid":{"rendered":"https:\/\/www.mairie-villemur-sur-tarn.fr\/site\/?page_id=4171"},"modified":"2025-05-30T16:28:12","modified_gmt":"2025-05-30T14:28:12","slug":"equipements-sportifs","status":"publish","type":"page","link":"https:\/\/www.mairie-villemur-sur-tarn.fr\/site\/culture-sport-loisirs\/les-equipements-municipaux\/equipements-sportifs\/","title":{"rendered":"Les \u00e9quipements sportifs"},"content":{"rendered":"<p>[vc_row][vc_column css=\u00a0\u00bb.vc_custom_1545149250011{margin-top: -80px !important;}\u00a0\u00bb][vc_column_text css=\u00a0\u00bb.vc_custom_1748611867415{border-top-width: 2px !important;border-right-width: 2px !important;border-bottom-width: 2px !important;border-left-width: 2px !important;padding-top: 10px !important;padding-right: 20px !important;padding-bottom: 10px !important;padding-left: 20px !important;background-color: #a9ef99 !important;}\u00a0\u00bb]<\/p>\n<p style=\"text-align: center;\"><strong>Les \u00e9quipements en acc\u00e8s libre<\/strong><\/p>\n<p>[\/vc_column_text][vc_column_text]La commune de Villemur dispose d&rsquo;un certain nombre d&rsquo;\u00e9quipements sportifs en acc\u00e8s libre ou gratuit sur r\u00e9servation.<\/p>\n<p><span style=\"color: #993366;\"><strong>Les boulodromes<\/strong><\/span><\/p>\n<ul>\n<li><a href=\"https:\/\/maps.app.goo.gl\/Vnk6hA1VgHNrHB4s7\">Jardin public<\/a><\/li>\n<li><a href=\"https:\/\/maps.app.goo.gl\/yHvd2rfmbxGAbJS67\">All\u00e9es Charles de Gaulle<\/a><\/li>\n<li><a href=\"https:\/\/maps.app.goo.gl\/u3cWzwjkMdAXkADF8\">28 chemin de la Garrigue<\/a> \u00e0 Magnanac<\/li>\n<li><a href=\"https:\/\/maps.app.goo.gl\/vFfhirY2eVs25Cqz5\">472 route des \u00e9coles<\/a> \u00e0 Sayrac<\/li>\n<\/ul>\n<p><span style=\"color: #993366;\"><strong>Piscine<\/strong><\/span><\/p>\n<p>La piscine intercommunale situ\u00e9e \u00e0 Villemur-sur-Tarn vous propose trois bassins pour tous les \u00e2ges. <a href=\"https:\/\/www.mairie-villemur-sur-tarn.fr\/site\/culture-sport-loisirs\/la-piscine-de-bernadou\/\">Tarifs et informations en cliquant ici<\/a>.<\/p>\n<p><strong><span style=\"color: #993366;\">Terrain de tennis<\/span><\/strong><\/p>\n<p>Un terrain de tennis en terre battue est accessible gratuitement sur inscription aupr\u00e8s du <a href=\"tel: 0679308441\">club de tennis de Villemur<\/a><\/p>\n<p><span style=\"color: #993366;\"><strong>Skate-park<\/strong><\/span><\/p>\n<p>Le skate-park de Villemur s&rsquo;adresse aussi bien aux mordus de skateboard qu&rsquo;aux adeptes du v\u00e9lo, du BMX, de roller ou de trottinettes. Il est \u00e9quip\u00e9 d&rsquo;un bowl (rampe incurv\u00e9e creus\u00e9e dans le sol) ainsi que de diff\u00e9rents modules pour une glisse de qualit\u00e9.<\/p>\n<p>Le skate-park est \u00e9galement \u00e9quip\u00e9 d&rsquo;un city-stade avec paniers de basket, d&rsquo;une aire de jeu pour les tout-petits, d&rsquo;une tyrolienne, de jeux pour enfants ainsi que d&rsquo;un parcours de sant\u00e9 (machines) en libre acc\u00e8s.<\/p>\n<p><strong><span style=\"color: #993366;\">Voie verte<\/span><\/strong><\/p>\n<p>La voie verte traverse Villemur-sur-Tarn. Ferm\u00e9e aux v\u00e9hicules \u00e0 moteur, elle est accessible aux v\u00e9los et aux pi\u00e9tons. Elle permet de relier Bressols \u00e0 Buzet-sur-Tarn.<\/p>\n<p><a href=\"https:\/\/www.mairie-villemur-sur-tarn.fr\/site\/wp-content\/uploads\/Carte-mobilite-douces.pdf\">T\u00e9l\u00e9chargez la carte de la voie verte<\/a> et des voies cyclables.<\/p>\n<p>&nbsp;[\/vc_column_text][vc_column_text css=\u00a0\u00bb.vc_custom_1748614100822{border-top-width: 2px !important;border-right-width: 2px !important;border-bottom-width: 2px !important;border-left-width: 2px !important;padding-top: 10px !important;padding-right: 20px !important;padding-bottom: 10px !important;padding-left: 20px !important;background-color: #a9ef99 !important;}\u00a0\u00bb]<\/p>\n<p style=\"text-align: center;\"><strong>Les \u00e9quipements r\u00e9serv\u00e9s aux associations<\/strong><\/p>\n<p>[\/vc_column_text][vc_column_text css_animation=\u00a0\u00bbnone\u00a0\u00bb]D&rsquo;autres \u00e9quipements sportifs villemuriens sont accessibles en adh\u00e9rant aux associations villemuriennes.<\/p>\n<p><strong><span style=\"color: #993366;\">Le complexe sportif de Bernadou<\/span><\/strong><\/p>\n<p>Il est compos\u00e9 de courts de tennis couverts et ext\u00e9rieurs, d&rsquo;un stade de foot (terrain d&rsquo;honneur et terrain d&rsquo;entra\u00eenement) ainsi que d&rsquo;un terrain d&rsquo;entra\u00eenement de rugby.<\/p>\n<p><strong><span style=\"color: #993366;\">Le Stade V\u00e9lodrome<\/span><\/strong><\/p>\n<p>Pourvu d\u2019une piste de cyclisme unique dans la r\u00e9gion (c\u2019est sur cette piste que s\u2019entra\u00eena Marion Clignet, devenue m\u00e9daill\u00e9e olympique), le stade v\u00e9lodrome abrite \u00e9galement un des plus beaux stades de rugby du nord toulousain o\u00f9 se d\u00e9roulent les rencontres du club de rugby.<\/p>\n<p><strong><span style=\"color: #993366;\">Base nautique<\/span><\/strong><\/p>\n<p>Situ\u00e9e en contrebas du parking du centre commercial E.Leclerc, la base nautique comprend un garage \u00e0 bateaux et un club house permettant de profiter du magnifique plan d\u2019eau sur le Tarn.<\/p>\n<p><strong><span style=\"color: #993366;\">Gymnase<\/span><\/strong><\/p>\n<p>La salle multisports, attenante au plateau sportif du coll\u00e8ge, permet la pratique des sports en salle mais aussi l\u2019entra\u00eenement pour d\u2019autres sports en p\u00e9riode hivernale.<\/p>\n<p><strong><span style=\"color: #993366;\">Le Dojo<\/span><\/strong><\/p>\n<p>Situ\u00e9 dans le c\u0153ur de ville, aux Greniers du Roy, il permet la pratique de plusieurs disciplines d\u2019arts martiaux.<\/p>\n<p><strong><span style=\"color: #993366;\">Boulodrome couvert et mur d&rsquo;escalade<\/span><\/strong><\/p>\n<p>Cet ancien gymnase, situ\u00e9 derri\u00e8re les all\u00e9es Charles de Gaulle, au niveau de l\u2019\u00e9cole \u00e9l\u00e9mentaire Anatole France abrite d\u00e9sormais un mur d\u2019escalade, permettant une pratique s\u00e9curis\u00e9e, ainsi qu\u2019un boulodrome couvert, pour une pratique de la p\u00e9tanque en toute saison.[\/vc_column_text][\/vc_column][\/vc_row]<\/p>\n","protected":false},"excerpt":{"rendered":"<p>[vc_row][vc_column css=\u00a0\u00bb.vc_custom_1545149250011{margin-top: -80px !important;}\u00a0\u00bb][vc_column_text css=\u00a0\u00bb.vc_custom_1748611867415{border-top-width: 2px !important;border-right-width: 2px !important;border-bottom-width: 2px !important;border-left-width: 2px !important;padding-top: 10px !important;padding-right: 20px !important;padding-bottom: 10px !important;padding-left: 20px !important;background-color: #a9ef99 !important;}\u00a0\u00bb] Les \u00e9quipements en acc\u00e8s libre [\/vc_column_text][vc_column_text]La commune de Villemur dispose d&rsquo;un certain nombre d&rsquo;\u00e9quipements sportifs en acc\u00e8s libre ou gratuit sur r\u00e9servation. Les boulodromes Jardin public All\u00e9es Charles de Gaulle 28 chemin [&hellip;]<\/p>\n","protected":false},"author":1,"featured_media":0,"parent":4169,"menu_order":0,"comment_status":"closed","ping_status":"closed","template":"","meta":{"_uag_custom_page_level_css":"","ngg_post_thumbnail":0,"footnotes":""},"class_list":["post-4171","page","type-page","status-publish","hentry"],"yoast_head":"<!-- This site is optimized with the Yoast SEO plugin v27.3 - https:\/\/yoast.com\/product\/yoast-seo-wordpress\/ -->\n<title>Les \u00e9quipements sportifs - Mairie Villemur-sur-Tarn<\/title>\n<meta name=\"description\" content=\"Retrouvez la liste des \u00e9quipements sportifs en libre service et\/ou gratuits sur r\u00e9servation de la ville de Villemur.\" \/>\n<meta name=\"robots\" content=\"index, follow, max-snippet:-1, max-image-preview:large, max-video-preview:-1\" \/>\n<link rel=\"canonical\" href=\"https:\/\/www.mairie-villemur-sur-tarn.fr\/site\/culture-sport-loisirs\/les-equipements-municipaux\/equipements-sportifs\/\" \/>\n<meta property=\"og:locale\" content=\"fr_FR\" \/>\n<meta property=\"og:type\" content=\"article\" \/>\n<meta property=\"og:title\" content=\"Les \u00e9quipements sportifs - Mairie Villemur-sur-Tarn\" \/>\n<meta property=\"og:description\" content=\"Retrouvez la liste des \u00e9quipements sportifs en libre service et\/ou gratuits sur r\u00e9servation de la ville de Villemur.\" \/>\n<meta property=\"og:url\" content=\"https:\/\/www.mairie-villemur-sur-tarn.fr\/site\/culture-sport-loisirs\/les-equipements-municipaux\/equipements-sportifs\/\" \/>\n<meta property=\"og:site_name\" content=\"Mairie Villemur-sur-Tarn\" \/>\n<meta property=\"article:publisher\" content=\"https:\/\/www.facebook.com\/mairievillemursurtarn\" \/>\n<meta property=\"article:modified_time\" content=\"2025-05-30T14:28:12+00:00\" \/>\n<meta name=\"twitter:card\" content=\"summary_large_image\" \/>\n<meta name=\"twitter:label1\" content=\"Dur\u00e9e de lecture estim\u00e9e\" \/>\n\t<meta name=\"twitter:data1\" content=\"3 minutes\" \/>\n<script type=\"application\/ld+json\" class=\"yoast-schema-graph\">{\"@context\":\"https:\\\/\\\/schema.org\",\"@graph\":[{\"@type\":\"WebPage\",\"@id\":\"https:\\\/\\\/www.mairie-villemur-sur-tarn.fr\\\/site\\\/culture-sport-loisirs\\\/les-equipements-municipaux\\\/equipements-sportifs\\\/\",\"url\":\"https:\\\/\\\/www.mairie-villemur-sur-tarn.fr\\\/site\\\/culture-sport-loisirs\\\/les-equipements-municipaux\\\/equipements-sportifs\\\/\",\"name\":\"Les \u00e9quipements sportifs - Mairie Villemur-sur-Tarn\",\"isPartOf\":{\"@id\":\"https:\\\/\\\/www.mairie-villemur-sur-tarn.fr\\\/site\\\/#website\"},\"datePublished\":\"2018-12-10T21:06:16+00:00\",\"dateModified\":\"2025-05-30T14:28:12+00:00\",\"description\":\"Retrouvez la liste des \u00e9quipements sportifs en libre service et\\\/ou gratuits sur r\u00e9servation de la ville de Villemur.\",\"breadcrumb\":{\"@id\":\"https:\\\/\\\/www.mairie-villemur-sur-tarn.fr\\\/site\\\/culture-sport-loisirs\\\/les-equipements-municipaux\\\/equipements-sportifs\\\/#breadcrumb\"},\"inLanguage\":\"fr-FR\",\"potentialAction\":[{\"@type\":\"ReadAction\",\"target\":[\"https:\\\/\\\/www.mairie-villemur-sur-tarn.fr\\\/site\\\/culture-sport-loisirs\\\/les-equipements-municipaux\\\/equipements-sportifs\\\/\"]}]},{\"@type\":\"BreadcrumbList\",\"@id\":\"https:\\\/\\\/www.mairie-villemur-sur-tarn.fr\\\/site\\\/culture-sport-loisirs\\\/les-equipements-municipaux\\\/equipements-sportifs\\\/#breadcrumb\",\"itemListElement\":[{\"@type\":\"ListItem\",\"position\":1,\"name\":\"Accueil\",\"item\":\"https:\\\/\\\/www.mairie-villemur-sur-tarn.fr\\\/site\\\/\"},{\"@type\":\"ListItem\",\"position\":2,\"name\":\"CULTURE, SPORT &#038; LOISIRS\",\"item\":\"https:\\\/\\\/www.mairie-villemur-sur-tarn.fr\\\/site\\\/culture-sport-loisirs\\\/\"},{\"@type\":\"ListItem\",\"position\":3,\"name\":\"LES EQUIPEMENTS MUNICIPAUX\",\"item\":\"https:\\\/\\\/www.mairie-villemur-sur-tarn.fr\\\/site\\\/culture-sport-loisirs\\\/les-equipements-municipaux\\\/\"},{\"@type\":\"ListItem\",\"position\":4,\"name\":\"Les \u00e9quipements sportifs\"}]},{\"@type\":\"WebSite\",\"@id\":\"https:\\\/\\\/www.mairie-villemur-sur-tarn.fr\\\/site\\\/#website\",\"url\":\"https:\\\/\\\/www.mairie-villemur-sur-tarn.fr\\\/site\\\/\",\"name\":\"Mairie Villemur-sur-Tarn\",\"description\":\"Site officiel canton Villemur Toulouse Nord. D\u00e9marches en ligne, conseil municipal, actualit\u00e9s Villemur, Annuaire Villemur, March\u00e9s...\",\"publisher\":{\"@id\":\"https:\\\/\\\/www.mairie-villemur-sur-tarn.fr\\\/site\\\/#organization\"},\"potentialAction\":[{\"@type\":\"SearchAction\",\"target\":{\"@type\":\"EntryPoint\",\"urlTemplate\":\"https:\\\/\\\/www.mairie-villemur-sur-tarn.fr\\\/site\\\/?s={search_term_string}\"},\"query-input\":{\"@type\":\"PropertyValueSpecification\",\"valueRequired\":true,\"valueName\":\"search_term_string\"}}],\"inLanguage\":\"fr-FR\"},{\"@type\":\"Organization\",\"@id\":\"https:\\\/\\\/www.mairie-villemur-sur-tarn.fr\\\/site\\\/#organization\",\"name\":\"Mairie Villemur-sur-Tarn\",\"url\":\"https:\\\/\\\/www.mairie-villemur-sur-tarn.fr\\\/site\\\/\",\"logo\":{\"@type\":\"ImageObject\",\"inLanguage\":\"fr-FR\",\"@id\":\"https:\\\/\\\/www.mairie-villemur-sur-tarn.fr\\\/site\\\/#\\\/schema\\\/logo\\\/image\\\/\",\"url\":\"https:\\\/\\\/www.mairie-villemur-sur-tarn.fr\\\/site\\\/wp-content\\\/uploads\\\/Villemur-LOGO-carre-PNG.png\",\"contentUrl\":\"https:\\\/\\\/www.mairie-villemur-sur-tarn.fr\\\/site\\\/wp-content\\\/uploads\\\/Villemur-LOGO-carre-PNG.png\",\"width\":887,\"height\":886,\"caption\":\"Mairie Villemur-sur-Tarn\"},\"image\":{\"@id\":\"https:\\\/\\\/www.mairie-villemur-sur-tarn.fr\\\/site\\\/#\\\/schema\\\/logo\\\/image\\\/\"},\"sameAs\":[\"https:\\\/\\\/www.facebook.com\\\/mairievillemursurtarn\",\"https:\\\/\\\/www.instagram.com\\\/villemur_sur_tarn\\\/\"]}]}<\/script>\n<!-- \/ Yoast SEO plugin. -->","yoast_head_json":{"title":"Les \u00e9quipements sportifs - Mairie Villemur-sur-Tarn","description":"Retrouvez la liste des \u00e9quipements sportifs en libre service et\/ou gratuits sur r\u00e9servation de la ville de Villemur.","robots":{"index":"index","follow":"follow","max-snippet":"max-snippet:-1","max-image-preview":"max-image-preview:large","max-video-preview":"max-video-preview:-1"},"canonical":"https:\/\/www.mairie-villemur-sur-tarn.fr\/site\/culture-sport-loisirs\/les-equipements-municipaux\/equipements-sportifs\/","og_locale":"fr_FR","og_type":"article","og_title":"Les \u00e9quipements sportifs - Mairie Villemur-sur-Tarn","og_description":"Retrouvez la liste des \u00e9quipements sportifs en libre service et\/ou gratuits sur r\u00e9servation de la ville de Villemur.","og_url":"https:\/\/www.mairie-villemur-sur-tarn.fr\/site\/culture-sport-loisirs\/les-equipements-municipaux\/equipements-sportifs\/","og_site_name":"Mairie Villemur-sur-Tarn","article_publisher":"https:\/\/www.facebook.com\/mairievillemursurtarn","article_modified_time":"2025-05-30T14:28:12+00:00","twitter_card":"summary_large_image","twitter_misc":{"Dur\u00e9e de lecture estim\u00e9e":"3 minutes"},"schema":{"@context":"https:\/\/schema.org","@graph":[{"@type":"WebPage","@id":"https:\/\/www.mairie-villemur-sur-tarn.fr\/site\/culture-sport-loisirs\/les-equipements-municipaux\/equipements-sportifs\/","url":"https:\/\/www.mairie-villemur-sur-tarn.fr\/site\/culture-sport-loisirs\/les-equipements-municipaux\/equipements-sportifs\/","name":"Les \u00e9quipements sportifs - Mairie Villemur-sur-Tarn","isPartOf":{"@id":"https:\/\/www.mairie-villemur-sur-tarn.fr\/site\/#website"},"datePublished":"2018-12-10T21:06:16+00:00","dateModified":"2025-05-30T14:28:12+00:00","description":"Retrouvez la liste des \u00e9quipements sportifs en libre service et\/ou gratuits sur r\u00e9servation de la ville de Villemur.","breadcrumb":{"@id":"https:\/\/www.mairie-villemur-sur-tarn.fr\/site\/culture-sport-loisirs\/les-equipements-municipaux\/equipements-sportifs\/#breadcrumb"},"inLanguage":"fr-FR","potentialAction":[{"@type":"ReadAction","target":["https:\/\/www.mairie-villemur-sur-tarn.fr\/site\/culture-sport-loisirs\/les-equipements-municipaux\/equipements-sportifs\/"]}]},{"@type":"BreadcrumbList","@id":"https:\/\/www.mairie-villemur-sur-tarn.fr\/site\/culture-sport-loisirs\/les-equipements-municipaux\/equipements-sportifs\/#breadcrumb","itemListElement":[{"@type":"ListItem","position":1,"name":"Accueil","item":"https:\/\/www.mairie-villemur-sur-tarn.fr\/site\/"},{"@type":"ListItem","position":2,"name":"CULTURE, SPORT &#038; LOISIRS","item":"https:\/\/www.mairie-villemur-sur-tarn.fr\/site\/culture-sport-loisirs\/"},{"@type":"ListItem","position":3,"name":"LES EQUIPEMENTS MUNICIPAUX","item":"https:\/\/www.mairie-villemur-sur-tarn.fr\/site\/culture-sport-loisirs\/les-equipements-municipaux\/"},{"@type":"ListItem","position":4,"name":"Les \u00e9quipements sportifs"}]},{"@type":"WebSite","@id":"https:\/\/www.mairie-villemur-sur-tarn.fr\/site\/#website","url":"https:\/\/www.mairie-villemur-sur-tarn.fr\/site\/","name":"Mairie Villemur-sur-Tarn","description":"Site officiel canton Villemur Toulouse Nord. D\u00e9marches en ligne, conseil municipal, actualit\u00e9s Villemur, Annuaire Villemur, March\u00e9s...","publisher":{"@id":"https:\/\/www.mairie-villemur-sur-tarn.fr\/site\/#organization"},"potentialAction":[{"@type":"SearchAction","target":{"@type":"EntryPoint","urlTemplate":"https:\/\/www.mairie-villemur-sur-tarn.fr\/site\/?s={search_term_string}"},"query-input":{"@type":"PropertyValueSpecification","valueRequired":true,"valueName":"search_term_string"}}],"inLanguage":"fr-FR"},{"@type":"Organization","@id":"https:\/\/www.mairie-villemur-sur-tarn.fr\/site\/#organization","name":"Mairie Villemur-sur-Tarn","url":"https:\/\/www.mairie-villemur-sur-tarn.fr\/site\/","logo":{"@type":"ImageObject","inLanguage":"fr-FR","@id":"https:\/\/www.mairie-villemur-sur-tarn.fr\/site\/#\/schema\/logo\/image\/","url":"https:\/\/www.mairie-villemur-sur-tarn.fr\/site\/wp-content\/uploads\/Villemur-LOGO-carre-PNG.png","contentUrl":"https:\/\/www.mairie-villemur-sur-tarn.fr\/site\/wp-content\/uploads\/Villemur-LOGO-carre-PNG.png","width":887,"height":886,"caption":"Mairie Villemur-sur-Tarn"},"image":{"@id":"https:\/\/www.mairie-villemur-sur-tarn.fr\/site\/#\/schema\/logo\/image\/"},"sameAs":["https:\/\/www.facebook.com\/mairievillemursurtarn","https:\/\/www.instagram.com\/villemur_sur_tarn\/"]}]}},"uagb_featured_image_src":{"full":false,"thumbnail":false,"medium":false,"medium_large":false,"large":false,"1536x1536":false,"2048x2048":false,"post-thumbnail":false,"winnex_medium":false,"winnex_height":false},"uagb_author_info":{"display_name":"Mairie de Villemur-sur-Tarn","author_link":"https:\/\/www.mairie-villemur-sur-tarn.fr\/site\/author\/villmurtarn_admin\/"},"uagb_comment_info":0,"uagb_excerpt":"[vc_row][vc_column css=\u00a0\u00bb.vc_custom_1545149250011{margin-top: -80px !important;}\u00a0\u00bb][vc_column_text css=\u00a0\u00bb.vc_custom_1748611867415{border-top-width: 2px !important;border-right-width: 2px !important;border-bottom-width: 2px !important;border-left-width: 2px !important;padding-top: 10px !important;padding-right: 20px !important;padding-bottom: 10px !important;padding-left: 20px !important;background-color: #a9ef99 !important;}\u00a0\u00bb] Les \u00e9quipements en acc\u00e8s libre [\/vc_column_text][vc_column_text]La commune de Villemur dispose d&rsquo;un certain nombre d&rsquo;\u00e9quipements sportifs en acc\u00e8s libre ou gratuit sur r\u00e9servation. Les boulodromes Jardin public All\u00e9es Charles de Gaulle 28 chemin\u2026","_links":{"self":[{"href":"https:\/\/www.mairie-villemur-sur-tarn.fr\/site\/wp-json\/wp\/v2\/pages\/4171","targetHints":{"allow":["GET"]}}],"collection":[{"href":"https:\/\/www.mairie-villemur-sur-tarn.fr\/site\/wp-json\/wp\/v2\/pages"}],"about":[{"href":"https:\/\/www.mairie-villemur-sur-tarn.fr\/site\/wp-json\/wp\/v2\/types\/page"}],"author":[{"embeddable":true,"href":"https:\/\/www.mairie-villemur-sur-tarn.fr\/site\/wp-json\/wp\/v2\/users\/1"}],"replies":[{"embeddable":true,"href":"https:\/\/www.mairie-villemur-sur-tarn.fr\/site\/wp-json\/wp\/v2\/comments?post=4171"}],"version-history":[{"count":18,"href":"https:\/\/www.mairie-villemur-sur-tarn.fr\/site\/wp-json\/wp\/v2\/pages\/4171\/revisions"}],"predecessor-version":[{"id":17267,"href":"https:\/\/www.mairie-villemur-sur-tarn.fr\/site\/wp-json\/wp\/v2\/pages\/4171\/revisions\/17267"}],"up":[{"embeddable":true,"href":"https:\/\/www.mairie-villemur-sur-tarn.fr\/site\/wp-json\/wp\/v2\/pages\/4169"}],"wp:attachment":[{"href":"https:\/\/www.mairie-villemur-sur-tarn.fr\/site\/wp-json\/wp\/v2\/media?parent=4171"}],"curies":[{"name":"wp","href":"https:\/\/api.w.org\/{rel}","templated":true}]}}