{"id":4999,"date":"2019-01-28T12:18:17","date_gmt":"2019-01-28T11:18:17","guid":{"rendered":"https:\/\/www.mairie-villemur-sur-tarn.fr\/site\/?page_id=4999"},"modified":"2025-01-08T15:55:12","modified_gmt":"2025-01-08T14:55:12","slug":"cookies-et-donnees-personnelles","status":"publish","type":"page","link":"https:\/\/www.mairie-villemur-sur-tarn.fr\/site\/cookies-et-donnees-personnelles\/","title":{"rendered":"COOKIES ET DONN\u00c9ES PERSONNELLES"},"content":{"rendered":"<p>[vc_row][vc_column][vc_column_text]<\/p>\n<h3><span style=\"color: #f66931;\">I. Les cookies sur www.mairie-villemur-sur-tarn.fr<\/span><\/h3>\n<p><strong>Qu\u2019est-ce qu\u2019un cookie\u00a0?<\/strong><\/p>\n<p>En navigant sur le site www.mairie-villemur-sur-tarn.fr, vous acceptez l\u2019utilisation de cookies. Un \u00ab\u00a0cookie\u00a0\u00bb est un fichier texte qui enregistre des informations relatives \u00e0 la navigation sur le site. <strong>Le cookie ne peut pas \u00eatre utilis\u00e9 pour r\u00e9cup\u00e9rer des donn\u00e9es sur le disque dur de l\u2019utilisateur, installer un virus, lire l\u2019adresse e-mail de l\u2019utilisateur ou encore se procurer des informations personnelles.<\/strong> Il ne permet pas au POINT d\u2019identifier l\u2019utilisateur. En revanche, il enregistre des informations relatives \u00e0 la navigation, qui pourront \u00eatre utilis\u00e9es lors de visites ult\u00e9rieures. <strong>En refusant l\u2019utilisation des cookies, vous continuerez \u00e0 recevoir des publicit\u00e9s, mais elles ne seront pas cibl\u00e9es en fonction des centres d\u2019int\u00e9r\u00eat.<\/strong><\/p>\n<p><strong class=\"soustitre\">A. Les cookies que nous \u00e9mettons sur notre site\u00a0<\/strong><\/p>\n<p><strong>Quelles sont les donn\u00e9es collect\u00e9es par www.mairie-villemur-sur-tarn.fr\u00a0?<\/strong><\/p>\n<ul type=\"disc\">\n<li>L\u2019adresse IP (adresse de l\u2019ordinateur), \u00e0 l\u2019exclusion de toute autre.<\/li>\n<li>La date et l&rsquo;heure de connexion d&rsquo;un Terminal \u00e0 un service de communication \u00e9lectronique,<\/li>\n<li>L&rsquo;url (l&rsquo;adresse internet) de la page Internet de provenance (\u00ab\u00a0referer \u00ab\u00a0) du Terminal acc\u00e9dant \u00e0 un service de communication \u00e9lectronique,<\/li>\n<li>L&rsquo;url (l&rsquo;adresse internet) de la page Internet acc\u00e9d\u00e9e par le Terminal consultant un service de communication \u00e9lectronique,<\/li>\n<li>Le type de syst\u00e8me d&rsquo;exploitation utilis\u00e9 par le Terminal (Windows, MacOs, Linux, Unix, BeOS. etc.),<\/li>\n<li>Le type et la version du logiciel de navigation utilis\u00e9 par un Terminal (Internet Explorer, Safari, Firefox, Chrome, Opera, etc.),<\/li>\n<li>La langue d&rsquo;utilisation du logiciel de navigation utilis\u00e9 par le Terminal,<\/li>\n<li>L&rsquo;identifiant et le contenu d&rsquo;un fichier Cookie stock\u00e9 par Nos soins dans le Terminal.<\/li>\n<li>Le type de terminal utilis\u00e9 lors de la navigation (ordinateur, t\u00e9l\u00e9phone, tablette,\u00a0 \u2026)<\/li>\n<\/ul>\n<p><strong>A quoi servent les cookies \u00e9mis par www.mairie-villemur-sur-tarn.fr\u00a0?<\/strong><\/p>\n<ul>\n<li>Etablir des statistiques et volumes de fr\u00e9quentation et d&rsquo;utilisation des divers \u00e9l\u00e9ments composant notre site (rubriques et contenus visit\u00e9s, parcours), nous permettant d&rsquo;am\u00e9liorer l&rsquo;ergonomie et les services de notre site.<\/li>\n<li>Adapter la pr\u00e9sentation de notre site aux pr\u00e9f\u00e9rences d&rsquo;affichage de votre terminal (langue utilis\u00e9e, r\u00e9solution d&rsquo;affichage, syst\u00e8me d&rsquo;exploitation utilis\u00e9, etc.) lors de vos visites sur notre site, selon les mat\u00e9riels et les logiciels de visualisation ou de lecture que votre terminal comporte ;<\/li>\n<\/ul>\n<p><strong class=\"soustitre\">B. Les cookies \u00e9mis sur notre site par des tiers<\/strong><\/p>\n<p>L&rsquo;\u00e9mission et l&rsquo;utilisation de cookies sur notre site par des tiers, sont soumises aux politiques de protection de la vie priv\u00e9e de ces tiers.<\/p>\n<p><strong>Emission de cookies par des tiers du fait d\u2019applications tierces int\u00e9gr\u00e9es \u00e0 notre site<\/strong><\/p>\n<p>Nous sommes susceptibles d&rsquo;inclure sur notre site, des applications informatiques \u00e9manant de tiers, qui vous permettent de partager des contenus du site avec d&rsquo;autres personnes ou de faire conna\u00eetre \u00e0 ces autres personnes votre consultation ou votre opinion concernant un contenu de notre site. Tel est notamment le cas des boutons \u00ab\u00a0Partager\u00a0\u00bb, \u00ab\u00a0J&rsquo;aime\u00a0\u00bb, issus de r\u00e9seaux sociaux tels que \u00ab\u00a0Facebook\u00a0\u00bb, \u00ab\u00a0Twitter\u00a0\u00bb, etc.<\/p>\n<p>Le r\u00e9seau social fournissant un tel bouton applicatif est susceptible de vous identifier gr\u00e2ce \u00e0 ce bouton, m\u00eame si vous n&rsquo;avez pas utilis\u00e9s ce bouton lors de votre consultation de notre site.<br \/>\nNous n\u2019avons aucun contr\u00f4le sur le processus employ\u00e9 par les r\u00e9seaux sociaux pour collecter des informations relatives \u00e0 notre navigation sur notre site et associ\u00e9es aux donn\u00e9es personnelles dont ils disposent. Nous vous invitons \u00e0 consulter les politiques de protection de la vie priv\u00e9e de ces r\u00e9seaux sociaux afin de prendre connaissance des finalit\u00e9s d&rsquo;utilisation, notamment publicitaires, des informations de navigation qu&rsquo;ils peuvent recueillir gr\u00e2ce \u00e0 ces boutons applicatifs. Ces politiques de protection doivent notamment vous permettre d&rsquo;exercer vos choix aupr\u00e8s de ces r\u00e9seaux sociaux, notamment en param\u00e9trant vos comptes d&rsquo;utilisation de chacun de ces r\u00e9seaux.<\/p>\n<h3><span style=\"color: #f66931;\">II. Vos choix concernant les cookies<\/span><\/h3>\n<p>L\u2019utilisateur a la possibilit\u00e9 de s\u2019opposer \u00e0 l\u2019enregistrement de \u00ab\u00a0cookies\u00a0\u00bb en configurant son navigateur \u00e0 cette fin. Cependant, si l\u2019utilisateur d\u00e9cide de supprimer ses cookies, il devra par la suite renouveler l\u2019op\u00e9ration. Il en est de m\u00eame s\u2019il d\u00e9cide de surfer sur un autre navigateur, il faut \u00e0 nouveau supprimer les cookies sur ce deuxi\u00e8me navigateur.<\/p>\n<p><strong>Voici la d\u00e9marche \u00e0 suivre pour supprimer les cookies sur les diff\u00e9rents navigateurs\u00a0: <\/strong><\/p>\n<p><strong>Pour Mozilla firefox :<br \/>\n<\/strong><br \/>\n1. Choisissez le menu \u00ab\u00a0outil\u00a0\u00bb puis \u00ab\u00a0options\u00a0\u00bb<br \/>\n2. Cliquez sur l\u2019ic\u00f4ne \u00ab\u00a0vie priv\u00e9e\u00a0\u00bb<br \/>\n3. Rep\u00e9rez le menu \u00ab\u00a0cookie\u00a0\u00bb et s\u00e9lectionnez les options qui vous conviennent<br \/>\n<a href=\"http:\/\/support.mozilla.org\/fr\/kb\/activer-desactiver-cookies?redirectlocale=fr&amp;redirectslug=Activer+et+d%C3%A9sactiver+les+cookies\">http:\/\/support.mozilla.org\/fr\/kb\/activer-desactiver-cookies?redirectlocale=fr&amp;redirectslug=Activer+et+d%C3%A9sactiver+les+cookies<\/a><\/p>\n<p><strong>Pour Microsoft Internet Explorer :<br \/>\n<\/strong><br \/>\n1. Choisissez le menu \u00ab\u00a0outil\u00a0\u00bb puis \u00ab\u00a0options Internet\u00a0\u00bb<br \/>\n2. Cliquez sur l\u2019ic\u00f4ne \u00ab\u00a0Confidentialit\u00e9\u00a0\u00bb<br \/>\n3. S\u00e9lectionnez le niveau souhait\u00e9 \u00e0 l\u2019aide du curseur<br \/>\n<a href=\"http:\/\/windows.microsoft.com\/fr-FR\/windows-vista\/Block-or-allow-cookies\">http:\/\/windows.microsoft.com\/fr-FR\/windows-vista\/Block-or-allow-cookies<\/a><\/p>\n<p><strong>Pour Chrome :<br \/>\n<\/strong><br \/>\n1. Allez dans le menu Chrome \/ Pr\u00e9f\u00e9rences<br \/>\n2. Cliquez sur \u00ab Afficher les param\u00e8tres avanc\u00e9s \u00bb<br \/>\n3. Cliquez sur \u00ab Param\u00e8tres de contenu\u2026 \u00bb dans la partie confidentialit\u00e9<br \/>\n4. Cliquez sur \u00ab Cookies et donn\u00e9es de site\u2026 \u00bb dans la nouvelle fen\u00eatre<br \/>\n5. Cliquez sur \u00ab Tout supprimer \u00bb et validez en cliquant sur \u00ab OK \u00bb<br \/>\n<a href=\"https:\/\/support.google.com\/chrome\/answer\/95647?hl=fr&amp;hlrm=en\">https:\/\/support.google.com\/chrome\/answer\/95647?hl=fr&amp;hlrm=en<\/a><\/p>\n<p><strong>Pour Safari\u00a0: <\/strong><\/p>\n<ul>\n<li>Allez dans le menu Safari \/ Pr\u00e9f\u00e9rences<\/li>\n<li>Cliquez sur \u00ab\u00a0confidentialit\u00e9\u00a0\u00bb<\/li>\n<li>Dans \u00ab\u00a0Bloquer les cookies\u00a0\u00bb, cochez \u00ab\u00a0Toujours\u00a0\u00bb<\/li>\n<\/ul>\n<p><a href=\"http:\/\/www.apple.com\/support\/?path=Safari\/3.0\/fr\/9277.html\">http:\/\/www.apple.com\/support\/?path=Safari\/3.0\/fr\/9277.html<\/a><\/p>\n<p><strong>Plus d\u2019informations sur les cookies avec la CNIL\u00a0: <\/strong><\/p>\n<ul>\n<li>Tout savoir sur les cookies\u00a0: <a href=\"http:\/\/www.cnil.fr\/vos-droits\/vos-traces\/les-cookies\/#c5554\">http:\/\/www.cnil.fr\/vos-droits\/vos-traces\/les-cookies\/#c5554<\/a><\/li>\n<li>D\u00e9marches \u00e0 suivre pour limiter vos traces sur le web\u00a0: <a href=\"http:\/\/www.cnil.fr\/vos-droits\/vos-traces\/les-cookies\/conseils-aux-internautes\/\">http:\/\/www.cnil.fr\/vos-droits\/vos-traces\/les-cookies\/conseils-aux-internautes\/<\/a><\/li>\n<li>Outil de visualisation qui identifie en temps r\u00e9el les cookies qui transmettent des informations\u00a0: <a href=\"http:\/\/www.cnil.fr\/vos-droits\/vos-traces\/les-cookies\/telechargez-cookieviz\/\">http:\/\/www.cnil.fr\/vos-droits\/vos-traces\/les-cookies\/telechargez-cookieviz\/<\/a><\/li>\n<\/ul>\n<h3><span style=\"color: #f66931;\">III. Si vous partagez l&rsquo;utilisation de votre terminal avec d&rsquo;autres personnes<\/span><\/h3>\n<p>Si votre terminal est utilis\u00e9 par plusieurs personnes et lorsqu\u2019un m\u00eame terminal dispose de plusieurs logiciels de navigation, nous ne pouvons pas nous assurer de mani\u00e8re certaine que les services et publicit\u00e9s destin\u00e9s \u00e0 votre terminal correspondent bien \u00e0 votre propre utilisation de ce terminal et non \u00e0 celle d&rsquo;un autre utilisateur de ce terminal.<br \/>\nLe cas \u00e9ch\u00e9ant, le partage avec d\u2019autres personnes de l\u2019utilisation de votre terminal et la configuration des param\u00e8tres de votre navigateur \u00e0 l&rsquo;\u00e9gard des cookies rel\u00e8vent de votre libre choix et de votre responsabilit\u00e9.<\/p>\n<h3><span style=\"color: #f66931;\">IV. Donn\u00e9es personnelles et informations de navigation<\/span><\/h3>\n<p>Nous sommes susceptibles d&rsquo;adapter les offres et publicit\u00e9s qui vous sont destin\u00e9es \u00e0 des informations relatives \u00e0 la navigation de votre terminal sur notre site ou au sein de sites ou de services \u00e9dit\u00e9s par des tiers et sur lesquels nous \u00e9mettons des cookies.<br \/>\nDans la mesure o\u00f9 vous nous avez fourni des donn\u00e9es personnelles vous concernant, notamment vos coordonn\u00e9es \u00e9lectroniques, lors de votre inscription, votre abonnement ou de votre acc\u00e8s \u00e0 notre site, nous sommes susceptibles, sous r\u00e9serve de vos choix, d&rsquo;associer des informations de navigation relatives \u00e0 votre terminal, trait\u00e9es par les cookies que nous \u00e9mettons, avec vos donn\u00e9es personnelles, afin de vous adresser des prospections \u00e9lectroniques ou d&rsquo;afficher sur votre terminal, au sein d&rsquo;espaces publicitaires contenant des cookies que nous \u00e9mettons, des publicit\u00e9s personnalis\u00e9es qui vous sont sp\u00e9cifiquement destin\u00e9es et susceptibles de vous int\u00e9resser personnellement.<br \/>\nVous pourrez, \u00e0 tout moment, nous demander de ne plus recevoir de publicit\u00e9s ou de prospections adapt\u00e9es aux informations de navigation de votre terminal, en nous contactant directement et gratuitement, ou au moyen du lien de d\u00e9sinscription inclus dans toute prospection que nous serions susceptible de vous adresser par courrier \u00e9lectronique . Le cas \u00e9ch\u00e9ant les publicit\u00e9s que vous pourriez continuer \u00e0 recevoir, sauf opposition de votre part exerc\u00e9e aupr\u00e8s de nous, ne seront plus adapt\u00e9es \u00e0 la navigation de votre terminal.<br \/>\nPar ailleurs, dans l&rsquo;hypoth\u00e8se o\u00f9 nous envisagerions d&rsquo;obtenir aupr\u00e8s d&rsquo;un tiers (prestataire de publicit\u00e9 cibl\u00e9e, r\u00e9gie publicitaire, etc.), des informations de navigation de votre terminal que nous pourrions associer aux donn\u00e9es personnelles que vous nous avez fournies, nous solliciterions pr\u00e9alablement votre accord explicite avant de proc\u00e9der \u00e0 une telle association et de vous adresser des publicit\u00e9s ou des prospections qui en r\u00e9sulteraient.[\/vc_column_text][\/vc_column][\/vc_row]<\/p>\n","protected":false},"excerpt":{"rendered":"<p>[vc_row][vc_column][vc_column_text] I. Les cookies sur www.mairie-villemur-sur-tarn.fr Qu\u2019est-ce qu\u2019un cookie\u00a0? En navigant sur le site www.mairie-villemur-sur-tarn.fr, vous acceptez l\u2019utilisation de cookies. Un \u00ab\u00a0cookie\u00a0\u00bb est un fichier texte qui enregistre des informations relatives \u00e0 la navigation sur le site. Le cookie ne peut pas \u00eatre utilis\u00e9 pour r\u00e9cup\u00e9rer des donn\u00e9es sur le disque dur de l\u2019utilisateur, installer [&hellip;]<\/p>\n","protected":false},"author":1,"featured_media":0,"parent":0,"menu_order":200,"comment_status":"closed","ping_status":"closed","template":"","meta":{"_uag_custom_page_level_css":"","ngg_post_thumbnail":0,"footnotes":""},"class_list":["post-4999","page","type-page","status-publish","hentry"],"yoast_head":"<!-- This site is optimized with the Yoast SEO plugin v27.3 - https:\/\/yoast.com\/product\/yoast-seo-wordpress\/ -->\n<title>COOKIES ET DONN\u00c9ES PERSONNELLES - Mairie Villemur-sur-Tarn<\/title>\n<meta name=\"robots\" content=\"index, follow, max-snippet:-1, max-image-preview:large, max-video-preview:-1\" \/>\n<link rel=\"canonical\" href=\"https:\/\/www.mairie-villemur-sur-tarn.fr\/site\/cookies-et-donnees-personnelles\/\" \/>\n<meta property=\"og:locale\" content=\"fr_FR\" \/>\n<meta property=\"og:type\" content=\"article\" \/>\n<meta property=\"og:title\" content=\"COOKIES ET DONN\u00c9ES PERSONNELLES - Mairie Villemur-sur-Tarn\" \/>\n<meta property=\"og:description\" content=\"[vc_row][vc_column][vc_column_text] I. Les cookies sur www.mairie-villemur-sur-tarn.fr Qu\u2019est-ce qu\u2019un cookie\u00a0? En navigant sur le site www.mairie-villemur-sur-tarn.fr, vous acceptez l\u2019utilisation de cookies. Un \u00ab\u00a0cookie\u00a0\u00bb est un fichier texte qui enregistre des informations relatives \u00e0 la navigation sur le site. Le cookie ne peut pas \u00eatre utilis\u00e9 pour r\u00e9cup\u00e9rer des donn\u00e9es sur le disque dur de l\u2019utilisateur, installer [&hellip;]\" \/>\n<meta property=\"og:url\" content=\"https:\/\/www.mairie-villemur-sur-tarn.fr\/site\/cookies-et-donnees-personnelles\/\" \/>\n<meta property=\"og:site_name\" content=\"Mairie Villemur-sur-Tarn\" \/>\n<meta property=\"article:publisher\" content=\"https:\/\/www.facebook.com\/mairievillemursurtarn\" \/>\n<meta property=\"article:modified_time\" content=\"2025-01-08T14:55:12+00:00\" \/>\n<meta name=\"twitter:card\" content=\"summary_large_image\" \/>\n<meta name=\"twitter:label1\" content=\"Dur\u00e9e de lecture estim\u00e9e\" \/>\n\t<meta name=\"twitter:data1\" content=\"7 minutes\" \/>\n<script type=\"application\/ld+json\" class=\"yoast-schema-graph\">{\"@context\":\"https:\\\/\\\/schema.org\",\"@graph\":[{\"@type\":\"WebPage\",\"@id\":\"https:\\\/\\\/www.mairie-villemur-sur-tarn.fr\\\/site\\\/cookies-et-donnees-personnelles\\\/\",\"url\":\"https:\\\/\\\/www.mairie-villemur-sur-tarn.fr\\\/site\\\/cookies-et-donnees-personnelles\\\/\",\"name\":\"COOKIES ET DONN\u00c9ES PERSONNELLES - Mairie Villemur-sur-Tarn\",\"isPartOf\":{\"@id\":\"https:\\\/\\\/www.mairie-villemur-sur-tarn.fr\\\/site\\\/#website\"},\"datePublished\":\"2019-01-28T11:18:17+00:00\",\"dateModified\":\"2025-01-08T14:55:12+00:00\",\"breadcrumb\":{\"@id\":\"https:\\\/\\\/www.mairie-villemur-sur-tarn.fr\\\/site\\\/cookies-et-donnees-personnelles\\\/#breadcrumb\"},\"inLanguage\":\"fr-FR\",\"potentialAction\":[{\"@type\":\"ReadAction\",\"target\":[\"https:\\\/\\\/www.mairie-villemur-sur-tarn.fr\\\/site\\\/cookies-et-donnees-personnelles\\\/\"]}]},{\"@type\":\"BreadcrumbList\",\"@id\":\"https:\\\/\\\/www.mairie-villemur-sur-tarn.fr\\\/site\\\/cookies-et-donnees-personnelles\\\/#breadcrumb\",\"itemListElement\":[{\"@type\":\"ListItem\",\"position\":1,\"name\":\"Accueil\",\"item\":\"https:\\\/\\\/www.mairie-villemur-sur-tarn.fr\\\/site\\\/\"},{\"@type\":\"ListItem\",\"position\":2,\"name\":\"COOKIES ET DONN\u00c9ES PERSONNELLES\"}]},{\"@type\":\"WebSite\",\"@id\":\"https:\\\/\\\/www.mairie-villemur-sur-tarn.fr\\\/site\\\/#website\",\"url\":\"https:\\\/\\\/www.mairie-villemur-sur-tarn.fr\\\/site\\\/\",\"name\":\"Mairie Villemur-sur-Tarn\",\"description\":\"Site officiel canton Villemur Toulouse Nord. D\u00e9marches en ligne, conseil municipal, actualit\u00e9s Villemur, Annuaire Villemur, March\u00e9s...\",\"publisher\":{\"@id\":\"https:\\\/\\\/www.mairie-villemur-sur-tarn.fr\\\/site\\\/#organization\"},\"potentialAction\":[{\"@type\":\"SearchAction\",\"target\":{\"@type\":\"EntryPoint\",\"urlTemplate\":\"https:\\\/\\\/www.mairie-villemur-sur-tarn.fr\\\/site\\\/?s={search_term_string}\"},\"query-input\":{\"@type\":\"PropertyValueSpecification\",\"valueRequired\":true,\"valueName\":\"search_term_string\"}}],\"inLanguage\":\"fr-FR\"},{\"@type\":\"Organization\",\"@id\":\"https:\\\/\\\/www.mairie-villemur-sur-tarn.fr\\\/site\\\/#organization\",\"name\":\"Mairie Villemur-sur-Tarn\",\"url\":\"https:\\\/\\\/www.mairie-villemur-sur-tarn.fr\\\/site\\\/\",\"logo\":{\"@type\":\"ImageObject\",\"inLanguage\":\"fr-FR\",\"@id\":\"https:\\\/\\\/www.mairie-villemur-sur-tarn.fr\\\/site\\\/#\\\/schema\\\/logo\\\/image\\\/\",\"url\":\"https:\\\/\\\/www.mairie-villemur-sur-tarn.fr\\\/site\\\/wp-content\\\/uploads\\\/Villemur-LOGO-carre-PNG.png\",\"contentUrl\":\"https:\\\/\\\/www.mairie-villemur-sur-tarn.fr\\\/site\\\/wp-content\\\/uploads\\\/Villemur-LOGO-carre-PNG.png\",\"width\":887,\"height\":886,\"caption\":\"Mairie Villemur-sur-Tarn\"},\"image\":{\"@id\":\"https:\\\/\\\/www.mairie-villemur-sur-tarn.fr\\\/site\\\/#\\\/schema\\\/logo\\\/image\\\/\"},\"sameAs\":[\"https:\\\/\\\/www.facebook.com\\\/mairievillemursurtarn\",\"https:\\\/\\\/www.instagram.com\\\/villemur_sur_tarn\\\/\"]}]}<\/script>\n<!-- \/ Yoast SEO plugin. -->","yoast_head_json":{"title":"COOKIES ET DONN\u00c9ES PERSONNELLES - Mairie Villemur-sur-Tarn","robots":{"index":"index","follow":"follow","max-snippet":"max-snippet:-1","max-image-preview":"max-image-preview:large","max-video-preview":"max-video-preview:-1"},"canonical":"https:\/\/www.mairie-villemur-sur-tarn.fr\/site\/cookies-et-donnees-personnelles\/","og_locale":"fr_FR","og_type":"article","og_title":"COOKIES ET DONN\u00c9ES PERSONNELLES - Mairie Villemur-sur-Tarn","og_description":"[vc_row][vc_column][vc_column_text] I. Les cookies sur www.mairie-villemur-sur-tarn.fr Qu\u2019est-ce qu\u2019un cookie\u00a0? En navigant sur le site www.mairie-villemur-sur-tarn.fr, vous acceptez l\u2019utilisation de cookies. Un \u00ab\u00a0cookie\u00a0\u00bb est un fichier texte qui enregistre des informations relatives \u00e0 la navigation sur le site. Le cookie ne peut pas \u00eatre utilis\u00e9 pour r\u00e9cup\u00e9rer des donn\u00e9es sur le disque dur de l\u2019utilisateur, installer [&hellip;]","og_url":"https:\/\/www.mairie-villemur-sur-tarn.fr\/site\/cookies-et-donnees-personnelles\/","og_site_name":"Mairie Villemur-sur-Tarn","article_publisher":"https:\/\/www.facebook.com\/mairievillemursurtarn","article_modified_time":"2025-01-08T14:55:12+00:00","twitter_card":"summary_large_image","twitter_misc":{"Dur\u00e9e de lecture estim\u00e9e":"7 minutes"},"schema":{"@context":"https:\/\/schema.org","@graph":[{"@type":"WebPage","@id":"https:\/\/www.mairie-villemur-sur-tarn.fr\/site\/cookies-et-donnees-personnelles\/","url":"https:\/\/www.mairie-villemur-sur-tarn.fr\/site\/cookies-et-donnees-personnelles\/","name":"COOKIES ET DONN\u00c9ES PERSONNELLES - Mairie Villemur-sur-Tarn","isPartOf":{"@id":"https:\/\/www.mairie-villemur-sur-tarn.fr\/site\/#website"},"datePublished":"2019-01-28T11:18:17+00:00","dateModified":"2025-01-08T14:55:12+00:00","breadcrumb":{"@id":"https:\/\/www.mairie-villemur-sur-tarn.fr\/site\/cookies-et-donnees-personnelles\/#breadcrumb"},"inLanguage":"fr-FR","potentialAction":[{"@type":"ReadAction","target":["https:\/\/www.mairie-villemur-sur-tarn.fr\/site\/cookies-et-donnees-personnelles\/"]}]},{"@type":"BreadcrumbList","@id":"https:\/\/www.mairie-villemur-sur-tarn.fr\/site\/cookies-et-donnees-personnelles\/#breadcrumb","itemListElement":[{"@type":"ListItem","position":1,"name":"Accueil","item":"https:\/\/www.mairie-villemur-sur-tarn.fr\/site\/"},{"@type":"ListItem","position":2,"name":"COOKIES ET DONN\u00c9ES PERSONNELLES"}]},{"@type":"WebSite","@id":"https:\/\/www.mairie-villemur-sur-tarn.fr\/site\/#website","url":"https:\/\/www.mairie-villemur-sur-tarn.fr\/site\/","name":"Mairie Villemur-sur-Tarn","description":"Site officiel canton Villemur Toulouse Nord. D\u00e9marches en ligne, conseil municipal, actualit\u00e9s Villemur, Annuaire Villemur, March\u00e9s...","publisher":{"@id":"https:\/\/www.mairie-villemur-sur-tarn.fr\/site\/#organization"},"potentialAction":[{"@type":"SearchAction","target":{"@type":"EntryPoint","urlTemplate":"https:\/\/www.mairie-villemur-sur-tarn.fr\/site\/?s={search_term_string}"},"query-input":{"@type":"PropertyValueSpecification","valueRequired":true,"valueName":"search_term_string"}}],"inLanguage":"fr-FR"},{"@type":"Organization","@id":"https:\/\/www.mairie-villemur-sur-tarn.fr\/site\/#organization","name":"Mairie Villemur-sur-Tarn","url":"https:\/\/www.mairie-villemur-sur-tarn.fr\/site\/","logo":{"@type":"ImageObject","inLanguage":"fr-FR","@id":"https:\/\/www.mairie-villemur-sur-tarn.fr\/site\/#\/schema\/logo\/image\/","url":"https:\/\/www.mairie-villemur-sur-tarn.fr\/site\/wp-content\/uploads\/Villemur-LOGO-carre-PNG.png","contentUrl":"https:\/\/www.mairie-villemur-sur-tarn.fr\/site\/wp-content\/uploads\/Villemur-LOGO-carre-PNG.png","width":887,"height":886,"caption":"Mairie Villemur-sur-Tarn"},"image":{"@id":"https:\/\/www.mairie-villemur-sur-tarn.fr\/site\/#\/schema\/logo\/image\/"},"sameAs":["https:\/\/www.facebook.com\/mairievillemursurtarn","https:\/\/www.instagram.com\/villemur_sur_tarn\/"]}]}},"uagb_featured_image_src":{"full":false,"thumbnail":false,"medium":false,"medium_large":false,"large":false,"1536x1536":false,"2048x2048":false,"post-thumbnail":false,"winnex_medium":false,"winnex_height":false},"uagb_author_info":{"display_name":"Mairie de Villemur-sur-Tarn","author_link":"https:\/\/www.mairie-villemur-sur-tarn.fr\/site\/author\/villmurtarn_admin\/"},"uagb_comment_info":0,"uagb_excerpt":"[vc_row][vc_column][vc_column_text] I. Les cookies sur www.mairie-villemur-sur-tarn.fr Qu\u2019est-ce qu\u2019un cookie\u00a0? En navigant sur le site www.mairie-villemur-sur-tarn.fr, vous acceptez l\u2019utilisation de cookies. Un \u00ab\u00a0cookie\u00a0\u00bb est un fichier texte qui enregistre des informations relatives \u00e0 la navigation sur le site. Le cookie ne peut pas \u00eatre utilis\u00e9 pour r\u00e9cup\u00e9rer des donn\u00e9es sur le disque dur de l\u2019utilisateur, installer\u2026","_links":{"self":[{"href":"https:\/\/www.mairie-villemur-sur-tarn.fr\/site\/wp-json\/wp\/v2\/pages\/4999","targetHints":{"allow":["GET"]}}],"collection":[{"href":"https:\/\/www.mairie-villemur-sur-tarn.fr\/site\/wp-json\/wp\/v2\/pages"}],"about":[{"href":"https:\/\/www.mairie-villemur-sur-tarn.fr\/site\/wp-json\/wp\/v2\/types\/page"}],"author":[{"embeddable":true,"href":"https:\/\/www.mairie-villemur-sur-tarn.fr\/site\/wp-json\/wp\/v2\/users\/1"}],"replies":[{"embeddable":true,"href":"https:\/\/www.mairie-villemur-sur-tarn.fr\/site\/wp-json\/wp\/v2\/comments?post=4999"}],"version-history":[{"count":4,"href":"https:\/\/www.mairie-villemur-sur-tarn.fr\/site\/wp-json\/wp\/v2\/pages\/4999\/revisions"}],"predecessor-version":[{"id":5003,"href":"https:\/\/www.mairie-villemur-sur-tarn.fr\/site\/wp-json\/wp\/v2\/pages\/4999\/revisions\/5003"}],"wp:attachment":[{"href":"https:\/\/www.mairie-villemur-sur-tarn.fr\/site\/wp-json\/wp\/v2\/media?parent=4999"}],"curies":[{"name":"wp","href":"https:\/\/api.w.org\/{rel}","templated":true}]}}